{"id":804,"date":"2021-01-28T00:29:52","date_gmt":"2021-01-27T23:29:52","guid":{"rendered":"https:\/\/www.fytofontana.com\/hu\/?post_type=product&#038;p=804"},"modified":"2025-10-14T11:33:07","modified_gmt":"2025-10-14T10:33:07","slug":"virostop-ustny-sprej","status":"publish","type":"product","link":"https:\/\/www.fytofontana.com\/sk\/produkt\/virostop-ustny-sprej\/","title":{"rendered":"VIROSTOP \u00fastny sprej"},"content":{"rendered":"<ul>\n<li><b>MDR certifikovan\u00e1 zdravotn\u00edcka pom\u00f4cka proti v\u00edrusom <\/b>(EU 2017\/745).<\/li>\n<li>\u00dastny sprej proti\u00a0<strong>chr\u00edpke a prechladnutiu.<\/strong><\/li>\n<li><strong>Prv\u00fd certifikovan\u00fd\u00a0<\/strong>vo\u013enopredajn\u00fd pr\u00edpravok s antiv\u00edrusov\u00fdm \u00fa\u010dinkom.<strong><br \/>\n<\/strong><\/li>\n<li>Klinicky potvrden\u00fd\u00a0<strong>antiv\u00edrusov\u00fd \u00fa\u010dinok<\/strong>\u00a0extraktu piatich bylinn\u00fdch zlo\u017eiek s obsahom Cistusu kr\u00e9tskeho.<\/li>\n<li>\u00dastny sprej vytv\u00e1ra<strong>\u00a0ochrann\u00fd film<\/strong>\u00a0v \u00fastnej dutine a v hrdle a t\u00fdm br\u00e1ni prieniku v\u00edrusov do organizmu a ich mno\u017eeniu.<\/li>\n<li>Zabra\u0148uje rozvoju a zmier\u0148uje pr\u00edznaky\u00a0<strong>ak\u00fatnej infekcie horn\u00fdch d\u00fdchac\u00edch ciest,<\/strong>\u00a0najm\u00e4\u00a0<strong>chr\u00edpky a prechladnutia.<\/strong><\/li>\n<li><strong>Skracuje<\/strong>\u00a0d\u013a\u017eku sympt\u00f3mov.<\/li>\n<li>Sprej aplikuje roztok jednoducho a rovnomerne po celej sliznici.<\/li>\n<li>M\u00e1 pr\u00edjemn\u00fa m\u00e4tovo &#8211; bylinkov\u00fa chu\u0165.<\/li>\n<li>Registrovan\u00e9 ako zdravotn\u00edcka pom\u00f4cka s\u00a0<strong>inovat\u00edvnym mechanizmom \u00fa\u010dinku.<\/strong><\/li>\n<\/ul>\n","protected":false},"featured_media":2976,"template":"","products":[56],"yoast_head":"<title>VIROSTOP \u00fastny sprej - Fytofontana<\/title>\n<meta name=\"description\" content=\"Prv\u00fd certifikovan\u00fd vo\u013enopredajn\u00fd pr\u00edpravok proti v\u00edrusom, najm\u00e4 proti chr\u00edpke, prechladnutiu a n\u00e1dche.\" \/>\n<meta name=\"robots\" content=\"index, follow, max-snippet:-1, max-image-preview:large, max-video-preview:-1\" \/>\n<link rel=\"canonical\" href=\"https:\/\/www.fytofontana.com\/sk\/produkt\/virostop-ustny-sprej\/\" \/>\n<meta property=\"og:locale\" content=\"sk_SK\" \/>\n<meta property=\"og:type\" content=\"article\" \/>\n<meta property=\"og:title\" content=\"VIROSTOP \u00fastny sprej - Fytofontana\" \/>\n<meta property=\"og:description\" content=\"Prv\u00fd certifikovan\u00fd vo\u013enopredajn\u00fd pr\u00edpravok proti v\u00edrusom, najm\u00e4 proti chr\u00edpke, prechladnutiu a n\u00e1dche.\" \/>\n<meta property=\"og:url\" content=\"https:\/\/www.fytofontana.com\/sk\/produkt\/virostop-ustny-sprej\/\" \/>\n<meta property=\"og:site_name\" content=\"Fytofontana\" \/>\n<meta property=\"article:modified_time\" content=\"2025-10-14T10:33:07+00:00\" \/>\n<meta property=\"og:image\" content=\"https:\/\/www.fytofontana.com\/wp-content\/uploads\/2021\/01\/500x500_VIROSTOP_ORAL-SPRAY-30ml-CZSK_Primary.png\" \/>\n\t<meta property=\"og:image:width\" content=\"500\" \/>\n\t<meta property=\"og:image:height\" content=\"500\" \/>\n<meta name=\"twitter:card\" content=\"summary_large_image\" \/>\n<meta name=\"twitter:label1\" content=\"Predpokladan\u00fd \u010das \u010d\u00edtania\">\n\t<meta name=\"twitter:data1\" content=\"1 min\u00fata\">\n<script type=\"application\/ld+json\" class=\"yoast-schema-graph\">{\"@context\":\"https:\/\/schema.org\",\"@graph\":[{\"@type\":\"Organization\",\"@id\":\"https:\/\/www.fytofontana.com\/#organization\",\"name\":\"Fytofontana\",\"url\":\"https:\/\/www.fytofontana.com\/\",\"sameAs\":[],\"logo\":{\"@type\":\"ImageObject\",\"@id\":\"https:\/\/www.fytofontana.com\/#logo\",\"inLanguage\":\"sk-SK\",\"url\":\"https:\/\/www.fytofontana.com\/wp-content\/uploads\/2021\/01\/fyto.png\",\"width\":817,\"height\":79,\"caption\":\"Fytofontana\"},\"image\":{\"@id\":\"https:\/\/www.fytofontana.com\/#logo\"}},{\"@type\":\"WebSite\",\"@id\":\"https:\/\/www.fytofontana.com\/#website\",\"url\":\"https:\/\/www.fytofontana.com\/\",\"name\":\"Fytofontana\",\"description\":\"\",\"publisher\":{\"@id\":\"https:\/\/www.fytofontana.com\/#organization\"},\"potentialAction\":[{\"@type\":\"SearchAction\",\"target\":\"https:\/\/www.fytofontana.com\/?s={search_term_string}\",\"query-input\":\"required name=search_term_string\"}],\"inLanguage\":\"sk-SK\"},{\"@type\":\"ImageObject\",\"@id\":\"https:\/\/www.fytofontana.com\/sk\/produkt\/virostop-ustny-sprej\/#primaryimage\",\"inLanguage\":\"sk-SK\",\"url\":\"https:\/\/www.fytofontana.com\/wp-content\/uploads\/2021\/01\/500x500_VIROSTOP_ORAL-SPRAY-30ml-CZSK_Primary.png\",\"width\":500,\"height\":500},{\"@type\":[\"WebPage\",\"ItemPage\"],\"@id\":\"https:\/\/www.fytofontana.com\/sk\/produkt\/virostop-ustny-sprej\/#webpage\",\"url\":\"https:\/\/www.fytofontana.com\/sk\/produkt\/virostop-ustny-sprej\/\",\"name\":\"VIROSTOP \\u00fastny sprej - Fytofontana\",\"isPartOf\":{\"@id\":\"https:\/\/www.fytofontana.com\/#website\"},\"primaryImageOfPage\":{\"@id\":\"https:\/\/www.fytofontana.com\/sk\/produkt\/virostop-ustny-sprej\/#primaryimage\"},\"datePublished\":\"2021-01-27T23:29:52+00:00\",\"dateModified\":\"2025-10-14T10:33:07+00:00\",\"description\":\"Prv\\u00fd certifikovan\\u00fd vo\\u013enopredajn\\u00fd pr\\u00edpravok proti v\\u00edrusom, najm\\u00e4 proti chr\\u00edpke, prechladnutiu a n\\u00e1dche.\",\"breadcrumb\":{\"@id\":\"https:\/\/www.fytofontana.com\/sk\/produkt\/virostop-ustny-sprej\/#breadcrumb\"},\"inLanguage\":\"sk-SK\",\"potentialAction\":[{\"@type\":\"ReadAction\",\"target\":[\"https:\/\/www.fytofontana.com\/sk\/produkt\/virostop-ustny-sprej\/\"]}]},{\"@type\":\"BreadcrumbList\",\"@id\":\"https:\/\/www.fytofontana.com\/sk\/produkt\/virostop-ustny-sprej\/#breadcrumb\",\"itemListElement\":[{\"@type\":\"ListItem\",\"position\":1,\"item\":{\"@type\":\"WebPage\",\"@id\":\"https:\/\/www.fytofontana.com\/sk\/\",\"url\":\"https:\/\/www.fytofontana.com\/sk\/\",\"name\":\"Home\"}},{\"@type\":\"ListItem\",\"position\":2,\"item\":{\"@type\":\"WebPage\",\"@id\":\"https:\/\/www.fytofontana.com\/sk\/produkt\/virostop-ustny-sprej\/\",\"url\":\"https:\/\/www.fytofontana.com\/sk\/produkt\/virostop-ustny-sprej\/\",\"name\":\"VIROSTOP \\u00fastny sprej\"}}]}]}<\/script>","_links":{"self":[{"href":"https:\/\/www.fytofontana.com\/sk\/wp-json\/wp\/v2\/product\/804"}],"collection":[{"href":"https:\/\/www.fytofontana.com\/sk\/wp-json\/wp\/v2\/product"}],"about":[{"href":"https:\/\/www.fytofontana.com\/sk\/wp-json\/wp\/v2\/types\/product"}],"wp:featuredmedia":[{"embeddable":true,"href":"https:\/\/www.fytofontana.com\/sk\/wp-json\/wp\/v2\/media\/2976"}],"wp:attachment":[{"href":"https:\/\/www.fytofontana.com\/sk\/wp-json\/wp\/v2\/media?parent=804"}],"wp:term":[{"taxonomy":"products","embeddable":true,"href":"https:\/\/www.fytofontana.com\/sk\/wp-json\/wp\/v2\/products?post=804"}],"curies":[{"name":"wp","href":"https:\/\/api.w.org\/{rel}","templated":true}]}}