{"id":5089,"date":"2025-11-17T14:48:03","date_gmt":"2025-11-17T13:48:03","guid":{"rendered":"https:\/\/www.fytofontana.com\/?post_type=product&#038;p=5089"},"modified":"2025-11-17T14:59:43","modified_gmt":"2025-11-17T13:59:43","slug":"citrogrep-kvapky","status":"publish","type":"product","link":"https:\/\/www.fytofontana.com\/sk\/produkt\/citrogrep-kvapky\/","title":{"rendered":"CITROGREP kvapky"},"content":{"rendered":"<ul>\n<li>Citrogrep kvapky s\u00fa v\u00fd\u017eivov\u00fd doplnok pr\u00edrodn\u00e9ho p\u00f4vodu, vyroben\u00fd <strong>z jadierok grapefruitu s\u00a0BIO extraktom.<\/strong><\/li>\n<li>Jadierka z\u00a0grapefruitu prirodzene obsahuj\u00fa <strong>vysok\u00fd podiel bioflavonoidov.<\/strong><\/li>\n<li>Tieto rastlinn\u00e9 zl\u00fa\u010deniny patria medzi <strong>antioxidanty<\/strong>, ktor\u00e9 pom\u00e1haj\u00fa chr\u00e1ni\u0165 bunky pred \u0161kodliv\u00fdmi vplyvmi, vznikaj\u00facimi napr\u00edklad v d\u00f4sledku stresu, nezdravej stravy alebo nepriazniv\u00e9ho prostredia.<\/li>\n<li>Citrogrep je vhodn\u00fd na doplnenie stravy v obdobiach zv\u00fd\u0161enej z\u00e1\u0165a\u017ee \u2013 prispieva k udr\u017eaniu telesnej vitality.<\/li>\n<li>Zlo\u017eky z grapefruitov\u00fdch jadierok m\u00f4\u017eu z\u00e1rove\u0148 podpori\u0165 mikrobi\u00e1lnu rovnov\u00e1hu, ktor\u00e1 je d\u00f4le\u017eit\u00e1 pre spr\u00e1vne fungovanie imunitn\u00e9ho a tr\u00e1viaceho syst\u00e9mu.<\/li>\n<li>Vhodn\u00e9 pre\u00a0<strong>diabetikov a veg\u00e1nov<\/strong>. <strong>Bez lepku.<\/strong><\/li>\n<\/ul>\n","protected":false},"featured_media":5083,"template":"","products":[109],"yoast_head":"<title>CITROGREP kvapky - Fytofontana<\/title>\n<meta name=\"description\" content=\"Citrogrep kvapky obsahuj\u00fa pr\u00edrodn\u00e9 bioflavonoidy z grapefruitov\u00fdch jadierok. Podporuj\u00fa telesn\u00fa vitalitu a prispievaj\u00fa k mikrobi\u00e1lnej rovnov\u00e1he organizmu\" \/>\n<meta name=\"robots\" content=\"index, follow, max-snippet:-1, max-image-preview:large, max-video-preview:-1\" \/>\n<link rel=\"canonical\" href=\"https:\/\/www.fytofontana.com\/sk\/produkt\/citrogrep-kvapky\/\" \/>\n<meta property=\"og:locale\" content=\"sk_SK\" \/>\n<meta property=\"og:type\" content=\"article\" \/>\n<meta property=\"og:title\" content=\"CITROGREP kvapky - Fytofontana\" \/>\n<meta property=\"og:description\" content=\"Citrogrep kvapky obsahuj\u00fa pr\u00edrodn\u00e9 bioflavonoidy z grapefruitov\u00fdch jadierok. Podporuj\u00fa telesn\u00fa vitalitu a prispievaj\u00fa k mikrobi\u00e1lnej rovnov\u00e1he organizmu\" \/>\n<meta property=\"og:url\" content=\"https:\/\/www.fytofontana.com\/sk\/produkt\/citrogrep-kvapky\/\" \/>\n<meta property=\"og:site_name\" content=\"Fytofontana\" \/>\n<meta property=\"article:modified_time\" content=\"2025-11-17T13:59:43+00:00\" \/>\n<meta property=\"og:image\" content=\"https:\/\/www.fytofontana.com\/wp-content\/uploads\/2025\/11\/2025_10_CITROGREP_Kvapky_25ml_1000x1000px_01_Primary.jpg\" \/>\n\t<meta property=\"og:image:width\" content=\"1000\" \/>\n\t<meta property=\"og:image:height\" content=\"1000\" \/>\n<meta name=\"twitter:card\" content=\"summary_large_image\" \/>\n<meta name=\"twitter:label1\" content=\"Predpokladan\u00fd \u010das \u010d\u00edtania\">\n\t<meta name=\"twitter:data1\" content=\"1 min\u00fata\">\n<script type=\"application\/ld+json\" class=\"yoast-schema-graph\">{\"@context\":\"https:\/\/schema.org\",\"@graph\":[{\"@type\":\"Organization\",\"@id\":\"https:\/\/www.fytofontana.com\/#organization\",\"name\":\"Fytofontana\",\"url\":\"https:\/\/www.fytofontana.com\/\",\"sameAs\":[],\"logo\":{\"@type\":\"ImageObject\",\"@id\":\"https:\/\/www.fytofontana.com\/#logo\",\"inLanguage\":\"sk-SK\",\"url\":\"https:\/\/www.fytofontana.com\/wp-content\/uploads\/2021\/01\/fyto.png\",\"width\":817,\"height\":79,\"caption\":\"Fytofontana\"},\"image\":{\"@id\":\"https:\/\/www.fytofontana.com\/#logo\"}},{\"@type\":\"WebSite\",\"@id\":\"https:\/\/www.fytofontana.com\/#website\",\"url\":\"https:\/\/www.fytofontana.com\/\",\"name\":\"Fytofontana\",\"description\":\"\",\"publisher\":{\"@id\":\"https:\/\/www.fytofontana.com\/#organization\"},\"potentialAction\":[{\"@type\":\"SearchAction\",\"target\":\"https:\/\/www.fytofontana.com\/?s={search_term_string}\",\"query-input\":\"required name=search_term_string\"}],\"inLanguage\":\"sk-SK\"},{\"@type\":\"ImageObject\",\"@id\":\"https:\/\/www.fytofontana.com\/sk\/produkt\/citrogrep-kvapky\/#primaryimage\",\"inLanguage\":\"sk-SK\",\"url\":\"https:\/\/www.fytofontana.com\/wp-content\/uploads\/2025\/11\/2025_10_CITROGREP_Kvapky_25ml_1000x1000px_01_Primary.jpg\",\"width\":1000,\"height\":1000},{\"@type\":[\"WebPage\",\"ItemPage\"],\"@id\":\"https:\/\/www.fytofontana.com\/sk\/produkt\/citrogrep-kvapky\/#webpage\",\"url\":\"https:\/\/www.fytofontana.com\/sk\/produkt\/citrogrep-kvapky\/\",\"name\":\"CITROGREP kvapky - Fytofontana\",\"isPartOf\":{\"@id\":\"https:\/\/www.fytofontana.com\/#website\"},\"primaryImageOfPage\":{\"@id\":\"https:\/\/www.fytofontana.com\/sk\/produkt\/citrogrep-kvapky\/#primaryimage\"},\"datePublished\":\"2025-11-17T13:48:03+00:00\",\"dateModified\":\"2025-11-17T13:59:43+00:00\",\"description\":\"Citrogrep kvapky obsahuj\\u00fa pr\\u00edrodn\\u00e9 bioflavonoidy z grapefruitov\\u00fdch jadierok. Podporuj\\u00fa telesn\\u00fa vitalitu a prispievaj\\u00fa k mikrobi\\u00e1lnej rovnov\\u00e1he organizmu\",\"breadcrumb\":{\"@id\":\"https:\/\/www.fytofontana.com\/sk\/produkt\/citrogrep-kvapky\/#breadcrumb\"},\"inLanguage\":\"sk-SK\",\"potentialAction\":[{\"@type\":\"ReadAction\",\"target\":[\"https:\/\/www.fytofontana.com\/sk\/produkt\/citrogrep-kvapky\/\"]}]},{\"@type\":\"BreadcrumbList\",\"@id\":\"https:\/\/www.fytofontana.com\/sk\/produkt\/citrogrep-kvapky\/#breadcrumb\",\"itemListElement\":[{\"@type\":\"ListItem\",\"position\":1,\"item\":{\"@type\":\"WebPage\",\"@id\":\"https:\/\/www.fytofontana.com\/sk\/\",\"url\":\"https:\/\/www.fytofontana.com\/sk\/\",\"name\":\"Home\"}},{\"@type\":\"ListItem\",\"position\":2,\"item\":{\"@type\":\"WebPage\",\"@id\":\"https:\/\/www.fytofontana.com\/sk\/produkt\/citrogrep-kvapky\/\",\"url\":\"https:\/\/www.fytofontana.com\/sk\/produkt\/citrogrep-kvapky\/\",\"name\":\"CITROGREP kvapky\"}}]}]}<\/script>","_links":{"self":[{"href":"https:\/\/www.fytofontana.com\/sk\/wp-json\/wp\/v2\/product\/5089"}],"collection":[{"href":"https:\/\/www.fytofontana.com\/sk\/wp-json\/wp\/v2\/product"}],"about":[{"href":"https:\/\/www.fytofontana.com\/sk\/wp-json\/wp\/v2\/types\/product"}],"wp:featuredmedia":[{"embeddable":true,"href":"https:\/\/www.fytofontana.com\/sk\/wp-json\/wp\/v2\/media\/5083"}],"wp:attachment":[{"href":"https:\/\/www.fytofontana.com\/sk\/wp-json\/wp\/v2\/media?parent=5089"}],"wp:term":[{"taxonomy":"products","embeddable":true,"href":"https:\/\/www.fytofontana.com\/sk\/wp-json\/wp\/v2\/products?post=5089"}],"curies":[{"name":"wp","href":"https:\/\/api.w.org\/{rel}","templated":true}]}}