{"id":3560,"date":"2025-07-02T14:44:55","date_gmt":"2025-07-02T13:44:55","guid":{"rendered":"https:\/\/www.fytofontana.com\/?post_type=product&#038;p=3560"},"modified":"2025-07-02T14:46:22","modified_gmt":"2025-07-02T13:46:22","slug":"gyntima-fytoprobiotics","status":"publish","type":"product","link":"https:\/\/www.fytofontana.com\/sk\/produkt\/gyntima-fytoprobiotics\/","title":{"rendered":"GYNTIMA kapsule Fytoprobiotics"},"content":{"rendered":"<p><strong>Harmoniz\u00e1cia \u010drevnej a\u00a0vagin\u00e1lnej mikrofl\u00f3ry v\u00a0jednej kapsule<\/strong><\/p>\n<ul>\n<li>Klinicky overen\u00e1 kombin\u00e1cia Lactobacillus acidophilus a\u00a0Lactobacillus rhamnosum v optim\u00e1lnej dennej d\u00e1vke 1,47 mld CFU.<\/li>\n<li>Laktobacily podporuj\u00fa prirodzen\u00fa rovnov\u00e1hu vagin\u00e1lnej mikrofl\u00f3ry aj \u010drevn\u00e9ho ekosyst\u00e9mu.<\/li>\n<li>Bakteri\u00e1lne kmene laktobacilov s\u00fa schopn\u00e9 pre\u017ei\u0165 prechod cez tr\u00e1viaci trakt a \u00faspe\u0161ne podpori\u0165 vagin\u00e1lne prostredie.<\/li>\n<li>Bolo preuk\u00e1zan\u00e9, \u017ee bakteri\u00e1lne kmene zni\u017euj\u00fa riziko vagin\u00e1lnych infekci\u00ed a infekci\u00ed mo\u010dov\u00fdch ciest u \u017eien<\/li>\n<\/ul>\n","protected":false},"featured_media":3561,"template":"","products":[57],"yoast_head":"<title>GYNTIMA kapsule Fytoprobiotics - Fytofontana<\/title>\n<meta name=\"description\" content=\"V\u00fd\u017eivov\u00fd doplnok vo forme kaps\u00fal s klinicky overenou kombin\u00e1ciou Lactobacillus acidophilus a Lactobacillus rhamnosus. Podporuje mikrofl\u00f3ru \u010driev aj po\u0161vy, vhodn\u00fd pri antibiotik\u00e1ch a na zn\u00ed\u017eenie rizika vagin\u00e1lnych \u010di mo\u010dov\u00fdch infekci\u00ed.\" \/>\n<meta name=\"robots\" content=\"index, follow, max-snippet:-1, max-image-preview:large, max-video-preview:-1\" \/>\n<link rel=\"canonical\" href=\"https:\/\/www.fytofontana.com\/sk\/produkt\/gyntima-fytoprobiotics\/\" \/>\n<meta property=\"og:locale\" content=\"sk_SK\" \/>\n<meta property=\"og:type\" content=\"article\" \/>\n<meta property=\"og:title\" content=\"GYNTIMA kapsule Fytoprobiotics - Fytofontana\" \/>\n<meta property=\"og:description\" content=\"V\u00fd\u017eivov\u00fd doplnok vo forme kaps\u00fal s klinicky overenou kombin\u00e1ciou Lactobacillus acidophilus a Lactobacillus rhamnosus. Podporuje mikrofl\u00f3ru \u010driev aj po\u0161vy, vhodn\u00fd pri antibiotik\u00e1ch a na zn\u00ed\u017eenie rizika vagin\u00e1lnych \u010di mo\u010dov\u00fdch infekci\u00ed.\" \/>\n<meta property=\"og:url\" content=\"https:\/\/www.fytofontana.com\/sk\/produkt\/gyntima-fytoprobiotics\/\" \/>\n<meta property=\"og:site_name\" content=\"Fytofontana\" \/>\n<meta property=\"article:modified_time\" content=\"2025-07-02T13:46:22+00:00\" \/>\n<meta property=\"og:image\" content=\"https:\/\/www.fytofontana.com\/wp-content\/uploads\/2025\/07\/2025_06_GYNTIMA_kapsule_Fytoprobiotics_60cps_01_LQ_Primary.png\" \/>\n\t<meta property=\"og:image:width\" content=\"1000\" \/>\n\t<meta property=\"og:image:height\" content=\"1000\" \/>\n<meta name=\"twitter:card\" content=\"summary_large_image\" \/>\n<meta name=\"twitter:label1\" content=\"Predpokladan\u00fd \u010das \u010d\u00edtania\">\n\t<meta name=\"twitter:data1\" content=\"1 min\u00fata\">\n<script type=\"application\/ld+json\" class=\"yoast-schema-graph\">{\"@context\":\"https:\/\/schema.org\",\"@graph\":[{\"@type\":\"Organization\",\"@id\":\"https:\/\/www.fytofontana.com\/#organization\",\"name\":\"Fytofontana\",\"url\":\"https:\/\/www.fytofontana.com\/\",\"sameAs\":[],\"logo\":{\"@type\":\"ImageObject\",\"@id\":\"https:\/\/www.fytofontana.com\/#logo\",\"inLanguage\":\"sk-SK\",\"url\":\"https:\/\/www.fytofontana.com\/wp-content\/uploads\/2021\/01\/fyto.png\",\"width\":817,\"height\":79,\"caption\":\"Fytofontana\"},\"image\":{\"@id\":\"https:\/\/www.fytofontana.com\/#logo\"}},{\"@type\":\"WebSite\",\"@id\":\"https:\/\/www.fytofontana.com\/#website\",\"url\":\"https:\/\/www.fytofontana.com\/\",\"name\":\"Fytofontana\",\"description\":\"\",\"publisher\":{\"@id\":\"https:\/\/www.fytofontana.com\/#organization\"},\"potentialAction\":[{\"@type\":\"SearchAction\",\"target\":\"https:\/\/www.fytofontana.com\/?s={search_term_string}\",\"query-input\":\"required name=search_term_string\"}],\"inLanguage\":\"sk-SK\"},{\"@type\":\"ImageObject\",\"@id\":\"https:\/\/www.fytofontana.com\/sk\/produkt\/gyntima-fytoprobiotics\/#primaryimage\",\"inLanguage\":\"sk-SK\",\"url\":\"https:\/\/www.fytofontana.com\/wp-content\/uploads\/2025\/07\/2025_06_GYNTIMA_kapsule_Fytoprobiotics_60cps_01_LQ_Primary.png\",\"width\":1000,\"height\":1000},{\"@type\":[\"WebPage\",\"ItemPage\"],\"@id\":\"https:\/\/www.fytofontana.com\/sk\/produkt\/gyntima-fytoprobiotics\/#webpage\",\"url\":\"https:\/\/www.fytofontana.com\/sk\/produkt\/gyntima-fytoprobiotics\/\",\"name\":\"GYNTIMA kapsule Fytoprobiotics - Fytofontana\",\"isPartOf\":{\"@id\":\"https:\/\/www.fytofontana.com\/#website\"},\"primaryImageOfPage\":{\"@id\":\"https:\/\/www.fytofontana.com\/sk\/produkt\/gyntima-fytoprobiotics\/#primaryimage\"},\"datePublished\":\"2025-07-02T13:44:55+00:00\",\"dateModified\":\"2025-07-02T13:46:22+00:00\",\"description\":\"V\\u00fd\\u017eivov\\u00fd doplnok vo forme kaps\\u00fal s klinicky overenou kombin\\u00e1ciou Lactobacillus acidophilus a Lactobacillus rhamnosus. Podporuje mikrofl\\u00f3ru \\u010driev aj po\\u0161vy, vhodn\\u00fd pri antibiotik\\u00e1ch a na zn\\u00ed\\u017eenie rizika vagin\\u00e1lnych \\u010di mo\\u010dov\\u00fdch infekci\\u00ed.\",\"breadcrumb\":{\"@id\":\"https:\/\/www.fytofontana.com\/sk\/produkt\/gyntima-fytoprobiotics\/#breadcrumb\"},\"inLanguage\":\"sk-SK\",\"potentialAction\":[{\"@type\":\"ReadAction\",\"target\":[\"https:\/\/www.fytofontana.com\/sk\/produkt\/gyntima-fytoprobiotics\/\"]}]},{\"@type\":\"BreadcrumbList\",\"@id\":\"https:\/\/www.fytofontana.com\/sk\/produkt\/gyntima-fytoprobiotics\/#breadcrumb\",\"itemListElement\":[{\"@type\":\"ListItem\",\"position\":1,\"item\":{\"@type\":\"WebPage\",\"@id\":\"https:\/\/www.fytofontana.com\/sk\/\",\"url\":\"https:\/\/www.fytofontana.com\/sk\/\",\"name\":\"Home\"}},{\"@type\":\"ListItem\",\"position\":2,\"item\":{\"@type\":\"WebPage\",\"@id\":\"https:\/\/www.fytofontana.com\/sk\/produkt\/gyntima-fytoprobiotics\/\",\"url\":\"https:\/\/www.fytofontana.com\/sk\/produkt\/gyntima-fytoprobiotics\/\",\"name\":\"GYNTIMA kapsule Fytoprobiotics\"}}]}]}<\/script>","_links":{"self":[{"href":"https:\/\/www.fytofontana.com\/sk\/wp-json\/wp\/v2\/product\/3560"}],"collection":[{"href":"https:\/\/www.fytofontana.com\/sk\/wp-json\/wp\/v2\/product"}],"about":[{"href":"https:\/\/www.fytofontana.com\/sk\/wp-json\/wp\/v2\/types\/product"}],"wp:featuredmedia":[{"embeddable":true,"href":"https:\/\/www.fytofontana.com\/sk\/wp-json\/wp\/v2\/media\/3561"}],"wp:attachment":[{"href":"https:\/\/www.fytofontana.com\/sk\/wp-json\/wp\/v2\/media?parent=3560"}],"wp:term":[{"taxonomy":"products","embeddable":true,"href":"https:\/\/www.fytofontana.com\/sk\/wp-json\/wp\/v2\/products?post=3560"}],"curies":[{"name":"wp","href":"https:\/\/api.w.org\/{rel}","templated":true}]}}