{"id":3036,"date":"2025-05-27T13:18:15","date_gmt":"2025-05-27T12:18:15","guid":{"rendered":"https:\/\/www.fytofontana.com\/?post_type=product&#038;p=3036"},"modified":"2025-05-27T13:18:15","modified_gmt":"2025-05-27T12:18:15","slug":"v-stop-sirup-junior","status":"publish","type":"product","link":"https:\/\/www.fytofontana.com\/sk\/produkt\/v-stop-sirup-junior\/","title":{"rendered":"V-STOP Sirup JUNIOR, 3r+"},"content":{"rendered":"<p><strong>Pr\u00edchu\u0165 jahoda<\/strong><\/p>\n<ul>\n<li>Sirup pre deti\u00a0<strong>od 3 rokov<\/strong>.<\/li>\n<li>Pokr\u00fdva sliznice \u00fastnej dutiny\u00a0<strong>ochrann\u00fdm filmom<\/strong>\u00a0z \u00a0extraktu bylinn\u00fdch zlo\u017eiek s obsahom Cistusu kr\u00e9tskeho.<\/li>\n<li>Citrusov\u00e9 bioflavonoidy maj\u00fa uk\u013eud\u0148uj\u00face a pr\u00edjemn\u00e9 \u00fa\u010dinky na\u00a0<strong>hrdlo, hltan a hlasivky<\/strong>.<\/li>\n<li>\u0160alvia lek\u00e1rska a echinacea purpurov\u00e1 podporuj\u00fa\u00a0<strong>norm\u00e1lnu funkciu d\u00fdchacieho syst\u00e9mu<\/strong>\u00a0a napom\u00e1haj\u00fa k\u00a0<strong>prirodzenej obranyschopnosti<\/strong>.<\/li>\n<li>V\u00fd\u017eivov\u00fd doplnok z patentovan\u00e9ho extraktu piatich bylinn\u00fdch zlo\u017eiek.<\/li>\n<\/ul>\n","protected":false},"featured_media":3037,"template":"","products":[56],"yoast_head":"<title>V-STOP Sirup JUNIOR, 3r+ - Fytofontana<\/title>\n<meta name=\"description\" content=\"Sirup pre deti od 3 rokov. Odpor\u00fa\u010dame za\u010da\u0165 s u\u017e\u00edvan\u00edm hne\u010f pri po\u010diato\u010dn\u00fdch pr\u00edznakoch infekcie horn\u00fdch d\u00fdchac\u00edch ciest (napr. chr\u00edpka, prechladnutie).\" \/>\n<meta name=\"robots\" content=\"index, follow, max-snippet:-1, max-image-preview:large, max-video-preview:-1\" \/>\n<link rel=\"canonical\" href=\"https:\/\/www.fytofontana.com\/sk\/produkt\/v-stop-sirup-junior\/\" \/>\n<meta property=\"og:locale\" content=\"sk_SK\" \/>\n<meta property=\"og:type\" content=\"article\" \/>\n<meta property=\"og:title\" content=\"V-STOP Sirup JUNIOR, 3r+ - Fytofontana\" \/>\n<meta property=\"og:description\" content=\"Sirup pre deti od 3 rokov. Odpor\u00fa\u010dame za\u010da\u0165 s u\u017e\u00edvan\u00edm hne\u010f pri po\u010diato\u010dn\u00fdch pr\u00edznakoch infekcie horn\u00fdch d\u00fdchac\u00edch ciest (napr. chr\u00edpka, prechladnutie).\" \/>\n<meta property=\"og:url\" content=\"https:\/\/www.fytofontana.com\/sk\/produkt\/v-stop-sirup-junior\/\" \/>\n<meta property=\"og:site_name\" content=\"Fytofontana\" \/>\n<meta property=\"og:image\" content=\"https:\/\/www.fytofontana.com\/wp-content\/uploads\/2025\/05\/500x500_V-STOP_Syrup_JUNIOR_3_100ml-SKCZHU.png\" \/>\n\t<meta property=\"og:image:width\" content=\"500\" \/>\n\t<meta property=\"og:image:height\" content=\"500\" \/>\n<meta name=\"twitter:card\" content=\"summary_large_image\" \/>\n<meta name=\"twitter:label1\" content=\"Predpokladan\u00fd \u010das \u010d\u00edtania\">\n\t<meta name=\"twitter:data1\" content=\"1 min\u00fata\">\n<script type=\"application\/ld+json\" class=\"yoast-schema-graph\">{\"@context\":\"https:\/\/schema.org\",\"@graph\":[{\"@type\":\"Organization\",\"@id\":\"https:\/\/www.fytofontana.com\/#organization\",\"name\":\"Fytofontana\",\"url\":\"https:\/\/www.fytofontana.com\/\",\"sameAs\":[],\"logo\":{\"@type\":\"ImageObject\",\"@id\":\"https:\/\/www.fytofontana.com\/#logo\",\"inLanguage\":\"sk-SK\",\"url\":\"https:\/\/www.fytofontana.com\/wp-content\/uploads\/2021\/01\/fyto.png\",\"width\":817,\"height\":79,\"caption\":\"Fytofontana\"},\"image\":{\"@id\":\"https:\/\/www.fytofontana.com\/#logo\"}},{\"@type\":\"WebSite\",\"@id\":\"https:\/\/www.fytofontana.com\/#website\",\"url\":\"https:\/\/www.fytofontana.com\/\",\"name\":\"Fytofontana\",\"description\":\"\",\"publisher\":{\"@id\":\"https:\/\/www.fytofontana.com\/#organization\"},\"potentialAction\":[{\"@type\":\"SearchAction\",\"target\":\"https:\/\/www.fytofontana.com\/?s={search_term_string}\",\"query-input\":\"required name=search_term_string\"}],\"inLanguage\":\"sk-SK\"},{\"@type\":\"ImageObject\",\"@id\":\"https:\/\/www.fytofontana.com\/sk\/produkt\/v-stop-sirup-junior\/#primaryimage\",\"inLanguage\":\"sk-SK\",\"url\":\"https:\/\/www.fytofontana.com\/wp-content\/uploads\/2025\/05\/500x500_V-STOP_Syrup_JUNIOR_3_100ml-SKCZHU.png\",\"width\":500,\"height\":500},{\"@type\":[\"WebPage\",\"ItemPage\"],\"@id\":\"https:\/\/www.fytofontana.com\/sk\/produkt\/v-stop-sirup-junior\/#webpage\",\"url\":\"https:\/\/www.fytofontana.com\/sk\/produkt\/v-stop-sirup-junior\/\",\"name\":\"V-STOP Sirup JUNIOR, 3r+ - Fytofontana\",\"isPartOf\":{\"@id\":\"https:\/\/www.fytofontana.com\/#website\"},\"primaryImageOfPage\":{\"@id\":\"https:\/\/www.fytofontana.com\/sk\/produkt\/v-stop-sirup-junior\/#primaryimage\"},\"datePublished\":\"2025-05-27T12:18:15+00:00\",\"dateModified\":\"2025-05-27T12:18:15+00:00\",\"description\":\"Sirup pre deti od 3 rokov. Odpor\\u00fa\\u010dame za\\u010da\\u0165 s u\\u017e\\u00edvan\\u00edm hne\\u010f pri po\\u010diato\\u010dn\\u00fdch pr\\u00edznakoch infekcie horn\\u00fdch d\\u00fdchac\\u00edch ciest (napr. chr\\u00edpka, prechladnutie).\",\"breadcrumb\":{\"@id\":\"https:\/\/www.fytofontana.com\/sk\/produkt\/v-stop-sirup-junior\/#breadcrumb\"},\"inLanguage\":\"sk-SK\",\"potentialAction\":[{\"@type\":\"ReadAction\",\"target\":[\"https:\/\/www.fytofontana.com\/sk\/produkt\/v-stop-sirup-junior\/\"]}]},{\"@type\":\"BreadcrumbList\",\"@id\":\"https:\/\/www.fytofontana.com\/sk\/produkt\/v-stop-sirup-junior\/#breadcrumb\",\"itemListElement\":[{\"@type\":\"ListItem\",\"position\":1,\"item\":{\"@type\":\"WebPage\",\"@id\":\"https:\/\/www.fytofontana.com\/sk\/\",\"url\":\"https:\/\/www.fytofontana.com\/sk\/\",\"name\":\"Home\"}},{\"@type\":\"ListItem\",\"position\":2,\"item\":{\"@type\":\"WebPage\",\"@id\":\"https:\/\/www.fytofontana.com\/sk\/produkt\/v-stop-sirup-junior\/\",\"url\":\"https:\/\/www.fytofontana.com\/sk\/produkt\/v-stop-sirup-junior\/\",\"name\":\"V-STOP Sirup JUNIOR, 3r+\"}}]}]}<\/script>","_links":{"self":[{"href":"https:\/\/www.fytofontana.com\/sk\/wp-json\/wp\/v2\/product\/3036"}],"collection":[{"href":"https:\/\/www.fytofontana.com\/sk\/wp-json\/wp\/v2\/product"}],"about":[{"href":"https:\/\/www.fytofontana.com\/sk\/wp-json\/wp\/v2\/types\/product"}],"wp:featuredmedia":[{"embeddable":true,"href":"https:\/\/www.fytofontana.com\/sk\/wp-json\/wp\/v2\/media\/3037"}],"wp:attachment":[{"href":"https:\/\/www.fytofontana.com\/sk\/wp-json\/wp\/v2\/media?parent=3036"}],"wp:term":[{"taxonomy":"products","embeddable":true,"href":"https:\/\/www.fytofontana.com\/sk\/wp-json\/wp\/v2\/products?post=3036"}],"curies":[{"name":"wp","href":"https:\/\/api.w.org\/{rel}","templated":true}]}}