{"id":2517,"date":"2023-06-21T14:02:41","date_gmt":"2023-06-21T13:02:41","guid":{"rendered":"https:\/\/www.fytofontana.com\/?post_type=product&#038;p=2517"},"modified":"2025-10-14T11:21:20","modified_gmt":"2025-10-14T10:21:20","slug":"virostop-pastilky","status":"publish","type":"product","link":"https:\/\/www.fytofontana.com\/sk\/produkt\/virostop-pastilky\/","title":{"rendered":"VIROSTOP pastilky"},"content":{"rendered":"<p><strong>Pr\u00edchu\u0165 citrus, m\u00e4ta, lesn\u00e9 ovocie<\/strong><\/p>\n<ul>\n<li><b>MDR certifikovan\u00e1 zdravotn\u00edcka pom\u00f4cka proti v\u00edrusom <\/b>(EU 2017\/745).<\/li>\n<li>Pastilky proti\u00a0<strong>chr\u00edpke a prechladnutiu<\/strong>.<\/li>\n<li><strong>Prv\u00fd certifikovan\u00fd\u00a0<\/strong>vo\u013enopredajn\u00fd pr\u00edpravok s antiv\u00edrusov\u00fdm \u00fa\u010dinkom.<\/li>\n<li>Klinicky potvrden\u00fd\u00a0<strong>antiv\u00edrusov\u00fd \u00fa\u010dinok<\/strong>\u00a0extraktu piatich bylinn\u00fdch zlo\u017eiek s obsahom Cistusu kr\u00e9tskeho.<\/li>\n<li>Pastilky vytv\u00e1raj\u00fa\u00a0<strong>ochrann\u00fd film<\/strong>\u00a0v \u00fastnej dutine a v hrdle a t\u00fdm br\u00e1nia prieniku v\u00edrusov do organizmu a ich mno\u017eeniu.<\/li>\n<li>Zabra\u0148uj\u00fa rozvoju a zmier\u0148uj\u00fa pr\u00edznaky ak\u00fatnej infekcie horn\u00fdch d\u00fdchac\u00edch ciest, najm\u00e4\u00a0<strong>chr\u00edpky a prechladnutia<\/strong>.<\/li>\n<li><strong>Skracuj\u00fa<\/strong>\u00a0d\u013a\u017eku sympt\u00f3mov.<\/li>\n<li>Registrovan\u00e9 ako zdravotn\u00edcka pom\u00f4cka s\u00a0<strong>inovat\u00edvnym mechanizmom \u00fa\u010dinku<\/strong>.<\/li>\n<\/ul>\n<p><span class=\"Apple-converted-space\">\u00a0<\/span><\/p>\n","protected":false},"featured_media":3020,"template":"","products":[56],"yoast_head":"<title>VIROSTOP pastilky - Fytofontana<\/title>\n<meta name=\"description\" content=\"Pastilky proti chr\u00edpke a prechladnutiu. Klinicky potvrden\u00fd antiv\u00edrusov\u00fd \u00fa\u010dinok extraktu piatich bylinn\u00fdch zlo\u017eiek s obsahom Cistusu kr\u00e9tskeho.\" \/>\n<meta name=\"robots\" content=\"index, follow, max-snippet:-1, max-image-preview:large, max-video-preview:-1\" \/>\n<link rel=\"canonical\" href=\"https:\/\/www.fytofontana.com\/sk\/produkt\/virostop-pastilky\/\" \/>\n<meta property=\"og:locale\" content=\"sk_SK\" \/>\n<meta property=\"og:type\" content=\"article\" \/>\n<meta property=\"og:title\" content=\"VIROSTOP pastilky - Fytofontana\" \/>\n<meta property=\"og:description\" content=\"Pastilky proti chr\u00edpke a prechladnutiu. Klinicky potvrden\u00fd antiv\u00edrusov\u00fd \u00fa\u010dinok extraktu piatich bylinn\u00fdch zlo\u017eiek s obsahom Cistusu kr\u00e9tskeho.\" \/>\n<meta property=\"og:url\" content=\"https:\/\/www.fytofontana.com\/sk\/produkt\/virostop-pastilky\/\" \/>\n<meta property=\"og:site_name\" content=\"Fytofontana\" \/>\n<meta property=\"article:modified_time\" content=\"2025-10-14T10:21:20+00:00\" \/>\n<meta property=\"og:image\" content=\"https:\/\/www.fytofontana.com\/wp-content\/uploads\/2025\/05\/pastilky-SKCZHUPL-3zostava_600x600_res.png\" \/>\n\t<meta property=\"og:image:width\" content=\"455\" \/>\n\t<meta property=\"og:image:height\" content=\"455\" \/>\n<meta name=\"twitter:card\" content=\"summary_large_image\" \/>\n<meta name=\"twitter:label1\" content=\"Predpokladan\u00fd \u010das \u010d\u00edtania\">\n\t<meta name=\"twitter:data1\" content=\"1 min\u00fata\">\n<script type=\"application\/ld+json\" class=\"yoast-schema-graph\">{\"@context\":\"https:\/\/schema.org\",\"@graph\":[{\"@type\":\"Organization\",\"@id\":\"https:\/\/www.fytofontana.com\/#organization\",\"name\":\"Fytofontana\",\"url\":\"https:\/\/www.fytofontana.com\/\",\"sameAs\":[],\"logo\":{\"@type\":\"ImageObject\",\"@id\":\"https:\/\/www.fytofontana.com\/#logo\",\"inLanguage\":\"sk-SK\",\"url\":\"https:\/\/www.fytofontana.com\/wp-content\/uploads\/2021\/01\/fyto.png\",\"width\":817,\"height\":79,\"caption\":\"Fytofontana\"},\"image\":{\"@id\":\"https:\/\/www.fytofontana.com\/#logo\"}},{\"@type\":\"WebSite\",\"@id\":\"https:\/\/www.fytofontana.com\/#website\",\"url\":\"https:\/\/www.fytofontana.com\/\",\"name\":\"Fytofontana\",\"description\":\"\",\"publisher\":{\"@id\":\"https:\/\/www.fytofontana.com\/#organization\"},\"potentialAction\":[{\"@type\":\"SearchAction\",\"target\":\"https:\/\/www.fytofontana.com\/?s={search_term_string}\",\"query-input\":\"required name=search_term_string\"}],\"inLanguage\":\"sk-SK\"},{\"@type\":\"ImageObject\",\"@id\":\"https:\/\/www.fytofontana.com\/sk\/produkt\/virostop-pastilky\/#primaryimage\",\"inLanguage\":\"sk-SK\",\"url\":\"https:\/\/www.fytofontana.com\/wp-content\/uploads\/2025\/05\/pastilky-SKCZHUPL-3zostava_600x600_res.png\",\"width\":455,\"height\":455},{\"@type\":[\"WebPage\",\"ItemPage\"],\"@id\":\"https:\/\/www.fytofontana.com\/sk\/produkt\/virostop-pastilky\/#webpage\",\"url\":\"https:\/\/www.fytofontana.com\/sk\/produkt\/virostop-pastilky\/\",\"name\":\"VIROSTOP pastilky - Fytofontana\",\"isPartOf\":{\"@id\":\"https:\/\/www.fytofontana.com\/#website\"},\"primaryImageOfPage\":{\"@id\":\"https:\/\/www.fytofontana.com\/sk\/produkt\/virostop-pastilky\/#primaryimage\"},\"datePublished\":\"2023-06-21T13:02:41+00:00\",\"dateModified\":\"2025-10-14T10:21:20+00:00\",\"description\":\"Pastilky proti chr\\u00edpke a prechladnutiu. Klinicky potvrden\\u00fd antiv\\u00edrusov\\u00fd \\u00fa\\u010dinok extraktu piatich bylinn\\u00fdch zlo\\u017eiek s obsahom Cistusu kr\\u00e9tskeho.\",\"breadcrumb\":{\"@id\":\"https:\/\/www.fytofontana.com\/sk\/produkt\/virostop-pastilky\/#breadcrumb\"},\"inLanguage\":\"sk-SK\",\"potentialAction\":[{\"@type\":\"ReadAction\",\"target\":[\"https:\/\/www.fytofontana.com\/sk\/produkt\/virostop-pastilky\/\"]}]},{\"@type\":\"BreadcrumbList\",\"@id\":\"https:\/\/www.fytofontana.com\/sk\/produkt\/virostop-pastilky\/#breadcrumb\",\"itemListElement\":[{\"@type\":\"ListItem\",\"position\":1,\"item\":{\"@type\":\"WebPage\",\"@id\":\"https:\/\/www.fytofontana.com\/sk\/\",\"url\":\"https:\/\/www.fytofontana.com\/sk\/\",\"name\":\"Home\"}},{\"@type\":\"ListItem\",\"position\":2,\"item\":{\"@type\":\"WebPage\",\"@id\":\"https:\/\/www.fytofontana.com\/sk\/produkt\/virostop-pastilky\/\",\"url\":\"https:\/\/www.fytofontana.com\/sk\/produkt\/virostop-pastilky\/\",\"name\":\"VIROSTOP pastilky\"}}]}]}<\/script>","_links":{"self":[{"href":"https:\/\/www.fytofontana.com\/sk\/wp-json\/wp\/v2\/product\/2517"}],"collection":[{"href":"https:\/\/www.fytofontana.com\/sk\/wp-json\/wp\/v2\/product"}],"about":[{"href":"https:\/\/www.fytofontana.com\/sk\/wp-json\/wp\/v2\/types\/product"}],"wp:featuredmedia":[{"embeddable":true,"href":"https:\/\/www.fytofontana.com\/sk\/wp-json\/wp\/v2\/media\/3020"}],"wp:attachment":[{"href":"https:\/\/www.fytofontana.com\/sk\/wp-json\/wp\/v2\/media?parent=2517"}],"wp:term":[{"taxonomy":"products","embeddable":true,"href":"https:\/\/www.fytofontana.com\/sk\/wp-json\/wp\/v2\/products?post=2517"}],"curies":[{"name":"wp","href":"https:\/\/api.w.org\/{rel}","templated":true}]}}