{"id":1801,"date":"2021-03-21T20:05:59","date_gmt":"2021-03-21T19:05:59","guid":{"rendered":"https:\/\/www.fytofontana.com\/hu\/?post_type=product&#038;p=1801"},"modified":"2025-05-27T17:20:22","modified_gmt":"2025-05-27T16:20:22","slug":"virostop-kapsule","status":"publish","type":"product","link":"https:\/\/www.fytofontana.com\/sk\/produkt\/virostop-kapsule\/","title":{"rendered":"VIROSTOP kapsule"},"content":{"rendered":"<p><strong>V\u00fd\u017eivov\u00fd doplnok<\/strong><\/p>\n<p>VIROSTOP kapsule obsahuj\u00fa jedine\u010dn\u00fa kombin\u00e1ciu rastl\u00edn:<\/p>\n<ul>\n<li>Cistus creticus\u00a0je rastlina zn\u00e1ma pre vysok\u00fd obsah polyfenolov. P\u00f4sob\u00ed ako pr\u00edrodn\u00fd antioxidant (neutralizuje vo\u013en\u00e9 radik\u00e1ly),<\/li>\n<li>Echinacea purpurov\u00e1\u00a0\u00a0priaznivo p\u00f4sob\u00ed na d\u00fdchac\u00ed syst\u00e9m a\u00a0podporuje norm\u00e1lnu funkciu horn\u00fdch d\u00fdchac\u00edch ciest.<\/li>\n<\/ul>\n<p><span data-sheets-value=\"{&quot;1&quot;:2,&quot;2&quot;:&quot;The capsules contain\u00a0Cistus Creticus\u00a0with a\u00a0very noticeable effect on immunity, removes toxic substances from the human body, has anti-fungal, anti-inflammatory and disinfectant properties which prevents inflammation and pain.\\nExtracts of echinacea\u00a0are used in the prevention and treatment of viral, infectious and inflammatory diseases, flu and cold.\\n&quot;}\" data-sheets-userformat=\"{&quot;2&quot;:14783,&quot;3&quot;:{&quot;1&quot;:1},&quot;4&quot;:{&quot;1&quot;:2,&quot;2&quot;:16054776},&quot;5&quot;:{&quot;1&quot;:[{&quot;1&quot;:2,&quot;2&quot;:0,&quot;5&quot;:{&quot;1&quot;:2,&quot;2&quot;:14935011}},{&quot;1&quot;:0,&quot;2&quot;:0,&quot;3&quot;:3},{&quot;1&quot;:1,&quot;2&quot;:0,&quot;4&quot;:1}]},&quot;6&quot;:{&quot;1&quot;:[{&quot;1&quot;:2,&quot;2&quot;:0,&quot;5&quot;:{&quot;1&quot;:2,&quot;2&quot;:14935011}},{&quot;1&quot;:0,&quot;2&quot;:0,&quot;3&quot;:3},{&quot;1&quot;:1,&quot;2&quot;:0,&quot;4&quot;:1}]},&quot;7&quot;:{&quot;1&quot;:[{&quot;1&quot;:2,&quot;2&quot;:0,&quot;5&quot;:{&quot;1&quot;:2,&quot;2&quot;:14935011}},{&quot;1&quot;:0,&quot;2&quot;:0,&quot;3&quot;:3},{&quot;1&quot;:1,&quot;2&quot;:0,&quot;4&quot;:1}]},&quot;8&quot;:{&quot;1&quot;:[{&quot;1&quot;:2,&quot;2&quot;:0,&quot;5&quot;:{&quot;1&quot;:2,&quot;2&quot;:14935011}},{&quot;1&quot;:0,&quot;2&quot;:0,&quot;3&quot;:3},{&quot;1&quot;:1,&quot;2&quot;:0,&quot;4&quot;:1}]},&quot;10&quot;:0,&quot;11&quot;:4,&quot;14&quot;:{&quot;1&quot;:2,&quot;2&quot;:0},&quot;15&quot;:&quot;Arial&quot;,&quot;16&quot;:10}\">\u00a0<\/span><\/p>\n","protected":false},"featured_media":881,"template":"","products":[56],"yoast_head":"<title>VIROSTOP kapsule - Fytofontana<\/title>\n<meta name=\"robots\" content=\"index, follow, max-snippet:-1, max-image-preview:large, max-video-preview:-1\" \/>\n<link rel=\"canonical\" href=\"https:\/\/www.fytofontana.com\/sk\/produkt\/virostop-kapsule\/\" \/>\n<meta property=\"og:locale\" content=\"sk_SK\" \/>\n<meta property=\"og:type\" content=\"article\" \/>\n<meta property=\"og:title\" content=\"VIROSTOP kapsule - Fytofontana\" \/>\n<meta property=\"og:description\" content=\"V\u00fd\u017eivov\u00fd doplnok VIROSTOP kapsule obsahuj\u00fa jedine\u010dn\u00fa kombin\u00e1ciu rastl\u00edn: Cistus creticus\u00a0je rastlina zn\u00e1ma pre vysok\u00fd obsah polyfenolov. P\u00f4sob\u00ed ako pr\u00edrodn\u00fd antioxidant (neutralizuje vo\u013en\u00e9 radik\u00e1ly), Echinacea purpurov\u00e1\u00a0\u00a0priaznivo p\u00f4sob\u00ed na d\u00fdchac\u00ed syst\u00e9m a\u00a0podporuje norm\u00e1lnu funkciu horn\u00fdch d\u00fdchac\u00edch ciest. \u00a0\" \/>\n<meta property=\"og:url\" content=\"https:\/\/www.fytofontana.com\/sk\/produkt\/virostop-kapsule\/\" \/>\n<meta property=\"og:site_name\" content=\"Fytofontana\" \/>\n<meta property=\"article:modified_time\" content=\"2025-05-27T16:20:22+00:00\" \/>\n<meta property=\"og:image\" content=\"https:\/\/www.fytofontana.com\/wp-content\/uploads\/2020\/12\/037-1024x1024.png\" \/>\n\t<meta property=\"og:image:width\" content=\"1024\" \/>\n\t<meta property=\"og:image:height\" content=\"1024\" \/>\n<meta name=\"twitter:card\" content=\"summary_large_image\" \/>\n<meta name=\"twitter:label1\" content=\"Predpokladan\u00fd \u010das \u010d\u00edtania\">\n\t<meta name=\"twitter:data1\" content=\"1 min\u00fata\">\n<script type=\"application\/ld+json\" class=\"yoast-schema-graph\">{\"@context\":\"https:\/\/schema.org\",\"@graph\":[{\"@type\":\"Organization\",\"@id\":\"https:\/\/www.fytofontana.com\/#organization\",\"name\":\"Fytofontana\",\"url\":\"https:\/\/www.fytofontana.com\/\",\"sameAs\":[],\"logo\":{\"@type\":\"ImageObject\",\"@id\":\"https:\/\/www.fytofontana.com\/#logo\",\"inLanguage\":\"sk-SK\",\"url\":\"https:\/\/www.fytofontana.com\/wp-content\/uploads\/2021\/01\/fyto.png\",\"width\":817,\"height\":79,\"caption\":\"Fytofontana\"},\"image\":{\"@id\":\"https:\/\/www.fytofontana.com\/#logo\"}},{\"@type\":\"WebSite\",\"@id\":\"https:\/\/www.fytofontana.com\/#website\",\"url\":\"https:\/\/www.fytofontana.com\/\",\"name\":\"Fytofontana\",\"description\":\"\",\"publisher\":{\"@id\":\"https:\/\/www.fytofontana.com\/#organization\"},\"potentialAction\":[{\"@type\":\"SearchAction\",\"target\":\"https:\/\/www.fytofontana.com\/?s={search_term_string}\",\"query-input\":\"required name=search_term_string\"}],\"inLanguage\":\"sk-SK\"},{\"@type\":\"ImageObject\",\"@id\":\"https:\/\/www.fytofontana.com\/sk\/produkt\/virostop-kapsule\/#primaryimage\",\"inLanguage\":\"sk-SK\",\"url\":\"https:\/\/www.fytofontana.com\/wp-content\/uploads\/2020\/12\/037.png\",\"width\":3000,\"height\":3000},{\"@type\":[\"WebPage\",\"ItemPage\"],\"@id\":\"https:\/\/www.fytofontana.com\/sk\/produkt\/virostop-kapsule\/#webpage\",\"url\":\"https:\/\/www.fytofontana.com\/sk\/produkt\/virostop-kapsule\/\",\"name\":\"VIROSTOP kapsule - Fytofontana\",\"isPartOf\":{\"@id\":\"https:\/\/www.fytofontana.com\/#website\"},\"primaryImageOfPage\":{\"@id\":\"https:\/\/www.fytofontana.com\/sk\/produkt\/virostop-kapsule\/#primaryimage\"},\"datePublished\":\"2021-03-21T19:05:59+00:00\",\"dateModified\":\"2025-05-27T16:20:22+00:00\",\"breadcrumb\":{\"@id\":\"https:\/\/www.fytofontana.com\/sk\/produkt\/virostop-kapsule\/#breadcrumb\"},\"inLanguage\":\"sk-SK\",\"potentialAction\":[{\"@type\":\"ReadAction\",\"target\":[\"https:\/\/www.fytofontana.com\/sk\/produkt\/virostop-kapsule\/\"]}]},{\"@type\":\"BreadcrumbList\",\"@id\":\"https:\/\/www.fytofontana.com\/sk\/produkt\/virostop-kapsule\/#breadcrumb\",\"itemListElement\":[{\"@type\":\"ListItem\",\"position\":1,\"item\":{\"@type\":\"WebPage\",\"@id\":\"https:\/\/www.fytofontana.com\/sk\/\",\"url\":\"https:\/\/www.fytofontana.com\/sk\/\",\"name\":\"Home\"}},{\"@type\":\"ListItem\",\"position\":2,\"item\":{\"@type\":\"WebPage\",\"@id\":\"https:\/\/www.fytofontana.com\/sk\/produkt\/virostop-kapsule\/\",\"url\":\"https:\/\/www.fytofontana.com\/sk\/produkt\/virostop-kapsule\/\",\"name\":\"VIROSTOP kapsule\"}}]}]}<\/script>","_links":{"self":[{"href":"https:\/\/www.fytofontana.com\/sk\/wp-json\/wp\/v2\/product\/1801"}],"collection":[{"href":"https:\/\/www.fytofontana.com\/sk\/wp-json\/wp\/v2\/product"}],"about":[{"href":"https:\/\/www.fytofontana.com\/sk\/wp-json\/wp\/v2\/types\/product"}],"wp:featuredmedia":[{"embeddable":true,"href":"https:\/\/www.fytofontana.com\/sk\/wp-json\/wp\/v2\/media\/881"}],"wp:attachment":[{"href":"https:\/\/www.fytofontana.com\/sk\/wp-json\/wp\/v2\/media?parent=1801"}],"wp:term":[{"taxonomy":"products","embeddable":true,"href":"https:\/\/www.fytofontana.com\/sk\/wp-json\/wp\/v2\/products?post=1801"}],"curies":[{"name":"wp","href":"https:\/\/api.w.org\/{rel}","templated":true}]}}