{"id":1800,"date":"2021-03-21T19:55:36","date_gmt":"2021-03-21T18:55:36","guid":{"rendered":"https:\/\/www.fytofontana.com\/hu\/?post_type=product&#038;p=1800"},"modified":"2025-05-27T17:07:04","modified_gmt":"2025-05-27T16:07:04","slug":"virostop-kvapky","status":"publish","type":"product","link":"https:\/\/www.fytofontana.com\/sk\/produkt\/virostop-kvapky\/","title":{"rendered":"VIROSTOP kvapky"},"content":{"rendered":"<div class=\"field field--name-field-subtitle field--type-string field--label-hidden field--item\"><strong>V\u00fd\u017eivov\u00fd doplnok<\/strong><\/div>\n<p>Virostop\u00a0kvapky obsahuj\u00fa jedine\u010dn\u00fa kombin\u00e1ciu rastl\u00edn:<\/p>\n<ul>\n<li>Cistus creticus\u00a0je rastlina zn\u00e1ma pre vysok\u00fd obsah polyfenolov. P\u00f4sob\u00ed ako pr\u00edrodn\u00fd antioxidant (neutralizuje vo\u013en\u00e9 radik\u00e1ly),<\/li>\n<li>Echinacea purpurov\u00e1\u00a0\u00a0a\u00a0M\u00e4tov\u00e1 silica\u00a0priaznivo p\u00f4sobia na d\u00fdchac\u00ed syst\u00e9m a\u00a0podporuj\u00fa norm\u00e1lnu funkciu horn\u00fdch d\u00fdchac\u00edch ciest<\/li>\n<li>Grapefruitov\u00fd extrakt z\u00a0jadierok\u00a0v\u010faka svojmu siln\u00e9mu antioxida\u010dn\u00e9mu \u00fa\u010dinku podporuje prirodzen\u00fa detoxik\u00e1ciu organizmu a\u00a0pom\u00e1ha\u00a0udr\u017eova\u0165 prirodzen\u00fa rovnov\u00e1hu \u010drevnej mikrofl\u00f3ry.<\/li>\n<\/ul>\n","protected":false},"featured_media":893,"template":"","products":[56],"yoast_head":"<title>VIROSTOP kvapky - Fytofontana<\/title>\n<meta name=\"robots\" content=\"index, follow, max-snippet:-1, max-image-preview:large, max-video-preview:-1\" \/>\n<link rel=\"canonical\" href=\"https:\/\/www.fytofontana.com\/sk\/produkt\/virostop-kvapky\/\" \/>\n<meta property=\"og:locale\" content=\"sk_SK\" \/>\n<meta property=\"og:type\" content=\"article\" \/>\n<meta property=\"og:title\" content=\"VIROSTOP kvapky - Fytofontana\" \/>\n<meta property=\"og:description\" content=\"V\u00fd\u017eivov\u00fd doplnok Virostop\u00a0kvapky obsahuj\u00fa jedine\u010dn\u00fa kombin\u00e1ciu rastl\u00edn: Cistus creticus\u00a0je rastlina zn\u00e1ma pre vysok\u00fd obsah polyfenolov. P\u00f4sob\u00ed ako pr\u00edrodn\u00fd antioxidant (neutralizuje vo\u013en\u00e9 radik\u00e1ly), Echinacea purpurov\u00e1\u00a0\u00a0a\u00a0M\u00e4tov\u00e1 silica\u00a0priaznivo p\u00f4sobia na d\u00fdchac\u00ed syst\u00e9m a\u00a0podporuj\u00fa norm\u00e1lnu funkciu horn\u00fdch d\u00fdchac\u00edch ciest Grapefruitov\u00fd extrakt z\u00a0jadierok\u00a0v\u010faka svojmu siln\u00e9mu antioxida\u010dn\u00e9mu \u00fa\u010dinku podporuje prirodzen\u00fa detoxik\u00e1ciu organizmu a\u00a0pom\u00e1ha\u00a0udr\u017eova\u0165 prirodzen\u00fa rovnov\u00e1hu \u010drevnej mikrofl\u00f3ry.\" \/>\n<meta property=\"og:url\" content=\"https:\/\/www.fytofontana.com\/sk\/produkt\/virostop-kvapky\/\" \/>\n<meta property=\"og:site_name\" content=\"Fytofontana\" \/>\n<meta property=\"article:modified_time\" content=\"2025-05-27T16:07:04+00:00\" \/>\n<meta property=\"og:image\" content=\"https:\/\/www.fytofontana.com\/wp-content\/uploads\/2020\/12\/039-1.png\" \/>\n\t<meta property=\"og:image:width\" content=\"3000\" \/>\n\t<meta property=\"og:image:height\" content=\"3000\" \/>\n<meta name=\"twitter:card\" content=\"summary_large_image\" \/>\n<meta name=\"twitter:label1\" content=\"Predpokladan\u00fd \u010das \u010d\u00edtania\">\n\t<meta name=\"twitter:data1\" content=\"1 min\u00fata\">\n<script type=\"application\/ld+json\" class=\"yoast-schema-graph\">{\"@context\":\"https:\/\/schema.org\",\"@graph\":[{\"@type\":\"Organization\",\"@id\":\"https:\/\/www.fytofontana.com\/#organization\",\"name\":\"Fytofontana\",\"url\":\"https:\/\/www.fytofontana.com\/\",\"sameAs\":[],\"logo\":{\"@type\":\"ImageObject\",\"@id\":\"https:\/\/www.fytofontana.com\/#logo\",\"inLanguage\":\"sk-SK\",\"url\":\"https:\/\/www.fytofontana.com\/wp-content\/uploads\/2021\/01\/fyto.png\",\"width\":817,\"height\":79,\"caption\":\"Fytofontana\"},\"image\":{\"@id\":\"https:\/\/www.fytofontana.com\/#logo\"}},{\"@type\":\"WebSite\",\"@id\":\"https:\/\/www.fytofontana.com\/#website\",\"url\":\"https:\/\/www.fytofontana.com\/\",\"name\":\"Fytofontana\",\"description\":\"\",\"publisher\":{\"@id\":\"https:\/\/www.fytofontana.com\/#organization\"},\"potentialAction\":[{\"@type\":\"SearchAction\",\"target\":\"https:\/\/www.fytofontana.com\/?s={search_term_string}\",\"query-input\":\"required name=search_term_string\"}],\"inLanguage\":\"sk-SK\"},{\"@type\":\"ImageObject\",\"@id\":\"https:\/\/www.fytofontana.com\/sk\/produkt\/virostop-kvapky\/#primaryimage\",\"inLanguage\":\"sk-SK\",\"url\":\"https:\/\/www.fytofontana.com\/wp-content\/uploads\/2020\/12\/039-1.png\",\"width\":3000,\"height\":3000},{\"@type\":[\"WebPage\",\"ItemPage\"],\"@id\":\"https:\/\/www.fytofontana.com\/sk\/produkt\/virostop-kvapky\/#webpage\",\"url\":\"https:\/\/www.fytofontana.com\/sk\/produkt\/virostop-kvapky\/\",\"name\":\"VIROSTOP kvapky - Fytofontana\",\"isPartOf\":{\"@id\":\"https:\/\/www.fytofontana.com\/#website\"},\"primaryImageOfPage\":{\"@id\":\"https:\/\/www.fytofontana.com\/sk\/produkt\/virostop-kvapky\/#primaryimage\"},\"datePublished\":\"2021-03-21T18:55:36+00:00\",\"dateModified\":\"2025-05-27T16:07:04+00:00\",\"breadcrumb\":{\"@id\":\"https:\/\/www.fytofontana.com\/sk\/produkt\/virostop-kvapky\/#breadcrumb\"},\"inLanguage\":\"sk-SK\",\"potentialAction\":[{\"@type\":\"ReadAction\",\"target\":[\"https:\/\/www.fytofontana.com\/sk\/produkt\/virostop-kvapky\/\"]}]},{\"@type\":\"BreadcrumbList\",\"@id\":\"https:\/\/www.fytofontana.com\/sk\/produkt\/virostop-kvapky\/#breadcrumb\",\"itemListElement\":[{\"@type\":\"ListItem\",\"position\":1,\"item\":{\"@type\":\"WebPage\",\"@id\":\"https:\/\/www.fytofontana.com\/sk\/\",\"url\":\"https:\/\/www.fytofontana.com\/sk\/\",\"name\":\"Home\"}},{\"@type\":\"ListItem\",\"position\":2,\"item\":{\"@type\":\"WebPage\",\"@id\":\"https:\/\/www.fytofontana.com\/sk\/produkt\/virostop-kvapky\/\",\"url\":\"https:\/\/www.fytofontana.com\/sk\/produkt\/virostop-kvapky\/\",\"name\":\"VIROSTOP kvapky\"}}]}]}<\/script>","_links":{"self":[{"href":"https:\/\/www.fytofontana.com\/sk\/wp-json\/wp\/v2\/product\/1800"}],"collection":[{"href":"https:\/\/www.fytofontana.com\/sk\/wp-json\/wp\/v2\/product"}],"about":[{"href":"https:\/\/www.fytofontana.com\/sk\/wp-json\/wp\/v2\/types\/product"}],"wp:featuredmedia":[{"embeddable":true,"href":"https:\/\/www.fytofontana.com\/sk\/wp-json\/wp\/v2\/media\/893"}],"wp:attachment":[{"href":"https:\/\/www.fytofontana.com\/sk\/wp-json\/wp\/v2\/media?parent=1800"}],"wp:term":[{"taxonomy":"products","embeddable":true,"href":"https:\/\/www.fytofontana.com\/sk\/wp-json\/wp\/v2\/products?post=1800"}],"curies":[{"name":"wp","href":"https:\/\/api.w.org\/{rel}","templated":true}]}}