{"id":1799,"date":"2021-03-21T19:43:24","date_gmt":"2021-03-21T18:43:24","guid":{"rendered":"https:\/\/www.fytofontana.com\/hu\/?post_type=product&#038;p=1799"},"modified":"2025-05-27T19:13:48","modified_gmt":"2025-05-27T18:13:48","slug":"virostop-dezinfekcny-gel","status":"publish","type":"product","link":"https:\/\/www.fytofontana.com\/sk\/produkt\/virostop-dezinfekcny-gel\/","title":{"rendered":"VIROSTOP dezinfek\u010dn\u00fd g\u00e9l"},"content":{"rendered":"<p><strong>viruc\u00eddny \/ bakteric\u00eddny<\/strong><\/p>\n<p>VIROSTOP bioc\u00eddny dezinfek\u010dn\u00fd g\u00e9l\u00a0na ruky s extraktom cistusu kr\u00e9tskeho ni\u010d\u00ed 99,9 % bakt\u00e9ri\u00ed a v\u00edrusov. Obsahuje aloe vera a\u00a0vitam\u00edn E, ktor\u00e9 hydratuj\u00fa, vy\u017eivuj\u00fa a zjem\u0148uj\u00fa poko\u017eku r\u00fak.<\/p>\n<p>Dezinfikuje ruky bez pou\u017eitia vody.<\/p>\n<p>&nbsp;<\/p>\n<p><span data-sheets-value=\"{&quot;1&quot;:2,&quot;2&quot;:&quot;VIROSTOP biocidal hand disinfectant gel with Cistus creticus extract kills 99.9% of bacteria and viruses. With more than 60 % alcohol content (ethanol) cleanses your skin and kills germs without the use of water. Moreover it contains aloe vera and vitamin E, which moisturize, nourish and soften the skin of the hands.\\n&quot;}\" data-sheets-userformat=\"{&quot;2&quot;:14783,&quot;3&quot;:{&quot;1&quot;:1},&quot;4&quot;:{&quot;1&quot;:2,&quot;2&quot;:16054776},&quot;5&quot;:{&quot;1&quot;:[{&quot;1&quot;:2,&quot;2&quot;:0,&quot;5&quot;:{&quot;1&quot;:2,&quot;2&quot;:14935011}},{&quot;1&quot;:0,&quot;2&quot;:0,&quot;3&quot;:3},{&quot;1&quot;:1,&quot;2&quot;:0,&quot;4&quot;:1}]},&quot;6&quot;:{&quot;1&quot;:[{&quot;1&quot;:2,&quot;2&quot;:0,&quot;5&quot;:{&quot;1&quot;:2,&quot;2&quot;:14935011}},{&quot;1&quot;:0,&quot;2&quot;:0,&quot;3&quot;:3},{&quot;1&quot;:1,&quot;2&quot;:0,&quot;4&quot;:1}]},&quot;7&quot;:{&quot;1&quot;:[{&quot;1&quot;:2,&quot;2&quot;:0,&quot;5&quot;:{&quot;1&quot;:2,&quot;2&quot;:14935011}},{&quot;1&quot;:0,&quot;2&quot;:0,&quot;3&quot;:3},{&quot;1&quot;:1,&quot;2&quot;:0,&quot;4&quot;:1}]},&quot;8&quot;:{&quot;1&quot;:[{&quot;1&quot;:2,&quot;2&quot;:0,&quot;5&quot;:{&quot;1&quot;:2,&quot;2&quot;:14935011}},{&quot;1&quot;:0,&quot;2&quot;:0,&quot;3&quot;:3},{&quot;1&quot;:1,&quot;2&quot;:0,&quot;4&quot;:1}]},&quot;10&quot;:0,&quot;11&quot;:4,&quot;14&quot;:{&quot;1&quot;:2,&quot;2&quot;:0},&quot;15&quot;:&quot;Avenir&quot;,&quot;16&quot;:10}\" data-sheets-textstyleruns=\"{&quot;1&quot;:0,&quot;2&quot;:{&quot;2&quot;:{&quot;1&quot;:2,&quot;2&quot;:0},&quot;3&quot;:&quot;Avenir Next Regular&quot;,&quot;4&quot;:10}}\">\u00a0<\/span><\/p>\n","protected":false},"featured_media":901,"template":"","products":[56],"yoast_head":"<title>VIROSTOP dezinfek\u010dn\u00fd g\u00e9l - Fytofontana<\/title>\n<meta name=\"robots\" content=\"index, follow, max-snippet:-1, max-image-preview:large, max-video-preview:-1\" \/>\n<link rel=\"canonical\" href=\"https:\/\/www.fytofontana.com\/sk\/produkt\/virostop-dezinfekcny-gel\/\" \/>\n<meta property=\"og:locale\" content=\"sk_SK\" \/>\n<meta property=\"og:type\" content=\"article\" \/>\n<meta property=\"og:title\" content=\"VIROSTOP dezinfek\u010dn\u00fd g\u00e9l - Fytofontana\" \/>\n<meta property=\"og:description\" content=\"viruc\u00eddny \/ bakteric\u00eddny VIROSTOP bioc\u00eddny dezinfek\u010dn\u00fd g\u00e9l\u00a0na ruky s extraktom cistusu kr\u00e9tskeho ni\u010d\u00ed 99,9 % bakt\u00e9ri\u00ed a v\u00edrusov. Obsahuje aloe vera a\u00a0vitam\u00edn E, ktor\u00e9 hydratuj\u00fa, vy\u017eivuj\u00fa a zjem\u0148uj\u00fa poko\u017eku r\u00fak. Dezinfikuje ruky bez pou\u017eitia vody. &nbsp; \u00a0\" \/>\n<meta property=\"og:url\" content=\"https:\/\/www.fytofontana.com\/sk\/produkt\/virostop-dezinfekcny-gel\/\" \/>\n<meta property=\"og:site_name\" content=\"Fytofontana\" \/>\n<meta property=\"article:modified_time\" content=\"2025-05-27T18:13:48+00:00\" \/>\n<meta property=\"og:image\" content=\"https:\/\/www.fytofontana.com\/wp-content\/uploads\/2020\/12\/042.png\" \/>\n\t<meta property=\"og:image:width\" content=\"3000\" \/>\n\t<meta property=\"og:image:height\" content=\"3000\" \/>\n<meta name=\"twitter:card\" content=\"summary_large_image\" \/>\n<meta name=\"twitter:label1\" content=\"Predpokladan\u00fd \u010das \u010d\u00edtania\">\n\t<meta name=\"twitter:data1\" content=\"1 min\u00fata\">\n<script type=\"application\/ld+json\" class=\"yoast-schema-graph\">{\"@context\":\"https:\/\/schema.org\",\"@graph\":[{\"@type\":\"Organization\",\"@id\":\"https:\/\/www.fytofontana.com\/#organization\",\"name\":\"Fytofontana\",\"url\":\"https:\/\/www.fytofontana.com\/\",\"sameAs\":[],\"logo\":{\"@type\":\"ImageObject\",\"@id\":\"https:\/\/www.fytofontana.com\/#logo\",\"inLanguage\":\"sk-SK\",\"url\":\"https:\/\/www.fytofontana.com\/wp-content\/uploads\/2021\/01\/fyto.png\",\"width\":817,\"height\":79,\"caption\":\"Fytofontana\"},\"image\":{\"@id\":\"https:\/\/www.fytofontana.com\/#logo\"}},{\"@type\":\"WebSite\",\"@id\":\"https:\/\/www.fytofontana.com\/#website\",\"url\":\"https:\/\/www.fytofontana.com\/\",\"name\":\"Fytofontana\",\"description\":\"\",\"publisher\":{\"@id\":\"https:\/\/www.fytofontana.com\/#organization\"},\"potentialAction\":[{\"@type\":\"SearchAction\",\"target\":\"https:\/\/www.fytofontana.com\/?s={search_term_string}\",\"query-input\":\"required name=search_term_string\"}],\"inLanguage\":\"sk-SK\"},{\"@type\":\"ImageObject\",\"@id\":\"https:\/\/www.fytofontana.com\/sk\/produkt\/virostop-dezinfekcny-gel\/#primaryimage\",\"inLanguage\":\"sk-SK\",\"url\":\"https:\/\/www.fytofontana.com\/wp-content\/uploads\/2020\/12\/042.png\",\"width\":3000,\"height\":3000},{\"@type\":[\"WebPage\",\"ItemPage\"],\"@id\":\"https:\/\/www.fytofontana.com\/sk\/produkt\/virostop-dezinfekcny-gel\/#webpage\",\"url\":\"https:\/\/www.fytofontana.com\/sk\/produkt\/virostop-dezinfekcny-gel\/\",\"name\":\"VIROSTOP dezinfek\\u010dn\\u00fd g\\u00e9l - Fytofontana\",\"isPartOf\":{\"@id\":\"https:\/\/www.fytofontana.com\/#website\"},\"primaryImageOfPage\":{\"@id\":\"https:\/\/www.fytofontana.com\/sk\/produkt\/virostop-dezinfekcny-gel\/#primaryimage\"},\"datePublished\":\"2021-03-21T18:43:24+00:00\",\"dateModified\":\"2025-05-27T18:13:48+00:00\",\"breadcrumb\":{\"@id\":\"https:\/\/www.fytofontana.com\/sk\/produkt\/virostop-dezinfekcny-gel\/#breadcrumb\"},\"inLanguage\":\"sk-SK\",\"potentialAction\":[{\"@type\":\"ReadAction\",\"target\":[\"https:\/\/www.fytofontana.com\/sk\/produkt\/virostop-dezinfekcny-gel\/\"]}]},{\"@type\":\"BreadcrumbList\",\"@id\":\"https:\/\/www.fytofontana.com\/sk\/produkt\/virostop-dezinfekcny-gel\/#breadcrumb\",\"itemListElement\":[{\"@type\":\"ListItem\",\"position\":1,\"item\":{\"@type\":\"WebPage\",\"@id\":\"https:\/\/www.fytofontana.com\/sk\/\",\"url\":\"https:\/\/www.fytofontana.com\/sk\/\",\"name\":\"Home\"}},{\"@type\":\"ListItem\",\"position\":2,\"item\":{\"@type\":\"WebPage\",\"@id\":\"https:\/\/www.fytofontana.com\/sk\/produkt\/virostop-dezinfekcny-gel\/\",\"url\":\"https:\/\/www.fytofontana.com\/sk\/produkt\/virostop-dezinfekcny-gel\/\",\"name\":\"VIROSTOP dezinfek\\u010dn\\u00fd g\\u00e9l\"}}]}]}<\/script>","_links":{"self":[{"href":"https:\/\/www.fytofontana.com\/sk\/wp-json\/wp\/v2\/product\/1799"}],"collection":[{"href":"https:\/\/www.fytofontana.com\/sk\/wp-json\/wp\/v2\/product"}],"about":[{"href":"https:\/\/www.fytofontana.com\/sk\/wp-json\/wp\/v2\/types\/product"}],"wp:featuredmedia":[{"embeddable":true,"href":"https:\/\/www.fytofontana.com\/sk\/wp-json\/wp\/v2\/media\/901"}],"wp:attachment":[{"href":"https:\/\/www.fytofontana.com\/sk\/wp-json\/wp\/v2\/media?parent=1799"}],"wp:term":[{"taxonomy":"products","embeddable":true,"href":"https:\/\/www.fytofontana.com\/sk\/wp-json\/wp\/v2\/products?post=1799"}],"curies":[{"name":"wp","href":"https:\/\/api.w.org\/{rel}","templated":true}]}}