{"id":1796,"date":"2021-03-21T17:41:30","date_gmt":"2021-03-21T16:41:30","guid":{"rendered":"https:\/\/www.fytofontana.com\/hu\/?post_type=product&#038;p=1796"},"modified":"2025-07-24T10:54:14","modified_gmt":"2025-07-24T09:54:14","slug":"aurecon-kapsule-ring-stop","status":"publish","type":"product","link":"https:\/\/www.fytofontana.com\/sk\/produkt\/aurecon-kapsule-ring-stop\/","title":{"rendered":"AURECON kapsule Ring stop"},"content":{"rendered":"<p><strong>V\u00fd\u017eivov\u00fd doplnok pre sluch bez \u0161umenia a zvonenia v u\u0161iach. <\/strong><\/p>\n<ul>\n<li>Ginkgo biloba podporuje perif\u00e9rny (cievny) obeh, \u010do prispieva k dobr\u00e9mu sluchu.<\/li>\n<li>\u013dubovn\u00edk, ktor\u00fd je \u010fal\u0161ou \u00fa\u010dinnou l\u00e1tkou v\u00fdrobku Aurecon Ring stop, prispieva k vyrovnan\u00e9mu psychick\u00e9mu stavu, ment\u00e1lnemu zdraviu a u\u013eah\u010duje relax\u00e1ciu.<\/li>\n<li>Extrakt z chme\u013eov\u00fdch \u0161i\u0161t\u00edc, extrakt z kore\u0148a valeri\u00e1ny lek\u00e1rskej a v\u0155bov\u00e1 k\u00f4ra podporuj\u00fa relax\u00e1ciu a t\u00fdm prispievaj\u00fa k dosiahnutiu zdrav\u00e9ho sp\u00e1nku.<\/li>\n<li>Extrakt z ginkgo biloba naviac podporuje krvn\u00fa mikrocirkul\u00e1ciu v mozgu a t\u00fdm podporuje kognit\u00edvne funkcie ako je pam\u00e4\u0165, pozornos\u0165 a schopnos\u0165 s\u00fastredenia.<\/li>\n<li>Vitam\u00edny B1, B6 a C navy\u0161e priaznivo ovplyv\u0148uj\u00fa nervov\u00e9 a psychologick\u00e9 funkcie.<\/li>\n<\/ul>\n","protected":false},"featured_media":3842,"template":"","products":[55],"class_list":["post-1796","product","type-product","status-publish","has-post-thumbnail","hentry","products-aurecon-sk"],"yoast_head":"<title>AURECON kapsule Ring stop - Fytofontana<\/title>\n<meta name=\"description\" content=\"V\u00fd\u017eivov\u00fd doplnok pre sluch bez \u0161umenia a zvonenia v u\u0161iach. Ginkgo biloba podporuje prekrvenie mozgu, \u013eubovn\u00edk prispieva k psychickej rovnov\u00e1he, chme\u013e, valeri\u00e1na a v\u0155ba podporuj\u00fa sp\u00e1nok, vitam\u00edny B1, B6 a C nervy a ment\u00e1lne funkcie.\" \/>\n<meta name=\"robots\" content=\"index, follow, max-snippet:-1, max-image-preview:large, max-video-preview:-1\" \/>\n<link rel=\"canonical\" href=\"https:\/\/www.fytofontana.com\/sk\/produkt\/aurecon-kapsule-ring-stop\/\" \/>\n<meta property=\"og:locale\" content=\"sk_SK\" \/>\n<meta property=\"og:type\" content=\"article\" \/>\n<meta property=\"og:title\" content=\"AURECON kapsule Ring stop - Fytofontana\" \/>\n<meta property=\"og:description\" content=\"V\u00fd\u017eivov\u00fd doplnok pre sluch bez \u0161umenia a zvonenia v u\u0161iach. Ginkgo biloba podporuje prekrvenie mozgu, \u013eubovn\u00edk prispieva k psychickej rovnov\u00e1he, chme\u013e, valeri\u00e1na a v\u0155ba podporuj\u00fa sp\u00e1nok, vitam\u00edny B1, B6 a C nervy a ment\u00e1lne funkcie.\" \/>\n<meta property=\"og:url\" content=\"https:\/\/www.fytofontana.com\/sk\/produkt\/aurecon-kapsule-ring-stop\/\" \/>\n<meta property=\"og:site_name\" content=\"Fytofontana\" \/>\n<meta property=\"article:modified_time\" content=\"2025-07-24T09:54:14+00:00\" \/>\n<meta property=\"og:image\" content=\"https:\/\/www.fytofontana.com\/wp-content\/uploads\/2021\/03\/2023_05_AURECON_Capsules_Ring_stop_30cps_1000x1000px_01_Primary.png\" \/>\n\t<meta property=\"og:image:width\" content=\"1000\" \/>\n\t<meta property=\"og:image:height\" content=\"1000\" \/>\n\t<meta property=\"og:image:type\" content=\"image\/png\" \/>\n<meta name=\"twitter:card\" content=\"summary_large_image\" \/>\n<meta name=\"twitter:label1\" content=\"Predpokladan\u00fd \u010das \u010d\u00edtania\" \/>\n\t<meta name=\"twitter:data1\" content=\"1 min\u00fata\" \/>\n<script type=\"application\/ld+json\" class=\"yoast-schema-graph\">{\"@context\":\"https:\\\/\\\/schema.org\",\"@graph\":[{\"@type\":[\"WebPage\",\"ItemPage\"],\"@id\":\"https:\\\/\\\/www.fytofontana.com\\\/sk\\\/produkt\\\/aurecon-kapsule-ring-stop\\\/\",\"url\":\"https:\\\/\\\/www.fytofontana.com\\\/sk\\\/produkt\\\/aurecon-kapsule-ring-stop\\\/\",\"name\":\"AURECON kapsule Ring stop - Fytofontana\",\"isPartOf\":{\"@id\":\"https:\\\/\\\/www.fytofontana.com\\\/#website\"},\"primaryImageOfPage\":{\"@id\":\"https:\\\/\\\/www.fytofontana.com\\\/sk\\\/produkt\\\/aurecon-kapsule-ring-stop\\\/#primaryimage\"},\"image\":{\"@id\":\"https:\\\/\\\/www.fytofontana.com\\\/sk\\\/produkt\\\/aurecon-kapsule-ring-stop\\\/#primaryimage\"},\"thumbnailUrl\":\"https:\\\/\\\/www.fytofontana.com\\\/wp-content\\\/uploads\\\/2021\\\/03\\\/2023_05_AURECON_Capsules_Ring_stop_30cps_1000x1000px_01_Primary.png\",\"datePublished\":\"2021-03-21T16:41:30+00:00\",\"dateModified\":\"2025-07-24T09:54:14+00:00\",\"description\":\"V\u00fd\u017eivov\u00fd doplnok pre sluch bez \u0161umenia a zvonenia v u\u0161iach. Ginkgo biloba podporuje prekrvenie mozgu, \u013eubovn\u00edk prispieva k psychickej rovnov\u00e1he, chme\u013e, valeri\u00e1na a v\u0155ba podporuj\u00fa sp\u00e1nok, vitam\u00edny B1, B6 a C nervy a ment\u00e1lne funkcie.\",\"breadcrumb\":{\"@id\":\"https:\\\/\\\/www.fytofontana.com\\\/sk\\\/produkt\\\/aurecon-kapsule-ring-stop\\\/#breadcrumb\"},\"inLanguage\":\"sk-SK\",\"potentialAction\":[{\"@type\":\"ReadAction\",\"target\":[\"https:\\\/\\\/www.fytofontana.com\\\/sk\\\/produkt\\\/aurecon-kapsule-ring-stop\\\/\"]}]},{\"@type\":\"ImageObject\",\"inLanguage\":\"sk-SK\",\"@id\":\"https:\\\/\\\/www.fytofontana.com\\\/sk\\\/produkt\\\/aurecon-kapsule-ring-stop\\\/#primaryimage\",\"url\":\"https:\\\/\\\/www.fytofontana.com\\\/wp-content\\\/uploads\\\/2021\\\/03\\\/2023_05_AURECON_Capsules_Ring_stop_30cps_1000x1000px_01_Primary.png\",\"contentUrl\":\"https:\\\/\\\/www.fytofontana.com\\\/wp-content\\\/uploads\\\/2021\\\/03\\\/2023_05_AURECON_Capsules_Ring_stop_30cps_1000x1000px_01_Primary.png\",\"width\":1000,\"height\":1000},{\"@type\":\"BreadcrumbList\",\"@id\":\"https:\\\/\\\/www.fytofontana.com\\\/sk\\\/produkt\\\/aurecon-kapsule-ring-stop\\\/#breadcrumb\",\"itemListElement\":[{\"@type\":\"ListItem\",\"position\":1,\"name\":\"Home\",\"item\":\"https:\\\/\\\/www.fytofontana.com\\\/sk\\\/\"},{\"@type\":\"ListItem\",\"position\":2,\"name\":\"AURECON kapsule Ring stop\"}]},{\"@type\":\"WebSite\",\"@id\":\"https:\\\/\\\/www.fytofontana.com\\\/#website\",\"url\":\"https:\\\/\\\/www.fytofontana.com\\\/\",\"name\":\"Fytofontana\",\"description\":\"\",\"publisher\":{\"@id\":\"https:\\\/\\\/www.fytofontana.com\\\/#organization\"},\"potentialAction\":[{\"@type\":\"SearchAction\",\"target\":{\"@type\":\"EntryPoint\",\"urlTemplate\":\"https:\\\/\\\/www.fytofontana.com\\\/?s={search_term_string}\"},\"query-input\":{\"@type\":\"PropertyValueSpecification\",\"valueRequired\":true,\"valueName\":\"search_term_string\"}}],\"inLanguage\":\"sk-SK\"},{\"@type\":\"Organization\",\"@id\":\"https:\\\/\\\/www.fytofontana.com\\\/#organization\",\"name\":\"Fytofontana\",\"url\":\"https:\\\/\\\/www.fytofontana.com\\\/\",\"logo\":{\"@type\":\"ImageObject\",\"inLanguage\":\"sk-SK\",\"@id\":\"https:\\\/\\\/www.fytofontana.com\\\/#\\\/schema\\\/logo\\\/image\\\/\",\"url\":\"https:\\\/\\\/www.fytofontana.com\\\/wp-content\\\/uploads\\\/2021\\\/01\\\/fyto.png\",\"contentUrl\":\"https:\\\/\\\/www.fytofontana.com\\\/wp-content\\\/uploads\\\/2021\\\/01\\\/fyto.png\",\"width\":817,\"height\":79,\"caption\":\"Fytofontana\"},\"image\":{\"@id\":\"https:\\\/\\\/www.fytofontana.com\\\/#\\\/schema\\\/logo\\\/image\\\/\"}}]}<\/script>","yoast_head_json":{"title":"AURECON kapsule Ring stop - Fytofontana","description":"V\u00fd\u017eivov\u00fd doplnok pre sluch bez \u0161umenia a zvonenia v u\u0161iach. Ginkgo biloba podporuje prekrvenie mozgu, \u013eubovn\u00edk prispieva k psychickej rovnov\u00e1he, chme\u013e, valeri\u00e1na a v\u0155ba podporuj\u00fa sp\u00e1nok, vitam\u00edny B1, B6 a C nervy a ment\u00e1lne funkcie.","robots":{"index":"index","follow":"follow","max-snippet":"max-snippet:-1","max-image-preview":"max-image-preview:large","max-video-preview":"max-video-preview:-1"},"canonical":"https:\/\/www.fytofontana.com\/sk\/produkt\/aurecon-kapsule-ring-stop\/","og_locale":"sk_SK","og_type":"article","og_title":"AURECON kapsule Ring stop - Fytofontana","og_description":"V\u00fd\u017eivov\u00fd doplnok pre sluch bez \u0161umenia a zvonenia v u\u0161iach. Ginkgo biloba podporuje prekrvenie mozgu, \u013eubovn\u00edk prispieva k psychickej rovnov\u00e1he, chme\u013e, valeri\u00e1na a v\u0155ba podporuj\u00fa sp\u00e1nok, vitam\u00edny B1, B6 a C nervy a ment\u00e1lne funkcie.","og_url":"https:\/\/www.fytofontana.com\/sk\/produkt\/aurecon-kapsule-ring-stop\/","og_site_name":"Fytofontana","article_modified_time":"2025-07-24T09:54:14+00:00","og_image":[{"width":1000,"height":1000,"url":"https:\/\/www.fytofontana.com\/wp-content\/uploads\/2021\/03\/2023_05_AURECON_Capsules_Ring_stop_30cps_1000x1000px_01_Primary.png","type":"image\/png"}],"twitter_card":"summary_large_image","twitter_misc":{"Predpokladan\u00fd \u010das \u010d\u00edtania":"1 min\u00fata"},"schema":{"@context":"https:\/\/schema.org","@graph":[{"@type":["WebPage","ItemPage"],"@id":"https:\/\/www.fytofontana.com\/sk\/produkt\/aurecon-kapsule-ring-stop\/","url":"https:\/\/www.fytofontana.com\/sk\/produkt\/aurecon-kapsule-ring-stop\/","name":"AURECON kapsule Ring stop - Fytofontana","isPartOf":{"@id":"https:\/\/www.fytofontana.com\/#website"},"primaryImageOfPage":{"@id":"https:\/\/www.fytofontana.com\/sk\/produkt\/aurecon-kapsule-ring-stop\/#primaryimage"},"image":{"@id":"https:\/\/www.fytofontana.com\/sk\/produkt\/aurecon-kapsule-ring-stop\/#primaryimage"},"thumbnailUrl":"https:\/\/www.fytofontana.com\/wp-content\/uploads\/2021\/03\/2023_05_AURECON_Capsules_Ring_stop_30cps_1000x1000px_01_Primary.png","datePublished":"2021-03-21T16:41:30+00:00","dateModified":"2025-07-24T09:54:14+00:00","description":"V\u00fd\u017eivov\u00fd doplnok pre sluch bez \u0161umenia a zvonenia v u\u0161iach. Ginkgo biloba podporuje prekrvenie mozgu, \u013eubovn\u00edk prispieva k psychickej rovnov\u00e1he, chme\u013e, valeri\u00e1na a v\u0155ba podporuj\u00fa sp\u00e1nok, vitam\u00edny B1, B6 a C nervy a ment\u00e1lne funkcie.","breadcrumb":{"@id":"https:\/\/www.fytofontana.com\/sk\/produkt\/aurecon-kapsule-ring-stop\/#breadcrumb"},"inLanguage":"sk-SK","potentialAction":[{"@type":"ReadAction","target":["https:\/\/www.fytofontana.com\/sk\/produkt\/aurecon-kapsule-ring-stop\/"]}]},{"@type":"ImageObject","inLanguage":"sk-SK","@id":"https:\/\/www.fytofontana.com\/sk\/produkt\/aurecon-kapsule-ring-stop\/#primaryimage","url":"https:\/\/www.fytofontana.com\/wp-content\/uploads\/2021\/03\/2023_05_AURECON_Capsules_Ring_stop_30cps_1000x1000px_01_Primary.png","contentUrl":"https:\/\/www.fytofontana.com\/wp-content\/uploads\/2021\/03\/2023_05_AURECON_Capsules_Ring_stop_30cps_1000x1000px_01_Primary.png","width":1000,"height":1000},{"@type":"BreadcrumbList","@id":"https:\/\/www.fytofontana.com\/sk\/produkt\/aurecon-kapsule-ring-stop\/#breadcrumb","itemListElement":[{"@type":"ListItem","position":1,"name":"Home","item":"https:\/\/www.fytofontana.com\/sk\/"},{"@type":"ListItem","position":2,"name":"AURECON kapsule Ring stop"}]},{"@type":"WebSite","@id":"https:\/\/www.fytofontana.com\/#website","url":"https:\/\/www.fytofontana.com\/","name":"Fytofontana","description":"","publisher":{"@id":"https:\/\/www.fytofontana.com\/#organization"},"potentialAction":[{"@type":"SearchAction","target":{"@type":"EntryPoint","urlTemplate":"https:\/\/www.fytofontana.com\/?s={search_term_string}"},"query-input":{"@type":"PropertyValueSpecification","valueRequired":true,"valueName":"search_term_string"}}],"inLanguage":"sk-SK"},{"@type":"Organization","@id":"https:\/\/www.fytofontana.com\/#organization","name":"Fytofontana","url":"https:\/\/www.fytofontana.com\/","logo":{"@type":"ImageObject","inLanguage":"sk-SK","@id":"https:\/\/www.fytofontana.com\/#\/schema\/logo\/image\/","url":"https:\/\/www.fytofontana.com\/wp-content\/uploads\/2021\/01\/fyto.png","contentUrl":"https:\/\/www.fytofontana.com\/wp-content\/uploads\/2021\/01\/fyto.png","width":817,"height":79,"caption":"Fytofontana"},"image":{"@id":"https:\/\/www.fytofontana.com\/#\/schema\/logo\/image\/"}}]}},"_links":{"self":[{"href":"https:\/\/www.fytofontana.com\/sk\/wp-json\/wp\/v2\/product\/1796","targetHints":{"allow":["GET"]}}],"collection":[{"href":"https:\/\/www.fytofontana.com\/sk\/wp-json\/wp\/v2\/product"}],"about":[{"href":"https:\/\/www.fytofontana.com\/sk\/wp-json\/wp\/v2\/types\/product"}],"wp:featuredmedia":[{"embeddable":true,"href":"https:\/\/www.fytofontana.com\/sk\/wp-json\/wp\/v2\/media\/3842"}],"wp:attachment":[{"href":"https:\/\/www.fytofontana.com\/sk\/wp-json\/wp\/v2\/media?parent=1796"}],"wp:term":[{"taxonomy":"products","embeddable":true,"href":"https:\/\/www.fytofontana.com\/sk\/wp-json\/wp\/v2\/products?post=1796"}],"curies":[{"name":"wp","href":"https:\/\/api.w.org\/{rel}","templated":true}]}}