{"id":1793,"date":"2021-03-18T20:33:30","date_gmt":"2021-03-18T19:33:30","guid":{"rendered":"https:\/\/www.fytofontana.com\/hu\/?post_type=product&#038;p=1793"},"modified":"2025-10-14T13:32:12","modified_gmt":"2025-10-14T12:32:12","slug":"aurecon-usny-sprej-dry","status":"publish","type":"product","link":"https:\/\/www.fytofontana.com\/sk\/produkt\/aurecon-usny-sprej-dry\/","title":{"rendered":"AURECON u\u0161n\u00fd sprej Dry"},"content":{"rendered":"<ul>\n<li><b>MDR schv\u00e1len\u00e1 zdravotn\u00edcka pom\u00f4cka <\/b>(E\u00da 2017\/745).<\/li>\n<li><strong>Sprej je ur\u010den\u00fd na odstr\u00e1nenie vody z ucha a jeho r\u00fdchle vysu\u0161enie.<\/strong><\/li>\n<li>V\u010faka fyzik\u00e1lnym vlastnostiam denaturovan\u00e9ho liehu v pr\u00edpravku sa ur\u00fdch\u013euje vyparovanie vody z ucha, \u010d\u00edm doch\u00e1dza k vyschnutiu vonkaj\u0161ieho zvukovodu.<\/li>\n<li>Denaturovan\u00fd lieh v priebehu nieko\u013ek\u00fdch min\u00fat odstr\u00e1ni prebyto\u010dn\u00fa vlhkos\u0165 a preto predstavuje \u00fa\u010dinn\u00fa pomoc pri predch\u00e1dzan\u00ed r\u00f4znym u\u0161n\u00fdm probl\u00e9mom.<\/li>\n<\/ul>\n","protected":false},"featured_media":3818,"template":"","products":[55],"class_list":["post-1793","product","type-product","status-publish","has-post-thumbnail","hentry","products-aurecon-sk"],"yoast_head":"<title>AURECON u\u0161n\u00fd sprej Dry - Fytofontana<\/title>\n<meta name=\"description\" content=\"\u00da\u010dinne vysu\u0161uje ucho po k\u00fapeli \u010di pl\u00e1van\u00ed. Denaturovan\u00fd lieh odstra\u0148uje vlhkos\u0165, extrakty zo skalnej ru\u017ee a aloe vera zmier\u0148uj\u00fa z\u00e1pal, chr\u00e1nia pred podr\u00e1\u017eden\u00edm a podporuj\u00fa regener\u00e1ciu zvukovodu.\" \/>\n<meta name=\"robots\" content=\"index, follow, max-snippet:-1, max-image-preview:large, max-video-preview:-1\" \/>\n<link rel=\"canonical\" href=\"https:\/\/www.fytofontana.com\/sk\/produkt\/aurecon-usny-sprej-dry\/\" \/>\n<meta property=\"og:locale\" content=\"sk_SK\" \/>\n<meta property=\"og:type\" content=\"article\" \/>\n<meta property=\"og:title\" content=\"AURECON u\u0161n\u00fd sprej Dry - Fytofontana\" \/>\n<meta property=\"og:description\" content=\"\u00da\u010dinne vysu\u0161uje ucho po k\u00fapeli \u010di pl\u00e1van\u00ed. Denaturovan\u00fd lieh odstra\u0148uje vlhkos\u0165, extrakty zo skalnej ru\u017ee a aloe vera zmier\u0148uj\u00fa z\u00e1pal, chr\u00e1nia pred podr\u00e1\u017eden\u00edm a podporuj\u00fa regener\u00e1ciu zvukovodu.\" \/>\n<meta property=\"og:url\" content=\"https:\/\/www.fytofontana.com\/sk\/produkt\/aurecon-usny-sprej-dry\/\" \/>\n<meta property=\"og:site_name\" content=\"Fytofontana\" \/>\n<meta property=\"article:modified_time\" content=\"2025-10-14T12:32:12+00:00\" \/>\n<meta property=\"og:image\" content=\"https:\/\/www.fytofontana.com\/wp-content\/uploads\/2021\/03\/2023_05_AURECON_Spray_Dry_50ml_1000x1000px_01_Primary.png\" \/>\n\t<meta property=\"og:image:width\" content=\"1000\" \/>\n\t<meta property=\"og:image:height\" content=\"1000\" \/>\n\t<meta property=\"og:image:type\" content=\"image\/png\" \/>\n<meta name=\"twitter:card\" content=\"summary_large_image\" \/>\n<meta name=\"twitter:label1\" content=\"Predpokladan\u00fd \u010das \u010d\u00edtania\" \/>\n\t<meta name=\"twitter:data1\" content=\"1 min\u00fata\" \/>\n<script type=\"application\/ld+json\" class=\"yoast-schema-graph\">{\"@context\":\"https:\\\/\\\/schema.org\",\"@graph\":[{\"@type\":[\"WebPage\",\"ItemPage\"],\"@id\":\"https:\\\/\\\/www.fytofontana.com\\\/sk\\\/produkt\\\/aurecon-usny-sprej-dry\\\/\",\"url\":\"https:\\\/\\\/www.fytofontana.com\\\/sk\\\/produkt\\\/aurecon-usny-sprej-dry\\\/\",\"name\":\"AURECON u\u0161n\u00fd sprej Dry - Fytofontana\",\"isPartOf\":{\"@id\":\"https:\\\/\\\/www.fytofontana.com\\\/#website\"},\"primaryImageOfPage\":{\"@id\":\"https:\\\/\\\/www.fytofontana.com\\\/sk\\\/produkt\\\/aurecon-usny-sprej-dry\\\/#primaryimage\"},\"image\":{\"@id\":\"https:\\\/\\\/www.fytofontana.com\\\/sk\\\/produkt\\\/aurecon-usny-sprej-dry\\\/#primaryimage\"},\"thumbnailUrl\":\"https:\\\/\\\/www.fytofontana.com\\\/wp-content\\\/uploads\\\/2021\\\/03\\\/2023_05_AURECON_Spray_Dry_50ml_1000x1000px_01_Primary.png\",\"datePublished\":\"2021-03-18T19:33:30+00:00\",\"dateModified\":\"2025-10-14T12:32:12+00:00\",\"description\":\"\u00da\u010dinne vysu\u0161uje ucho po k\u00fapeli \u010di pl\u00e1van\u00ed. Denaturovan\u00fd lieh odstra\u0148uje vlhkos\u0165, extrakty zo skalnej ru\u017ee a aloe vera zmier\u0148uj\u00fa z\u00e1pal, chr\u00e1nia pred podr\u00e1\u017eden\u00edm a podporuj\u00fa regener\u00e1ciu zvukovodu.\",\"breadcrumb\":{\"@id\":\"https:\\\/\\\/www.fytofontana.com\\\/sk\\\/produkt\\\/aurecon-usny-sprej-dry\\\/#breadcrumb\"},\"inLanguage\":\"sk-SK\",\"potentialAction\":[{\"@type\":\"ReadAction\",\"target\":[\"https:\\\/\\\/www.fytofontana.com\\\/sk\\\/produkt\\\/aurecon-usny-sprej-dry\\\/\"]}]},{\"@type\":\"ImageObject\",\"inLanguage\":\"sk-SK\",\"@id\":\"https:\\\/\\\/www.fytofontana.com\\\/sk\\\/produkt\\\/aurecon-usny-sprej-dry\\\/#primaryimage\",\"url\":\"https:\\\/\\\/www.fytofontana.com\\\/wp-content\\\/uploads\\\/2021\\\/03\\\/2023_05_AURECON_Spray_Dry_50ml_1000x1000px_01_Primary.png\",\"contentUrl\":\"https:\\\/\\\/www.fytofontana.com\\\/wp-content\\\/uploads\\\/2021\\\/03\\\/2023_05_AURECON_Spray_Dry_50ml_1000x1000px_01_Primary.png\",\"width\":1000,\"height\":1000},{\"@type\":\"BreadcrumbList\",\"@id\":\"https:\\\/\\\/www.fytofontana.com\\\/sk\\\/produkt\\\/aurecon-usny-sprej-dry\\\/#breadcrumb\",\"itemListElement\":[{\"@type\":\"ListItem\",\"position\":1,\"name\":\"Home\",\"item\":\"https:\\\/\\\/www.fytofontana.com\\\/sk\\\/\"},{\"@type\":\"ListItem\",\"position\":2,\"name\":\"AURECON u\u0161n\u00fd sprej Dry\"}]},{\"@type\":\"WebSite\",\"@id\":\"https:\\\/\\\/www.fytofontana.com\\\/#website\",\"url\":\"https:\\\/\\\/www.fytofontana.com\\\/\",\"name\":\"Fytofontana\",\"description\":\"\",\"publisher\":{\"@id\":\"https:\\\/\\\/www.fytofontana.com\\\/#organization\"},\"potentialAction\":[{\"@type\":\"SearchAction\",\"target\":{\"@type\":\"EntryPoint\",\"urlTemplate\":\"https:\\\/\\\/www.fytofontana.com\\\/?s={search_term_string}\"},\"query-input\":{\"@type\":\"PropertyValueSpecification\",\"valueRequired\":true,\"valueName\":\"search_term_string\"}}],\"inLanguage\":\"sk-SK\"},{\"@type\":\"Organization\",\"@id\":\"https:\\\/\\\/www.fytofontana.com\\\/#organization\",\"name\":\"Fytofontana\",\"url\":\"https:\\\/\\\/www.fytofontana.com\\\/\",\"logo\":{\"@type\":\"ImageObject\",\"inLanguage\":\"sk-SK\",\"@id\":\"https:\\\/\\\/www.fytofontana.com\\\/#\\\/schema\\\/logo\\\/image\\\/\",\"url\":\"https:\\\/\\\/www.fytofontana.com\\\/wp-content\\\/uploads\\\/2021\\\/01\\\/fyto.png\",\"contentUrl\":\"https:\\\/\\\/www.fytofontana.com\\\/wp-content\\\/uploads\\\/2021\\\/01\\\/fyto.png\",\"width\":817,\"height\":79,\"caption\":\"Fytofontana\"},\"image\":{\"@id\":\"https:\\\/\\\/www.fytofontana.com\\\/#\\\/schema\\\/logo\\\/image\\\/\"}}]}<\/script>","yoast_head_json":{"title":"AURECON u\u0161n\u00fd sprej Dry - Fytofontana","description":"\u00da\u010dinne vysu\u0161uje ucho po k\u00fapeli \u010di pl\u00e1van\u00ed. Denaturovan\u00fd lieh odstra\u0148uje vlhkos\u0165, extrakty zo skalnej ru\u017ee a aloe vera zmier\u0148uj\u00fa z\u00e1pal, chr\u00e1nia pred podr\u00e1\u017eden\u00edm a podporuj\u00fa regener\u00e1ciu zvukovodu.","robots":{"index":"index","follow":"follow","max-snippet":"max-snippet:-1","max-image-preview":"max-image-preview:large","max-video-preview":"max-video-preview:-1"},"canonical":"https:\/\/www.fytofontana.com\/sk\/produkt\/aurecon-usny-sprej-dry\/","og_locale":"sk_SK","og_type":"article","og_title":"AURECON u\u0161n\u00fd sprej Dry - Fytofontana","og_description":"\u00da\u010dinne vysu\u0161uje ucho po k\u00fapeli \u010di pl\u00e1van\u00ed. Denaturovan\u00fd lieh odstra\u0148uje vlhkos\u0165, extrakty zo skalnej ru\u017ee a aloe vera zmier\u0148uj\u00fa z\u00e1pal, chr\u00e1nia pred podr\u00e1\u017eden\u00edm a podporuj\u00fa regener\u00e1ciu zvukovodu.","og_url":"https:\/\/www.fytofontana.com\/sk\/produkt\/aurecon-usny-sprej-dry\/","og_site_name":"Fytofontana","article_modified_time":"2025-10-14T12:32:12+00:00","og_image":[{"width":1000,"height":1000,"url":"https:\/\/www.fytofontana.com\/wp-content\/uploads\/2021\/03\/2023_05_AURECON_Spray_Dry_50ml_1000x1000px_01_Primary.png","type":"image\/png"}],"twitter_card":"summary_large_image","twitter_misc":{"Predpokladan\u00fd \u010das \u010d\u00edtania":"1 min\u00fata"},"schema":{"@context":"https:\/\/schema.org","@graph":[{"@type":["WebPage","ItemPage"],"@id":"https:\/\/www.fytofontana.com\/sk\/produkt\/aurecon-usny-sprej-dry\/","url":"https:\/\/www.fytofontana.com\/sk\/produkt\/aurecon-usny-sprej-dry\/","name":"AURECON u\u0161n\u00fd sprej Dry - Fytofontana","isPartOf":{"@id":"https:\/\/www.fytofontana.com\/#website"},"primaryImageOfPage":{"@id":"https:\/\/www.fytofontana.com\/sk\/produkt\/aurecon-usny-sprej-dry\/#primaryimage"},"image":{"@id":"https:\/\/www.fytofontana.com\/sk\/produkt\/aurecon-usny-sprej-dry\/#primaryimage"},"thumbnailUrl":"https:\/\/www.fytofontana.com\/wp-content\/uploads\/2021\/03\/2023_05_AURECON_Spray_Dry_50ml_1000x1000px_01_Primary.png","datePublished":"2021-03-18T19:33:30+00:00","dateModified":"2025-10-14T12:32:12+00:00","description":"\u00da\u010dinne vysu\u0161uje ucho po k\u00fapeli \u010di pl\u00e1van\u00ed. Denaturovan\u00fd lieh odstra\u0148uje vlhkos\u0165, extrakty zo skalnej ru\u017ee a aloe vera zmier\u0148uj\u00fa z\u00e1pal, chr\u00e1nia pred podr\u00e1\u017eden\u00edm a podporuj\u00fa regener\u00e1ciu zvukovodu.","breadcrumb":{"@id":"https:\/\/www.fytofontana.com\/sk\/produkt\/aurecon-usny-sprej-dry\/#breadcrumb"},"inLanguage":"sk-SK","potentialAction":[{"@type":"ReadAction","target":["https:\/\/www.fytofontana.com\/sk\/produkt\/aurecon-usny-sprej-dry\/"]}]},{"@type":"ImageObject","inLanguage":"sk-SK","@id":"https:\/\/www.fytofontana.com\/sk\/produkt\/aurecon-usny-sprej-dry\/#primaryimage","url":"https:\/\/www.fytofontana.com\/wp-content\/uploads\/2021\/03\/2023_05_AURECON_Spray_Dry_50ml_1000x1000px_01_Primary.png","contentUrl":"https:\/\/www.fytofontana.com\/wp-content\/uploads\/2021\/03\/2023_05_AURECON_Spray_Dry_50ml_1000x1000px_01_Primary.png","width":1000,"height":1000},{"@type":"BreadcrumbList","@id":"https:\/\/www.fytofontana.com\/sk\/produkt\/aurecon-usny-sprej-dry\/#breadcrumb","itemListElement":[{"@type":"ListItem","position":1,"name":"Home","item":"https:\/\/www.fytofontana.com\/sk\/"},{"@type":"ListItem","position":2,"name":"AURECON u\u0161n\u00fd sprej Dry"}]},{"@type":"WebSite","@id":"https:\/\/www.fytofontana.com\/#website","url":"https:\/\/www.fytofontana.com\/","name":"Fytofontana","description":"","publisher":{"@id":"https:\/\/www.fytofontana.com\/#organization"},"potentialAction":[{"@type":"SearchAction","target":{"@type":"EntryPoint","urlTemplate":"https:\/\/www.fytofontana.com\/?s={search_term_string}"},"query-input":{"@type":"PropertyValueSpecification","valueRequired":true,"valueName":"search_term_string"}}],"inLanguage":"sk-SK"},{"@type":"Organization","@id":"https:\/\/www.fytofontana.com\/#organization","name":"Fytofontana","url":"https:\/\/www.fytofontana.com\/","logo":{"@type":"ImageObject","inLanguage":"sk-SK","@id":"https:\/\/www.fytofontana.com\/#\/schema\/logo\/image\/","url":"https:\/\/www.fytofontana.com\/wp-content\/uploads\/2021\/01\/fyto.png","contentUrl":"https:\/\/www.fytofontana.com\/wp-content\/uploads\/2021\/01\/fyto.png","width":817,"height":79,"caption":"Fytofontana"},"image":{"@id":"https:\/\/www.fytofontana.com\/#\/schema\/logo\/image\/"}}]}},"_links":{"self":[{"href":"https:\/\/www.fytofontana.com\/sk\/wp-json\/wp\/v2\/product\/1793","targetHints":{"allow":["GET"]}}],"collection":[{"href":"https:\/\/www.fytofontana.com\/sk\/wp-json\/wp\/v2\/product"}],"about":[{"href":"https:\/\/www.fytofontana.com\/sk\/wp-json\/wp\/v2\/types\/product"}],"wp:featuredmedia":[{"embeddable":true,"href":"https:\/\/www.fytofontana.com\/sk\/wp-json\/wp\/v2\/media\/3818"}],"wp:attachment":[{"href":"https:\/\/www.fytofontana.com\/sk\/wp-json\/wp\/v2\/media?parent=1793"}],"wp:term":[{"taxonomy":"products","embeddable":true,"href":"https:\/\/www.fytofontana.com\/sk\/wp-json\/wp\/v2\/products?post=1793"}],"curies":[{"name":"wp","href":"https:\/\/api.w.org\/{rel}","templated":true}]}}