{"id":1790,"date":"2021-03-18T20:03:54","date_gmt":"2021-03-18T19:03:54","guid":{"rendered":"https:\/\/www.fytofontana.com\/hu\/?post_type=product&#038;p=1790"},"modified":"2025-10-14T21:02:49","modified_gmt":"2025-10-14T20:02:49","slug":"aurecon-usne-kvapky-s-peroxidom","status":"publish","type":"product","link":"https:\/\/www.fytofontana.com\/sk\/produkt\/aurecon-usne-kvapky-s-peroxidom\/","title":{"rendered":"AURECON u\u0161n\u00e9 kvapky s peroxidom"},"content":{"rendered":"<ul>\n<li><b>MDR schv\u00e1len\u00e1 zdravotn\u00edcka pom\u00f4cka <\/b>(E\u00da 2017\/745).<\/li>\n<li><strong>Na stvrdnut\u00fd u\u0161n\u00fd maz \u2013 s dvojit\u00fdm \u00fa\u010dinkom. U\u0161n\u00e9 kvapky s peroxidom na pravideln\u00fa a \u0161etrn\u00fa starostlivos\u0165 o vonkaj\u0161\u00ed zvukovod.<\/strong><\/li>\n<li>Unik\u00e1tna formul\u00e1cia s obsahom 5\u202f% peroxidu vod\u00edka (urea hydrogen peroxide) zabezpe\u010duje dvojit\u00fd \u00fa\u010dinok: zm\u00e4k\u010duje stvrdnut\u00fd maz a uvo\u013e\u0148uje kysl\u00edk, ktor\u00fd ho rozklad\u00e1 na drobn\u00e9 \u010diasto\u010dky. Tie sa n\u00e1sledne daj\u00fa jednoducho odstr\u00e1ni\u0165 prirodzenou cestou.<\/li>\n<li>Vhodn\u00e9 najm\u00e4 pri mazov\u00fdch z\u00e1tkach, kde napom\u00e1haj\u00fa uvo\u013eneniu mazu bez potreby mechanick\u00e9ho z\u00e1sahu.<\/li>\n<li>Obsahuj\u00fa aj glycer\u00edn a sodium hydroxide. Ide o \u010d\u00edry, hust\u00fd roztok ur\u010den\u00fd na \u0161etrn\u00fa dom\u00e1cu hygienu u\u0161\u00ed.<\/li>\n<\/ul>\n<p>&nbsp;<\/p>\n<p>&nbsp;<\/p>\n<p>&nbsp;<\/p>\n","protected":false},"featured_media":3795,"template":"","products":[55],"yoast_head":"<title>AURECON u\u0161n\u00e9 kvapky s peroxidom - Fytofontana<\/title>\n<meta name=\"description\" content=\"U\u0161n\u00e9 kvapky s unik\u00e1tnou formul\u00e1ciou a dvojit\u00fdm \u00fa\u010dinkom: 5\u202f% peroxid vod\u00edka zm\u00e4k\u010duje stvrdnut\u00fd u\u0161n\u00fd maz a uvo\u013e\u0148uje kysl\u00edk, ktor\u00fd ho rozklad\u00e1 na drobn\u00e9 \u010diasto\u010dky. Tie sa n\u00e1sledne odstr\u00e1nia prirodzenou cestou. Vhodn\u00e9 pri mazov\u00fdch z\u00e1tkach.\" \/>\n<meta name=\"robots\" content=\"index, follow, max-snippet:-1, max-image-preview:large, max-video-preview:-1\" \/>\n<link rel=\"canonical\" href=\"https:\/\/www.fytofontana.com\/sk\/produkt\/aurecon-usne-kvapky-s-peroxidom\/\" \/>\n<meta property=\"og:locale\" content=\"sk_SK\" \/>\n<meta property=\"og:type\" content=\"article\" \/>\n<meta property=\"og:title\" content=\"AURECON u\u0161n\u00e9 kvapky s peroxidom - Fytofontana\" \/>\n<meta property=\"og:description\" content=\"U\u0161n\u00e9 kvapky s unik\u00e1tnou formul\u00e1ciou a dvojit\u00fdm \u00fa\u010dinkom: 5\u202f% peroxid vod\u00edka zm\u00e4k\u010duje stvrdnut\u00fd u\u0161n\u00fd maz a uvo\u013e\u0148uje kysl\u00edk, ktor\u00fd ho rozklad\u00e1 na drobn\u00e9 \u010diasto\u010dky. Tie sa n\u00e1sledne odstr\u00e1nia prirodzenou cestou. Vhodn\u00e9 pri mazov\u00fdch z\u00e1tkach.\" \/>\n<meta property=\"og:url\" content=\"https:\/\/www.fytofontana.com\/sk\/produkt\/aurecon-usne-kvapky-s-peroxidom\/\" \/>\n<meta property=\"og:site_name\" content=\"Fytofontana\" \/>\n<meta property=\"article:modified_time\" content=\"2025-10-14T20:02:49+00:00\" \/>\n<meta property=\"og:image\" content=\"https:\/\/www.fytofontana.com\/wp-content\/uploads\/2021\/03\/2023_05_AURECON_Peroxid_Drops_10ml_1000x1000px_01_Primary.png\" \/>\n\t<meta property=\"og:image:width\" content=\"1000\" \/>\n\t<meta property=\"og:image:height\" content=\"1000\" \/>\n<meta name=\"twitter:card\" content=\"summary_large_image\" \/>\n<meta name=\"twitter:label1\" content=\"Predpokladan\u00fd \u010das \u010d\u00edtania\">\n\t<meta name=\"twitter:data1\" content=\"1 min\u00fata\">\n<script type=\"application\/ld+json\" class=\"yoast-schema-graph\">{\"@context\":\"https:\/\/schema.org\",\"@graph\":[{\"@type\":\"Organization\",\"@id\":\"https:\/\/www.fytofontana.com\/#organization\",\"name\":\"Fytofontana\",\"url\":\"https:\/\/www.fytofontana.com\/\",\"sameAs\":[],\"logo\":{\"@type\":\"ImageObject\",\"@id\":\"https:\/\/www.fytofontana.com\/#logo\",\"inLanguage\":\"sk-SK\",\"url\":\"https:\/\/www.fytofontana.com\/wp-content\/uploads\/2021\/01\/fyto.png\",\"width\":817,\"height\":79,\"caption\":\"Fytofontana\"},\"image\":{\"@id\":\"https:\/\/www.fytofontana.com\/#logo\"}},{\"@type\":\"WebSite\",\"@id\":\"https:\/\/www.fytofontana.com\/#website\",\"url\":\"https:\/\/www.fytofontana.com\/\",\"name\":\"Fytofontana\",\"description\":\"\",\"publisher\":{\"@id\":\"https:\/\/www.fytofontana.com\/#organization\"},\"potentialAction\":[{\"@type\":\"SearchAction\",\"target\":\"https:\/\/www.fytofontana.com\/?s={search_term_string}\",\"query-input\":\"required name=search_term_string\"}],\"inLanguage\":\"sk-SK\"},{\"@type\":\"ImageObject\",\"@id\":\"https:\/\/www.fytofontana.com\/sk\/produkt\/aurecon-usne-kvapky-s-peroxidom\/#primaryimage\",\"inLanguage\":\"sk-SK\",\"url\":\"https:\/\/www.fytofontana.com\/wp-content\/uploads\/2021\/03\/2023_05_AURECON_Peroxid_Drops_10ml_1000x1000px_01_Primary.png\",\"width\":1000,\"height\":1000},{\"@type\":[\"WebPage\",\"ItemPage\"],\"@id\":\"https:\/\/www.fytofontana.com\/sk\/produkt\/aurecon-usne-kvapky-s-peroxidom\/#webpage\",\"url\":\"https:\/\/www.fytofontana.com\/sk\/produkt\/aurecon-usne-kvapky-s-peroxidom\/\",\"name\":\"AURECON u\\u0161n\\u00e9 kvapky s peroxidom - Fytofontana\",\"isPartOf\":{\"@id\":\"https:\/\/www.fytofontana.com\/#website\"},\"primaryImageOfPage\":{\"@id\":\"https:\/\/www.fytofontana.com\/sk\/produkt\/aurecon-usne-kvapky-s-peroxidom\/#primaryimage\"},\"datePublished\":\"2021-03-18T19:03:54+00:00\",\"dateModified\":\"2025-10-14T20:02:49+00:00\",\"description\":\"U\\u0161n\\u00e9 kvapky s unik\\u00e1tnou formul\\u00e1ciou a dvojit\\u00fdm \\u00fa\\u010dinkom: 5\\u202f% peroxid vod\\u00edka zm\\u00e4k\\u010duje stvrdnut\\u00fd u\\u0161n\\u00fd maz a uvo\\u013e\\u0148uje kysl\\u00edk, ktor\\u00fd ho rozklad\\u00e1 na drobn\\u00e9 \\u010diasto\\u010dky. Tie sa n\\u00e1sledne odstr\\u00e1nia prirodzenou cestou. Vhodn\\u00e9 pri mazov\\u00fdch z\\u00e1tkach.\",\"breadcrumb\":{\"@id\":\"https:\/\/www.fytofontana.com\/sk\/produkt\/aurecon-usne-kvapky-s-peroxidom\/#breadcrumb\"},\"inLanguage\":\"sk-SK\",\"potentialAction\":[{\"@type\":\"ReadAction\",\"target\":[\"https:\/\/www.fytofontana.com\/sk\/produkt\/aurecon-usne-kvapky-s-peroxidom\/\"]}]},{\"@type\":\"BreadcrumbList\",\"@id\":\"https:\/\/www.fytofontana.com\/sk\/produkt\/aurecon-usne-kvapky-s-peroxidom\/#breadcrumb\",\"itemListElement\":[{\"@type\":\"ListItem\",\"position\":1,\"item\":{\"@type\":\"WebPage\",\"@id\":\"https:\/\/www.fytofontana.com\/sk\/\",\"url\":\"https:\/\/www.fytofontana.com\/sk\/\",\"name\":\"Home\"}},{\"@type\":\"ListItem\",\"position\":2,\"item\":{\"@type\":\"WebPage\",\"@id\":\"https:\/\/www.fytofontana.com\/sk\/produkt\/aurecon-usne-kvapky-s-peroxidom\/\",\"url\":\"https:\/\/www.fytofontana.com\/sk\/produkt\/aurecon-usne-kvapky-s-peroxidom\/\",\"name\":\"AURECON u\\u0161n\\u00e9 kvapky s peroxidom\"}}]}]}<\/script>","_links":{"self":[{"href":"https:\/\/www.fytofontana.com\/sk\/wp-json\/wp\/v2\/product\/1790"}],"collection":[{"href":"https:\/\/www.fytofontana.com\/sk\/wp-json\/wp\/v2\/product"}],"about":[{"href":"https:\/\/www.fytofontana.com\/sk\/wp-json\/wp\/v2\/types\/product"}],"wp:featuredmedia":[{"embeddable":true,"href":"https:\/\/www.fytofontana.com\/sk\/wp-json\/wp\/v2\/media\/3795"}],"wp:attachment":[{"href":"https:\/\/www.fytofontana.com\/sk\/wp-json\/wp\/v2\/media?parent=1790"}],"wp:term":[{"taxonomy":"products","embeddable":true,"href":"https:\/\/www.fytofontana.com\/sk\/wp-json\/wp\/v2\/products?post=1790"}],"curies":[{"name":"wp","href":"https:\/\/api.w.org\/{rel}","templated":true}]}}