{"id":1789,"date":"2021-03-18T19:43:06","date_gmt":"2021-03-18T18:43:06","guid":{"rendered":"https:\/\/www.fytofontana.com\/hu\/?post_type=product&#038;p=1789"},"modified":"2025-10-14T12:27:25","modified_gmt":"2025-10-14T11:27:25","slug":"aurecon-usny-sprej-junior","status":"publish","type":"product","link":"https:\/\/www.fytofontana.com\/sk\/produkt\/aurecon-usny-sprej-junior\/","title":{"rendered":"AURECON u\u0161n\u00fd sprej Junior"},"content":{"rendered":"<ul>\n<li><b>MDR schv\u00e1len\u00e1 zdravotn\u00edcka pom\u00f4cka <\/b>(E\u00da 2017\/745).<\/li>\n<li><strong>U\u0161n\u00fd sprej pre deti od 3 rokov.<\/strong><\/li>\n<li>Pr\u00edrodn\u00fd pr\u00edpravok obsahuj\u00faci rastlinn\u00e9 extrakty, ktor\u00fdch unik\u00e1tna kombin\u00e1cia blahodarne p\u00f4sob\u00ed na zdravie ucha a zni\u017euje mo\u017enos\u0165 vzniku z\u00e1palov.<\/li>\n<li>Riedi a rozp\u00fa\u0161\u0165a u\u0161n\u00fd maz a pom\u00e1ha pri jeho odstr\u00e1nen\u00ed prirodzenou cestou.<\/li>\n<li>Odstra\u0148uje prebyto\u010dn\u00fd u\u0161n\u00fd maz, prach a in\u00e9 ne\u010distoty ve\u013emi jemn\u00fdm sp\u00f4sobom a je prevenciou vzniku mazovej u\u0161nej z\u00e1tky.<\/li>\n<\/ul>\n","protected":false},"featured_media":3830,"template":"","products":[55],"class_list":["post-1789","product","type-product","status-publish","has-post-thumbnail","hentry","products-aurecon-sk"],"yoast_head":"<title>AURECON u\u0161n\u00fd sprej Junior - Fytofontana<\/title>\n<meta name=\"description\" content=\"U\u0161n\u00fd sprej pre deti od 3 rokov s rastlinn\u00fdmi extraktmi. Jemne odstra\u0148uje maz, prach a ne\u010distoty, riedi u\u0161n\u00fd maz a pom\u00e1ha jeho prirodzen\u00e9mu vylu\u010dovaniu. Prispieva k zdraviu ucha a p\u00f4sob\u00ed prevent\u00edvne proti z\u00e1palom a mazovej z\u00e1tke.\" \/>\n<meta name=\"robots\" content=\"index, follow, max-snippet:-1, max-image-preview:large, max-video-preview:-1\" \/>\n<link rel=\"canonical\" href=\"https:\/\/www.fytofontana.com\/sk\/produkt\/aurecon-usny-sprej-junior\/\" \/>\n<meta property=\"og:locale\" content=\"sk_SK\" \/>\n<meta property=\"og:type\" content=\"article\" \/>\n<meta property=\"og:title\" content=\"AURECON u\u0161n\u00fd sprej Junior - Fytofontana\" \/>\n<meta property=\"og:description\" content=\"U\u0161n\u00fd sprej pre deti od 3 rokov s rastlinn\u00fdmi extraktmi. Jemne odstra\u0148uje maz, prach a ne\u010distoty, riedi u\u0161n\u00fd maz a pom\u00e1ha jeho prirodzen\u00e9mu vylu\u010dovaniu. Prispieva k zdraviu ucha a p\u00f4sob\u00ed prevent\u00edvne proti z\u00e1palom a mazovej z\u00e1tke.\" \/>\n<meta property=\"og:url\" content=\"https:\/\/www.fytofontana.com\/sk\/produkt\/aurecon-usny-sprej-junior\/\" \/>\n<meta property=\"og:site_name\" content=\"Fytofontana\" \/>\n<meta property=\"article:modified_time\" content=\"2025-10-14T11:27:25+00:00\" \/>\n<meta property=\"og:image\" content=\"https:\/\/www.fytofontana.com\/wp-content\/uploads\/2021\/03\/2023_05_AURECON_Spray_Junior_30ml_1000x1000px_01_Primary.png\" \/>\n\t<meta property=\"og:image:width\" content=\"1000\" \/>\n\t<meta property=\"og:image:height\" content=\"1000\" \/>\n\t<meta property=\"og:image:type\" content=\"image\/png\" \/>\n<meta name=\"twitter:card\" content=\"summary_large_image\" \/>\n<meta name=\"twitter:label1\" content=\"Predpokladan\u00fd \u010das \u010d\u00edtania\" \/>\n\t<meta name=\"twitter:data1\" content=\"1 min\u00fata\" \/>\n<script type=\"application\/ld+json\" class=\"yoast-schema-graph\">{\"@context\":\"https:\\\/\\\/schema.org\",\"@graph\":[{\"@type\":[\"WebPage\",\"ItemPage\"],\"@id\":\"https:\\\/\\\/www.fytofontana.com\\\/sk\\\/produkt\\\/aurecon-usny-sprej-junior\\\/\",\"url\":\"https:\\\/\\\/www.fytofontana.com\\\/sk\\\/produkt\\\/aurecon-usny-sprej-junior\\\/\",\"name\":\"AURECON u\u0161n\u00fd sprej Junior - Fytofontana\",\"isPartOf\":{\"@id\":\"https:\\\/\\\/www.fytofontana.com\\\/#website\"},\"primaryImageOfPage\":{\"@id\":\"https:\\\/\\\/www.fytofontana.com\\\/sk\\\/produkt\\\/aurecon-usny-sprej-junior\\\/#primaryimage\"},\"image\":{\"@id\":\"https:\\\/\\\/www.fytofontana.com\\\/sk\\\/produkt\\\/aurecon-usny-sprej-junior\\\/#primaryimage\"},\"thumbnailUrl\":\"https:\\\/\\\/www.fytofontana.com\\\/wp-content\\\/uploads\\\/2021\\\/03\\\/2023_05_AURECON_Spray_Junior_30ml_1000x1000px_01_Primary.png\",\"datePublished\":\"2021-03-18T18:43:06+00:00\",\"dateModified\":\"2025-10-14T11:27:25+00:00\",\"description\":\"U\u0161n\u00fd sprej pre deti od 3 rokov s rastlinn\u00fdmi extraktmi. Jemne odstra\u0148uje maz, prach a ne\u010distoty, riedi u\u0161n\u00fd maz a pom\u00e1ha jeho prirodzen\u00e9mu vylu\u010dovaniu. Prispieva k zdraviu ucha a p\u00f4sob\u00ed prevent\u00edvne proti z\u00e1palom a mazovej z\u00e1tke.\",\"breadcrumb\":{\"@id\":\"https:\\\/\\\/www.fytofontana.com\\\/sk\\\/produkt\\\/aurecon-usny-sprej-junior\\\/#breadcrumb\"},\"inLanguage\":\"sk-SK\",\"potentialAction\":[{\"@type\":\"ReadAction\",\"target\":[\"https:\\\/\\\/www.fytofontana.com\\\/sk\\\/produkt\\\/aurecon-usny-sprej-junior\\\/\"]}]},{\"@type\":\"ImageObject\",\"inLanguage\":\"sk-SK\",\"@id\":\"https:\\\/\\\/www.fytofontana.com\\\/sk\\\/produkt\\\/aurecon-usny-sprej-junior\\\/#primaryimage\",\"url\":\"https:\\\/\\\/www.fytofontana.com\\\/wp-content\\\/uploads\\\/2021\\\/03\\\/2023_05_AURECON_Spray_Junior_30ml_1000x1000px_01_Primary.png\",\"contentUrl\":\"https:\\\/\\\/www.fytofontana.com\\\/wp-content\\\/uploads\\\/2021\\\/03\\\/2023_05_AURECON_Spray_Junior_30ml_1000x1000px_01_Primary.png\",\"width\":1000,\"height\":1000},{\"@type\":\"BreadcrumbList\",\"@id\":\"https:\\\/\\\/www.fytofontana.com\\\/sk\\\/produkt\\\/aurecon-usny-sprej-junior\\\/#breadcrumb\",\"itemListElement\":[{\"@type\":\"ListItem\",\"position\":1,\"name\":\"Home\",\"item\":\"https:\\\/\\\/www.fytofontana.com\\\/sk\\\/\"},{\"@type\":\"ListItem\",\"position\":2,\"name\":\"AURECON u\u0161n\u00fd sprej Junior\"}]},{\"@type\":\"WebSite\",\"@id\":\"https:\\\/\\\/www.fytofontana.com\\\/#website\",\"url\":\"https:\\\/\\\/www.fytofontana.com\\\/\",\"name\":\"Fytofontana\",\"description\":\"\",\"publisher\":{\"@id\":\"https:\\\/\\\/www.fytofontana.com\\\/#organization\"},\"potentialAction\":[{\"@type\":\"SearchAction\",\"target\":{\"@type\":\"EntryPoint\",\"urlTemplate\":\"https:\\\/\\\/www.fytofontana.com\\\/?s={search_term_string}\"},\"query-input\":{\"@type\":\"PropertyValueSpecification\",\"valueRequired\":true,\"valueName\":\"search_term_string\"}}],\"inLanguage\":\"sk-SK\"},{\"@type\":\"Organization\",\"@id\":\"https:\\\/\\\/www.fytofontana.com\\\/#organization\",\"name\":\"Fytofontana\",\"url\":\"https:\\\/\\\/www.fytofontana.com\\\/\",\"logo\":{\"@type\":\"ImageObject\",\"inLanguage\":\"sk-SK\",\"@id\":\"https:\\\/\\\/www.fytofontana.com\\\/#\\\/schema\\\/logo\\\/image\\\/\",\"url\":\"https:\\\/\\\/www.fytofontana.com\\\/wp-content\\\/uploads\\\/2021\\\/01\\\/fyto.png\",\"contentUrl\":\"https:\\\/\\\/www.fytofontana.com\\\/wp-content\\\/uploads\\\/2021\\\/01\\\/fyto.png\",\"width\":817,\"height\":79,\"caption\":\"Fytofontana\"},\"image\":{\"@id\":\"https:\\\/\\\/www.fytofontana.com\\\/#\\\/schema\\\/logo\\\/image\\\/\"}}]}<\/script>","yoast_head_json":{"title":"AURECON u\u0161n\u00fd sprej Junior - Fytofontana","description":"U\u0161n\u00fd sprej pre deti od 3 rokov s rastlinn\u00fdmi extraktmi. Jemne odstra\u0148uje maz, prach a ne\u010distoty, riedi u\u0161n\u00fd maz a pom\u00e1ha jeho prirodzen\u00e9mu vylu\u010dovaniu. Prispieva k zdraviu ucha a p\u00f4sob\u00ed prevent\u00edvne proti z\u00e1palom a mazovej z\u00e1tke.","robots":{"index":"index","follow":"follow","max-snippet":"max-snippet:-1","max-image-preview":"max-image-preview:large","max-video-preview":"max-video-preview:-1"},"canonical":"https:\/\/www.fytofontana.com\/sk\/produkt\/aurecon-usny-sprej-junior\/","og_locale":"sk_SK","og_type":"article","og_title":"AURECON u\u0161n\u00fd sprej Junior - Fytofontana","og_description":"U\u0161n\u00fd sprej pre deti od 3 rokov s rastlinn\u00fdmi extraktmi. Jemne odstra\u0148uje maz, prach a ne\u010distoty, riedi u\u0161n\u00fd maz a pom\u00e1ha jeho prirodzen\u00e9mu vylu\u010dovaniu. Prispieva k zdraviu ucha a p\u00f4sob\u00ed prevent\u00edvne proti z\u00e1palom a mazovej z\u00e1tke.","og_url":"https:\/\/www.fytofontana.com\/sk\/produkt\/aurecon-usny-sprej-junior\/","og_site_name":"Fytofontana","article_modified_time":"2025-10-14T11:27:25+00:00","og_image":[{"width":1000,"height":1000,"url":"https:\/\/www.fytofontana.com\/wp-content\/uploads\/2021\/03\/2023_05_AURECON_Spray_Junior_30ml_1000x1000px_01_Primary.png","type":"image\/png"}],"twitter_card":"summary_large_image","twitter_misc":{"Predpokladan\u00fd \u010das \u010d\u00edtania":"1 min\u00fata"},"schema":{"@context":"https:\/\/schema.org","@graph":[{"@type":["WebPage","ItemPage"],"@id":"https:\/\/www.fytofontana.com\/sk\/produkt\/aurecon-usny-sprej-junior\/","url":"https:\/\/www.fytofontana.com\/sk\/produkt\/aurecon-usny-sprej-junior\/","name":"AURECON u\u0161n\u00fd sprej Junior - Fytofontana","isPartOf":{"@id":"https:\/\/www.fytofontana.com\/#website"},"primaryImageOfPage":{"@id":"https:\/\/www.fytofontana.com\/sk\/produkt\/aurecon-usny-sprej-junior\/#primaryimage"},"image":{"@id":"https:\/\/www.fytofontana.com\/sk\/produkt\/aurecon-usny-sprej-junior\/#primaryimage"},"thumbnailUrl":"https:\/\/www.fytofontana.com\/wp-content\/uploads\/2021\/03\/2023_05_AURECON_Spray_Junior_30ml_1000x1000px_01_Primary.png","datePublished":"2021-03-18T18:43:06+00:00","dateModified":"2025-10-14T11:27:25+00:00","description":"U\u0161n\u00fd sprej pre deti od 3 rokov s rastlinn\u00fdmi extraktmi. Jemne odstra\u0148uje maz, prach a ne\u010distoty, riedi u\u0161n\u00fd maz a pom\u00e1ha jeho prirodzen\u00e9mu vylu\u010dovaniu. Prispieva k zdraviu ucha a p\u00f4sob\u00ed prevent\u00edvne proti z\u00e1palom a mazovej z\u00e1tke.","breadcrumb":{"@id":"https:\/\/www.fytofontana.com\/sk\/produkt\/aurecon-usny-sprej-junior\/#breadcrumb"},"inLanguage":"sk-SK","potentialAction":[{"@type":"ReadAction","target":["https:\/\/www.fytofontana.com\/sk\/produkt\/aurecon-usny-sprej-junior\/"]}]},{"@type":"ImageObject","inLanguage":"sk-SK","@id":"https:\/\/www.fytofontana.com\/sk\/produkt\/aurecon-usny-sprej-junior\/#primaryimage","url":"https:\/\/www.fytofontana.com\/wp-content\/uploads\/2021\/03\/2023_05_AURECON_Spray_Junior_30ml_1000x1000px_01_Primary.png","contentUrl":"https:\/\/www.fytofontana.com\/wp-content\/uploads\/2021\/03\/2023_05_AURECON_Spray_Junior_30ml_1000x1000px_01_Primary.png","width":1000,"height":1000},{"@type":"BreadcrumbList","@id":"https:\/\/www.fytofontana.com\/sk\/produkt\/aurecon-usny-sprej-junior\/#breadcrumb","itemListElement":[{"@type":"ListItem","position":1,"name":"Home","item":"https:\/\/www.fytofontana.com\/sk\/"},{"@type":"ListItem","position":2,"name":"AURECON u\u0161n\u00fd sprej Junior"}]},{"@type":"WebSite","@id":"https:\/\/www.fytofontana.com\/#website","url":"https:\/\/www.fytofontana.com\/","name":"Fytofontana","description":"","publisher":{"@id":"https:\/\/www.fytofontana.com\/#organization"},"potentialAction":[{"@type":"SearchAction","target":{"@type":"EntryPoint","urlTemplate":"https:\/\/www.fytofontana.com\/?s={search_term_string}"},"query-input":{"@type":"PropertyValueSpecification","valueRequired":true,"valueName":"search_term_string"}}],"inLanguage":"sk-SK"},{"@type":"Organization","@id":"https:\/\/www.fytofontana.com\/#organization","name":"Fytofontana","url":"https:\/\/www.fytofontana.com\/","logo":{"@type":"ImageObject","inLanguage":"sk-SK","@id":"https:\/\/www.fytofontana.com\/#\/schema\/logo\/image\/","url":"https:\/\/www.fytofontana.com\/wp-content\/uploads\/2021\/01\/fyto.png","contentUrl":"https:\/\/www.fytofontana.com\/wp-content\/uploads\/2021\/01\/fyto.png","width":817,"height":79,"caption":"Fytofontana"},"image":{"@id":"https:\/\/www.fytofontana.com\/#\/schema\/logo\/image\/"}}]}},"_links":{"self":[{"href":"https:\/\/www.fytofontana.com\/sk\/wp-json\/wp\/v2\/product\/1789","targetHints":{"allow":["GET"]}}],"collection":[{"href":"https:\/\/www.fytofontana.com\/sk\/wp-json\/wp\/v2\/product"}],"about":[{"href":"https:\/\/www.fytofontana.com\/sk\/wp-json\/wp\/v2\/types\/product"}],"wp:featuredmedia":[{"embeddable":true,"href":"https:\/\/www.fytofontana.com\/sk\/wp-json\/wp\/v2\/media\/3830"}],"wp:attachment":[{"href":"https:\/\/www.fytofontana.com\/sk\/wp-json\/wp\/v2\/media?parent=1789"}],"wp:term":[{"taxonomy":"products","embeddable":true,"href":"https:\/\/www.fytofontana.com\/sk\/wp-json\/wp\/v2\/products?post=1789"}],"curies":[{"name":"wp","href":"https:\/\/api.w.org\/{rel}","templated":true}]}}