{"id":1788,"date":"2021-03-17T19:50:32","date_gmt":"2021-03-17T18:50:32","guid":{"rendered":"https:\/\/www.fytofontana.com\/hu\/?post_type=product&#038;p=1788"},"modified":"2025-07-02T15:28:20","modified_gmt":"2025-07-02T14:28:20","slug":"gyntima-emulzia-proti-striam","status":"publish","type":"product","link":"https:\/\/www.fytofontana.com\/sk\/produkt\/gyntima-emulzia-proti-striam\/","title":{"rendered":"GYNTIMA emulzia proti stri\u00e1m"},"content":{"rendered":"<p><strong>Regenera\u010dn\u00e1 emulzia pre poko\u017eku bez stri\u00ed a\u00a0jaziev<\/strong><\/p>\n<ul>\n<li>Vyv\u00e1\u017een\u00e9 pr\u00edrodn\u00e9 zlo\u017eenie emulzie podporuje pru\u017enos\u0165 a pevnos\u0165 ko\u017ee.<\/li>\n<li>Vhodn\u00e9 na prevent\u00edvne pou\u017eitie, aj na vidite\u013en\u00fa redukciu u\u017e existuj\u00facich \u010derstv\u00fdch stri\u00ed a\u00a0jaziev.<\/li>\n<li>\u00da\u010dinn\u00e9 l\u00e1tky s\u00fa upraven\u00e9 do lipozom\u00e1lnej formy, \u010d\u00edm efekt\u00edvnej\u0161ie prech\u00e1dzaj\u00fa do ko\u017ee.<\/li>\n<li>Kombinuje lie\u010div\u00e9 \u00fa\u010dinky akt\u00edvnych peptidov, kyseliny hyalur\u00f3novej, pantenolu, vitam\u00ednu E, aloe vera a rastlinn\u00fdch olejov.<\/li>\n<\/ul>\n","protected":false},"featured_media":3595,"template":"","products":[57],"yoast_head":"<title>GYNTIMA emulzia proti stri\u00e1m - Fytofontana<\/title>\n<meta name=\"description\" content=\"Emulzia proti stri\u00e1m s akt\u00edvnymi peptidmi, kyselinou hyalur\u00f3novou, pantenolom, aloe vera a vitam\u00ednom E. Podporuje tvorbu kolag\u00e9nu a elast\u00ednu, pom\u00e1ha redukova\u0165 u\u017e vytvoren\u00e9 \u010derstv\u00e9 strie a jazvy, zlep\u0161uje vzh\u013ead poko\u017eky, sten\u010duje a zosvet\u013euje jazvi\u010dky.\" \/>\n<meta name=\"robots\" content=\"index, follow, max-snippet:-1, max-image-preview:large, max-video-preview:-1\" \/>\n<link rel=\"canonical\" href=\"https:\/\/www.fytofontana.com\/sk\/produkt\/gyntima-emulzia-proti-striam\/\" \/>\n<meta property=\"og:locale\" content=\"sk_SK\" \/>\n<meta property=\"og:type\" content=\"article\" \/>\n<meta property=\"og:title\" content=\"GYNTIMA emulzia proti stri\u00e1m - Fytofontana\" \/>\n<meta property=\"og:description\" content=\"Emulzia proti stri\u00e1m s akt\u00edvnymi peptidmi, kyselinou hyalur\u00f3novou, pantenolom, aloe vera a vitam\u00ednom E. Podporuje tvorbu kolag\u00e9nu a elast\u00ednu, pom\u00e1ha redukova\u0165 u\u017e vytvoren\u00e9 \u010derstv\u00e9 strie a jazvy, zlep\u0161uje vzh\u013ead poko\u017eky, sten\u010duje a zosvet\u013euje jazvi\u010dky.\" \/>\n<meta property=\"og:url\" content=\"https:\/\/www.fytofontana.com\/sk\/produkt\/gyntima-emulzia-proti-striam\/\" \/>\n<meta property=\"og:site_name\" content=\"Fytofontana\" \/>\n<meta property=\"article:modified_time\" content=\"2025-07-02T14:28:20+00:00\" \/>\n<meta property=\"og:image\" content=\"https:\/\/www.fytofontana.com\/wp-content\/uploads\/2021\/03\/2025_06_GYNTIMA_Stretch_mark_emulsion_100ml_01_LQ_Primary.png\" \/>\n\t<meta property=\"og:image:width\" content=\"1000\" \/>\n\t<meta property=\"og:image:height\" content=\"1000\" \/>\n<meta name=\"twitter:card\" content=\"summary_large_image\" \/>\n<meta name=\"twitter:label1\" content=\"Predpokladan\u00fd \u010das \u010d\u00edtania\">\n\t<meta name=\"twitter:data1\" content=\"1 min\u00fata\">\n<script type=\"application\/ld+json\" class=\"yoast-schema-graph\">{\"@context\":\"https:\/\/schema.org\",\"@graph\":[{\"@type\":\"Organization\",\"@id\":\"https:\/\/www.fytofontana.com\/#organization\",\"name\":\"Fytofontana\",\"url\":\"https:\/\/www.fytofontana.com\/\",\"sameAs\":[],\"logo\":{\"@type\":\"ImageObject\",\"@id\":\"https:\/\/www.fytofontana.com\/#logo\",\"inLanguage\":\"sk-SK\",\"url\":\"https:\/\/www.fytofontana.com\/wp-content\/uploads\/2021\/01\/fyto.png\",\"width\":817,\"height\":79,\"caption\":\"Fytofontana\"},\"image\":{\"@id\":\"https:\/\/www.fytofontana.com\/#logo\"}},{\"@type\":\"WebSite\",\"@id\":\"https:\/\/www.fytofontana.com\/#website\",\"url\":\"https:\/\/www.fytofontana.com\/\",\"name\":\"Fytofontana\",\"description\":\"\",\"publisher\":{\"@id\":\"https:\/\/www.fytofontana.com\/#organization\"},\"potentialAction\":[{\"@type\":\"SearchAction\",\"target\":\"https:\/\/www.fytofontana.com\/?s={search_term_string}\",\"query-input\":\"required name=search_term_string\"}],\"inLanguage\":\"sk-SK\"},{\"@type\":\"ImageObject\",\"@id\":\"https:\/\/www.fytofontana.com\/sk\/produkt\/gyntima-emulzia-proti-striam\/#primaryimage\",\"inLanguage\":\"sk-SK\",\"url\":\"https:\/\/www.fytofontana.com\/wp-content\/uploads\/2021\/03\/2025_06_GYNTIMA_Stretch_mark_emulsion_100ml_01_LQ_Primary.png\",\"width\":1000,\"height\":1000},{\"@type\":[\"WebPage\",\"ItemPage\"],\"@id\":\"https:\/\/www.fytofontana.com\/sk\/produkt\/gyntima-emulzia-proti-striam\/#webpage\",\"url\":\"https:\/\/www.fytofontana.com\/sk\/produkt\/gyntima-emulzia-proti-striam\/\",\"name\":\"GYNTIMA emulzia proti stri\\u00e1m - Fytofontana\",\"isPartOf\":{\"@id\":\"https:\/\/www.fytofontana.com\/#website\"},\"primaryImageOfPage\":{\"@id\":\"https:\/\/www.fytofontana.com\/sk\/produkt\/gyntima-emulzia-proti-striam\/#primaryimage\"},\"datePublished\":\"2021-03-17T18:50:32+00:00\",\"dateModified\":\"2025-07-02T14:28:20+00:00\",\"description\":\"Emulzia proti stri\\u00e1m s akt\\u00edvnymi peptidmi, kyselinou hyalur\\u00f3novou, pantenolom, aloe vera a vitam\\u00ednom E. Podporuje tvorbu kolag\\u00e9nu a elast\\u00ednu, pom\\u00e1ha redukova\\u0165 u\\u017e vytvoren\\u00e9 \\u010derstv\\u00e9 strie a jazvy, zlep\\u0161uje vzh\\u013ead poko\\u017eky, sten\\u010duje a zosvet\\u013euje jazvi\\u010dky.\",\"breadcrumb\":{\"@id\":\"https:\/\/www.fytofontana.com\/sk\/produkt\/gyntima-emulzia-proti-striam\/#breadcrumb\"},\"inLanguage\":\"sk-SK\",\"potentialAction\":[{\"@type\":\"ReadAction\",\"target\":[\"https:\/\/www.fytofontana.com\/sk\/produkt\/gyntima-emulzia-proti-striam\/\"]}]},{\"@type\":\"BreadcrumbList\",\"@id\":\"https:\/\/www.fytofontana.com\/sk\/produkt\/gyntima-emulzia-proti-striam\/#breadcrumb\",\"itemListElement\":[{\"@type\":\"ListItem\",\"position\":1,\"item\":{\"@type\":\"WebPage\",\"@id\":\"https:\/\/www.fytofontana.com\/sk\/\",\"url\":\"https:\/\/www.fytofontana.com\/sk\/\",\"name\":\"Home\"}},{\"@type\":\"ListItem\",\"position\":2,\"item\":{\"@type\":\"WebPage\",\"@id\":\"https:\/\/www.fytofontana.com\/sk\/produkt\/gyntima-emulzia-proti-striam\/\",\"url\":\"https:\/\/www.fytofontana.com\/sk\/produkt\/gyntima-emulzia-proti-striam\/\",\"name\":\"GYNTIMA emulzia proti stri\\u00e1m\"}}]}]}<\/script>","_links":{"self":[{"href":"https:\/\/www.fytofontana.com\/sk\/wp-json\/wp\/v2\/product\/1788"}],"collection":[{"href":"https:\/\/www.fytofontana.com\/sk\/wp-json\/wp\/v2\/product"}],"about":[{"href":"https:\/\/www.fytofontana.com\/sk\/wp-json\/wp\/v2\/types\/product"}],"wp:featuredmedia":[{"embeddable":true,"href":"https:\/\/www.fytofontana.com\/sk\/wp-json\/wp\/v2\/media\/3595"}],"wp:attachment":[{"href":"https:\/\/www.fytofontana.com\/sk\/wp-json\/wp\/v2\/media?parent=1788"}],"wp:term":[{"taxonomy":"products","embeddable":true,"href":"https:\/\/www.fytofontana.com\/sk\/wp-json\/wp\/v2\/products?post=1788"}],"curies":[{"name":"wp","href":"https:\/\/api.w.org\/{rel}","templated":true}]}}