{"id":1787,"date":"2021-03-17T19:40:09","date_gmt":"2021-03-17T18:40:09","guid":{"rendered":"https:\/\/www.fytofontana.com\/hu\/?post_type=product&#038;p=1787"},"modified":"2025-07-02T16:53:03","modified_gmt":"2025-07-02T15:53:03","slug":"gyntima-intimny-liftingovy-krem","status":"publish","type":"product","link":"https:\/\/www.fytofontana.com\/sk\/produkt\/gyntima-intimny-liftingovy-krem\/","title":{"rendered":"GYNTIMA int\u00edmny liftingov\u00fd kr\u00e9m"},"content":{"rendered":"<p><strong>Zdrav\u00fd, mladistv\u00fd vzh\u013ead int\u00edmnych parti\u00ed v\u00a0ka\u017edom veku<\/strong><\/p>\n<ul>\n<li>\u0160peci\u00e1lne zlo\u017eenie ur\u010den\u00e9 na regener\u00e1ciu, omladenie a\u00a0spevnenie poko\u017eky genit\u00e1li\u00ed.<\/li>\n<li>Akt\u00edvne podporuje tvorbu kolag\u00e9nu a\u00a0elast\u00ednu.<\/li>\n<li>Jedine\u010dn\u00e1 kombin\u00e1cia biotechnologick\u00fdch peptidov a \u00fa\u010dinn\u00fdch l\u00e1tok rastlinn\u00e9ho p\u00f4vodu.<\/li>\n<li>Pravideln\u00fdm pou\u017e\u00edvan\u00edm zabezpe\u010d\u00ed mlad\u0161\u00ed a hlad\u0161\u00ed vzh\u013ead poko\u017eky.<\/li>\n<\/ul>\n","protected":false},"featured_media":3641,"template":"","products":[57],"yoast_head":"<title>GYNTIMA int\u00edmny liftingov\u00fd kr\u00e9m - Fytofontana<\/title>\n<meta name=\"description\" content=\"Int\u00edmny liftingov\u00fd kr\u00e9m na spevnenie, regener\u00e1ciu a omladenie poko\u017eky genit\u00e1li\u00ed. Podporuje tvorbu kolag\u00e9nu, elast\u00ednu a \u010fal\u0161\u00edch prote\u00ednov, zvy\u0161uje pru\u017enos\u0165, elasticitu a pom\u00e1ha zastavi\u0165 ochabovanie a stratu nap\u00e4tia poko\u017eky.\" \/>\n<meta name=\"robots\" content=\"index, follow, max-snippet:-1, max-image-preview:large, max-video-preview:-1\" \/>\n<link rel=\"canonical\" href=\"https:\/\/www.fytofontana.com\/sk\/produkt\/gyntima-intimny-liftingovy-krem\/\" \/>\n<meta property=\"og:locale\" content=\"sk_SK\" \/>\n<meta property=\"og:type\" content=\"article\" \/>\n<meta property=\"og:title\" content=\"GYNTIMA int\u00edmny liftingov\u00fd kr\u00e9m - Fytofontana\" \/>\n<meta property=\"og:description\" content=\"Int\u00edmny liftingov\u00fd kr\u00e9m na spevnenie, regener\u00e1ciu a omladenie poko\u017eky genit\u00e1li\u00ed. Podporuje tvorbu kolag\u00e9nu, elast\u00ednu a \u010fal\u0161\u00edch prote\u00ednov, zvy\u0161uje pru\u017enos\u0165, elasticitu a pom\u00e1ha zastavi\u0165 ochabovanie a stratu nap\u00e4tia poko\u017eky.\" \/>\n<meta property=\"og:url\" content=\"https:\/\/www.fytofontana.com\/sk\/produkt\/gyntima-intimny-liftingovy-krem\/\" \/>\n<meta property=\"og:site_name\" content=\"Fytofontana\" \/>\n<meta property=\"article:modified_time\" content=\"2025-07-02T15:53:03+00:00\" \/>\n<meta property=\"og:image\" content=\"https:\/\/www.fytofontana.com\/wp-content\/uploads\/2021\/03\/2025_05_GYNTIMA_Intimate_Lifting_cream_50ml_01_LQ_Primary.png\" \/>\n\t<meta property=\"og:image:width\" content=\"1000\" \/>\n\t<meta property=\"og:image:height\" content=\"1000\" \/>\n<meta name=\"twitter:card\" content=\"summary_large_image\" \/>\n<meta name=\"twitter:label1\" content=\"Predpokladan\u00fd \u010das \u010d\u00edtania\">\n\t<meta name=\"twitter:data1\" content=\"1 min\u00fata\">\n<script type=\"application\/ld+json\" class=\"yoast-schema-graph\">{\"@context\":\"https:\/\/schema.org\",\"@graph\":[{\"@type\":\"Organization\",\"@id\":\"https:\/\/www.fytofontana.com\/#organization\",\"name\":\"Fytofontana\",\"url\":\"https:\/\/www.fytofontana.com\/\",\"sameAs\":[],\"logo\":{\"@type\":\"ImageObject\",\"@id\":\"https:\/\/www.fytofontana.com\/#logo\",\"inLanguage\":\"sk-SK\",\"url\":\"https:\/\/www.fytofontana.com\/wp-content\/uploads\/2021\/01\/fyto.png\",\"width\":817,\"height\":79,\"caption\":\"Fytofontana\"},\"image\":{\"@id\":\"https:\/\/www.fytofontana.com\/#logo\"}},{\"@type\":\"WebSite\",\"@id\":\"https:\/\/www.fytofontana.com\/#website\",\"url\":\"https:\/\/www.fytofontana.com\/\",\"name\":\"Fytofontana\",\"description\":\"\",\"publisher\":{\"@id\":\"https:\/\/www.fytofontana.com\/#organization\"},\"potentialAction\":[{\"@type\":\"SearchAction\",\"target\":\"https:\/\/www.fytofontana.com\/?s={search_term_string}\",\"query-input\":\"required name=search_term_string\"}],\"inLanguage\":\"sk-SK\"},{\"@type\":\"ImageObject\",\"@id\":\"https:\/\/www.fytofontana.com\/sk\/produkt\/gyntima-intimny-liftingovy-krem\/#primaryimage\",\"inLanguage\":\"sk-SK\",\"url\":\"https:\/\/www.fytofontana.com\/wp-content\/uploads\/2021\/03\/2025_05_GYNTIMA_Intimate_Lifting_cream_50ml_01_LQ_Primary.png\",\"width\":1000,\"height\":1000},{\"@type\":[\"WebPage\",\"ItemPage\"],\"@id\":\"https:\/\/www.fytofontana.com\/sk\/produkt\/gyntima-intimny-liftingovy-krem\/#webpage\",\"url\":\"https:\/\/www.fytofontana.com\/sk\/produkt\/gyntima-intimny-liftingovy-krem\/\",\"name\":\"GYNTIMA int\\u00edmny liftingov\\u00fd kr\\u00e9m - Fytofontana\",\"isPartOf\":{\"@id\":\"https:\/\/www.fytofontana.com\/#website\"},\"primaryImageOfPage\":{\"@id\":\"https:\/\/www.fytofontana.com\/sk\/produkt\/gyntima-intimny-liftingovy-krem\/#primaryimage\"},\"datePublished\":\"2021-03-17T18:40:09+00:00\",\"dateModified\":\"2025-07-02T15:53:03+00:00\",\"description\":\"Int\\u00edmny liftingov\\u00fd kr\\u00e9m na spevnenie, regener\\u00e1ciu a omladenie poko\\u017eky genit\\u00e1li\\u00ed. Podporuje tvorbu kolag\\u00e9nu, elast\\u00ednu a \\u010fal\\u0161\\u00edch prote\\u00ednov, zvy\\u0161uje pru\\u017enos\\u0165, elasticitu a pom\\u00e1ha zastavi\\u0165 ochabovanie a stratu nap\\u00e4tia poko\\u017eky.\",\"breadcrumb\":{\"@id\":\"https:\/\/www.fytofontana.com\/sk\/produkt\/gyntima-intimny-liftingovy-krem\/#breadcrumb\"},\"inLanguage\":\"sk-SK\",\"potentialAction\":[{\"@type\":\"ReadAction\",\"target\":[\"https:\/\/www.fytofontana.com\/sk\/produkt\/gyntima-intimny-liftingovy-krem\/\"]}]},{\"@type\":\"BreadcrumbList\",\"@id\":\"https:\/\/www.fytofontana.com\/sk\/produkt\/gyntima-intimny-liftingovy-krem\/#breadcrumb\",\"itemListElement\":[{\"@type\":\"ListItem\",\"position\":1,\"item\":{\"@type\":\"WebPage\",\"@id\":\"https:\/\/www.fytofontana.com\/sk\/\",\"url\":\"https:\/\/www.fytofontana.com\/sk\/\",\"name\":\"Home\"}},{\"@type\":\"ListItem\",\"position\":2,\"item\":{\"@type\":\"WebPage\",\"@id\":\"https:\/\/www.fytofontana.com\/sk\/produkt\/gyntima-intimny-liftingovy-krem\/\",\"url\":\"https:\/\/www.fytofontana.com\/sk\/produkt\/gyntima-intimny-liftingovy-krem\/\",\"name\":\"GYNTIMA int\\u00edmny liftingov\\u00fd kr\\u00e9m\"}}]}]}<\/script>","_links":{"self":[{"href":"https:\/\/www.fytofontana.com\/sk\/wp-json\/wp\/v2\/product\/1787"}],"collection":[{"href":"https:\/\/www.fytofontana.com\/sk\/wp-json\/wp\/v2\/product"}],"about":[{"href":"https:\/\/www.fytofontana.com\/sk\/wp-json\/wp\/v2\/types\/product"}],"wp:featuredmedia":[{"embeddable":true,"href":"https:\/\/www.fytofontana.com\/sk\/wp-json\/wp\/v2\/media\/3641"}],"wp:attachment":[{"href":"https:\/\/www.fytofontana.com\/sk\/wp-json\/wp\/v2\/media?parent=1787"}],"wp:term":[{"taxonomy":"products","embeddable":true,"href":"https:\/\/www.fytofontana.com\/sk\/wp-json\/wp\/v2\/products?post=1787"}],"curies":[{"name":"wp","href":"https:\/\/api.w.org\/{rel}","templated":true}]}}