{"id":1786,"date":"2021-03-17T19:26:21","date_gmt":"2021-03-17T18:26:21","guid":{"rendered":"https:\/\/www.fytofontana.com\/hu\/?post_type=product&#038;p=1786"},"modified":"2025-07-02T16:09:25","modified_gmt":"2025-07-02T15:09:25","slug":"gyntima-intimny-bieliaci-krem","status":"publish","type":"product","link":"https:\/\/www.fytofontana.com\/sk\/produkt\/gyntima-intimny-bieliaci-krem\/","title":{"rendered":"GYNTIMA int\u00edmny bieliaci kr\u00e9m"},"content":{"rendered":"<p><b><strong>\u00da\u010dinn\u00e9 zosvetlenie silne pigmentovan\u00fdch int\u00edmnych parti\u00ed u\u00a0\u017eien aj mu\u017eov<\/strong><br \/>\n<\/b><\/p>\n<ul>\n<li>\u0160peci\u00e1lne vyvinut\u00fd kr\u00e9m na zosvetlenie genit\u00e1li\u00ed, an\u00e1lnej oblasti a\u00a0bradaviek.<\/li>\n<li>Pr\u00edrodn\u00e9 zlo\u017eenie zalo\u017een\u00e9 na biotechnologick\u00fdch peptidoch a\u00a0vz\u00e1cnych \u00fa\u010dinn\u00fdch l\u00e1tkach rastlinn\u00e9ho p\u00f4vodu.<\/li>\n<li>Pravideln\u00fdm pou\u017e\u00edvan\u00edm sa silne pigmentovan\u00e9 miesta zosvetlia a ko\u017ea z\u00edska mladistv\u00fd vzh\u013ead.<\/li>\n<li>Vhodn\u00e9 pre \u017eeny aj mu\u017eov.<\/li>\n<\/ul>\n<h5><\/h5>\n<div class=\"product-container\">\n<div><\/div>\n<\/div>\n","protected":false},"featured_media":3618,"template":"","products":[57],"yoast_head":"<title>GYNTIMA int\u00edmny bieliaci kr\u00e9m - Fytofontana<\/title>\n<meta name=\"description\" content=\"Bieliaci kr\u00e9m na zosvetlenie genit\u00e1li\u00ed, an\u00e1lnej oblasti a bradaviek. Obsahuje biotechnologick\u00e9 peptidy a vz\u00e1cne rastlinn\u00e9 extrakty. Pravideln\u00fdm pou\u017e\u00edvan\u00edm sa silne pigmentovan\u00e9 miesta zosvetlia a ko\u017ea z\u00edska mladistv\u00fd vzh\u013ead. Vhodn\u00fd pre \u017eeny aj mu\u017eov.\" \/>\n<meta name=\"robots\" content=\"index, follow, max-snippet:-1, max-image-preview:large, max-video-preview:-1\" \/>\n<link rel=\"canonical\" href=\"https:\/\/www.fytofontana.com\/sk\/produkt\/gyntima-intimny-bieliaci-krem\/\" \/>\n<meta property=\"og:locale\" content=\"sk_SK\" \/>\n<meta property=\"og:type\" content=\"article\" \/>\n<meta property=\"og:title\" content=\"GYNTIMA int\u00edmny bieliaci kr\u00e9m - Fytofontana\" \/>\n<meta property=\"og:description\" content=\"Bieliaci kr\u00e9m na zosvetlenie genit\u00e1li\u00ed, an\u00e1lnej oblasti a bradaviek. Obsahuje biotechnologick\u00e9 peptidy a vz\u00e1cne rastlinn\u00e9 extrakty. Pravideln\u00fdm pou\u017e\u00edvan\u00edm sa silne pigmentovan\u00e9 miesta zosvetlia a ko\u017ea z\u00edska mladistv\u00fd vzh\u013ead. Vhodn\u00fd pre \u017eeny aj mu\u017eov.\" \/>\n<meta property=\"og:url\" content=\"https:\/\/www.fytofontana.com\/sk\/produkt\/gyntima-intimny-bieliaci-krem\/\" \/>\n<meta property=\"og:site_name\" content=\"Fytofontana\" \/>\n<meta property=\"article:modified_time\" content=\"2025-07-02T15:09:25+00:00\" \/>\n<meta property=\"og:image\" content=\"https:\/\/www.fytofontana.com\/wp-content\/uploads\/2021\/03\/2025_05_GYNTIMA_Intimate_Whitening_cream_50ml_01_LQ_Primary.png\" \/>\n\t<meta property=\"og:image:width\" content=\"1000\" \/>\n\t<meta property=\"og:image:height\" content=\"1000\" \/>\n<meta name=\"twitter:card\" content=\"summary_large_image\" \/>\n<meta name=\"twitter:label1\" content=\"Predpokladan\u00fd \u010das \u010d\u00edtania\">\n\t<meta name=\"twitter:data1\" content=\"1 min\u00fata\">\n<script type=\"application\/ld+json\" class=\"yoast-schema-graph\">{\"@context\":\"https:\/\/schema.org\",\"@graph\":[{\"@type\":\"Organization\",\"@id\":\"https:\/\/www.fytofontana.com\/#organization\",\"name\":\"Fytofontana\",\"url\":\"https:\/\/www.fytofontana.com\/\",\"sameAs\":[],\"logo\":{\"@type\":\"ImageObject\",\"@id\":\"https:\/\/www.fytofontana.com\/#logo\",\"inLanguage\":\"sk-SK\",\"url\":\"https:\/\/www.fytofontana.com\/wp-content\/uploads\/2021\/01\/fyto.png\",\"width\":817,\"height\":79,\"caption\":\"Fytofontana\"},\"image\":{\"@id\":\"https:\/\/www.fytofontana.com\/#logo\"}},{\"@type\":\"WebSite\",\"@id\":\"https:\/\/www.fytofontana.com\/#website\",\"url\":\"https:\/\/www.fytofontana.com\/\",\"name\":\"Fytofontana\",\"description\":\"\",\"publisher\":{\"@id\":\"https:\/\/www.fytofontana.com\/#organization\"},\"potentialAction\":[{\"@type\":\"SearchAction\",\"target\":\"https:\/\/www.fytofontana.com\/?s={search_term_string}\",\"query-input\":\"required name=search_term_string\"}],\"inLanguage\":\"sk-SK\"},{\"@type\":\"ImageObject\",\"@id\":\"https:\/\/www.fytofontana.com\/sk\/produkt\/gyntima-intimny-bieliaci-krem\/#primaryimage\",\"inLanguage\":\"sk-SK\",\"url\":\"https:\/\/www.fytofontana.com\/wp-content\/uploads\/2021\/03\/2025_05_GYNTIMA_Intimate_Whitening_cream_50ml_01_LQ_Primary.png\",\"width\":1000,\"height\":1000},{\"@type\":[\"WebPage\",\"ItemPage\"],\"@id\":\"https:\/\/www.fytofontana.com\/sk\/produkt\/gyntima-intimny-bieliaci-krem\/#webpage\",\"url\":\"https:\/\/www.fytofontana.com\/sk\/produkt\/gyntima-intimny-bieliaci-krem\/\",\"name\":\"GYNTIMA int\\u00edmny bieliaci kr\\u00e9m - Fytofontana\",\"isPartOf\":{\"@id\":\"https:\/\/www.fytofontana.com\/#website\"},\"primaryImageOfPage\":{\"@id\":\"https:\/\/www.fytofontana.com\/sk\/produkt\/gyntima-intimny-bieliaci-krem\/#primaryimage\"},\"datePublished\":\"2021-03-17T18:26:21+00:00\",\"dateModified\":\"2025-07-02T15:09:25+00:00\",\"description\":\"Bieliaci kr\\u00e9m na zosvetlenie genit\\u00e1li\\u00ed, an\\u00e1lnej oblasti a bradaviek. Obsahuje biotechnologick\\u00e9 peptidy a vz\\u00e1cne rastlinn\\u00e9 extrakty. Pravideln\\u00fdm pou\\u017e\\u00edvan\\u00edm sa silne pigmentovan\\u00e9 miesta zosvetlia a ko\\u017ea z\\u00edska mladistv\\u00fd vzh\\u013ead. Vhodn\\u00fd pre \\u017eeny aj mu\\u017eov.\",\"breadcrumb\":{\"@id\":\"https:\/\/www.fytofontana.com\/sk\/produkt\/gyntima-intimny-bieliaci-krem\/#breadcrumb\"},\"inLanguage\":\"sk-SK\",\"potentialAction\":[{\"@type\":\"ReadAction\",\"target\":[\"https:\/\/www.fytofontana.com\/sk\/produkt\/gyntima-intimny-bieliaci-krem\/\"]}]},{\"@type\":\"BreadcrumbList\",\"@id\":\"https:\/\/www.fytofontana.com\/sk\/produkt\/gyntima-intimny-bieliaci-krem\/#breadcrumb\",\"itemListElement\":[{\"@type\":\"ListItem\",\"position\":1,\"item\":{\"@type\":\"WebPage\",\"@id\":\"https:\/\/www.fytofontana.com\/sk\/\",\"url\":\"https:\/\/www.fytofontana.com\/sk\/\",\"name\":\"Home\"}},{\"@type\":\"ListItem\",\"position\":2,\"item\":{\"@type\":\"WebPage\",\"@id\":\"https:\/\/www.fytofontana.com\/sk\/produkt\/gyntima-intimny-bieliaci-krem\/\",\"url\":\"https:\/\/www.fytofontana.com\/sk\/produkt\/gyntima-intimny-bieliaci-krem\/\",\"name\":\"GYNTIMA int\\u00edmny bieliaci kr\\u00e9m\"}}]}]}<\/script>","_links":{"self":[{"href":"https:\/\/www.fytofontana.com\/sk\/wp-json\/wp\/v2\/product\/1786"}],"collection":[{"href":"https:\/\/www.fytofontana.com\/sk\/wp-json\/wp\/v2\/product"}],"about":[{"href":"https:\/\/www.fytofontana.com\/sk\/wp-json\/wp\/v2\/types\/product"}],"wp:featuredmedia":[{"embeddable":true,"href":"https:\/\/www.fytofontana.com\/sk\/wp-json\/wp\/v2\/media\/3618"}],"wp:attachment":[{"href":"https:\/\/www.fytofontana.com\/sk\/wp-json\/wp\/v2\/media?parent=1786"}],"wp:term":[{"taxonomy":"products","embeddable":true,"href":"https:\/\/www.fytofontana.com\/sk\/wp-json\/wp\/v2\/products?post=1786"}],"curies":[{"name":"wp","href":"https:\/\/api.w.org\/{rel}","templated":true}]}}