{"id":1785,"date":"2021-03-17T19:12:55","date_gmt":"2021-03-17T18:12:55","guid":{"rendered":"https:\/\/www.fytofontana.com\/hu\/?post_type=product&#038;p=1785"},"modified":"2025-07-02T17:40:48","modified_gmt":"2025-07-02T16:40:48","slug":"gyntima-intimny-umyvaci-gel","status":"publish","type":"product","link":"https:\/\/www.fytofontana.com\/sk\/produkt\/gyntima-intimny-umyvaci-gel\/","title":{"rendered":"GYNTIMA int\u00edmny um\u00fdvac\u00ed g\u00e9l"},"content":{"rendered":"<p><strong>Int\u00edmna hygiena \u017eeny podporuj\u00faca zdravie \u017eensk\u00fdch org\u00e1nov<\/strong><\/p>\n<ul>\n<li>Vyv\u00e1\u017een\u00e9 zlo\u017eenie zabezpe\u010duje pocit \u010distoty, svie\u017eosti, podporuje zdrav\u00fa mikrofl\u00f3ru v po\u0161ve, optim\u00e1lne pH a pom\u00e1ha predch\u00e1dza\u0165 vagin\u00e1lnym infekci\u00e1m.<\/li>\n<li>Obsahuje \u0161etrn\u00e9, pr\u00edrodn\u00e9 \u00fa\u010dinn\u00e9 l\u00e1tky.<\/li>\n<li>G\u00e9l vhodn\u00fd na denn\u00fa int\u00edmnu hygienu a\u00a0pravideln\u00e9 holenie nielen int\u00edmnych parti\u00ed.<\/li>\n<li>Vhodn\u00e9 pre \u017eeny v\u00a0ka\u017edom veku, ako aj po\u010das tehotenstva, \u0161estonedelia a\u00a0doj\u010denia.<\/li>\n<\/ul>\n","protected":false},"featured_media":3665,"template":"","products":[57],"yoast_head":"<title>GYNTIMA int\u00edmny um\u00fdvac\u00ed g\u00e9l - Fytofontana<\/title>\n<meta name=\"description\" content=\"Jemn\u00fd int\u00edmny um\u00fdvac\u00ed g\u00e9l na ka\u017edodenn\u00fa hygienu aj holenie. Obsahuje kyselinu mlie\u010dnu a pr\u00edrodn\u00e9 l\u00e1tky s antibakteri\u00e1lnym, antimykotick\u00fdm a protiz\u00e1palov\u00fdm \u00fa\u010dinkom. Upravuje pH, chr\u00e1ni pred podr\u00e1\u017eden\u00edm a je vhodn\u00fd aj po\u010das tehotenstva a doj\u010denia.\" \/>\n<meta name=\"robots\" content=\"index, follow, max-snippet:-1, max-image-preview:large, max-video-preview:-1\" \/>\n<link rel=\"canonical\" href=\"https:\/\/www.fytofontana.com\/sk\/produkt\/gyntima-intimny-umyvaci-gel\/\" \/>\n<meta property=\"og:locale\" content=\"sk_SK\" \/>\n<meta property=\"og:type\" content=\"article\" \/>\n<meta property=\"og:title\" content=\"GYNTIMA int\u00edmny um\u00fdvac\u00ed g\u00e9l - Fytofontana\" \/>\n<meta property=\"og:description\" content=\"Jemn\u00fd int\u00edmny um\u00fdvac\u00ed g\u00e9l na ka\u017edodenn\u00fa hygienu aj holenie. Obsahuje kyselinu mlie\u010dnu a pr\u00edrodn\u00e9 l\u00e1tky s antibakteri\u00e1lnym, antimykotick\u00fdm a protiz\u00e1palov\u00fdm \u00fa\u010dinkom. Upravuje pH, chr\u00e1ni pred podr\u00e1\u017eden\u00edm a je vhodn\u00fd aj po\u010das tehotenstva a doj\u010denia.\" \/>\n<meta property=\"og:url\" content=\"https:\/\/www.fytofontana.com\/sk\/produkt\/gyntima-intimny-umyvaci-gel\/\" \/>\n<meta property=\"og:site_name\" content=\"Fytofontana\" \/>\n<meta property=\"article:modified_time\" content=\"2025-07-02T16:40:48+00:00\" \/>\n<meta property=\"og:image\" content=\"https:\/\/www.fytofontana.com\/wp-content\/uploads\/2021\/03\/2025_06_GYNTIMA_Intimate_wash_gel_200ml_01_LQ_Primary.png\" \/>\n\t<meta property=\"og:image:width\" content=\"1000\" \/>\n\t<meta property=\"og:image:height\" content=\"1000\" \/>\n<meta name=\"twitter:card\" content=\"summary_large_image\" \/>\n<meta name=\"twitter:label1\" content=\"Predpokladan\u00fd \u010das \u010d\u00edtania\">\n\t<meta name=\"twitter:data1\" content=\"1 min\u00fata\">\n<script type=\"application\/ld+json\" class=\"yoast-schema-graph\">{\"@context\":\"https:\/\/schema.org\",\"@graph\":[{\"@type\":\"Organization\",\"@id\":\"https:\/\/www.fytofontana.com\/#organization\",\"name\":\"Fytofontana\",\"url\":\"https:\/\/www.fytofontana.com\/\",\"sameAs\":[],\"logo\":{\"@type\":\"ImageObject\",\"@id\":\"https:\/\/www.fytofontana.com\/#logo\",\"inLanguage\":\"sk-SK\",\"url\":\"https:\/\/www.fytofontana.com\/wp-content\/uploads\/2021\/01\/fyto.png\",\"width\":817,\"height\":79,\"caption\":\"Fytofontana\"},\"image\":{\"@id\":\"https:\/\/www.fytofontana.com\/#logo\"}},{\"@type\":\"WebSite\",\"@id\":\"https:\/\/www.fytofontana.com\/#website\",\"url\":\"https:\/\/www.fytofontana.com\/\",\"name\":\"Fytofontana\",\"description\":\"\",\"publisher\":{\"@id\":\"https:\/\/www.fytofontana.com\/#organization\"},\"potentialAction\":[{\"@type\":\"SearchAction\",\"target\":\"https:\/\/www.fytofontana.com\/?s={search_term_string}\",\"query-input\":\"required name=search_term_string\"}],\"inLanguage\":\"sk-SK\"},{\"@type\":\"ImageObject\",\"@id\":\"https:\/\/www.fytofontana.com\/sk\/produkt\/gyntima-intimny-umyvaci-gel\/#primaryimage\",\"inLanguage\":\"sk-SK\",\"url\":\"https:\/\/www.fytofontana.com\/wp-content\/uploads\/2021\/03\/2025_06_GYNTIMA_Intimate_wash_gel_200ml_01_LQ_Primary.png\",\"width\":1000,\"height\":1000},{\"@type\":[\"WebPage\",\"ItemPage\"],\"@id\":\"https:\/\/www.fytofontana.com\/sk\/produkt\/gyntima-intimny-umyvaci-gel\/#webpage\",\"url\":\"https:\/\/www.fytofontana.com\/sk\/produkt\/gyntima-intimny-umyvaci-gel\/\",\"name\":\"GYNTIMA int\\u00edmny um\\u00fdvac\\u00ed g\\u00e9l - Fytofontana\",\"isPartOf\":{\"@id\":\"https:\/\/www.fytofontana.com\/#website\"},\"primaryImageOfPage\":{\"@id\":\"https:\/\/www.fytofontana.com\/sk\/produkt\/gyntima-intimny-umyvaci-gel\/#primaryimage\"},\"datePublished\":\"2021-03-17T18:12:55+00:00\",\"dateModified\":\"2025-07-02T16:40:48+00:00\",\"description\":\"Jemn\\u00fd int\\u00edmny um\\u00fdvac\\u00ed g\\u00e9l na ka\\u017edodenn\\u00fa hygienu aj holenie. Obsahuje kyselinu mlie\\u010dnu a pr\\u00edrodn\\u00e9 l\\u00e1tky s antibakteri\\u00e1lnym, antimykotick\\u00fdm a protiz\\u00e1palov\\u00fdm \\u00fa\\u010dinkom. Upravuje pH, chr\\u00e1ni pred podr\\u00e1\\u017eden\\u00edm a je vhodn\\u00fd aj po\\u010das tehotenstva a doj\\u010denia.\",\"breadcrumb\":{\"@id\":\"https:\/\/www.fytofontana.com\/sk\/produkt\/gyntima-intimny-umyvaci-gel\/#breadcrumb\"},\"inLanguage\":\"sk-SK\",\"potentialAction\":[{\"@type\":\"ReadAction\",\"target\":[\"https:\/\/www.fytofontana.com\/sk\/produkt\/gyntima-intimny-umyvaci-gel\/\"]}]},{\"@type\":\"BreadcrumbList\",\"@id\":\"https:\/\/www.fytofontana.com\/sk\/produkt\/gyntima-intimny-umyvaci-gel\/#breadcrumb\",\"itemListElement\":[{\"@type\":\"ListItem\",\"position\":1,\"item\":{\"@type\":\"WebPage\",\"@id\":\"https:\/\/www.fytofontana.com\/sk\/\",\"url\":\"https:\/\/www.fytofontana.com\/sk\/\",\"name\":\"Home\"}},{\"@type\":\"ListItem\",\"position\":2,\"item\":{\"@type\":\"WebPage\",\"@id\":\"https:\/\/www.fytofontana.com\/sk\/produkt\/gyntima-intimny-umyvaci-gel\/\",\"url\":\"https:\/\/www.fytofontana.com\/sk\/produkt\/gyntima-intimny-umyvaci-gel\/\",\"name\":\"GYNTIMA int\\u00edmny um\\u00fdvac\\u00ed g\\u00e9l\"}}]}]}<\/script>","_links":{"self":[{"href":"https:\/\/www.fytofontana.com\/sk\/wp-json\/wp\/v2\/product\/1785"}],"collection":[{"href":"https:\/\/www.fytofontana.com\/sk\/wp-json\/wp\/v2\/product"}],"about":[{"href":"https:\/\/www.fytofontana.com\/sk\/wp-json\/wp\/v2\/types\/product"}],"wp:featuredmedia":[{"embeddable":true,"href":"https:\/\/www.fytofontana.com\/sk\/wp-json\/wp\/v2\/media\/3665"}],"wp:attachment":[{"href":"https:\/\/www.fytofontana.com\/sk\/wp-json\/wp\/v2\/media?parent=1785"}],"wp:term":[{"taxonomy":"products","embeddable":true,"href":"https:\/\/www.fytofontana.com\/sk\/wp-json\/wp\/v2\/products?post=1785"}],"curies":[{"name":"wp","href":"https:\/\/api.w.org\/{rel}","templated":true}]}}