{"id":1784,"date":"2021-03-17T17:26:49","date_gmt":"2021-03-17T16:26:49","guid":{"rendered":"https:\/\/www.fytofontana.com\/hu\/?post_type=product&#038;p=1784"},"modified":"2025-06-18T15:09:53","modified_gmt":"2025-06-18T14:09:53","slug":"gyntima-lubrikacny-gel","status":"publish","type":"product","link":"https:\/\/www.fytofontana.com\/sk\/produkt\/gyntima-lubrikacny-gel\/","title":{"rendered":"GYNTIMA lubrika\u010dn\u00fd g\u00e9l"},"content":{"rendered":"<p><strong>Dokonale zvlh\u010duje bez podr\u00e1\u017edenia \u2013 bez parfumov a farb\u00edv.<\/strong><\/p>\n<ul>\n<li>Lubrika\u010dn\u00fd g\u00e9l na vodnej b\u00e1ze.<\/li>\n<li>Zvy\u0161uje klzkos\u0165 a\u00a0zni\u017euje riziko vzniku drobn\u00fdch poranen\u00ed vagin\u00e1lnej sliznice.<\/li>\n<li>Vhodn\u00e9 pri slabom zvlh\u010den\u00ed po\u0161vy po\u010das sexu\u00e1lneho styku, pri \u0165a\u017ekostiach so zav\u00e1dzan\u00edm hygienick\u00fdch tamp\u00f3nov, men\u0161trua\u010dn\u00e9ho kal\u00ed\u0161ka alebo vagin\u00e1lnych \u010dap\u00edkov.<\/li>\n<\/ul>\n","protected":false},"featured_media":3514,"template":"","products":[57],"yoast_head":"<title>GYNTIMA lubrika\u010dn\u00fd g\u00e9l - Fytofontana<\/title>\n<meta name=\"description\" content=\"Lubrika\u010dn\u00fd g\u00e9l na vodnej b\u00e1ze na int\u00edmne pou\u017eitie zvy\u0161uje sexu\u00e1lny z\u00e1\u017eitok. Poskytuje dokonal\u00e9 zvlh\u010denie bez podr\u00e1\u017edenia. Bez parfumov a farb\u00edv, s pantenolom a antimikrobi\u00e1lnymi zlo\u017ekami. Vhodn\u00fd aj pre citliv\u00fa poko\u017eku.\" \/>\n<meta name=\"robots\" content=\"index, follow, max-snippet:-1, max-image-preview:large, max-video-preview:-1\" \/>\n<link rel=\"canonical\" href=\"https:\/\/www.fytofontana.com\/sk\/produkt\/gyntima-lubrikacny-gel\/\" \/>\n<meta property=\"og:locale\" content=\"sk_SK\" \/>\n<meta property=\"og:type\" content=\"article\" \/>\n<meta property=\"og:title\" content=\"GYNTIMA lubrika\u010dn\u00fd g\u00e9l - Fytofontana\" \/>\n<meta property=\"og:description\" content=\"Lubrika\u010dn\u00fd g\u00e9l na vodnej b\u00e1ze na int\u00edmne pou\u017eitie zvy\u0161uje sexu\u00e1lny z\u00e1\u017eitok. Poskytuje dokonal\u00e9 zvlh\u010denie bez podr\u00e1\u017edenia. Bez parfumov a farb\u00edv, s pantenolom a antimikrobi\u00e1lnymi zlo\u017ekami. Vhodn\u00fd aj pre citliv\u00fa poko\u017eku.\" \/>\n<meta property=\"og:url\" content=\"https:\/\/www.fytofontana.com\/sk\/produkt\/gyntima-lubrikacny-gel\/\" \/>\n<meta property=\"og:site_name\" content=\"Fytofontana\" \/>\n<meta property=\"article:modified_time\" content=\"2025-06-18T14:09:53+00:00\" \/>\n<meta property=\"og:image\" content=\"https:\/\/www.fytofontana.com\/wp-content\/uploads\/2021\/03\/2025_05_GYNTIMA_Lubricating_gel_50ml_01_LQ_Primary.png\" \/>\n\t<meta property=\"og:image:width\" content=\"1000\" \/>\n\t<meta property=\"og:image:height\" content=\"1000\" \/>\n<meta name=\"twitter:card\" content=\"summary_large_image\" \/>\n<meta name=\"twitter:label1\" content=\"Predpokladan\u00fd \u010das \u010d\u00edtania\">\n\t<meta name=\"twitter:data1\" content=\"1 min\u00fata\">\n<script type=\"application\/ld+json\" class=\"yoast-schema-graph\">{\"@context\":\"https:\/\/schema.org\",\"@graph\":[{\"@type\":\"Organization\",\"@id\":\"https:\/\/www.fytofontana.com\/#organization\",\"name\":\"Fytofontana\",\"url\":\"https:\/\/www.fytofontana.com\/\",\"sameAs\":[],\"logo\":{\"@type\":\"ImageObject\",\"@id\":\"https:\/\/www.fytofontana.com\/#logo\",\"inLanguage\":\"sk-SK\",\"url\":\"https:\/\/www.fytofontana.com\/wp-content\/uploads\/2021\/01\/fyto.png\",\"width\":817,\"height\":79,\"caption\":\"Fytofontana\"},\"image\":{\"@id\":\"https:\/\/www.fytofontana.com\/#logo\"}},{\"@type\":\"WebSite\",\"@id\":\"https:\/\/www.fytofontana.com\/#website\",\"url\":\"https:\/\/www.fytofontana.com\/\",\"name\":\"Fytofontana\",\"description\":\"\",\"publisher\":{\"@id\":\"https:\/\/www.fytofontana.com\/#organization\"},\"potentialAction\":[{\"@type\":\"SearchAction\",\"target\":\"https:\/\/www.fytofontana.com\/?s={search_term_string}\",\"query-input\":\"required name=search_term_string\"}],\"inLanguage\":\"sk-SK\"},{\"@type\":\"ImageObject\",\"@id\":\"https:\/\/www.fytofontana.com\/sk\/produkt\/gyntima-lubrikacny-gel\/#primaryimage\",\"inLanguage\":\"sk-SK\",\"url\":\"https:\/\/www.fytofontana.com\/wp-content\/uploads\/2021\/03\/2025_05_GYNTIMA_Lubricating_gel_50ml_01_LQ_Primary.png\",\"width\":1000,\"height\":1000},{\"@type\":[\"WebPage\",\"ItemPage\"],\"@id\":\"https:\/\/www.fytofontana.com\/sk\/produkt\/gyntima-lubrikacny-gel\/#webpage\",\"url\":\"https:\/\/www.fytofontana.com\/sk\/produkt\/gyntima-lubrikacny-gel\/\",\"name\":\"GYNTIMA lubrika\\u010dn\\u00fd g\\u00e9l - Fytofontana\",\"isPartOf\":{\"@id\":\"https:\/\/www.fytofontana.com\/#website\"},\"primaryImageOfPage\":{\"@id\":\"https:\/\/www.fytofontana.com\/sk\/produkt\/gyntima-lubrikacny-gel\/#primaryimage\"},\"datePublished\":\"2021-03-17T16:26:49+00:00\",\"dateModified\":\"2025-06-18T14:09:53+00:00\",\"description\":\"Lubrika\\u010dn\\u00fd g\\u00e9l na vodnej b\\u00e1ze na int\\u00edmne pou\\u017eitie zvy\\u0161uje sexu\\u00e1lny z\\u00e1\\u017eitok. Poskytuje dokonal\\u00e9 zvlh\\u010denie bez podr\\u00e1\\u017edenia. Bez parfumov a farb\\u00edv, s pantenolom a antimikrobi\\u00e1lnymi zlo\\u017ekami. Vhodn\\u00fd aj pre citliv\\u00fa poko\\u017eku.\",\"breadcrumb\":{\"@id\":\"https:\/\/www.fytofontana.com\/sk\/produkt\/gyntima-lubrikacny-gel\/#breadcrumb\"},\"inLanguage\":\"sk-SK\",\"potentialAction\":[{\"@type\":\"ReadAction\",\"target\":[\"https:\/\/www.fytofontana.com\/sk\/produkt\/gyntima-lubrikacny-gel\/\"]}]},{\"@type\":\"BreadcrumbList\",\"@id\":\"https:\/\/www.fytofontana.com\/sk\/produkt\/gyntima-lubrikacny-gel\/#breadcrumb\",\"itemListElement\":[{\"@type\":\"ListItem\",\"position\":1,\"item\":{\"@type\":\"WebPage\",\"@id\":\"https:\/\/www.fytofontana.com\/sk\/\",\"url\":\"https:\/\/www.fytofontana.com\/sk\/\",\"name\":\"Home\"}},{\"@type\":\"ListItem\",\"position\":2,\"item\":{\"@type\":\"WebPage\",\"@id\":\"https:\/\/www.fytofontana.com\/sk\/produkt\/gyntima-lubrikacny-gel\/\",\"url\":\"https:\/\/www.fytofontana.com\/sk\/produkt\/gyntima-lubrikacny-gel\/\",\"name\":\"GYNTIMA lubrika\\u010dn\\u00fd g\\u00e9l\"}}]}]}<\/script>","_links":{"self":[{"href":"https:\/\/www.fytofontana.com\/sk\/wp-json\/wp\/v2\/product\/1784"}],"collection":[{"href":"https:\/\/www.fytofontana.com\/sk\/wp-json\/wp\/v2\/product"}],"about":[{"href":"https:\/\/www.fytofontana.com\/sk\/wp-json\/wp\/v2\/types\/product"}],"wp:featuredmedia":[{"embeddable":true,"href":"https:\/\/www.fytofontana.com\/sk\/wp-json\/wp\/v2\/media\/3514"}],"wp:attachment":[{"href":"https:\/\/www.fytofontana.com\/sk\/wp-json\/wp\/v2\/media?parent=1784"}],"wp:term":[{"taxonomy":"products","embeddable":true,"href":"https:\/\/www.fytofontana.com\/sk\/wp-json\/wp\/v2\/products?post=1784"}],"curies":[{"name":"wp","href":"https:\/\/api.w.org\/{rel}","templated":true}]}}