{"id":1782,"date":"2021-03-14T19:49:46","date_gmt":"2021-03-14T18:49:46","guid":{"rendered":"https:\/\/www.fytofontana.com\/hu\/?post_type=product&#038;p=1782"},"modified":"2025-07-02T18:07:21","modified_gmt":"2025-07-02T17:07:21","slug":"gyntima-intimna-umyvacia-pena","status":"publish","type":"product","link":"https:\/\/www.fytofontana.com\/sk\/produkt\/gyntima-intimna-umyvacia-pena\/","title":{"rendered":"GYNTIMA int\u00edmna um\u00fdvacia pena"},"content":{"rendered":"<p><strong>Int\u00edmna hygiena obohaten\u00e1 o\u00a0antiseptick\u00e9 \u00fa\u010dinky<\/strong><\/p>\n<ul>\n<li>Int\u00edmna pena vhodn\u00e1 na denn\u00fa hygienu a\u00a0pravideln\u00e9 holenie nielen int\u00edmnych parti\u00ed.<\/li>\n<li>Jemn\u00e9 zlo\u017eenie s\u00a0obsahom pr\u00edrodn\u00fdch l\u00e1tok zabezpe\u010duje \u010distotu a\u00a0svie\u017eos\u0165.<\/li>\n<li>V\u010faka antiseptick\u00fdm v\u00fd\u0165a\u017ekom z rastl\u00edn \u0160alvia lek\u00e1rska a aloe vera pom\u00e1ha predch\u00e1dza\u0165 vagin\u00e1lnym infekci\u00e1m.<\/li>\n<li>Jemn\u00fd, osvie\u017euj\u00faci prostriedok s optim\u00e1lnym pH pre zdravie \u017eensk\u00fdch pohlavn\u00fdch org\u00e1nov.<\/li>\n<\/ul>\n<p>&nbsp;<\/p>\n<p>&nbsp;<\/p>\n","protected":false},"featured_media":3688,"template":"","products":[57],"yoast_head":"<title>GYNTIMA int\u00edmna um\u00fdvacia pena - Fytofontana<\/title>\n<meta name=\"description\" content=\"Jemn\u00e1 int\u00edmna pena na denn\u00fa hygienu aj holenie. Obsahuje rastlinn\u00e9 v\u00fd\u0165a\u017eky s antibakteri\u00e1lnym, antimykotick\u00fdm a protiz\u00e1palov\u00fdm \u00fa\u010dinkom. Chr\u00e1ni pred podr\u00e1\u017eden\u00edm a udr\u017eiava optim\u00e1lne pH pre zdravie \u017eensk\u00fdch int\u00edmnych parti\u00ed.\" \/>\n<meta name=\"robots\" content=\"index, follow, max-snippet:-1, max-image-preview:large, max-video-preview:-1\" \/>\n<link rel=\"canonical\" href=\"https:\/\/www.fytofontana.com\/sk\/produkt\/gyntima-intimna-umyvacia-pena\/\" \/>\n<meta property=\"og:locale\" content=\"sk_SK\" \/>\n<meta property=\"og:type\" content=\"article\" \/>\n<meta property=\"og:title\" content=\"GYNTIMA int\u00edmna um\u00fdvacia pena - Fytofontana\" \/>\n<meta property=\"og:description\" content=\"Jemn\u00e1 int\u00edmna pena na denn\u00fa hygienu aj holenie. Obsahuje rastlinn\u00e9 v\u00fd\u0165a\u017eky s antibakteri\u00e1lnym, antimykotick\u00fdm a protiz\u00e1palov\u00fdm \u00fa\u010dinkom. Chr\u00e1ni pred podr\u00e1\u017eden\u00edm a udr\u017eiava optim\u00e1lne pH pre zdravie \u017eensk\u00fdch int\u00edmnych parti\u00ed.\" \/>\n<meta property=\"og:url\" content=\"https:\/\/www.fytofontana.com\/sk\/produkt\/gyntima-intimna-umyvacia-pena\/\" \/>\n<meta property=\"og:site_name\" content=\"Fytofontana\" \/>\n<meta property=\"article:modified_time\" content=\"2025-07-02T17:07:21+00:00\" \/>\n<meta property=\"og:image\" content=\"https:\/\/www.fytofontana.com\/wp-content\/uploads\/2021\/03\/2025_06_GYNTIMA_Intimate_foam_150ml_01_LQ_Primary.png\" \/>\n\t<meta property=\"og:image:width\" content=\"1000\" \/>\n\t<meta property=\"og:image:height\" content=\"1000\" \/>\n<meta name=\"twitter:card\" content=\"summary_large_image\" \/>\n<meta name=\"twitter:label1\" content=\"Predpokladan\u00fd \u010das \u010d\u00edtania\">\n\t<meta name=\"twitter:data1\" content=\"1 min\u00fata\">\n<script type=\"application\/ld+json\" class=\"yoast-schema-graph\">{\"@context\":\"https:\/\/schema.org\",\"@graph\":[{\"@type\":\"Organization\",\"@id\":\"https:\/\/www.fytofontana.com\/#organization\",\"name\":\"Fytofontana\",\"url\":\"https:\/\/www.fytofontana.com\/\",\"sameAs\":[],\"logo\":{\"@type\":\"ImageObject\",\"@id\":\"https:\/\/www.fytofontana.com\/#logo\",\"inLanguage\":\"sk-SK\",\"url\":\"https:\/\/www.fytofontana.com\/wp-content\/uploads\/2021\/01\/fyto.png\",\"width\":817,\"height\":79,\"caption\":\"Fytofontana\"},\"image\":{\"@id\":\"https:\/\/www.fytofontana.com\/#logo\"}},{\"@type\":\"WebSite\",\"@id\":\"https:\/\/www.fytofontana.com\/#website\",\"url\":\"https:\/\/www.fytofontana.com\/\",\"name\":\"Fytofontana\",\"description\":\"\",\"publisher\":{\"@id\":\"https:\/\/www.fytofontana.com\/#organization\"},\"potentialAction\":[{\"@type\":\"SearchAction\",\"target\":\"https:\/\/www.fytofontana.com\/?s={search_term_string}\",\"query-input\":\"required name=search_term_string\"}],\"inLanguage\":\"sk-SK\"},{\"@type\":\"ImageObject\",\"@id\":\"https:\/\/www.fytofontana.com\/sk\/produkt\/gyntima-intimna-umyvacia-pena\/#primaryimage\",\"inLanguage\":\"sk-SK\",\"url\":\"https:\/\/www.fytofontana.com\/wp-content\/uploads\/2021\/03\/2025_06_GYNTIMA_Intimate_foam_150ml_01_LQ_Primary.png\",\"width\":1000,\"height\":1000},{\"@type\":[\"WebPage\",\"ItemPage\"],\"@id\":\"https:\/\/www.fytofontana.com\/sk\/produkt\/gyntima-intimna-umyvacia-pena\/#webpage\",\"url\":\"https:\/\/www.fytofontana.com\/sk\/produkt\/gyntima-intimna-umyvacia-pena\/\",\"name\":\"GYNTIMA int\\u00edmna um\\u00fdvacia pena - Fytofontana\",\"isPartOf\":{\"@id\":\"https:\/\/www.fytofontana.com\/#website\"},\"primaryImageOfPage\":{\"@id\":\"https:\/\/www.fytofontana.com\/sk\/produkt\/gyntima-intimna-umyvacia-pena\/#primaryimage\"},\"datePublished\":\"2021-03-14T18:49:46+00:00\",\"dateModified\":\"2025-07-02T17:07:21+00:00\",\"description\":\"Jemn\\u00e1 int\\u00edmna pena na denn\\u00fa hygienu aj holenie. Obsahuje rastlinn\\u00e9 v\\u00fd\\u0165a\\u017eky s antibakteri\\u00e1lnym, antimykotick\\u00fdm a protiz\\u00e1palov\\u00fdm \\u00fa\\u010dinkom. Chr\\u00e1ni pred podr\\u00e1\\u017eden\\u00edm a udr\\u017eiava optim\\u00e1lne pH pre zdravie \\u017eensk\\u00fdch int\\u00edmnych parti\\u00ed.\",\"breadcrumb\":{\"@id\":\"https:\/\/www.fytofontana.com\/sk\/produkt\/gyntima-intimna-umyvacia-pena\/#breadcrumb\"},\"inLanguage\":\"sk-SK\",\"potentialAction\":[{\"@type\":\"ReadAction\",\"target\":[\"https:\/\/www.fytofontana.com\/sk\/produkt\/gyntima-intimna-umyvacia-pena\/\"]}]},{\"@type\":\"BreadcrumbList\",\"@id\":\"https:\/\/www.fytofontana.com\/sk\/produkt\/gyntima-intimna-umyvacia-pena\/#breadcrumb\",\"itemListElement\":[{\"@type\":\"ListItem\",\"position\":1,\"item\":{\"@type\":\"WebPage\",\"@id\":\"https:\/\/www.fytofontana.com\/sk\/\",\"url\":\"https:\/\/www.fytofontana.com\/sk\/\",\"name\":\"Home\"}},{\"@type\":\"ListItem\",\"position\":2,\"item\":{\"@type\":\"WebPage\",\"@id\":\"https:\/\/www.fytofontana.com\/sk\/produkt\/gyntima-intimna-umyvacia-pena\/\",\"url\":\"https:\/\/www.fytofontana.com\/sk\/produkt\/gyntima-intimna-umyvacia-pena\/\",\"name\":\"GYNTIMA int\\u00edmna um\\u00fdvacia pena\"}}]}]}<\/script>","_links":{"self":[{"href":"https:\/\/www.fytofontana.com\/sk\/wp-json\/wp\/v2\/product\/1782"}],"collection":[{"href":"https:\/\/www.fytofontana.com\/sk\/wp-json\/wp\/v2\/product"}],"about":[{"href":"https:\/\/www.fytofontana.com\/sk\/wp-json\/wp\/v2\/types\/product"}],"wp:featuredmedia":[{"embeddable":true,"href":"https:\/\/www.fytofontana.com\/sk\/wp-json\/wp\/v2\/media\/3688"}],"wp:attachment":[{"href":"https:\/\/www.fytofontana.com\/sk\/wp-json\/wp\/v2\/media?parent=1782"}],"wp:term":[{"taxonomy":"products","embeddable":true,"href":"https:\/\/www.fytofontana.com\/sk\/wp-json\/wp\/v2\/products?post=1782"}],"curies":[{"name":"wp","href":"https:\/\/api.w.org\/{rel}","templated":true}]}}