{"id":1779,"date":"2021-03-14T19:08:02","date_gmt":"2021-03-14T18:08:02","guid":{"rendered":"https:\/\/www.fytofontana.com\/hu\/?post_type=product&#038;p=1779"},"modified":"2025-10-14T11:44:50","modified_gmt":"2025-10-14T10:44:50","slug":"gyntima-hyaluronic","status":"publish","type":"product","link":"https:\/\/www.fytofontana.com\/sk\/produkt\/gyntima-hyaluronic\/","title":{"rendered":"GYNTIMA Hyaluronic"},"content":{"rendered":"<p><strong>Regeneruje, hoj\u00ed a hydratuje naru\u0161en\u00fa sliznicu po\u0161vy &#8211; aj po\u010das tehotenstva a doj\u010denia.<\/strong><\/p>\n<ul>\n<li><b>MDR certifikovan\u00e1 zdravotn\u00edcka pom\u00f4cka <\/b>(EU 2017\/745).<\/li>\n<li>Kombinuje kyselinu hyalur\u00f3nov\u00fa a komplex prebiot\u00edk mlie\u010dnej ferment\u00e1cie.<\/li>\n<li>Ur\u00fdch\u013euje hojenie poranen\u00ed, pop\u00f4rodn\u00fdch a\u00a0poopera\u010dn\u00fdch r\u00e1n na vagin\u00e1lnej sliznice a na\u00a0kr\u010dku maternice.<\/li>\n<li>Obnovuje ide\u00e1lnu hydrat\u00e1ciu vagin\u00e1lnej sliznice a predch\u00e1dza pocitom suchosti.<\/li>\n<li>Udr\u017eiava bakteri\u00e1lnu rovnov\u00e1hu a spr\u00e1vnu hodnotu pH v po\u0161ve.<\/li>\n<\/ul>\n","protected":false},"featured_media":3364,"template":"","products":[57],"class_list":["post-1779","product","type-product","status-publish","has-post-thumbnail","hentry","products-gyntima-sk"],"yoast_head":"<title>GYNTIMA Hyaluronic - Fytofontana<\/title>\n<meta name=\"description\" content=\"Prirodzen\u00e9 biologick\u00e9 rie\u0161enie vagin\u00e1lnych infekci\u00ed, podr\u00e1\u017edenia, svrbenia, p\u00e1lenia a v\u00fdtokov \u2013 najm\u00e4 po\u010das tehotenstva, \u0161estonedelia a doj\u010denia, ale aj pri suchosti po\u0161vy sp\u00f4sobenej hormon\u00e1lnymi zmenami, napr\u00edklad v obdob\u00ed menopauzy.\" \/>\n<meta name=\"robots\" content=\"index, follow, max-snippet:-1, max-image-preview:large, max-video-preview:-1\" \/>\n<link rel=\"canonical\" href=\"https:\/\/www.fytofontana.com\/sk\/produkt\/gyntima-hyaluronic\/\" \/>\n<meta property=\"og:locale\" content=\"sk_SK\" \/>\n<meta property=\"og:type\" content=\"article\" \/>\n<meta property=\"og:title\" content=\"GYNTIMA Hyaluronic - Fytofontana\" \/>\n<meta property=\"og:description\" content=\"Prirodzen\u00e9 biologick\u00e9 rie\u0161enie vagin\u00e1lnych infekci\u00ed, podr\u00e1\u017edenia, svrbenia, p\u00e1lenia a v\u00fdtokov \u2013 najm\u00e4 po\u010das tehotenstva, \u0161estonedelia a doj\u010denia, ale aj pri suchosti po\u0161vy sp\u00f4sobenej hormon\u00e1lnymi zmenami, napr\u00edklad v obdob\u00ed menopauzy.\" \/>\n<meta property=\"og:url\" content=\"https:\/\/www.fytofontana.com\/sk\/produkt\/gyntima-hyaluronic\/\" \/>\n<meta property=\"og:site_name\" content=\"Fytofontana\" \/>\n<meta property=\"article:modified_time\" content=\"2025-10-14T10:44:50+00:00\" \/>\n<meta property=\"og:image\" content=\"https:\/\/www.fytofontana.com\/wp-content\/uploads\/2021\/03\/2025_04_GYNTIMA_Vag_Cap_Hyaluronic_10ks_01_LQ_Primary.png\" \/>\n\t<meta property=\"og:image:width\" content=\"1000\" \/>\n\t<meta property=\"og:image:height\" content=\"1000\" \/>\n\t<meta property=\"og:image:type\" content=\"image\/png\" \/>\n<meta name=\"twitter:card\" content=\"summary_large_image\" \/>\n<meta name=\"twitter:label1\" content=\"Predpokladan\u00fd \u010das \u010d\u00edtania\" \/>\n\t<meta name=\"twitter:data1\" content=\"1 min\u00fata\" \/>\n<script type=\"application\/ld+json\" class=\"yoast-schema-graph\">{\"@context\":\"https:\\\/\\\/schema.org\",\"@graph\":[{\"@type\":[\"WebPage\",\"ItemPage\"],\"@id\":\"https:\\\/\\\/www.fytofontana.com\\\/sk\\\/produkt\\\/gyntima-hyaluronic\\\/\",\"url\":\"https:\\\/\\\/www.fytofontana.com\\\/sk\\\/produkt\\\/gyntima-hyaluronic\\\/\",\"name\":\"GYNTIMA Hyaluronic - Fytofontana\",\"isPartOf\":{\"@id\":\"https:\\\/\\\/www.fytofontana.com\\\/#website\"},\"primaryImageOfPage\":{\"@id\":\"https:\\\/\\\/www.fytofontana.com\\\/sk\\\/produkt\\\/gyntima-hyaluronic\\\/#primaryimage\"},\"image\":{\"@id\":\"https:\\\/\\\/www.fytofontana.com\\\/sk\\\/produkt\\\/gyntima-hyaluronic\\\/#primaryimage\"},\"thumbnailUrl\":\"https:\\\/\\\/www.fytofontana.com\\\/wp-content\\\/uploads\\\/2021\\\/03\\\/2025_04_GYNTIMA_Vag_Cap_Hyaluronic_10ks_01_LQ_Primary.png\",\"datePublished\":\"2021-03-14T18:08:02+00:00\",\"dateModified\":\"2025-10-14T10:44:50+00:00\",\"description\":\"Prirodzen\u00e9 biologick\u00e9 rie\u0161enie vagin\u00e1lnych infekci\u00ed, podr\u00e1\u017edenia, svrbenia, p\u00e1lenia a v\u00fdtokov \u2013 najm\u00e4 po\u010das tehotenstva, \u0161estonedelia a doj\u010denia, ale aj pri suchosti po\u0161vy sp\u00f4sobenej hormon\u00e1lnymi zmenami, napr\u00edklad v obdob\u00ed menopauzy.\",\"breadcrumb\":{\"@id\":\"https:\\\/\\\/www.fytofontana.com\\\/sk\\\/produkt\\\/gyntima-hyaluronic\\\/#breadcrumb\"},\"inLanguage\":\"sk-SK\",\"potentialAction\":[{\"@type\":\"ReadAction\",\"target\":[\"https:\\\/\\\/www.fytofontana.com\\\/sk\\\/produkt\\\/gyntima-hyaluronic\\\/\"]}]},{\"@type\":\"ImageObject\",\"inLanguage\":\"sk-SK\",\"@id\":\"https:\\\/\\\/www.fytofontana.com\\\/sk\\\/produkt\\\/gyntima-hyaluronic\\\/#primaryimage\",\"url\":\"https:\\\/\\\/www.fytofontana.com\\\/wp-content\\\/uploads\\\/2021\\\/03\\\/2025_04_GYNTIMA_Vag_Cap_Hyaluronic_10ks_01_LQ_Primary.png\",\"contentUrl\":\"https:\\\/\\\/www.fytofontana.com\\\/wp-content\\\/uploads\\\/2021\\\/03\\\/2025_04_GYNTIMA_Vag_Cap_Hyaluronic_10ks_01_LQ_Primary.png\",\"width\":1000,\"height\":1000},{\"@type\":\"BreadcrumbList\",\"@id\":\"https:\\\/\\\/www.fytofontana.com\\\/sk\\\/produkt\\\/gyntima-hyaluronic\\\/#breadcrumb\",\"itemListElement\":[{\"@type\":\"ListItem\",\"position\":1,\"name\":\"Home\",\"item\":\"https:\\\/\\\/www.fytofontana.com\\\/sk\\\/\"},{\"@type\":\"ListItem\",\"position\":2,\"name\":\"GYNTIMA Hyaluronic\"}]},{\"@type\":\"WebSite\",\"@id\":\"https:\\\/\\\/www.fytofontana.com\\\/#website\",\"url\":\"https:\\\/\\\/www.fytofontana.com\\\/\",\"name\":\"Fytofontana\",\"description\":\"\",\"publisher\":{\"@id\":\"https:\\\/\\\/www.fytofontana.com\\\/#organization\"},\"potentialAction\":[{\"@type\":\"SearchAction\",\"target\":{\"@type\":\"EntryPoint\",\"urlTemplate\":\"https:\\\/\\\/www.fytofontana.com\\\/?s={search_term_string}\"},\"query-input\":{\"@type\":\"PropertyValueSpecification\",\"valueRequired\":true,\"valueName\":\"search_term_string\"}}],\"inLanguage\":\"sk-SK\"},{\"@type\":\"Organization\",\"@id\":\"https:\\\/\\\/www.fytofontana.com\\\/#organization\",\"name\":\"Fytofontana\",\"url\":\"https:\\\/\\\/www.fytofontana.com\\\/\",\"logo\":{\"@type\":\"ImageObject\",\"inLanguage\":\"sk-SK\",\"@id\":\"https:\\\/\\\/www.fytofontana.com\\\/#\\\/schema\\\/logo\\\/image\\\/\",\"url\":\"https:\\\/\\\/www.fytofontana.com\\\/wp-content\\\/uploads\\\/2021\\\/01\\\/fyto.png\",\"contentUrl\":\"https:\\\/\\\/www.fytofontana.com\\\/wp-content\\\/uploads\\\/2021\\\/01\\\/fyto.png\",\"width\":817,\"height\":79,\"caption\":\"Fytofontana\"},\"image\":{\"@id\":\"https:\\\/\\\/www.fytofontana.com\\\/#\\\/schema\\\/logo\\\/image\\\/\"}}]}<\/script>","yoast_head_json":{"title":"GYNTIMA Hyaluronic - Fytofontana","description":"Prirodzen\u00e9 biologick\u00e9 rie\u0161enie vagin\u00e1lnych infekci\u00ed, podr\u00e1\u017edenia, svrbenia, p\u00e1lenia a v\u00fdtokov \u2013 najm\u00e4 po\u010das tehotenstva, \u0161estonedelia a doj\u010denia, ale aj pri suchosti po\u0161vy sp\u00f4sobenej hormon\u00e1lnymi zmenami, napr\u00edklad v obdob\u00ed menopauzy.","robots":{"index":"index","follow":"follow","max-snippet":"max-snippet:-1","max-image-preview":"max-image-preview:large","max-video-preview":"max-video-preview:-1"},"canonical":"https:\/\/www.fytofontana.com\/sk\/produkt\/gyntima-hyaluronic\/","og_locale":"sk_SK","og_type":"article","og_title":"GYNTIMA Hyaluronic - Fytofontana","og_description":"Prirodzen\u00e9 biologick\u00e9 rie\u0161enie vagin\u00e1lnych infekci\u00ed, podr\u00e1\u017edenia, svrbenia, p\u00e1lenia a v\u00fdtokov \u2013 najm\u00e4 po\u010das tehotenstva, \u0161estonedelia a doj\u010denia, ale aj pri suchosti po\u0161vy sp\u00f4sobenej hormon\u00e1lnymi zmenami, napr\u00edklad v obdob\u00ed menopauzy.","og_url":"https:\/\/www.fytofontana.com\/sk\/produkt\/gyntima-hyaluronic\/","og_site_name":"Fytofontana","article_modified_time":"2025-10-14T10:44:50+00:00","og_image":[{"width":1000,"height":1000,"url":"https:\/\/www.fytofontana.com\/wp-content\/uploads\/2021\/03\/2025_04_GYNTIMA_Vag_Cap_Hyaluronic_10ks_01_LQ_Primary.png","type":"image\/png"}],"twitter_card":"summary_large_image","twitter_misc":{"Predpokladan\u00fd \u010das \u010d\u00edtania":"1 min\u00fata"},"schema":{"@context":"https:\/\/schema.org","@graph":[{"@type":["WebPage","ItemPage"],"@id":"https:\/\/www.fytofontana.com\/sk\/produkt\/gyntima-hyaluronic\/","url":"https:\/\/www.fytofontana.com\/sk\/produkt\/gyntima-hyaluronic\/","name":"GYNTIMA Hyaluronic - Fytofontana","isPartOf":{"@id":"https:\/\/www.fytofontana.com\/#website"},"primaryImageOfPage":{"@id":"https:\/\/www.fytofontana.com\/sk\/produkt\/gyntima-hyaluronic\/#primaryimage"},"image":{"@id":"https:\/\/www.fytofontana.com\/sk\/produkt\/gyntima-hyaluronic\/#primaryimage"},"thumbnailUrl":"https:\/\/www.fytofontana.com\/wp-content\/uploads\/2021\/03\/2025_04_GYNTIMA_Vag_Cap_Hyaluronic_10ks_01_LQ_Primary.png","datePublished":"2021-03-14T18:08:02+00:00","dateModified":"2025-10-14T10:44:50+00:00","description":"Prirodzen\u00e9 biologick\u00e9 rie\u0161enie vagin\u00e1lnych infekci\u00ed, podr\u00e1\u017edenia, svrbenia, p\u00e1lenia a v\u00fdtokov \u2013 najm\u00e4 po\u010das tehotenstva, \u0161estonedelia a doj\u010denia, ale aj pri suchosti po\u0161vy sp\u00f4sobenej hormon\u00e1lnymi zmenami, napr\u00edklad v obdob\u00ed menopauzy.","breadcrumb":{"@id":"https:\/\/www.fytofontana.com\/sk\/produkt\/gyntima-hyaluronic\/#breadcrumb"},"inLanguage":"sk-SK","potentialAction":[{"@type":"ReadAction","target":["https:\/\/www.fytofontana.com\/sk\/produkt\/gyntima-hyaluronic\/"]}]},{"@type":"ImageObject","inLanguage":"sk-SK","@id":"https:\/\/www.fytofontana.com\/sk\/produkt\/gyntima-hyaluronic\/#primaryimage","url":"https:\/\/www.fytofontana.com\/wp-content\/uploads\/2021\/03\/2025_04_GYNTIMA_Vag_Cap_Hyaluronic_10ks_01_LQ_Primary.png","contentUrl":"https:\/\/www.fytofontana.com\/wp-content\/uploads\/2021\/03\/2025_04_GYNTIMA_Vag_Cap_Hyaluronic_10ks_01_LQ_Primary.png","width":1000,"height":1000},{"@type":"BreadcrumbList","@id":"https:\/\/www.fytofontana.com\/sk\/produkt\/gyntima-hyaluronic\/#breadcrumb","itemListElement":[{"@type":"ListItem","position":1,"name":"Home","item":"https:\/\/www.fytofontana.com\/sk\/"},{"@type":"ListItem","position":2,"name":"GYNTIMA Hyaluronic"}]},{"@type":"WebSite","@id":"https:\/\/www.fytofontana.com\/#website","url":"https:\/\/www.fytofontana.com\/","name":"Fytofontana","description":"","publisher":{"@id":"https:\/\/www.fytofontana.com\/#organization"},"potentialAction":[{"@type":"SearchAction","target":{"@type":"EntryPoint","urlTemplate":"https:\/\/www.fytofontana.com\/?s={search_term_string}"},"query-input":{"@type":"PropertyValueSpecification","valueRequired":true,"valueName":"search_term_string"}}],"inLanguage":"sk-SK"},{"@type":"Organization","@id":"https:\/\/www.fytofontana.com\/#organization","name":"Fytofontana","url":"https:\/\/www.fytofontana.com\/","logo":{"@type":"ImageObject","inLanguage":"sk-SK","@id":"https:\/\/www.fytofontana.com\/#\/schema\/logo\/image\/","url":"https:\/\/www.fytofontana.com\/wp-content\/uploads\/2021\/01\/fyto.png","contentUrl":"https:\/\/www.fytofontana.com\/wp-content\/uploads\/2021\/01\/fyto.png","width":817,"height":79,"caption":"Fytofontana"},"image":{"@id":"https:\/\/www.fytofontana.com\/#\/schema\/logo\/image\/"}}]}},"_links":{"self":[{"href":"https:\/\/www.fytofontana.com\/sk\/wp-json\/wp\/v2\/product\/1779","targetHints":{"allow":["GET"]}}],"collection":[{"href":"https:\/\/www.fytofontana.com\/sk\/wp-json\/wp\/v2\/product"}],"about":[{"href":"https:\/\/www.fytofontana.com\/sk\/wp-json\/wp\/v2\/types\/product"}],"wp:featuredmedia":[{"embeddable":true,"href":"https:\/\/www.fytofontana.com\/sk\/wp-json\/wp\/v2\/media\/3364"}],"wp:attachment":[{"href":"https:\/\/www.fytofontana.com\/sk\/wp-json\/wp\/v2\/media?parent=1779"}],"wp:term":[{"taxonomy":"products","embeddable":true,"href":"https:\/\/www.fytofontana.com\/sk\/wp-json\/wp\/v2\/products?post=1779"}],"curies":[{"name":"wp","href":"https:\/\/api.w.org\/{rel}","templated":true}]}}