{"id":1773,"date":"2021-03-07T20:16:50","date_gmt":"2021-03-07T19:16:50","guid":{"rendered":"https:\/\/www.fytofontana.com\/hu\/?post_type=product&#038;p=1773"},"modified":"2026-01-22T00:26:41","modified_gmt":"2026-01-21T23:26:41","slug":"hemorrelax-rektalne-capiky","status":"publish","type":"product","link":"https:\/\/www.fytofontana.com\/sk\/produkt\/hemorrelax-rektalne-capiky\/","title":{"rendered":"HEMORRELAX rekt\u00e1lne \u010dap\u00edky"},"content":{"rendered":"<p><strong>Fyto-biotechnologick\u00e9 rekt\u00e1lne \u010dap\u00edky<\/strong> s\u00fa ur\u010den\u00e9 na o\u0161etrovanie <strong>vn\u00fatorn\u00fdch hemoroidov<\/strong> a \u010fal\u0161\u00edch \u0165a\u017ekost\u00ed v\u00a0oblasti kone\u010dn\u00edka, ako s\u00fa bolestiv\u00e9 <strong>an\u00e1lne trhliny a\u00a0praskliny (fis\u00fary a\u00a0rag\u00e1dy)<\/strong>.<\/p>\n<p>S\u00fa vhodn\u00e9 aj pri podr\u00e1\u017eden\u00ed sliznice kone\u010dn\u00edka, napr\u00edklad <strong>po hna\u010dke<\/strong> alebo <strong>po lek\u00e1rskych z\u00e1krokoch. <\/strong>Z\u00e1rove\u0148 podporuj\u00fa zvlh\u010denie, ochranu a obnovu elasticity <strong>pri suchosti alebo atrofii <\/strong><\/p>\n<p>Hemorrelax kr\u00e9m so silou<strong> trojit\u00e9ho \u00fa\u010dinku:<\/strong><\/p>\n<ul>\n<li><strong>O\u0161etruje a upokojuje citliv\u00fa oblas\u0165 kone\u010dn\u00edka a okam\u017eite zmier\u0148uje<\/strong> boles\u0165, svrbenie a p\u00e1lenie.<\/li>\n<li>Podporuje <strong>hojenie, ochranu a regener\u00e1ciu<\/strong> sliznice kone\u010dn\u00edka pri u\u017e pr\u00edtomn\u00fdch \u0165a\u017ekostiach. Z\u00e1rove\u0148 pom\u00e1ha udr\u017eiava\u0165 <strong>dlhodob\u00fd komfort<\/strong> v citlivej oblasti a p\u00f4sob\u00ed prevent\u00edvne proti opakovan\u00e9mu podr\u00e1\u017edeniu.<\/li>\n<li><strong data-start=\"454\" data-end=\"640\">Peptidy s \u00fa\u010dinkom podobn\u00fdm botulotox\u00ednu<\/strong> pom\u00e1haj\u00fa tlmi\u0165 k\u0155\u010dovit\u00e9 stiahnutie an\u00e1lneho zviera\u010da, \u010d\u00edm podporuj\u00fa hojenie drobn\u00fdch raniek a trhl\u00edn a prispievaj\u00fa k u\u013eah\u010deniu vypr\u00e1zd\u0148ovania.<\/li>\n<\/ul>\n","protected":false},"featured_media":3888,"template":"","products":[63],"yoast_head":"<title>HEMORRELAX rekt\u00e1lne \u010dap\u00edky - Fytofontana<\/title>\n<meta name=\"description\" content=\"Fyto-biotechnologick\u00e9 \u010dap\u00edky na hemoroidy s botox efektom. Okam\u017eit\u00e1 \u00fa\u013eava od bolesti, svrbenia, p\u00e1lenia bez kortikoidov. Botox efekt pom\u00e1ha uvo\u013eni\u0165 k\u0155\u010dovit\u00e9 stiahnutia zviera\u010da, podporuje hojenie r\u00e1n a trhl\u00edn.\" \/>\n<meta name=\"robots\" content=\"index, follow, max-snippet:-1, max-image-preview:large, max-video-preview:-1\" \/>\n<link rel=\"canonical\" href=\"https:\/\/www.fytofontana.com\/sk\/produkt\/hemorrelax-rektalne-capiky\/\" \/>\n<meta property=\"og:locale\" content=\"sk_SK\" \/>\n<meta property=\"og:type\" content=\"article\" \/>\n<meta property=\"og:title\" content=\"HEMORRELAX rekt\u00e1lne \u010dap\u00edky - Fytofontana\" \/>\n<meta property=\"og:description\" content=\"Fyto-biotechnologick\u00e9 \u010dap\u00edky na hemoroidy s botox efektom. Okam\u017eit\u00e1 \u00fa\u013eava od bolesti, svrbenia, p\u00e1lenia bez kortikoidov. Botox efekt pom\u00e1ha uvo\u013eni\u0165 k\u0155\u010dovit\u00e9 stiahnutia zviera\u010da, podporuje hojenie r\u00e1n a trhl\u00edn.\" \/>\n<meta property=\"og:url\" content=\"https:\/\/www.fytofontana.com\/sk\/produkt\/hemorrelax-rektalne-capiky\/\" \/>\n<meta property=\"og:site_name\" content=\"Fytofontana\" \/>\n<meta property=\"article:modified_time\" content=\"2026-01-21T23:26:41+00:00\" \/>\n<meta property=\"og:image\" content=\"https:\/\/www.fytofontana.com\/wp-content\/uploads\/2021\/03\/24_10_HEMORRELAX_Rectal_Supp_10pcs_02_Primary.png\" \/>\n\t<meta property=\"og:image:width\" content=\"1000\" \/>\n\t<meta property=\"og:image:height\" content=\"1000\" \/>\n<meta name=\"twitter:card\" content=\"summary_large_image\" \/>\n<meta name=\"twitter:label1\" content=\"Predpokladan\u00fd \u010das \u010d\u00edtania\">\n\t<meta name=\"twitter:data1\" content=\"1 min\u00fata\">\n<script type=\"application\/ld+json\" class=\"yoast-schema-graph\">{\"@context\":\"https:\/\/schema.org\",\"@graph\":[{\"@type\":\"Organization\",\"@id\":\"https:\/\/www.fytofontana.com\/#organization\",\"name\":\"Fytofontana\",\"url\":\"https:\/\/www.fytofontana.com\/\",\"sameAs\":[],\"logo\":{\"@type\":\"ImageObject\",\"@id\":\"https:\/\/www.fytofontana.com\/#logo\",\"inLanguage\":\"sk-SK\",\"url\":\"https:\/\/www.fytofontana.com\/wp-content\/uploads\/2021\/01\/fyto.png\",\"width\":817,\"height\":79,\"caption\":\"Fytofontana\"},\"image\":{\"@id\":\"https:\/\/www.fytofontana.com\/#logo\"}},{\"@type\":\"WebSite\",\"@id\":\"https:\/\/www.fytofontana.com\/#website\",\"url\":\"https:\/\/www.fytofontana.com\/\",\"name\":\"Fytofontana\",\"description\":\"\",\"publisher\":{\"@id\":\"https:\/\/www.fytofontana.com\/#organization\"},\"potentialAction\":[{\"@type\":\"SearchAction\",\"target\":\"https:\/\/www.fytofontana.com\/?s={search_term_string}\",\"query-input\":\"required name=search_term_string\"}],\"inLanguage\":\"sk-SK\"},{\"@type\":\"ImageObject\",\"@id\":\"https:\/\/www.fytofontana.com\/sk\/produkt\/hemorrelax-rektalne-capiky\/#primaryimage\",\"inLanguage\":\"sk-SK\",\"url\":\"https:\/\/www.fytofontana.com\/wp-content\/uploads\/2021\/03\/24_10_HEMORRELAX_Rectal_Supp_10pcs_02_Primary.png\",\"width\":1000,\"height\":1000},{\"@type\":[\"WebPage\",\"ItemPage\"],\"@id\":\"https:\/\/www.fytofontana.com\/sk\/produkt\/hemorrelax-rektalne-capiky\/#webpage\",\"url\":\"https:\/\/www.fytofontana.com\/sk\/produkt\/hemorrelax-rektalne-capiky\/\",\"name\":\"HEMORRELAX rekt\\u00e1lne \\u010dap\\u00edky - Fytofontana\",\"isPartOf\":{\"@id\":\"https:\/\/www.fytofontana.com\/#website\"},\"primaryImageOfPage\":{\"@id\":\"https:\/\/www.fytofontana.com\/sk\/produkt\/hemorrelax-rektalne-capiky\/#primaryimage\"},\"datePublished\":\"2021-03-07T19:16:50+00:00\",\"dateModified\":\"2026-01-21T23:26:41+00:00\",\"description\":\"Fyto-biotechnologick\\u00e9 \\u010dap\\u00edky na hemoroidy s botox efektom. Okam\\u017eit\\u00e1 \\u00fa\\u013eava od bolesti, svrbenia, p\\u00e1lenia bez kortikoidov. Botox efekt pom\\u00e1ha uvo\\u013eni\\u0165 k\\u0155\\u010dovit\\u00e9 stiahnutia zviera\\u010da, podporuje hojenie r\\u00e1n a trhl\\u00edn.\",\"breadcrumb\":{\"@id\":\"https:\/\/www.fytofontana.com\/sk\/produkt\/hemorrelax-rektalne-capiky\/#breadcrumb\"},\"inLanguage\":\"sk-SK\",\"potentialAction\":[{\"@type\":\"ReadAction\",\"target\":[\"https:\/\/www.fytofontana.com\/sk\/produkt\/hemorrelax-rektalne-capiky\/\"]}]},{\"@type\":\"BreadcrumbList\",\"@id\":\"https:\/\/www.fytofontana.com\/sk\/produkt\/hemorrelax-rektalne-capiky\/#breadcrumb\",\"itemListElement\":[{\"@type\":\"ListItem\",\"position\":1,\"item\":{\"@type\":\"WebPage\",\"@id\":\"https:\/\/www.fytofontana.com\/sk\/\",\"url\":\"https:\/\/www.fytofontana.com\/sk\/\",\"name\":\"Home\"}},{\"@type\":\"ListItem\",\"position\":2,\"item\":{\"@type\":\"WebPage\",\"@id\":\"https:\/\/www.fytofontana.com\/sk\/produkt\/hemorrelax-rektalne-capiky\/\",\"url\":\"https:\/\/www.fytofontana.com\/sk\/produkt\/hemorrelax-rektalne-capiky\/\",\"name\":\"HEMORRELAX rekt\\u00e1lne \\u010dap\\u00edky\"}}]}]}<\/script>","_links":{"self":[{"href":"https:\/\/www.fytofontana.com\/sk\/wp-json\/wp\/v2\/product\/1773"}],"collection":[{"href":"https:\/\/www.fytofontana.com\/sk\/wp-json\/wp\/v2\/product"}],"about":[{"href":"https:\/\/www.fytofontana.com\/sk\/wp-json\/wp\/v2\/types\/product"}],"wp:featuredmedia":[{"embeddable":true,"href":"https:\/\/www.fytofontana.com\/sk\/wp-json\/wp\/v2\/media\/3888"}],"wp:attachment":[{"href":"https:\/\/www.fytofontana.com\/sk\/wp-json\/wp\/v2\/media?parent=1773"}],"wp:term":[{"taxonomy":"products","embeddable":true,"href":"https:\/\/www.fytofontana.com\/sk\/wp-json\/wp\/v2\/products?post=1773"}],"curies":[{"name":"wp","href":"https:\/\/api.w.org\/{rel}","templated":true}]}}