{"id":1771,"date":"2021-03-07T20:05:05","date_gmt":"2021-03-07T19:05:05","guid":{"rendered":"https:\/\/www.fytofontana.com\/hu\/?post_type=product&#038;p=1771"},"modified":"2025-07-29T11:55:51","modified_gmt":"2025-07-29T10:55:51","slug":"adenol-spray","status":"publish","type":"product","link":"https:\/\/www.fytofontana.com\/sk\/produkt\/adenol-spray\/","title":{"rendered":"ADENOL sprej do hrdla"},"content":{"rendered":"<ul>\n<li><b>Sprej do hrdla proti chr\u00e1paniu<\/b><\/li>\n<li>Chr\u00e1panie sp\u00f4sobuje vzduch pr\u00fadiaci nosnou alebo \u00fastnou dutinou. Tkaniv\u00e1 s\u00fa v sp\u00e1nku uvo\u013enen\u00e9, vibruj\u00fa a kmitaj\u00fa v pr\u00fade vzduchu. Rastlinn\u00e9 oleje spolu s extraktom s\u00f3jov\u00e9ho lecit\u00ednu v \u0161peci\u00e1lnom pomere sp\u00f4sobuje siln\u00e9 prekrvenie a nap\u00e4tie na povrchu tkan\u00edv a pr\u00fadiaci vzduch nem\u00f4\u017ee sp\u00f4sobi\u0165 hlasit\u00e9 zvuky.<\/li>\n<li>Pou\u017eit\u00e9 oleje a lecit\u00edn pokryj\u00fa tkanivo hrdla, zvlh\u010dia sliznicu hltanu a,t\u00fdmto zn\u00ed\u017eia mo\u017enos\u0165 vibr\u00e1ci\u00ed.<\/li>\n<\/ul>\n","protected":false},"featured_media":1518,"template":"","products":[58],"yoast_head":"<title>ADENOL sprej do hrdla - Fytofontana<\/title>\n<meta name=\"description\" content=\"Adenol hrdlov\u00fd sprej obsahuje zmes rastlinn\u00fdch olejov a lecit\u00ednu, ktor\u00e9 zvlh\u010duj\u00fa sliznicu a podporuj\u00fa prekrvenie. T\u00fdm zni\u017euj\u00fa vibr\u00e1cie v krku, ktor\u00e9 sp\u00f4sobuj\u00fa chr\u00e1panie. Pr\u00edjemn\u00e1 aplik\u00e1cia, svie\u017ea v\u00f4\u0148a.\" \/>\n<meta name=\"robots\" content=\"index, follow, max-snippet:-1, max-image-preview:large, max-video-preview:-1\" \/>\n<link rel=\"canonical\" href=\"https:\/\/www.fytofontana.com\/sk\/produkt\/adenol-spray\/\" \/>\n<meta property=\"og:locale\" content=\"sk_SK\" \/>\n<meta property=\"og:type\" content=\"article\" \/>\n<meta property=\"og:title\" content=\"ADENOL sprej do hrdla - Fytofontana\" \/>\n<meta property=\"og:description\" content=\"Adenol hrdlov\u00fd sprej obsahuje zmes rastlinn\u00fdch olejov a lecit\u00ednu, ktor\u00e9 zvlh\u010duj\u00fa sliznicu a podporuj\u00fa prekrvenie. T\u00fdm zni\u017euj\u00fa vibr\u00e1cie v krku, ktor\u00e9 sp\u00f4sobuj\u00fa chr\u00e1panie. Pr\u00edjemn\u00e1 aplik\u00e1cia, svie\u017ea v\u00f4\u0148a.\" \/>\n<meta property=\"og:url\" content=\"https:\/\/www.fytofontana.com\/sk\/produkt\/adenol-spray\/\" \/>\n<meta property=\"og:site_name\" content=\"Fytofontana\" \/>\n<meta property=\"article:modified_time\" content=\"2025-07-29T10:55:51+00:00\" \/>\n<meta property=\"og:image\" content=\"https:\/\/www.fytofontana.com\/wp-content\/uploads\/2020\/12\/102.png\" \/>\n\t<meta property=\"og:image:width\" content=\"1500\" \/>\n\t<meta property=\"og:image:height\" content=\"1500\" \/>\n<meta name=\"twitter:card\" content=\"summary_large_image\" \/>\n<meta name=\"twitter:label1\" content=\"Predpokladan\u00fd \u010das \u010d\u00edtania\">\n\t<meta name=\"twitter:data1\" content=\"1 min\u00fata\">\n<script type=\"application\/ld+json\" class=\"yoast-schema-graph\">{\"@context\":\"https:\/\/schema.org\",\"@graph\":[{\"@type\":\"Organization\",\"@id\":\"https:\/\/www.fytofontana.com\/#organization\",\"name\":\"Fytofontana\",\"url\":\"https:\/\/www.fytofontana.com\/\",\"sameAs\":[],\"logo\":{\"@type\":\"ImageObject\",\"@id\":\"https:\/\/www.fytofontana.com\/#logo\",\"inLanguage\":\"sk-SK\",\"url\":\"https:\/\/www.fytofontana.com\/wp-content\/uploads\/2021\/01\/fyto.png\",\"width\":817,\"height\":79,\"caption\":\"Fytofontana\"},\"image\":{\"@id\":\"https:\/\/www.fytofontana.com\/#logo\"}},{\"@type\":\"WebSite\",\"@id\":\"https:\/\/www.fytofontana.com\/#website\",\"url\":\"https:\/\/www.fytofontana.com\/\",\"name\":\"Fytofontana\",\"description\":\"\",\"publisher\":{\"@id\":\"https:\/\/www.fytofontana.com\/#organization\"},\"potentialAction\":[{\"@type\":\"SearchAction\",\"target\":\"https:\/\/www.fytofontana.com\/?s={search_term_string}\",\"query-input\":\"required name=search_term_string\"}],\"inLanguage\":\"sk-SK\"},{\"@type\":\"ImageObject\",\"@id\":\"https:\/\/www.fytofontana.com\/sk\/produkt\/adenol-spray\/#primaryimage\",\"inLanguage\":\"sk-SK\",\"url\":\"https:\/\/www.fytofontana.com\/wp-content\/uploads\/2020\/12\/102.png\",\"width\":1500,\"height\":1500},{\"@type\":[\"WebPage\",\"ItemPage\"],\"@id\":\"https:\/\/www.fytofontana.com\/sk\/produkt\/adenol-spray\/#webpage\",\"url\":\"https:\/\/www.fytofontana.com\/sk\/produkt\/adenol-spray\/\",\"name\":\"ADENOL sprej do hrdla - Fytofontana\",\"isPartOf\":{\"@id\":\"https:\/\/www.fytofontana.com\/#website\"},\"primaryImageOfPage\":{\"@id\":\"https:\/\/www.fytofontana.com\/sk\/produkt\/adenol-spray\/#primaryimage\"},\"datePublished\":\"2021-03-07T19:05:05+00:00\",\"dateModified\":\"2025-07-29T10:55:51+00:00\",\"description\":\"Adenol hrdlov\\u00fd sprej obsahuje zmes rastlinn\\u00fdch olejov a lecit\\u00ednu, ktor\\u00e9 zvlh\\u010duj\\u00fa sliznicu a podporuj\\u00fa prekrvenie. T\\u00fdm zni\\u017euj\\u00fa vibr\\u00e1cie v krku, ktor\\u00e9 sp\\u00f4sobuj\\u00fa chr\\u00e1panie. Pr\\u00edjemn\\u00e1 aplik\\u00e1cia, svie\\u017ea v\\u00f4\\u0148a.\",\"breadcrumb\":{\"@id\":\"https:\/\/www.fytofontana.com\/sk\/produkt\/adenol-spray\/#breadcrumb\"},\"inLanguage\":\"sk-SK\",\"potentialAction\":[{\"@type\":\"ReadAction\",\"target\":[\"https:\/\/www.fytofontana.com\/sk\/produkt\/adenol-spray\/\"]}]},{\"@type\":\"BreadcrumbList\",\"@id\":\"https:\/\/www.fytofontana.com\/sk\/produkt\/adenol-spray\/#breadcrumb\",\"itemListElement\":[{\"@type\":\"ListItem\",\"position\":1,\"item\":{\"@type\":\"WebPage\",\"@id\":\"https:\/\/www.fytofontana.com\/sk\/\",\"url\":\"https:\/\/www.fytofontana.com\/sk\/\",\"name\":\"Home\"}},{\"@type\":\"ListItem\",\"position\":2,\"item\":{\"@type\":\"WebPage\",\"@id\":\"https:\/\/www.fytofontana.com\/sk\/produkt\/adenol-spray\/\",\"url\":\"https:\/\/www.fytofontana.com\/sk\/produkt\/adenol-spray\/\",\"name\":\"ADENOL sprej do hrdla\"}}]}]}<\/script>","_links":{"self":[{"href":"https:\/\/www.fytofontana.com\/sk\/wp-json\/wp\/v2\/product\/1771"}],"collection":[{"href":"https:\/\/www.fytofontana.com\/sk\/wp-json\/wp\/v2\/product"}],"about":[{"href":"https:\/\/www.fytofontana.com\/sk\/wp-json\/wp\/v2\/types\/product"}],"wp:featuredmedia":[{"embeddable":true,"href":"https:\/\/www.fytofontana.com\/sk\/wp-json\/wp\/v2\/media\/1518"}],"wp:attachment":[{"href":"https:\/\/www.fytofontana.com\/sk\/wp-json\/wp\/v2\/media?parent=1771"}],"wp:term":[{"taxonomy":"products","embeddable":true,"href":"https:\/\/www.fytofontana.com\/sk\/wp-json\/wp\/v2\/products?post=1771"}],"curies":[{"name":"wp","href":"https:\/\/api.w.org\/{rel}","templated":true}]}}