{"id":1770,"date":"2021-03-07T19:47:02","date_gmt":"2021-03-07T18:47:02","guid":{"rendered":"https:\/\/www.fytofontana.com\/hu\/?post_type=product&#038;p=1770"},"modified":"2025-07-28T17:25:46","modified_gmt":"2025-07-28T16:25:46","slug":"citrovital-kapsuly","status":"publish","type":"product","link":"https:\/\/www.fytofontana.com\/sk\/produkt\/citrovital-kapsuly\/","title":{"rendered":"CITROVITAL kapsuly"},"content":{"rendered":"<ul>\n<li>Citrovital kapsuly s\u00fa v\u00fd\u017eivov\u00fd doplnok pr\u00edrodn\u00e9ho p\u00f4vodu, vyroben\u00fd z jadierok grapefruitu, ktor\u00e9 prirodzene obsahuj\u00fa vysok\u00fd podiel bioflavonoidov.<\/li>\n<li>Tieto rastlinn\u00e9 zl\u00fa\u010deniny patria medzi antioxidanty, ktor\u00e9 pom\u00e1haj\u00fa chr\u00e1ni\u0165 bunky pred \u0161kodliv\u00fdmi vplyvmi, vznikaj\u00facimi napr\u00edklad v d\u00f4sledku stresu, nezdravej stravy alebo nepriazniv\u00e9ho prostredia.<\/li>\n<\/ul>\n<div class=\"node node--type-product node--view-mode-full ds-1col clearfix\">\n<div id=\"tabs\" class=\"field-group-easy-responsive-tabs field-group-easy-responsive-tabs-default field-group-ertta_tabs-wrapper\" data-identifier=\"tabs\" data-type=\"default\" data-width=\"auto\" data-fit=\"\" data-tabidentify=\"tabs\" data-activetab_bg=\"\" data-inactive_bg=\"\" data-active_border_color=\"\" data-active_content_border_color=\"\">\n<div class=\"resp-tabs-container tabs\">\n<div id=\"other-information\" class=\"resp-tab-content tabs resp-tab-content-active\" aria-labelledby=\"tabs_tab_item-0\">\n<div class=\"field field--name-body field--type-text-with-summary field--label-hidden field--item\">\n<div class=\"field field--name-field-lead field--type-text-long field--label-hidden field--item\">\n<p>&nbsp;<\/p>\n<\/div>\n<div class=\"field field--name-field-packings field--type-string field--label-inline\"><\/div>\n<\/div>\n<\/div>\n<\/div>\n<\/div>\n<\/div>\n","protected":false},"featured_media":3982,"template":"","products":[61],"yoast_head":"<title>CITROVITAL kapsuly - Fytofontana<\/title>\n<meta name=\"description\" content=\"Citrovital kapsuly s\u00fa v\u00fd\u017eivov\u00fd doplnok z grapefruitov\u00fdch jadierok s obsahom bioflavonoidov. Podporuj\u00fa telesn\u00fa vitalitu a prispievaj\u00fa k ochrane buniek pred \u0161kodliv\u00fdmi vplyvmi. Pom\u00e1haj\u00fa udr\u017eiava\u0165 mikrobi\u00e1lnu rovnov\u00e1hu organizmu.\" \/>\n<meta name=\"robots\" content=\"index, follow, max-snippet:-1, max-image-preview:large, max-video-preview:-1\" \/>\n<link rel=\"canonical\" href=\"https:\/\/www.fytofontana.com\/sk\/produkt\/citrovital-kapsuly\/\" \/>\n<meta property=\"og:locale\" content=\"sk_SK\" \/>\n<meta property=\"og:type\" content=\"article\" \/>\n<meta property=\"og:title\" content=\"CITROVITAL kapsuly - Fytofontana\" \/>\n<meta property=\"og:description\" content=\"Citrovital kapsuly s\u00fa v\u00fd\u017eivov\u00fd doplnok z grapefruitov\u00fdch jadierok s obsahom bioflavonoidov. Podporuj\u00fa telesn\u00fa vitalitu a prispievaj\u00fa k ochrane buniek pred \u0161kodliv\u00fdmi vplyvmi. Pom\u00e1haj\u00fa udr\u017eiava\u0165 mikrobi\u00e1lnu rovnov\u00e1hu organizmu.\" \/>\n<meta property=\"og:url\" content=\"https:\/\/www.fytofontana.com\/sk\/produkt\/citrovital-kapsuly\/\" \/>\n<meta property=\"og:site_name\" content=\"Fytofontana\" \/>\n<meta property=\"article:modified_time\" content=\"2025-07-28T16:25:46+00:00\" \/>\n<meta property=\"og:image\" content=\"https:\/\/www.fytofontana.com\/wp-content\/uploads\/2021\/03\/CITROVITAL_Capsules_30cps_01_Primary_1000x1000.png\" \/>\n\t<meta property=\"og:image:width\" content=\"1000\" \/>\n\t<meta property=\"og:image:height\" content=\"1000\" \/>\n<meta name=\"twitter:card\" content=\"summary_large_image\" \/>\n<meta name=\"twitter:label1\" content=\"Predpokladan\u00fd \u010das \u010d\u00edtania\">\n\t<meta name=\"twitter:data1\" content=\"1 min\u00fata\">\n<script type=\"application\/ld+json\" class=\"yoast-schema-graph\">{\"@context\":\"https:\/\/schema.org\",\"@graph\":[{\"@type\":\"Organization\",\"@id\":\"https:\/\/www.fytofontana.com\/#organization\",\"name\":\"Fytofontana\",\"url\":\"https:\/\/www.fytofontana.com\/\",\"sameAs\":[],\"logo\":{\"@type\":\"ImageObject\",\"@id\":\"https:\/\/www.fytofontana.com\/#logo\",\"inLanguage\":\"sk-SK\",\"url\":\"https:\/\/www.fytofontana.com\/wp-content\/uploads\/2021\/01\/fyto.png\",\"width\":817,\"height\":79,\"caption\":\"Fytofontana\"},\"image\":{\"@id\":\"https:\/\/www.fytofontana.com\/#logo\"}},{\"@type\":\"WebSite\",\"@id\":\"https:\/\/www.fytofontana.com\/#website\",\"url\":\"https:\/\/www.fytofontana.com\/\",\"name\":\"Fytofontana\",\"description\":\"\",\"publisher\":{\"@id\":\"https:\/\/www.fytofontana.com\/#organization\"},\"potentialAction\":[{\"@type\":\"SearchAction\",\"target\":\"https:\/\/www.fytofontana.com\/?s={search_term_string}\",\"query-input\":\"required name=search_term_string\"}],\"inLanguage\":\"sk-SK\"},{\"@type\":\"ImageObject\",\"@id\":\"https:\/\/www.fytofontana.com\/sk\/produkt\/citrovital-kapsuly\/#primaryimage\",\"inLanguage\":\"sk-SK\",\"url\":\"https:\/\/www.fytofontana.com\/wp-content\/uploads\/2021\/03\/CITROVITAL_Capsules_30cps_01_Primary_1000x1000.png\",\"width\":1000,\"height\":1000},{\"@type\":[\"WebPage\",\"ItemPage\"],\"@id\":\"https:\/\/www.fytofontana.com\/sk\/produkt\/citrovital-kapsuly\/#webpage\",\"url\":\"https:\/\/www.fytofontana.com\/sk\/produkt\/citrovital-kapsuly\/\",\"name\":\"CITROVITAL kapsuly - Fytofontana\",\"isPartOf\":{\"@id\":\"https:\/\/www.fytofontana.com\/#website\"},\"primaryImageOfPage\":{\"@id\":\"https:\/\/www.fytofontana.com\/sk\/produkt\/citrovital-kapsuly\/#primaryimage\"},\"datePublished\":\"2021-03-07T18:47:02+00:00\",\"dateModified\":\"2025-07-28T16:25:46+00:00\",\"description\":\"Citrovital kapsuly s\\u00fa v\\u00fd\\u017eivov\\u00fd doplnok z grapefruitov\\u00fdch jadierok s obsahom bioflavonoidov. Podporuj\\u00fa telesn\\u00fa vitalitu a prispievaj\\u00fa k ochrane buniek pred \\u0161kodliv\\u00fdmi vplyvmi. Pom\\u00e1haj\\u00fa udr\\u017eiava\\u0165 mikrobi\\u00e1lnu rovnov\\u00e1hu organizmu.\",\"breadcrumb\":{\"@id\":\"https:\/\/www.fytofontana.com\/sk\/produkt\/citrovital-kapsuly\/#breadcrumb\"},\"inLanguage\":\"sk-SK\",\"potentialAction\":[{\"@type\":\"ReadAction\",\"target\":[\"https:\/\/www.fytofontana.com\/sk\/produkt\/citrovital-kapsuly\/\"]}]},{\"@type\":\"BreadcrumbList\",\"@id\":\"https:\/\/www.fytofontana.com\/sk\/produkt\/citrovital-kapsuly\/#breadcrumb\",\"itemListElement\":[{\"@type\":\"ListItem\",\"position\":1,\"item\":{\"@type\":\"WebPage\",\"@id\":\"https:\/\/www.fytofontana.com\/sk\/\",\"url\":\"https:\/\/www.fytofontana.com\/sk\/\",\"name\":\"Home\"}},{\"@type\":\"ListItem\",\"position\":2,\"item\":{\"@type\":\"WebPage\",\"@id\":\"https:\/\/www.fytofontana.com\/sk\/produkt\/citrovital-kapsuly\/\",\"url\":\"https:\/\/www.fytofontana.com\/sk\/produkt\/citrovital-kapsuly\/\",\"name\":\"CITROVITAL kapsuly\"}}]}]}<\/script>","_links":{"self":[{"href":"https:\/\/www.fytofontana.com\/sk\/wp-json\/wp\/v2\/product\/1770"}],"collection":[{"href":"https:\/\/www.fytofontana.com\/sk\/wp-json\/wp\/v2\/product"}],"about":[{"href":"https:\/\/www.fytofontana.com\/sk\/wp-json\/wp\/v2\/types\/product"}],"wp:featuredmedia":[{"embeddable":true,"href":"https:\/\/www.fytofontana.com\/sk\/wp-json\/wp\/v2\/media\/3982"}],"wp:attachment":[{"href":"https:\/\/www.fytofontana.com\/sk\/wp-json\/wp\/v2\/media?parent=1770"}],"wp:term":[{"taxonomy":"products","embeddable":true,"href":"https:\/\/www.fytofontana.com\/sk\/wp-json\/wp\/v2\/products?post=1770"}],"curies":[{"name":"wp","href":"https:\/\/api.w.org\/{rel}","templated":true}]}}