{"id":1768,"date":"2021-03-07T19:25:56","date_gmt":"2021-03-07T18:25:56","guid":{"rendered":"https:\/\/www.fytofontana.com\/hu\/?post_type=product&#038;p=1768"},"modified":"2025-07-28T18:06:28","modified_gmt":"2025-07-28T17:06:28","slug":"citrovital-dentalny-gel","status":"publish","type":"product","link":"https:\/\/www.fytofontana.com\/sk\/produkt\/citrovital-dentalny-gel\/","title":{"rendered":"CITROVITAL dent\u00e1lny g\u00e9l"},"content":{"rendered":"<ul>\n<li><strong>G\u00e9l na starostlivos\u0165 o \u010fasn\u00e1 s antiseptickou pr\u00edsadou a jemn\u00fdm \u00fa\u010dinkom grapefruitu.<\/strong><\/li>\n<li>Hlavn\u00e1 zlo\u017eka \u2013 extrakt z grapefruitov\u00fdch jadierok \u2013 je zn\u00e1ma svojimi antiseptick\u00fdmi vlastnos\u0165ami a prispieva k udr\u017eiavaniu \u010distej \u00fastnej dutiny a mikrobi\u00e1lnej rovnov\u00e1hy.<\/li>\n<li>Pom\u00e1ha prekon\u00e1va\u0165 nepr\u00edjemnosti v \u00fastnej dutine pri aftoch a zv\u00fd\u0161enej citlivosti \u010fasien.<\/li>\n<li>Obmedzuje ne\u017eiaducu mikrofl\u00f3ru a prispieva k prevencii tvorby zubn\u00e9ho povlaku.<\/li>\n<li>Neobsahuje cukor a m\u00e1 pr\u00edjemne horkast\u00fa chu\u0165.<\/li>\n<\/ul>\n","protected":false},"featured_media":4023,"template":"","products":[61],"yoast_head":"<title>CITROVITAL dent\u00e1lny g\u00e9l - Fytofontana<\/title>\n<meta name=\"description\" content=\"G\u00e9l na \u010fasn\u00e1 s antiseptickou pr\u00edsadou a jemn\u00fdm \u00fa\u010dinkom grapefruitu. Pom\u00e1ha pri aftoch a citlivosti \u010fasien, obmedzuje ne\u017eiaducu mikrofl\u00f3ru a vznik plaku. Neobsahuje cukor a m\u00e1 pr\u00edjemne horkast\u00fa chu\u0165.\" \/>\n<meta name=\"robots\" content=\"index, follow, max-snippet:-1, max-image-preview:large, max-video-preview:-1\" \/>\n<link rel=\"canonical\" href=\"https:\/\/www.fytofontana.com\/sk\/produkt\/citrovital-dentalny-gel\/\" \/>\n<meta property=\"og:locale\" content=\"sk_SK\" \/>\n<meta property=\"og:type\" content=\"article\" \/>\n<meta property=\"og:title\" content=\"CITROVITAL dent\u00e1lny g\u00e9l - Fytofontana\" \/>\n<meta property=\"og:description\" content=\"G\u00e9l na \u010fasn\u00e1 s antiseptickou pr\u00edsadou a jemn\u00fdm \u00fa\u010dinkom grapefruitu. Pom\u00e1ha pri aftoch a citlivosti \u010fasien, obmedzuje ne\u017eiaducu mikrofl\u00f3ru a vznik plaku. Neobsahuje cukor a m\u00e1 pr\u00edjemne horkast\u00fa chu\u0165.\" \/>\n<meta property=\"og:url\" content=\"https:\/\/www.fytofontana.com\/sk\/produkt\/citrovital-dentalny-gel\/\" \/>\n<meta property=\"og:site_name\" content=\"Fytofontana\" \/>\n<meta property=\"article:modified_time\" content=\"2025-07-28T17:06:28+00:00\" \/>\n<meta property=\"og:image\" content=\"https:\/\/www.fytofontana.com\/wp-content\/uploads\/2021\/03\/CITROVITAL_Dental_gel_25ml_02-1.png\" \/>\n\t<meta property=\"og:image:width\" content=\"1000\" \/>\n\t<meta property=\"og:image:height\" content=\"1000\" \/>\n<meta name=\"twitter:card\" content=\"summary_large_image\" \/>\n<meta name=\"twitter:label1\" content=\"Predpokladan\u00fd \u010das \u010d\u00edtania\">\n\t<meta name=\"twitter:data1\" content=\"1 min\u00fata\">\n<script type=\"application\/ld+json\" class=\"yoast-schema-graph\">{\"@context\":\"https:\/\/schema.org\",\"@graph\":[{\"@type\":\"Organization\",\"@id\":\"https:\/\/www.fytofontana.com\/#organization\",\"name\":\"Fytofontana\",\"url\":\"https:\/\/www.fytofontana.com\/\",\"sameAs\":[],\"logo\":{\"@type\":\"ImageObject\",\"@id\":\"https:\/\/www.fytofontana.com\/#logo\",\"inLanguage\":\"sk-SK\",\"url\":\"https:\/\/www.fytofontana.com\/wp-content\/uploads\/2021\/01\/fyto.png\",\"width\":817,\"height\":79,\"caption\":\"Fytofontana\"},\"image\":{\"@id\":\"https:\/\/www.fytofontana.com\/#logo\"}},{\"@type\":\"WebSite\",\"@id\":\"https:\/\/www.fytofontana.com\/#website\",\"url\":\"https:\/\/www.fytofontana.com\/\",\"name\":\"Fytofontana\",\"description\":\"\",\"publisher\":{\"@id\":\"https:\/\/www.fytofontana.com\/#organization\"},\"potentialAction\":[{\"@type\":\"SearchAction\",\"target\":\"https:\/\/www.fytofontana.com\/?s={search_term_string}\",\"query-input\":\"required name=search_term_string\"}],\"inLanguage\":\"sk-SK\"},{\"@type\":\"ImageObject\",\"@id\":\"https:\/\/www.fytofontana.com\/sk\/produkt\/citrovital-dentalny-gel\/#primaryimage\",\"inLanguage\":\"sk-SK\",\"url\":\"https:\/\/www.fytofontana.com\/wp-content\/uploads\/2021\/03\/CITROVITAL_Dental_gel_25ml_02-1.png\",\"width\":1000,\"height\":1000},{\"@type\":[\"WebPage\",\"ItemPage\"],\"@id\":\"https:\/\/www.fytofontana.com\/sk\/produkt\/citrovital-dentalny-gel\/#webpage\",\"url\":\"https:\/\/www.fytofontana.com\/sk\/produkt\/citrovital-dentalny-gel\/\",\"name\":\"CITROVITAL dent\\u00e1lny g\\u00e9l - Fytofontana\",\"isPartOf\":{\"@id\":\"https:\/\/www.fytofontana.com\/#website\"},\"primaryImageOfPage\":{\"@id\":\"https:\/\/www.fytofontana.com\/sk\/produkt\/citrovital-dentalny-gel\/#primaryimage\"},\"datePublished\":\"2021-03-07T18:25:56+00:00\",\"dateModified\":\"2025-07-28T17:06:28+00:00\",\"description\":\"G\\u00e9l na \\u010fasn\\u00e1 s antiseptickou pr\\u00edsadou a jemn\\u00fdm \\u00fa\\u010dinkom grapefruitu. Pom\\u00e1ha pri aftoch a citlivosti \\u010fasien, obmedzuje ne\\u017eiaducu mikrofl\\u00f3ru a vznik plaku. Neobsahuje cukor a m\\u00e1 pr\\u00edjemne horkast\\u00fa chu\\u0165.\",\"breadcrumb\":{\"@id\":\"https:\/\/www.fytofontana.com\/sk\/produkt\/citrovital-dentalny-gel\/#breadcrumb\"},\"inLanguage\":\"sk-SK\",\"potentialAction\":[{\"@type\":\"ReadAction\",\"target\":[\"https:\/\/www.fytofontana.com\/sk\/produkt\/citrovital-dentalny-gel\/\"]}]},{\"@type\":\"BreadcrumbList\",\"@id\":\"https:\/\/www.fytofontana.com\/sk\/produkt\/citrovital-dentalny-gel\/#breadcrumb\",\"itemListElement\":[{\"@type\":\"ListItem\",\"position\":1,\"item\":{\"@type\":\"WebPage\",\"@id\":\"https:\/\/www.fytofontana.com\/sk\/\",\"url\":\"https:\/\/www.fytofontana.com\/sk\/\",\"name\":\"Home\"}},{\"@type\":\"ListItem\",\"position\":2,\"item\":{\"@type\":\"WebPage\",\"@id\":\"https:\/\/www.fytofontana.com\/sk\/produkt\/citrovital-dentalny-gel\/\",\"url\":\"https:\/\/www.fytofontana.com\/sk\/produkt\/citrovital-dentalny-gel\/\",\"name\":\"CITROVITAL dent\\u00e1lny g\\u00e9l\"}}]}]}<\/script>","_links":{"self":[{"href":"https:\/\/www.fytofontana.com\/sk\/wp-json\/wp\/v2\/product\/1768"}],"collection":[{"href":"https:\/\/www.fytofontana.com\/sk\/wp-json\/wp\/v2\/product"}],"about":[{"href":"https:\/\/www.fytofontana.com\/sk\/wp-json\/wp\/v2\/types\/product"}],"wp:featuredmedia":[{"embeddable":true,"href":"https:\/\/www.fytofontana.com\/sk\/wp-json\/wp\/v2\/media\/4023"}],"wp:attachment":[{"href":"https:\/\/www.fytofontana.com\/sk\/wp-json\/wp\/v2\/media?parent=1768"}],"wp:term":[{"taxonomy":"products","embeddable":true,"href":"https:\/\/www.fytofontana.com\/sk\/wp-json\/wp\/v2\/products?post=1768"}],"curies":[{"name":"wp","href":"https:\/\/api.w.org\/{rel}","templated":true}]}}