{"id":1767,"date":"2021-03-07T19:14:19","date_gmt":"2021-03-07T18:14:19","guid":{"rendered":"https:\/\/www.fytofontana.com\/hu\/?post_type=product&#038;p=1767"},"modified":"2025-07-29T08:29:25","modified_gmt":"2025-07-29T07:29:25","slug":"citrovital-dentalny-gel-pre-deti","status":"publish","type":"product","link":"https:\/\/www.fytofontana.com\/sk\/produkt\/citrovital-dentalny-gel-pre-deti\/","title":{"rendered":"CITROVITAL dent\u00e1lny g\u00e9l pre deti"},"content":{"rendered":"<ul>\n<li><strong>Mas\u00e1\u017eny g\u00e9l Citrovital s antiseptickou pr\u00edsadou a jemn\u00fdm \u00fa\u010dinkom grapefruitu<\/strong><\/li>\n<li>U\u013eah\u010duje prerez\u00e1vanie prv\u00fdch z\u00fabkov, o\u0161etruje citliv\u00e9 \u010fasn\u00e1 a upokojuje podr\u00e1\u017eden\u00fa poko\u017eku v \u00fastnej oblasti.<\/li>\n<\/ul>\n","protected":false},"featured_media":4042,"template":"","products":[61],"yoast_head":"<title>CITROVITAL dent\u00e1lny g\u00e9l pre deti - Fytofontana<\/title>\n<meta name=\"description\" content=\"Mas\u00e1\u017eny g\u00e9l Citrovital s antiseptickou pr\u00edsadou a jemn\u00fdm \u00fa\u010dinkom grapefruitu u\u013eah\u010duje prerez\u00e1vanie prv\u00fdch z\u00fabkov, o\u0161etruje citliv\u00e9 \u010fasn\u00e1 a upokojuje podr\u00e1\u017eden\u00fa poko\u017eku v \u00fastnej oblasti.\" \/>\n<meta name=\"robots\" content=\"index, follow, max-snippet:-1, max-image-preview:large, max-video-preview:-1\" \/>\n<link rel=\"canonical\" href=\"https:\/\/www.fytofontana.com\/sk\/produkt\/citrovital-dentalny-gel-pre-deti\/\" \/>\n<meta property=\"og:locale\" content=\"sk_SK\" \/>\n<meta property=\"og:type\" content=\"article\" \/>\n<meta property=\"og:title\" content=\"CITROVITAL dent\u00e1lny g\u00e9l pre deti - Fytofontana\" \/>\n<meta property=\"og:description\" content=\"Mas\u00e1\u017eny g\u00e9l Citrovital s antiseptickou pr\u00edsadou a jemn\u00fdm \u00fa\u010dinkom grapefruitu u\u013eah\u010duje prerez\u00e1vanie prv\u00fdch z\u00fabkov, o\u0161etruje citliv\u00e9 \u010fasn\u00e1 a upokojuje podr\u00e1\u017eden\u00fa poko\u017eku v \u00fastnej oblasti.\" \/>\n<meta property=\"og:url\" content=\"https:\/\/www.fytofontana.com\/sk\/produkt\/citrovital-dentalny-gel-pre-deti\/\" \/>\n<meta property=\"og:site_name\" content=\"Fytofontana\" \/>\n<meta property=\"article:modified_time\" content=\"2025-07-29T07:29:25+00:00\" \/>\n<meta property=\"og:image\" content=\"https:\/\/www.fytofontana.com\/wp-content\/uploads\/2021\/03\/CITROVITAL_Dental_gel_for_children_18ml_02.png\" \/>\n\t<meta property=\"og:image:width\" content=\"1000\" \/>\n\t<meta property=\"og:image:height\" content=\"1000\" \/>\n<meta name=\"twitter:card\" content=\"summary_large_image\" \/>\n<meta name=\"twitter:label1\" content=\"Predpokladan\u00fd \u010das \u010d\u00edtania\">\n\t<meta name=\"twitter:data1\" content=\"1 min\u00fata\">\n<script type=\"application\/ld+json\" class=\"yoast-schema-graph\">{\"@context\":\"https:\/\/schema.org\",\"@graph\":[{\"@type\":\"Organization\",\"@id\":\"https:\/\/www.fytofontana.com\/#organization\",\"name\":\"Fytofontana\",\"url\":\"https:\/\/www.fytofontana.com\/\",\"sameAs\":[],\"logo\":{\"@type\":\"ImageObject\",\"@id\":\"https:\/\/www.fytofontana.com\/#logo\",\"inLanguage\":\"sk-SK\",\"url\":\"https:\/\/www.fytofontana.com\/wp-content\/uploads\/2021\/01\/fyto.png\",\"width\":817,\"height\":79,\"caption\":\"Fytofontana\"},\"image\":{\"@id\":\"https:\/\/www.fytofontana.com\/#logo\"}},{\"@type\":\"WebSite\",\"@id\":\"https:\/\/www.fytofontana.com\/#website\",\"url\":\"https:\/\/www.fytofontana.com\/\",\"name\":\"Fytofontana\",\"description\":\"\",\"publisher\":{\"@id\":\"https:\/\/www.fytofontana.com\/#organization\"},\"potentialAction\":[{\"@type\":\"SearchAction\",\"target\":\"https:\/\/www.fytofontana.com\/?s={search_term_string}\",\"query-input\":\"required name=search_term_string\"}],\"inLanguage\":\"sk-SK\"},{\"@type\":\"ImageObject\",\"@id\":\"https:\/\/www.fytofontana.com\/sk\/produkt\/citrovital-dentalny-gel-pre-deti\/#primaryimage\",\"inLanguage\":\"sk-SK\",\"url\":\"https:\/\/www.fytofontana.com\/wp-content\/uploads\/2021\/03\/CITROVITAL_Dental_gel_for_children_18ml_02.png\",\"width\":1000,\"height\":1000},{\"@type\":[\"WebPage\",\"ItemPage\"],\"@id\":\"https:\/\/www.fytofontana.com\/sk\/produkt\/citrovital-dentalny-gel-pre-deti\/#webpage\",\"url\":\"https:\/\/www.fytofontana.com\/sk\/produkt\/citrovital-dentalny-gel-pre-deti\/\",\"name\":\"CITROVITAL dent\\u00e1lny g\\u00e9l pre deti - Fytofontana\",\"isPartOf\":{\"@id\":\"https:\/\/www.fytofontana.com\/#website\"},\"primaryImageOfPage\":{\"@id\":\"https:\/\/www.fytofontana.com\/sk\/produkt\/citrovital-dentalny-gel-pre-deti\/#primaryimage\"},\"datePublished\":\"2021-03-07T18:14:19+00:00\",\"dateModified\":\"2025-07-29T07:29:25+00:00\",\"description\":\"Mas\\u00e1\\u017eny g\\u00e9l Citrovital s antiseptickou pr\\u00edsadou a jemn\\u00fdm \\u00fa\\u010dinkom grapefruitu u\\u013eah\\u010duje prerez\\u00e1vanie prv\\u00fdch z\\u00fabkov, o\\u0161etruje citliv\\u00e9 \\u010fasn\\u00e1 a upokojuje podr\\u00e1\\u017eden\\u00fa poko\\u017eku v \\u00fastnej oblasti.\",\"breadcrumb\":{\"@id\":\"https:\/\/www.fytofontana.com\/sk\/produkt\/citrovital-dentalny-gel-pre-deti\/#breadcrumb\"},\"inLanguage\":\"sk-SK\",\"potentialAction\":[{\"@type\":\"ReadAction\",\"target\":[\"https:\/\/www.fytofontana.com\/sk\/produkt\/citrovital-dentalny-gel-pre-deti\/\"]}]},{\"@type\":\"BreadcrumbList\",\"@id\":\"https:\/\/www.fytofontana.com\/sk\/produkt\/citrovital-dentalny-gel-pre-deti\/#breadcrumb\",\"itemListElement\":[{\"@type\":\"ListItem\",\"position\":1,\"item\":{\"@type\":\"WebPage\",\"@id\":\"https:\/\/www.fytofontana.com\/sk\/\",\"url\":\"https:\/\/www.fytofontana.com\/sk\/\",\"name\":\"Home\"}},{\"@type\":\"ListItem\",\"position\":2,\"item\":{\"@type\":\"WebPage\",\"@id\":\"https:\/\/www.fytofontana.com\/sk\/produkt\/citrovital-dentalny-gel-pre-deti\/\",\"url\":\"https:\/\/www.fytofontana.com\/sk\/produkt\/citrovital-dentalny-gel-pre-deti\/\",\"name\":\"CITROVITAL dent\\u00e1lny g\\u00e9l pre deti\"}}]}]}<\/script>","_links":{"self":[{"href":"https:\/\/www.fytofontana.com\/sk\/wp-json\/wp\/v2\/product\/1767"}],"collection":[{"href":"https:\/\/www.fytofontana.com\/sk\/wp-json\/wp\/v2\/product"}],"about":[{"href":"https:\/\/www.fytofontana.com\/sk\/wp-json\/wp\/v2\/types\/product"}],"wp:featuredmedia":[{"embeddable":true,"href":"https:\/\/www.fytofontana.com\/sk\/wp-json\/wp\/v2\/media\/4042"}],"wp:attachment":[{"href":"https:\/\/www.fytofontana.com\/sk\/wp-json\/wp\/v2\/media?parent=1767"}],"wp:term":[{"taxonomy":"products","embeddable":true,"href":"https:\/\/www.fytofontana.com\/sk\/wp-json\/wp\/v2\/products?post=1767"}],"curies":[{"name":"wp","href":"https:\/\/api.w.org\/{rel}","templated":true}]}}