{"id":1762,"date":"2021-03-07T15:59:40","date_gmt":"2021-03-07T14:59:40","guid":{"rendered":"https:\/\/www.fytofontana.com\/hu\/?post_type=product&#038;p=1762"},"modified":"2025-08-07T07:57:59","modified_gmt":"2025-08-07T06:57:59","slug":"hair-woman","status":"publish","type":"product","link":"https:\/\/www.fytofontana.com\/sk\/produkt\/hair-woman\/","title":{"rendered":"HAIR Woman"},"content":{"rendered":"<ul>\n<li><b>Fyto-biotechnologick\u00e9 s\u00e9rum na omladenie a podporu rastu vlasov<\/b><\/li>\n<li>S\u00e9rum je spojen\u00edm tradi\u010dn\u00fdch rastlinn\u00fdch v\u00fd\u0165a\u017ekov s najnov\u0161\u00edmi biotechnologick\u00fdmi \u00fa\u010dinn\u00fdmi l\u00e1tkami z\u00edskan\u00fdch vedeck\u00fdmi met\u00f3dami.\u00a0Zlo\u017eky s\u00e9ra zlep\u0161uj\u00fa mikrocirkul\u00e1ciu, chr\u00e1nia pred \u0161kodliv\u00fdmi karbonylov\u00fdmi deriv\u00e1tmi, upravuj\u00fa metabolizmus buniek, <strong>podporuj\u00fa rast vlasov, aktivuj\u00fa kme\u0148ov\u00e9 bunky vo vlasov\u00fdch folikuloch, s\u00fa schopn\u00e9 zastavi\u0165 vypad\u00e1vanie vlasov a v ur\u010ditej miere obnovi\u0165 ich rast.<\/strong><\/li>\n<li>S\u00e9rum celkovo ozdravuje, vlasy aj vlasov\u00e9 folikuly sa st\u00e1vaj\u00fa \u0161trukturovanej\u0161ie, vlasy sa st\u00e1vaj\u00fa silnej\u0161\u00edmi a\u00a0lesklej\u0161\u00edmi.<\/li>\n<\/ul>\n","protected":false},"featured_media":1449,"template":"","products":[62],"yoast_head":"<title>HAIR Woman - Fytofontana<\/title>\n<meta name=\"description\" content=\"Intenz\u00edvne s\u00e9rum na rast vlasov pre \u017eeny s peptidmi a rastlinn\u00fdmi extraktmi. Posil\u0148uje vlasy, spoma\u013euje starnutie a podporuje op\u00e4tovn\u00fd rast.\" \/>\n<meta name=\"robots\" content=\"index, follow, max-snippet:-1, max-image-preview:large, max-video-preview:-1\" \/>\n<link rel=\"canonical\" href=\"https:\/\/www.fytofontana.com\/sk\/produkt\/hair-woman\/\" \/>\n<meta property=\"og:locale\" content=\"sk_SK\" \/>\n<meta property=\"og:type\" content=\"article\" \/>\n<meta property=\"og:title\" content=\"HAIR Woman - Fytofontana\" \/>\n<meta property=\"og:description\" content=\"Intenz\u00edvne s\u00e9rum na rast vlasov pre \u017eeny s peptidmi a rastlinn\u00fdmi extraktmi. Posil\u0148uje vlasy, spoma\u013euje starnutie a podporuje op\u00e4tovn\u00fd rast.\" \/>\n<meta property=\"og:url\" content=\"https:\/\/www.fytofontana.com\/sk\/produkt\/hair-woman\/\" \/>\n<meta property=\"og:site_name\" content=\"Fytofontana\" \/>\n<meta property=\"article:modified_time\" content=\"2025-08-07T06:57:59+00:00\" \/>\n<meta property=\"og:image\" content=\"https:\/\/www.fytofontana.com\/wp-content\/uploads\/2020\/12\/093.png\" \/>\n\t<meta property=\"og:image:width\" content=\"1500\" \/>\n\t<meta property=\"og:image:height\" content=\"1500\" \/>\n<meta name=\"twitter:card\" content=\"summary_large_image\" \/>\n<meta name=\"twitter:label1\" content=\"Predpokladan\u00fd \u010das \u010d\u00edtania\">\n\t<meta name=\"twitter:data1\" content=\"1 min\u00fata\">\n<script type=\"application\/ld+json\" class=\"yoast-schema-graph\">{\"@context\":\"https:\/\/schema.org\",\"@graph\":[{\"@type\":\"Organization\",\"@id\":\"https:\/\/www.fytofontana.com\/#organization\",\"name\":\"Fytofontana\",\"url\":\"https:\/\/www.fytofontana.com\/\",\"sameAs\":[],\"logo\":{\"@type\":\"ImageObject\",\"@id\":\"https:\/\/www.fytofontana.com\/#logo\",\"inLanguage\":\"sk-SK\",\"url\":\"https:\/\/www.fytofontana.com\/wp-content\/uploads\/2021\/01\/fyto.png\",\"width\":817,\"height\":79,\"caption\":\"Fytofontana\"},\"image\":{\"@id\":\"https:\/\/www.fytofontana.com\/#logo\"}},{\"@type\":\"WebSite\",\"@id\":\"https:\/\/www.fytofontana.com\/#website\",\"url\":\"https:\/\/www.fytofontana.com\/\",\"name\":\"Fytofontana\",\"description\":\"\",\"publisher\":{\"@id\":\"https:\/\/www.fytofontana.com\/#organization\"},\"potentialAction\":[{\"@type\":\"SearchAction\",\"target\":\"https:\/\/www.fytofontana.com\/?s={search_term_string}\",\"query-input\":\"required name=search_term_string\"}],\"inLanguage\":\"sk-SK\"},{\"@type\":\"ImageObject\",\"@id\":\"https:\/\/www.fytofontana.com\/sk\/produkt\/hair-woman\/#primaryimage\",\"inLanguage\":\"sk-SK\",\"url\":\"https:\/\/www.fytofontana.com\/wp-content\/uploads\/2020\/12\/093.png\",\"width\":1500,\"height\":1500},{\"@type\":[\"WebPage\",\"ItemPage\"],\"@id\":\"https:\/\/www.fytofontana.com\/sk\/produkt\/hair-woman\/#webpage\",\"url\":\"https:\/\/www.fytofontana.com\/sk\/produkt\/hair-woman\/\",\"name\":\"HAIR Woman - Fytofontana\",\"isPartOf\":{\"@id\":\"https:\/\/www.fytofontana.com\/#website\"},\"primaryImageOfPage\":{\"@id\":\"https:\/\/www.fytofontana.com\/sk\/produkt\/hair-woman\/#primaryimage\"},\"datePublished\":\"2021-03-07T14:59:40+00:00\",\"dateModified\":\"2025-08-07T06:57:59+00:00\",\"description\":\"Intenz\\u00edvne s\\u00e9rum na rast vlasov pre \\u017eeny s peptidmi a rastlinn\\u00fdmi extraktmi. Posil\\u0148uje vlasy, spoma\\u013euje starnutie a podporuje op\\u00e4tovn\\u00fd rast.\",\"breadcrumb\":{\"@id\":\"https:\/\/www.fytofontana.com\/sk\/produkt\/hair-woman\/#breadcrumb\"},\"inLanguage\":\"sk-SK\",\"potentialAction\":[{\"@type\":\"ReadAction\",\"target\":[\"https:\/\/www.fytofontana.com\/sk\/produkt\/hair-woman\/\"]}]},{\"@type\":\"BreadcrumbList\",\"@id\":\"https:\/\/www.fytofontana.com\/sk\/produkt\/hair-woman\/#breadcrumb\",\"itemListElement\":[{\"@type\":\"ListItem\",\"position\":1,\"item\":{\"@type\":\"WebPage\",\"@id\":\"https:\/\/www.fytofontana.com\/sk\/\",\"url\":\"https:\/\/www.fytofontana.com\/sk\/\",\"name\":\"Home\"}},{\"@type\":\"ListItem\",\"position\":2,\"item\":{\"@type\":\"WebPage\",\"@id\":\"https:\/\/www.fytofontana.com\/sk\/produkt\/hair-woman\/\",\"url\":\"https:\/\/www.fytofontana.com\/sk\/produkt\/hair-woman\/\",\"name\":\"HAIR Woman\"}}]}]}<\/script>","_links":{"self":[{"href":"https:\/\/www.fytofontana.com\/sk\/wp-json\/wp\/v2\/product\/1762"}],"collection":[{"href":"https:\/\/www.fytofontana.com\/sk\/wp-json\/wp\/v2\/product"}],"about":[{"href":"https:\/\/www.fytofontana.com\/sk\/wp-json\/wp\/v2\/types\/product"}],"wp:featuredmedia":[{"embeddable":true,"href":"https:\/\/www.fytofontana.com\/sk\/wp-json\/wp\/v2\/media\/1449"}],"wp:attachment":[{"href":"https:\/\/www.fytofontana.com\/sk\/wp-json\/wp\/v2\/media?parent=1762"}],"wp:term":[{"taxonomy":"products","embeddable":true,"href":"https:\/\/www.fytofontana.com\/sk\/wp-json\/wp\/v2\/products?post=1762"}],"curies":[{"name":"wp","href":"https:\/\/api.w.org\/{rel}","templated":true}]}}