{"id":1754,"date":"2021-02-22T23:15:32","date_gmt":"2021-02-22T22:15:32","guid":{"rendered":"https:\/\/www.fytofontana.com\/hu\/?post_type=product&#038;p=1754"},"modified":"2025-10-14T13:40:47","modified_gmt":"2025-10-14T12:40:47","slug":"aurecon-usne-kvapky","status":"publish","type":"product","link":"https:\/\/www.fytofontana.com\/sk\/produkt\/aurecon-usne-kvapky\/","title":{"rendered":"AURECON u\u0161n\u00e9 kvapky"},"content":{"rendered":"<ul>\n<li><b>MDR schv\u00e1len\u00e1 zdravotn\u00edcka pom\u00f4cka <\/b>(E\u00da 2017\/745).<\/li>\n<li>\u013dahko pou\u017eite\u013en\u00fd pr\u00edrodn\u00fd pr\u00edpravok na pravideln\u00fa a \u0161etrn\u00fa starostlivos\u0165 o vonkaj\u0161iu \u010das\u0165 ucha a zvukovod.<\/li>\n<li>V\u010faka priazniv\u00fdm \u00fa\u010dinkom skalnej ru\u017ee m\u00f4\u017ee napom\u00e1ha\u0165 pri bolestiach a z\u00e1paloch ucha.<\/li>\n<li>U\u013eah\u010duje a zvy\u0161uje \u00fa\u010dinnos\u0165 \u010distenia ucha.<\/li>\n<li>Zni\u017euje pri\u013enutie u\u0161n\u00e9ho mazu k zvukovodu.<\/li>\n<li>Obmedzuje tvorbu nadbyto\u010dn\u00e9ho u\u0161n\u00e9ho mazu vo zvukovode.<\/li>\n<\/ul>\n","protected":false},"featured_media":3758,"template":"","products":[55],"yoast_head":"<title>AURECON u\u0161n\u00e9 kvapky - Fytofontana<\/title>\n<meta name=\"description\" content=\"Pr\u00edrodn\u00e9 u\u0161n\u00e9 kvapky s protiz\u00e1palov\u00fdm \u00fa\u010dinkom. Pom\u00e1haj\u00fa pri bolestiach a z\u00e1paloch ucha, zni\u017euj\u00fa tvorbu mazu, chr\u00e1nia pred mikroorganizmami. Bez chemick\u00fdch pr\u00edsad.\" \/>\n<meta name=\"robots\" content=\"index, follow, max-snippet:-1, max-image-preview:large, max-video-preview:-1\" \/>\n<link rel=\"canonical\" href=\"https:\/\/www.fytofontana.com\/sk\/produkt\/aurecon-usne-kvapky\/\" \/>\n<meta property=\"og:locale\" content=\"sk_SK\" \/>\n<meta property=\"og:type\" content=\"article\" \/>\n<meta property=\"og:title\" content=\"AURECON u\u0161n\u00e9 kvapky - Fytofontana\" \/>\n<meta property=\"og:description\" content=\"Pr\u00edrodn\u00e9 u\u0161n\u00e9 kvapky s protiz\u00e1palov\u00fdm \u00fa\u010dinkom. Pom\u00e1haj\u00fa pri bolestiach a z\u00e1paloch ucha, zni\u017euj\u00fa tvorbu mazu, chr\u00e1nia pred mikroorganizmami. Bez chemick\u00fdch pr\u00edsad.\" \/>\n<meta property=\"og:url\" content=\"https:\/\/www.fytofontana.com\/sk\/produkt\/aurecon-usne-kvapky\/\" \/>\n<meta property=\"og:site_name\" content=\"Fytofontana\" \/>\n<meta property=\"article:modified_time\" content=\"2025-10-14T12:40:47+00:00\" \/>\n<meta property=\"og:image\" content=\"https:\/\/www.fytofontana.com\/wp-content\/uploads\/2021\/02\/2023_05_AURECON_Drops_10ml_1000x1000px_01_Primary.png\" \/>\n\t<meta property=\"og:image:width\" content=\"1000\" \/>\n\t<meta property=\"og:image:height\" content=\"1000\" \/>\n<meta name=\"twitter:card\" content=\"summary_large_image\" \/>\n<meta name=\"twitter:label1\" content=\"Predpokladan\u00fd \u010das \u010d\u00edtania\">\n\t<meta name=\"twitter:data1\" content=\"1 min\u00fata\">\n<script type=\"application\/ld+json\" class=\"yoast-schema-graph\">{\"@context\":\"https:\/\/schema.org\",\"@graph\":[{\"@type\":\"Organization\",\"@id\":\"https:\/\/www.fytofontana.com\/#organization\",\"name\":\"Fytofontana\",\"url\":\"https:\/\/www.fytofontana.com\/\",\"sameAs\":[],\"logo\":{\"@type\":\"ImageObject\",\"@id\":\"https:\/\/www.fytofontana.com\/#logo\",\"inLanguage\":\"sk-SK\",\"url\":\"https:\/\/www.fytofontana.com\/wp-content\/uploads\/2021\/01\/fyto.png\",\"width\":817,\"height\":79,\"caption\":\"Fytofontana\"},\"image\":{\"@id\":\"https:\/\/www.fytofontana.com\/#logo\"}},{\"@type\":\"WebSite\",\"@id\":\"https:\/\/www.fytofontana.com\/#website\",\"url\":\"https:\/\/www.fytofontana.com\/\",\"name\":\"Fytofontana\",\"description\":\"\",\"publisher\":{\"@id\":\"https:\/\/www.fytofontana.com\/#organization\"},\"potentialAction\":[{\"@type\":\"SearchAction\",\"target\":\"https:\/\/www.fytofontana.com\/?s={search_term_string}\",\"query-input\":\"required name=search_term_string\"}],\"inLanguage\":\"sk-SK\"},{\"@type\":\"ImageObject\",\"@id\":\"https:\/\/www.fytofontana.com\/sk\/produkt\/aurecon-usne-kvapky\/#primaryimage\",\"inLanguage\":\"sk-SK\",\"url\":\"https:\/\/www.fytofontana.com\/wp-content\/uploads\/2021\/02\/2023_05_AURECON_Drops_10ml_1000x1000px_01_Primary.png\",\"width\":1000,\"height\":1000},{\"@type\":[\"WebPage\",\"ItemPage\"],\"@id\":\"https:\/\/www.fytofontana.com\/sk\/produkt\/aurecon-usne-kvapky\/#webpage\",\"url\":\"https:\/\/www.fytofontana.com\/sk\/produkt\/aurecon-usne-kvapky\/\",\"name\":\"AURECON u\\u0161n\\u00e9 kvapky - Fytofontana\",\"isPartOf\":{\"@id\":\"https:\/\/www.fytofontana.com\/#website\"},\"primaryImageOfPage\":{\"@id\":\"https:\/\/www.fytofontana.com\/sk\/produkt\/aurecon-usne-kvapky\/#primaryimage\"},\"datePublished\":\"2021-02-22T22:15:32+00:00\",\"dateModified\":\"2025-10-14T12:40:47+00:00\",\"description\":\"Pr\\u00edrodn\\u00e9 u\\u0161n\\u00e9 kvapky s protiz\\u00e1palov\\u00fdm \\u00fa\\u010dinkom. Pom\\u00e1haj\\u00fa pri bolestiach a z\\u00e1paloch ucha, zni\\u017euj\\u00fa tvorbu mazu, chr\\u00e1nia pred mikroorganizmami. Bez chemick\\u00fdch pr\\u00edsad.\",\"breadcrumb\":{\"@id\":\"https:\/\/www.fytofontana.com\/sk\/produkt\/aurecon-usne-kvapky\/#breadcrumb\"},\"inLanguage\":\"sk-SK\",\"potentialAction\":[{\"@type\":\"ReadAction\",\"target\":[\"https:\/\/www.fytofontana.com\/sk\/produkt\/aurecon-usne-kvapky\/\"]}]},{\"@type\":\"BreadcrumbList\",\"@id\":\"https:\/\/www.fytofontana.com\/sk\/produkt\/aurecon-usne-kvapky\/#breadcrumb\",\"itemListElement\":[{\"@type\":\"ListItem\",\"position\":1,\"item\":{\"@type\":\"WebPage\",\"@id\":\"https:\/\/www.fytofontana.com\/sk\/\",\"url\":\"https:\/\/www.fytofontana.com\/sk\/\",\"name\":\"Home\"}},{\"@type\":\"ListItem\",\"position\":2,\"item\":{\"@type\":\"WebPage\",\"@id\":\"https:\/\/www.fytofontana.com\/sk\/produkt\/aurecon-usne-kvapky\/\",\"url\":\"https:\/\/www.fytofontana.com\/sk\/produkt\/aurecon-usne-kvapky\/\",\"name\":\"AURECON u\\u0161n\\u00e9 kvapky\"}}]}]}<\/script>","_links":{"self":[{"href":"https:\/\/www.fytofontana.com\/sk\/wp-json\/wp\/v2\/product\/1754"}],"collection":[{"href":"https:\/\/www.fytofontana.com\/sk\/wp-json\/wp\/v2\/product"}],"about":[{"href":"https:\/\/www.fytofontana.com\/sk\/wp-json\/wp\/v2\/types\/product"}],"wp:featuredmedia":[{"embeddable":true,"href":"https:\/\/www.fytofontana.com\/sk\/wp-json\/wp\/v2\/media\/3758"}],"wp:attachment":[{"href":"https:\/\/www.fytofontana.com\/sk\/wp-json\/wp\/v2\/media?parent=1754"}],"wp:term":[{"taxonomy":"products","embeddable":true,"href":"https:\/\/www.fytofontana.com\/sk\/wp-json\/wp\/v2\/products?post=1754"}],"curies":[{"name":"wp","href":"https:\/\/api.w.org\/{rel}","templated":true}]}}