{"id":1753,"date":"2021-02-22T22:59:06","date_gmt":"2021-02-22T21:59:06","guid":{"rendered":"https:\/\/www.fytofontana.com\/hu\/?post_type=product&#038;p=1753"},"modified":"2025-10-14T20:58:00","modified_gmt":"2025-10-14T19:58:00","slug":"aurecon-usne-kvapky-forte-junior","status":"publish","type":"product","link":"https:\/\/www.fytofontana.com\/sk\/produkt\/aurecon-usne-kvapky-forte-junior\/","title":{"rendered":"AURECON u\u0161n\u00e9 kvapky Forte Junior"},"content":{"rendered":"<ul>\n<li><b>MDR schv\u00e1len\u00e1 zdravotn\u00edcka pom\u00f4cka <\/b>(E\u00da 2017\/745).<\/li>\n<li><strong>Pr\u00edrodn\u00e9 u\u0161n\u00e9 kvapky zmier\u0148uj\u00face boles\u0165 ucha pre deti od 6. mesiacov.<\/strong><\/li>\n<li>V\u010faka priazniv\u00fdm \u00fa\u010dinkom skalnej ru\u017ee m\u00f4\u017ee napom\u00e1ha\u0165 pri bolestiach a z\u00e1paloch ucha.<\/li>\n<li>Obsahuje tie\u017e polidokanol, l\u00e1tku, ktor\u00e1 zvy\u0161uje dobr\u00fd kontakt pr\u00edpravku s poko\u017ekou a ktor\u00e1 m\u00e1 i miestny znecitlivej\u00faci \u00fa\u010dinok.<\/li>\n<li>Tlm\u00ed aj nepr\u00edjemn\u00e9 prejavy bolesti (levandu\u013eov\u00fd olej) a tie\u017e poskytuje ochranu proti ne\u017eiaducim mikroorganizmom.<\/li>\n<li>U\u013eah\u010duje a zvy\u0161uje \u00fa\u010dinnos\u0165 \u010distenia ucha.<\/li>\n<li>Zni\u017euje pri\u013enutie u\u0161n\u00e9ho mazu k zvukovodu.<\/li>\n<li>Obmedzuje hromadenie u\u0161n\u00e9ho mazu vo zvukovode.<\/li>\n<li>Zabra\u0148uje mno\u017eeniu mikroorganizmov.<\/li>\n<\/ul>\n","protected":false},"featured_media":3783,"template":"","products":[55],"yoast_head":"<title>AURECON u\u0161n\u00e9 kvapky Forte Junior - Fytofontana<\/title>\n<meta name=\"description\" content=\"Jemn\u00e9 pr\u00edrodn\u00e9 u\u0161n\u00e9 kvapky pre deti od 6 mesiacov na zmiernenie bolesti ucha. \u00da\u010dinkuj\u00fa aj pri z\u00e1paloch a svrben\u00ed v\u010faka skalnej ru\u017ei a levanduli. Polidokanol prispieva k \u00fa\u013eave v mieste aplik\u00e1cie. Chr\u00e1nia pred hromaden\u00edm mazu. Bez chemick\u00fdch konzervantov.\" \/>\n<meta name=\"robots\" content=\"index, follow, max-snippet:-1, max-image-preview:large, max-video-preview:-1\" \/>\n<link rel=\"canonical\" href=\"https:\/\/www.fytofontana.com\/sk\/produkt\/aurecon-usne-kvapky-forte-junior\/\" \/>\n<meta property=\"og:locale\" content=\"sk_SK\" \/>\n<meta property=\"og:type\" content=\"article\" \/>\n<meta property=\"og:title\" content=\"AURECON u\u0161n\u00e9 kvapky Forte Junior - Fytofontana\" \/>\n<meta property=\"og:description\" content=\"Jemn\u00e9 pr\u00edrodn\u00e9 u\u0161n\u00e9 kvapky pre deti od 6 mesiacov na zmiernenie bolesti ucha. \u00da\u010dinkuj\u00fa aj pri z\u00e1paloch a svrben\u00ed v\u010faka skalnej ru\u017ei a levanduli. Polidokanol prispieva k \u00fa\u013eave v mieste aplik\u00e1cie. Chr\u00e1nia pred hromaden\u00edm mazu. Bez chemick\u00fdch konzervantov.\" \/>\n<meta property=\"og:url\" content=\"https:\/\/www.fytofontana.com\/sk\/produkt\/aurecon-usne-kvapky-forte-junior\/\" \/>\n<meta property=\"og:site_name\" content=\"Fytofontana\" \/>\n<meta property=\"article:modified_time\" content=\"2025-10-14T19:58:00+00:00\" \/>\n<meta property=\"og:image\" content=\"https:\/\/www.fytofontana.com\/wp-content\/uploads\/2021\/02\/2023_05_AURECON_Drops_Forte_Junior_10ml_1000x1000px_01_Primary.png\" \/>\n\t<meta property=\"og:image:width\" content=\"1000\" \/>\n\t<meta property=\"og:image:height\" content=\"1000\" \/>\n<meta name=\"twitter:card\" content=\"summary_large_image\" \/>\n<meta name=\"twitter:label1\" content=\"Predpokladan\u00fd \u010das \u010d\u00edtania\">\n\t<meta name=\"twitter:data1\" content=\"1 min\u00fata\">\n<script type=\"application\/ld+json\" class=\"yoast-schema-graph\">{\"@context\":\"https:\/\/schema.org\",\"@graph\":[{\"@type\":\"Organization\",\"@id\":\"https:\/\/www.fytofontana.com\/#organization\",\"name\":\"Fytofontana\",\"url\":\"https:\/\/www.fytofontana.com\/\",\"sameAs\":[],\"logo\":{\"@type\":\"ImageObject\",\"@id\":\"https:\/\/www.fytofontana.com\/#logo\",\"inLanguage\":\"sk-SK\",\"url\":\"https:\/\/www.fytofontana.com\/wp-content\/uploads\/2021\/01\/fyto.png\",\"width\":817,\"height\":79,\"caption\":\"Fytofontana\"},\"image\":{\"@id\":\"https:\/\/www.fytofontana.com\/#logo\"}},{\"@type\":\"WebSite\",\"@id\":\"https:\/\/www.fytofontana.com\/#website\",\"url\":\"https:\/\/www.fytofontana.com\/\",\"name\":\"Fytofontana\",\"description\":\"\",\"publisher\":{\"@id\":\"https:\/\/www.fytofontana.com\/#organization\"},\"potentialAction\":[{\"@type\":\"SearchAction\",\"target\":\"https:\/\/www.fytofontana.com\/?s={search_term_string}\",\"query-input\":\"required name=search_term_string\"}],\"inLanguage\":\"sk-SK\"},{\"@type\":\"ImageObject\",\"@id\":\"https:\/\/www.fytofontana.com\/sk\/produkt\/aurecon-usne-kvapky-forte-junior\/#primaryimage\",\"inLanguage\":\"sk-SK\",\"url\":\"https:\/\/www.fytofontana.com\/wp-content\/uploads\/2021\/02\/2023_05_AURECON_Drops_Forte_Junior_10ml_1000x1000px_01_Primary.png\",\"width\":1000,\"height\":1000},{\"@type\":[\"WebPage\",\"ItemPage\"],\"@id\":\"https:\/\/www.fytofontana.com\/sk\/produkt\/aurecon-usne-kvapky-forte-junior\/#webpage\",\"url\":\"https:\/\/www.fytofontana.com\/sk\/produkt\/aurecon-usne-kvapky-forte-junior\/\",\"name\":\"AURECON u\\u0161n\\u00e9 kvapky Forte Junior - Fytofontana\",\"isPartOf\":{\"@id\":\"https:\/\/www.fytofontana.com\/#website\"},\"primaryImageOfPage\":{\"@id\":\"https:\/\/www.fytofontana.com\/sk\/produkt\/aurecon-usne-kvapky-forte-junior\/#primaryimage\"},\"datePublished\":\"2021-02-22T21:59:06+00:00\",\"dateModified\":\"2025-10-14T19:58:00+00:00\",\"description\":\"Jemn\\u00e9 pr\\u00edrodn\\u00e9 u\\u0161n\\u00e9 kvapky pre deti od 6 mesiacov na zmiernenie bolesti ucha. \\u00da\\u010dinkuj\\u00fa aj pri z\\u00e1paloch a svrben\\u00ed v\\u010faka skalnej ru\\u017ei a levanduli. Polidokanol prispieva k \\u00fa\\u013eave v mieste aplik\\u00e1cie. Chr\\u00e1nia pred hromaden\\u00edm mazu. Bez chemick\\u00fdch konzervantov.\",\"breadcrumb\":{\"@id\":\"https:\/\/www.fytofontana.com\/sk\/produkt\/aurecon-usne-kvapky-forte-junior\/#breadcrumb\"},\"inLanguage\":\"sk-SK\",\"potentialAction\":[{\"@type\":\"ReadAction\",\"target\":[\"https:\/\/www.fytofontana.com\/sk\/produkt\/aurecon-usne-kvapky-forte-junior\/\"]}]},{\"@type\":\"BreadcrumbList\",\"@id\":\"https:\/\/www.fytofontana.com\/sk\/produkt\/aurecon-usne-kvapky-forte-junior\/#breadcrumb\",\"itemListElement\":[{\"@type\":\"ListItem\",\"position\":1,\"item\":{\"@type\":\"WebPage\",\"@id\":\"https:\/\/www.fytofontana.com\/sk\/\",\"url\":\"https:\/\/www.fytofontana.com\/sk\/\",\"name\":\"Home\"}},{\"@type\":\"ListItem\",\"position\":2,\"item\":{\"@type\":\"WebPage\",\"@id\":\"https:\/\/www.fytofontana.com\/sk\/produkt\/aurecon-usne-kvapky-forte-junior\/\",\"url\":\"https:\/\/www.fytofontana.com\/sk\/produkt\/aurecon-usne-kvapky-forte-junior\/\",\"name\":\"AURECON u\\u0161n\\u00e9 kvapky Forte Junior\"}}]}]}<\/script>","_links":{"self":[{"href":"https:\/\/www.fytofontana.com\/sk\/wp-json\/wp\/v2\/product\/1753"}],"collection":[{"href":"https:\/\/www.fytofontana.com\/sk\/wp-json\/wp\/v2\/product"}],"about":[{"href":"https:\/\/www.fytofontana.com\/sk\/wp-json\/wp\/v2\/types\/product"}],"wp:featuredmedia":[{"embeddable":true,"href":"https:\/\/www.fytofontana.com\/sk\/wp-json\/wp\/v2\/media\/3783"}],"wp:attachment":[{"href":"https:\/\/www.fytofontana.com\/sk\/wp-json\/wp\/v2\/media?parent=1753"}],"wp:term":[{"taxonomy":"products","embeddable":true,"href":"https:\/\/www.fytofontana.com\/sk\/wp-json\/wp\/v2\/products?post=1753"}],"curies":[{"name":"wp","href":"https:\/\/api.w.org\/{rel}","templated":true}]}}