{"id":1751,"date":"2021-02-22T22:29:55","date_gmt":"2021-02-22T21:29:55","guid":{"rendered":"https:\/\/www.fytofontana.com\/hu\/?post_type=product&#038;p=1751"},"modified":"2025-07-29T16:02:48","modified_gmt":"2025-07-29T15:02:48","slug":"aloe-vera-gel","status":"publish","type":"product","link":"https:\/\/www.fytofontana.com\/sk\/produkt\/aloe-vera-gel\/","title":{"rendered":"ALOE VERA g\u00e9l"},"content":{"rendered":"<ul>\n<li><strong>Fytofontana Aloe Vera g\u00e9l<\/strong> regeneruje, upokojuje, hydratuje, chlad\u00ed a osvie\u017euje.<\/li>\n<li>Obsahuje <strong>93<\/strong><strong>\u202f<\/strong><strong>% extrakt z listov Aloe Vera<\/strong>.<\/li>\n<li>Ur\u010den\u00fd najm\u00e4 na such\u00fa, citliv\u00fa a problematick\u00fa poko\u017eku, ako aj na poko\u017eku vystaven\u00fa nepriazniv\u00fdm vplyvom \u2013 vr\u00e1tane podr\u00e1\u017edenia po opa\u013eovan\u00ed.<\/li>\n<li><strong>Aloe Vera je u\u017e po st\u00e1ro\u010dia cenen\u00e9 pre svoje prirodzen\u00e9 rastlinn\u00e9 zlo\u017eky, ktor\u00e9 pom\u00e1haj\u00fa udr\u017eiava\u0165 poko\u017eku zdrav\u00fa, pru\u017en\u00fa a odoln\u00fa aj pri p\u00f4soben\u00ed vonkaj\u0161\u00edch vplyvov.<\/strong><\/li>\n<\/ul>\n","protected":false},"featured_media":4074,"template":"","products":[59],"class_list":["post-1751","product","type-product","status-publish","has-post-thumbnail","hentry","products-aloe-vera-sk"],"yoast_head":"<title>ALOE VERA g\u00e9l - Fytofontana<\/title>\n<meta name=\"description\" content=\"G\u00e9l s 93\u202f% extraktom z listov Aloe Vera regeneruje, upokojuje, hydratuje, chlad\u00ed a osvie\u017euje. Je ide\u00e1lny na starostlivos\u0165 o such\u00fa, citliv\u00fa \u010di problematick\u00fa poko\u017eku, pri podr\u00e1\u017eden\u00ed slnkom, slne\u010dnou alergiou, po bodnut\u00ed hmyzom \u010di in\u00fdmi vonkaj\u0161\u00edmi vplyvmi.\" \/>\n<meta name=\"robots\" content=\"index, follow, max-snippet:-1, max-image-preview:large, max-video-preview:-1\" \/>\n<link rel=\"canonical\" href=\"https:\/\/www.fytofontana.com\/sk\/produkt\/aloe-vera-gel\/\" \/>\n<meta property=\"og:locale\" content=\"sk_SK\" \/>\n<meta property=\"og:type\" content=\"article\" \/>\n<meta property=\"og:title\" content=\"ALOE VERA g\u00e9l - Fytofontana\" \/>\n<meta property=\"og:description\" content=\"G\u00e9l s 93\u202f% extraktom z listov Aloe Vera regeneruje, upokojuje, hydratuje, chlad\u00ed a osvie\u017euje. Je ide\u00e1lny na starostlivos\u0165 o such\u00fa, citliv\u00fa \u010di problematick\u00fa poko\u017eku, pri podr\u00e1\u017eden\u00ed slnkom, slne\u010dnou alergiou, po bodnut\u00ed hmyzom \u010di in\u00fdmi vonkaj\u0161\u00edmi vplyvmi.\" \/>\n<meta property=\"og:url\" content=\"https:\/\/www.fytofontana.com\/sk\/produkt\/aloe-vera-gel\/\" \/>\n<meta property=\"og:site_name\" content=\"Fytofontana\" \/>\n<meta property=\"article:modified_time\" content=\"2025-07-29T15:02:48+00:00\" \/>\n<meta property=\"og:image\" content=\"https:\/\/www.fytofontana.com\/wp-content\/uploads\/2025\/07\/2025_06_Fytofontana_ALOE_VERA_gel_100ml_01_LQ_Primary.png\" \/>\n\t<meta property=\"og:image:width\" content=\"1000\" \/>\n\t<meta property=\"og:image:height\" content=\"1000\" \/>\n\t<meta property=\"og:image:type\" content=\"image\/png\" \/>\n<meta name=\"twitter:card\" content=\"summary_large_image\" \/>\n<meta name=\"twitter:label1\" content=\"Predpokladan\u00fd \u010das \u010d\u00edtania\" \/>\n\t<meta name=\"twitter:data1\" content=\"1 min\u00fata\" \/>\n<script type=\"application\/ld+json\" class=\"yoast-schema-graph\">{\"@context\":\"https:\\\/\\\/schema.org\",\"@graph\":[{\"@type\":[\"WebPage\",\"ItemPage\"],\"@id\":\"https:\\\/\\\/www.fytofontana.com\\\/sk\\\/produkt\\\/aloe-vera-gel\\\/\",\"url\":\"https:\\\/\\\/www.fytofontana.com\\\/sk\\\/produkt\\\/aloe-vera-gel\\\/\",\"name\":\"ALOE VERA g\u00e9l - Fytofontana\",\"isPartOf\":{\"@id\":\"https:\\\/\\\/www.fytofontana.com\\\/#website\"},\"primaryImageOfPage\":{\"@id\":\"https:\\\/\\\/www.fytofontana.com\\\/sk\\\/produkt\\\/aloe-vera-gel\\\/#primaryimage\"},\"image\":{\"@id\":\"https:\\\/\\\/www.fytofontana.com\\\/sk\\\/produkt\\\/aloe-vera-gel\\\/#primaryimage\"},\"thumbnailUrl\":\"https:\\\/\\\/www.fytofontana.com\\\/wp-content\\\/uploads\\\/2025\\\/07\\\/2025_06_Fytofontana_ALOE_VERA_gel_100ml_01_LQ_Primary.png\",\"datePublished\":\"2021-02-22T21:29:55+00:00\",\"dateModified\":\"2025-07-29T15:02:48+00:00\",\"description\":\"G\u00e9l s 93\u202f% extraktom z listov Aloe Vera regeneruje, upokojuje, hydratuje, chlad\u00ed a osvie\u017euje. Je ide\u00e1lny na starostlivos\u0165 o such\u00fa, citliv\u00fa \u010di problematick\u00fa poko\u017eku, pri podr\u00e1\u017eden\u00ed slnkom, slne\u010dnou alergiou, po bodnut\u00ed hmyzom \u010di in\u00fdmi vonkaj\u0161\u00edmi vplyvmi.\",\"breadcrumb\":{\"@id\":\"https:\\\/\\\/www.fytofontana.com\\\/sk\\\/produkt\\\/aloe-vera-gel\\\/#breadcrumb\"},\"inLanguage\":\"sk-SK\",\"potentialAction\":[{\"@type\":\"ReadAction\",\"target\":[\"https:\\\/\\\/www.fytofontana.com\\\/sk\\\/produkt\\\/aloe-vera-gel\\\/\"]}]},{\"@type\":\"ImageObject\",\"inLanguage\":\"sk-SK\",\"@id\":\"https:\\\/\\\/www.fytofontana.com\\\/sk\\\/produkt\\\/aloe-vera-gel\\\/#primaryimage\",\"url\":\"https:\\\/\\\/www.fytofontana.com\\\/wp-content\\\/uploads\\\/2025\\\/07\\\/2025_06_Fytofontana_ALOE_VERA_gel_100ml_01_LQ_Primary.png\",\"contentUrl\":\"https:\\\/\\\/www.fytofontana.com\\\/wp-content\\\/uploads\\\/2025\\\/07\\\/2025_06_Fytofontana_ALOE_VERA_gel_100ml_01_LQ_Primary.png\",\"width\":1000,\"height\":1000},{\"@type\":\"BreadcrumbList\",\"@id\":\"https:\\\/\\\/www.fytofontana.com\\\/sk\\\/produkt\\\/aloe-vera-gel\\\/#breadcrumb\",\"itemListElement\":[{\"@type\":\"ListItem\",\"position\":1,\"name\":\"Home\",\"item\":\"https:\\\/\\\/www.fytofontana.com\\\/sk\\\/\"},{\"@type\":\"ListItem\",\"position\":2,\"name\":\"ALOE VERA g\u00e9l\"}]},{\"@type\":\"WebSite\",\"@id\":\"https:\\\/\\\/www.fytofontana.com\\\/#website\",\"url\":\"https:\\\/\\\/www.fytofontana.com\\\/\",\"name\":\"Fytofontana\",\"description\":\"\",\"publisher\":{\"@id\":\"https:\\\/\\\/www.fytofontana.com\\\/#organization\"},\"potentialAction\":[{\"@type\":\"SearchAction\",\"target\":{\"@type\":\"EntryPoint\",\"urlTemplate\":\"https:\\\/\\\/www.fytofontana.com\\\/?s={search_term_string}\"},\"query-input\":{\"@type\":\"PropertyValueSpecification\",\"valueRequired\":true,\"valueName\":\"search_term_string\"}}],\"inLanguage\":\"sk-SK\"},{\"@type\":\"Organization\",\"@id\":\"https:\\\/\\\/www.fytofontana.com\\\/#organization\",\"name\":\"Fytofontana\",\"url\":\"https:\\\/\\\/www.fytofontana.com\\\/\",\"logo\":{\"@type\":\"ImageObject\",\"inLanguage\":\"sk-SK\",\"@id\":\"https:\\\/\\\/www.fytofontana.com\\\/#\\\/schema\\\/logo\\\/image\\\/\",\"url\":\"https:\\\/\\\/www.fytofontana.com\\\/wp-content\\\/uploads\\\/2021\\\/01\\\/fyto.png\",\"contentUrl\":\"https:\\\/\\\/www.fytofontana.com\\\/wp-content\\\/uploads\\\/2021\\\/01\\\/fyto.png\",\"width\":817,\"height\":79,\"caption\":\"Fytofontana\"},\"image\":{\"@id\":\"https:\\\/\\\/www.fytofontana.com\\\/#\\\/schema\\\/logo\\\/image\\\/\"}}]}<\/script>","yoast_head_json":{"title":"ALOE VERA g\u00e9l - Fytofontana","description":"G\u00e9l s 93\u202f% extraktom z listov Aloe Vera regeneruje, upokojuje, hydratuje, chlad\u00ed a osvie\u017euje. Je ide\u00e1lny na starostlivos\u0165 o such\u00fa, citliv\u00fa \u010di problematick\u00fa poko\u017eku, pri podr\u00e1\u017eden\u00ed slnkom, slne\u010dnou alergiou, po bodnut\u00ed hmyzom \u010di in\u00fdmi vonkaj\u0161\u00edmi vplyvmi.","robots":{"index":"index","follow":"follow","max-snippet":"max-snippet:-1","max-image-preview":"max-image-preview:large","max-video-preview":"max-video-preview:-1"},"canonical":"https:\/\/www.fytofontana.com\/sk\/produkt\/aloe-vera-gel\/","og_locale":"sk_SK","og_type":"article","og_title":"ALOE VERA g\u00e9l - Fytofontana","og_description":"G\u00e9l s 93\u202f% extraktom z listov Aloe Vera regeneruje, upokojuje, hydratuje, chlad\u00ed a osvie\u017euje. Je ide\u00e1lny na starostlivos\u0165 o such\u00fa, citliv\u00fa \u010di problematick\u00fa poko\u017eku, pri podr\u00e1\u017eden\u00ed slnkom, slne\u010dnou alergiou, po bodnut\u00ed hmyzom \u010di in\u00fdmi vonkaj\u0161\u00edmi vplyvmi.","og_url":"https:\/\/www.fytofontana.com\/sk\/produkt\/aloe-vera-gel\/","og_site_name":"Fytofontana","article_modified_time":"2025-07-29T15:02:48+00:00","og_image":[{"width":1000,"height":1000,"url":"https:\/\/www.fytofontana.com\/wp-content\/uploads\/2025\/07\/2025_06_Fytofontana_ALOE_VERA_gel_100ml_01_LQ_Primary.png","type":"image\/png"}],"twitter_card":"summary_large_image","twitter_misc":{"Predpokladan\u00fd \u010das \u010d\u00edtania":"1 min\u00fata"},"schema":{"@context":"https:\/\/schema.org","@graph":[{"@type":["WebPage","ItemPage"],"@id":"https:\/\/www.fytofontana.com\/sk\/produkt\/aloe-vera-gel\/","url":"https:\/\/www.fytofontana.com\/sk\/produkt\/aloe-vera-gel\/","name":"ALOE VERA g\u00e9l - Fytofontana","isPartOf":{"@id":"https:\/\/www.fytofontana.com\/#website"},"primaryImageOfPage":{"@id":"https:\/\/www.fytofontana.com\/sk\/produkt\/aloe-vera-gel\/#primaryimage"},"image":{"@id":"https:\/\/www.fytofontana.com\/sk\/produkt\/aloe-vera-gel\/#primaryimage"},"thumbnailUrl":"https:\/\/www.fytofontana.com\/wp-content\/uploads\/2025\/07\/2025_06_Fytofontana_ALOE_VERA_gel_100ml_01_LQ_Primary.png","datePublished":"2021-02-22T21:29:55+00:00","dateModified":"2025-07-29T15:02:48+00:00","description":"G\u00e9l s 93\u202f% extraktom z listov Aloe Vera regeneruje, upokojuje, hydratuje, chlad\u00ed a osvie\u017euje. Je ide\u00e1lny na starostlivos\u0165 o such\u00fa, citliv\u00fa \u010di problematick\u00fa poko\u017eku, pri podr\u00e1\u017eden\u00ed slnkom, slne\u010dnou alergiou, po bodnut\u00ed hmyzom \u010di in\u00fdmi vonkaj\u0161\u00edmi vplyvmi.","breadcrumb":{"@id":"https:\/\/www.fytofontana.com\/sk\/produkt\/aloe-vera-gel\/#breadcrumb"},"inLanguage":"sk-SK","potentialAction":[{"@type":"ReadAction","target":["https:\/\/www.fytofontana.com\/sk\/produkt\/aloe-vera-gel\/"]}]},{"@type":"ImageObject","inLanguage":"sk-SK","@id":"https:\/\/www.fytofontana.com\/sk\/produkt\/aloe-vera-gel\/#primaryimage","url":"https:\/\/www.fytofontana.com\/wp-content\/uploads\/2025\/07\/2025_06_Fytofontana_ALOE_VERA_gel_100ml_01_LQ_Primary.png","contentUrl":"https:\/\/www.fytofontana.com\/wp-content\/uploads\/2025\/07\/2025_06_Fytofontana_ALOE_VERA_gel_100ml_01_LQ_Primary.png","width":1000,"height":1000},{"@type":"BreadcrumbList","@id":"https:\/\/www.fytofontana.com\/sk\/produkt\/aloe-vera-gel\/#breadcrumb","itemListElement":[{"@type":"ListItem","position":1,"name":"Home","item":"https:\/\/www.fytofontana.com\/sk\/"},{"@type":"ListItem","position":2,"name":"ALOE VERA g\u00e9l"}]},{"@type":"WebSite","@id":"https:\/\/www.fytofontana.com\/#website","url":"https:\/\/www.fytofontana.com\/","name":"Fytofontana","description":"","publisher":{"@id":"https:\/\/www.fytofontana.com\/#organization"},"potentialAction":[{"@type":"SearchAction","target":{"@type":"EntryPoint","urlTemplate":"https:\/\/www.fytofontana.com\/?s={search_term_string}"},"query-input":{"@type":"PropertyValueSpecification","valueRequired":true,"valueName":"search_term_string"}}],"inLanguage":"sk-SK"},{"@type":"Organization","@id":"https:\/\/www.fytofontana.com\/#organization","name":"Fytofontana","url":"https:\/\/www.fytofontana.com\/","logo":{"@type":"ImageObject","inLanguage":"sk-SK","@id":"https:\/\/www.fytofontana.com\/#\/schema\/logo\/image\/","url":"https:\/\/www.fytofontana.com\/wp-content\/uploads\/2021\/01\/fyto.png","contentUrl":"https:\/\/www.fytofontana.com\/wp-content\/uploads\/2021\/01\/fyto.png","width":817,"height":79,"caption":"Fytofontana"},"image":{"@id":"https:\/\/www.fytofontana.com\/#\/schema\/logo\/image\/"}}]}},"_links":{"self":[{"href":"https:\/\/www.fytofontana.com\/sk\/wp-json\/wp\/v2\/product\/1751","targetHints":{"allow":["GET"]}}],"collection":[{"href":"https:\/\/www.fytofontana.com\/sk\/wp-json\/wp\/v2\/product"}],"about":[{"href":"https:\/\/www.fytofontana.com\/sk\/wp-json\/wp\/v2\/types\/product"}],"wp:featuredmedia":[{"embeddable":true,"href":"https:\/\/www.fytofontana.com\/sk\/wp-json\/wp\/v2\/media\/4074"}],"wp:attachment":[{"href":"https:\/\/www.fytofontana.com\/sk\/wp-json\/wp\/v2\/media?parent=1751"}],"wp:term":[{"taxonomy":"products","embeddable":true,"href":"https:\/\/www.fytofontana.com\/sk\/wp-json\/wp\/v2\/products?post=1751"}],"curies":[{"name":"wp","href":"https:\/\/api.w.org\/{rel}","templated":true}]}}