{"id":1748,"date":"2021-02-21T23:15:09","date_gmt":"2021-02-21T22:15:09","guid":{"rendered":"https:\/\/www.fytofontana.com\/hu\/?post_type=product&#038;p=1748"},"modified":"2025-07-30T13:45:15","modified_gmt":"2025-07-30T12:45:15","slug":"aloe-vera-sprej","status":"publish","type":"product","link":"https:\/\/www.fytofontana.com\/sk\/produkt\/aloe-vera-sprej\/","title":{"rendered":"ALOE VERA sprej"},"content":{"rendered":"<ul>\n<li>Fytofontana Aloe Vera sprej je pr\u00edrodn\u00fd kozmetick\u00fd pr\u00edpravok ur\u010den\u00fd na ka\u017edodenn\u00e9 pou\u017eitie, najm\u00e4 vtedy, ke\u010f je poko\u017eka nam\u00e1han\u00e1, podr\u00e1\u017eden\u00e1 alebo vystaven\u00e1 nepriazniv\u00fdm vplyvom \u2013 <strong>po opa\u013eovan\u00ed, holen\u00ed, depil\u00e1cii, bodnut\u00ed hmyzom \u010di drobn\u00fdch poraneniach.<\/strong><\/li>\n<li>Obsahuje vysok\u00fd podiel <strong>Aloe Vera<\/strong> a <strong>uhorkov\u00e9ho extraktu (Cucumis Sativus)<\/strong>, ktor\u00e9 spolo\u010dne p\u00f4sobia <strong>upokojuj\u00faco, hydrata\u010dne a osvie\u017euj\u00faco<\/strong>.<\/li>\n<li><strong>Panthenol<\/strong> a <strong>sodn\u00e1 so\u013e kyseliny hyalur\u00f3novej (Sodium Hyaluronate)<\/strong> podporuj\u00fa <strong>regener\u00e1ciu poko\u017eky<\/strong>, obnovuj\u00fa jej prirodzen\u00fa rovnov\u00e1hu a zvy\u0161uj\u00fa pru\u017enos\u0165.<\/li>\n<li><strong>Mentol<\/strong> zabezpe\u010duje pr\u00edjemn\u00fd chladiv\u00fd efekt, ktor\u00fd prin\u00e1\u0161a okam\u017eit\u00fa \u00fa\u013eavu.<\/li>\n<li><strong>Glycer\u00edn<\/strong> pom\u00e1ha udr\u017ea\u0165 vlhkos\u0165 a zjem\u0148uje poko\u017eku.<\/li>\n<\/ul>\n","protected":false},"featured_media":4099,"template":"","products":[59],"class_list":["post-1748","product","type-product","status-publish","has-post-thumbnail","hentry","products-aloe-vera-sk"],"yoast_head":"<title>ALOE VERA sprej - Fytofontana<\/title>\n<meta name=\"description\" content=\"Upokojuj\u00faci sprej s Aloe vera, uhorkov\u00fdm extraktom, panthenolom a mentolom na podr\u00e1\u017eden\u00fa a nam\u00e1han\u00fa poko\u017eku. Hydratuje, regeneruje, osvie\u017euje a prin\u00e1\u0161a okam\u017eit\u00fa \u00fa\u013eavu po opa\u013eovan\u00ed, holen\u00ed, depil\u00e1cii \u010di bodnut\u00ed hmyzom.\" \/>\n<meta name=\"robots\" content=\"index, follow, max-snippet:-1, max-image-preview:large, max-video-preview:-1\" \/>\n<link rel=\"canonical\" href=\"https:\/\/www.fytofontana.com\/sk\/produkt\/aloe-vera-sprej\/\" \/>\n<meta property=\"og:locale\" content=\"sk_SK\" \/>\n<meta property=\"og:type\" content=\"article\" \/>\n<meta property=\"og:title\" content=\"ALOE VERA sprej - Fytofontana\" \/>\n<meta property=\"og:description\" content=\"Upokojuj\u00faci sprej s Aloe vera, uhorkov\u00fdm extraktom, panthenolom a mentolom na podr\u00e1\u017eden\u00fa a nam\u00e1han\u00fa poko\u017eku. Hydratuje, regeneruje, osvie\u017euje a prin\u00e1\u0161a okam\u017eit\u00fa \u00fa\u013eavu po opa\u013eovan\u00ed, holen\u00ed, depil\u00e1cii \u010di bodnut\u00ed hmyzom.\" \/>\n<meta property=\"og:url\" content=\"https:\/\/www.fytofontana.com\/sk\/produkt\/aloe-vera-sprej\/\" \/>\n<meta property=\"og:site_name\" content=\"Fytofontana\" \/>\n<meta property=\"article:modified_time\" content=\"2025-07-30T12:45:15+00:00\" \/>\n<meta property=\"og:image\" content=\"https:\/\/www.fytofontana.com\/wp-content\/uploads\/2021\/02\/2025_06_Fytofontana_ALOE_VERA_spray_200ml_01_LQ_Primary.png\" \/>\n\t<meta property=\"og:image:width\" content=\"1000\" \/>\n\t<meta property=\"og:image:height\" content=\"1000\" \/>\n\t<meta property=\"og:image:type\" content=\"image\/png\" \/>\n<meta name=\"twitter:card\" content=\"summary_large_image\" \/>\n<meta name=\"twitter:label1\" content=\"Predpokladan\u00fd \u010das \u010d\u00edtania\" \/>\n\t<meta name=\"twitter:data1\" content=\"1 min\u00fata\" \/>\n<script type=\"application\/ld+json\" class=\"yoast-schema-graph\">{\"@context\":\"https:\\\/\\\/schema.org\",\"@graph\":[{\"@type\":[\"WebPage\",\"ItemPage\"],\"@id\":\"https:\\\/\\\/www.fytofontana.com\\\/sk\\\/produkt\\\/aloe-vera-sprej\\\/\",\"url\":\"https:\\\/\\\/www.fytofontana.com\\\/sk\\\/produkt\\\/aloe-vera-sprej\\\/\",\"name\":\"ALOE VERA sprej - Fytofontana\",\"isPartOf\":{\"@id\":\"https:\\\/\\\/www.fytofontana.com\\\/#website\"},\"primaryImageOfPage\":{\"@id\":\"https:\\\/\\\/www.fytofontana.com\\\/sk\\\/produkt\\\/aloe-vera-sprej\\\/#primaryimage\"},\"image\":{\"@id\":\"https:\\\/\\\/www.fytofontana.com\\\/sk\\\/produkt\\\/aloe-vera-sprej\\\/#primaryimage\"},\"thumbnailUrl\":\"https:\\\/\\\/www.fytofontana.com\\\/wp-content\\\/uploads\\\/2021\\\/02\\\/2025_06_Fytofontana_ALOE_VERA_spray_200ml_01_LQ_Primary.png\",\"datePublished\":\"2021-02-21T22:15:09+00:00\",\"dateModified\":\"2025-07-30T12:45:15+00:00\",\"description\":\"Upokojuj\u00faci sprej s Aloe vera, uhorkov\u00fdm extraktom, panthenolom a mentolom na podr\u00e1\u017eden\u00fa a nam\u00e1han\u00fa poko\u017eku. Hydratuje, regeneruje, osvie\u017euje a prin\u00e1\u0161a okam\u017eit\u00fa \u00fa\u013eavu po opa\u013eovan\u00ed, holen\u00ed, depil\u00e1cii \u010di bodnut\u00ed hmyzom.\",\"breadcrumb\":{\"@id\":\"https:\\\/\\\/www.fytofontana.com\\\/sk\\\/produkt\\\/aloe-vera-sprej\\\/#breadcrumb\"},\"inLanguage\":\"sk-SK\",\"potentialAction\":[{\"@type\":\"ReadAction\",\"target\":[\"https:\\\/\\\/www.fytofontana.com\\\/sk\\\/produkt\\\/aloe-vera-sprej\\\/\"]}]},{\"@type\":\"ImageObject\",\"inLanguage\":\"sk-SK\",\"@id\":\"https:\\\/\\\/www.fytofontana.com\\\/sk\\\/produkt\\\/aloe-vera-sprej\\\/#primaryimage\",\"url\":\"https:\\\/\\\/www.fytofontana.com\\\/wp-content\\\/uploads\\\/2021\\\/02\\\/2025_06_Fytofontana_ALOE_VERA_spray_200ml_01_LQ_Primary.png\",\"contentUrl\":\"https:\\\/\\\/www.fytofontana.com\\\/wp-content\\\/uploads\\\/2021\\\/02\\\/2025_06_Fytofontana_ALOE_VERA_spray_200ml_01_LQ_Primary.png\",\"width\":1000,\"height\":1000},{\"@type\":\"BreadcrumbList\",\"@id\":\"https:\\\/\\\/www.fytofontana.com\\\/sk\\\/produkt\\\/aloe-vera-sprej\\\/#breadcrumb\",\"itemListElement\":[{\"@type\":\"ListItem\",\"position\":1,\"name\":\"Home\",\"item\":\"https:\\\/\\\/www.fytofontana.com\\\/sk\\\/\"},{\"@type\":\"ListItem\",\"position\":2,\"name\":\"ALOE VERA sprej\"}]},{\"@type\":\"WebSite\",\"@id\":\"https:\\\/\\\/www.fytofontana.com\\\/#website\",\"url\":\"https:\\\/\\\/www.fytofontana.com\\\/\",\"name\":\"Fytofontana\",\"description\":\"\",\"publisher\":{\"@id\":\"https:\\\/\\\/www.fytofontana.com\\\/#organization\"},\"potentialAction\":[{\"@type\":\"SearchAction\",\"target\":{\"@type\":\"EntryPoint\",\"urlTemplate\":\"https:\\\/\\\/www.fytofontana.com\\\/?s={search_term_string}\"},\"query-input\":{\"@type\":\"PropertyValueSpecification\",\"valueRequired\":true,\"valueName\":\"search_term_string\"}}],\"inLanguage\":\"sk-SK\"},{\"@type\":\"Organization\",\"@id\":\"https:\\\/\\\/www.fytofontana.com\\\/#organization\",\"name\":\"Fytofontana\",\"url\":\"https:\\\/\\\/www.fytofontana.com\\\/\",\"logo\":{\"@type\":\"ImageObject\",\"inLanguage\":\"sk-SK\",\"@id\":\"https:\\\/\\\/www.fytofontana.com\\\/#\\\/schema\\\/logo\\\/image\\\/\",\"url\":\"https:\\\/\\\/www.fytofontana.com\\\/wp-content\\\/uploads\\\/2021\\\/01\\\/fyto.png\",\"contentUrl\":\"https:\\\/\\\/www.fytofontana.com\\\/wp-content\\\/uploads\\\/2021\\\/01\\\/fyto.png\",\"width\":817,\"height\":79,\"caption\":\"Fytofontana\"},\"image\":{\"@id\":\"https:\\\/\\\/www.fytofontana.com\\\/#\\\/schema\\\/logo\\\/image\\\/\"}}]}<\/script>","yoast_head_json":{"title":"ALOE VERA sprej - Fytofontana","description":"Upokojuj\u00faci sprej s Aloe vera, uhorkov\u00fdm extraktom, panthenolom a mentolom na podr\u00e1\u017eden\u00fa a nam\u00e1han\u00fa poko\u017eku. Hydratuje, regeneruje, osvie\u017euje a prin\u00e1\u0161a okam\u017eit\u00fa \u00fa\u013eavu po opa\u013eovan\u00ed, holen\u00ed, depil\u00e1cii \u010di bodnut\u00ed hmyzom.","robots":{"index":"index","follow":"follow","max-snippet":"max-snippet:-1","max-image-preview":"max-image-preview:large","max-video-preview":"max-video-preview:-1"},"canonical":"https:\/\/www.fytofontana.com\/sk\/produkt\/aloe-vera-sprej\/","og_locale":"sk_SK","og_type":"article","og_title":"ALOE VERA sprej - Fytofontana","og_description":"Upokojuj\u00faci sprej s Aloe vera, uhorkov\u00fdm extraktom, panthenolom a mentolom na podr\u00e1\u017eden\u00fa a nam\u00e1han\u00fa poko\u017eku. Hydratuje, regeneruje, osvie\u017euje a prin\u00e1\u0161a okam\u017eit\u00fa \u00fa\u013eavu po opa\u013eovan\u00ed, holen\u00ed, depil\u00e1cii \u010di bodnut\u00ed hmyzom.","og_url":"https:\/\/www.fytofontana.com\/sk\/produkt\/aloe-vera-sprej\/","og_site_name":"Fytofontana","article_modified_time":"2025-07-30T12:45:15+00:00","og_image":[{"width":1000,"height":1000,"url":"https:\/\/www.fytofontana.com\/wp-content\/uploads\/2021\/02\/2025_06_Fytofontana_ALOE_VERA_spray_200ml_01_LQ_Primary.png","type":"image\/png"}],"twitter_card":"summary_large_image","twitter_misc":{"Predpokladan\u00fd \u010das \u010d\u00edtania":"1 min\u00fata"},"schema":{"@context":"https:\/\/schema.org","@graph":[{"@type":["WebPage","ItemPage"],"@id":"https:\/\/www.fytofontana.com\/sk\/produkt\/aloe-vera-sprej\/","url":"https:\/\/www.fytofontana.com\/sk\/produkt\/aloe-vera-sprej\/","name":"ALOE VERA sprej - Fytofontana","isPartOf":{"@id":"https:\/\/www.fytofontana.com\/#website"},"primaryImageOfPage":{"@id":"https:\/\/www.fytofontana.com\/sk\/produkt\/aloe-vera-sprej\/#primaryimage"},"image":{"@id":"https:\/\/www.fytofontana.com\/sk\/produkt\/aloe-vera-sprej\/#primaryimage"},"thumbnailUrl":"https:\/\/www.fytofontana.com\/wp-content\/uploads\/2021\/02\/2025_06_Fytofontana_ALOE_VERA_spray_200ml_01_LQ_Primary.png","datePublished":"2021-02-21T22:15:09+00:00","dateModified":"2025-07-30T12:45:15+00:00","description":"Upokojuj\u00faci sprej s Aloe vera, uhorkov\u00fdm extraktom, panthenolom a mentolom na podr\u00e1\u017eden\u00fa a nam\u00e1han\u00fa poko\u017eku. Hydratuje, regeneruje, osvie\u017euje a prin\u00e1\u0161a okam\u017eit\u00fa \u00fa\u013eavu po opa\u013eovan\u00ed, holen\u00ed, depil\u00e1cii \u010di bodnut\u00ed hmyzom.","breadcrumb":{"@id":"https:\/\/www.fytofontana.com\/sk\/produkt\/aloe-vera-sprej\/#breadcrumb"},"inLanguage":"sk-SK","potentialAction":[{"@type":"ReadAction","target":["https:\/\/www.fytofontana.com\/sk\/produkt\/aloe-vera-sprej\/"]}]},{"@type":"ImageObject","inLanguage":"sk-SK","@id":"https:\/\/www.fytofontana.com\/sk\/produkt\/aloe-vera-sprej\/#primaryimage","url":"https:\/\/www.fytofontana.com\/wp-content\/uploads\/2021\/02\/2025_06_Fytofontana_ALOE_VERA_spray_200ml_01_LQ_Primary.png","contentUrl":"https:\/\/www.fytofontana.com\/wp-content\/uploads\/2021\/02\/2025_06_Fytofontana_ALOE_VERA_spray_200ml_01_LQ_Primary.png","width":1000,"height":1000},{"@type":"BreadcrumbList","@id":"https:\/\/www.fytofontana.com\/sk\/produkt\/aloe-vera-sprej\/#breadcrumb","itemListElement":[{"@type":"ListItem","position":1,"name":"Home","item":"https:\/\/www.fytofontana.com\/sk\/"},{"@type":"ListItem","position":2,"name":"ALOE VERA sprej"}]},{"@type":"WebSite","@id":"https:\/\/www.fytofontana.com\/#website","url":"https:\/\/www.fytofontana.com\/","name":"Fytofontana","description":"","publisher":{"@id":"https:\/\/www.fytofontana.com\/#organization"},"potentialAction":[{"@type":"SearchAction","target":{"@type":"EntryPoint","urlTemplate":"https:\/\/www.fytofontana.com\/?s={search_term_string}"},"query-input":{"@type":"PropertyValueSpecification","valueRequired":true,"valueName":"search_term_string"}}],"inLanguage":"sk-SK"},{"@type":"Organization","@id":"https:\/\/www.fytofontana.com\/#organization","name":"Fytofontana","url":"https:\/\/www.fytofontana.com\/","logo":{"@type":"ImageObject","inLanguage":"sk-SK","@id":"https:\/\/www.fytofontana.com\/#\/schema\/logo\/image\/","url":"https:\/\/www.fytofontana.com\/wp-content\/uploads\/2021\/01\/fyto.png","contentUrl":"https:\/\/www.fytofontana.com\/wp-content\/uploads\/2021\/01\/fyto.png","width":817,"height":79,"caption":"Fytofontana"},"image":{"@id":"https:\/\/www.fytofontana.com\/#\/schema\/logo\/image\/"}}]}},"_links":{"self":[{"href":"https:\/\/www.fytofontana.com\/sk\/wp-json\/wp\/v2\/product\/1748","targetHints":{"allow":["GET"]}}],"collection":[{"href":"https:\/\/www.fytofontana.com\/sk\/wp-json\/wp\/v2\/product"}],"about":[{"href":"https:\/\/www.fytofontana.com\/sk\/wp-json\/wp\/v2\/types\/product"}],"wp:featuredmedia":[{"embeddable":true,"href":"https:\/\/www.fytofontana.com\/sk\/wp-json\/wp\/v2\/media\/4099"}],"wp:attachment":[{"href":"https:\/\/www.fytofontana.com\/sk\/wp-json\/wp\/v2\/media?parent=1748"}],"wp:term":[{"taxonomy":"products","embeddable":true,"href":"https:\/\/www.fytofontana.com\/sk\/wp-json\/wp\/v2\/products?post=1748"}],"curies":[{"name":"wp","href":"https:\/\/api.w.org\/{rel}","templated":true}]}}