{"id":1747,"date":"2021-02-21T22:40:14","date_gmt":"2021-02-21T21:40:14","guid":{"rendered":"https:\/\/www.fytofontana.com\/hu\/?post_type=product&#038;p=1747"},"modified":"2025-08-01T11:27:33","modified_gmt":"2025-08-01T10:27:33","slug":"aloe-vera-kapsuly","status":"publish","type":"product","link":"https:\/\/www.fytofontana.com\/sk\/produkt\/aloe-vera-kapsuly\/","title":{"rendered":"ALOE VERA kapsuly"},"content":{"rendered":"<ul>\n<li>\u00da\u010dinn\u00e9 l\u00e1tky aloe vera pom\u00e1haj\u00fa podporova\u0165 tr\u00e1venie a priaznivo p\u00f4sobia na funkcie \u010drevn\u00e9ho syst\u00e9mu.<\/li>\n<li>Prispievaj\u00fa k pravidelnej funkcii \u010driev, \u010do prispieva k pravideln\u00e9mu vypr\u00e1zd\u0148ovaniu.<\/li>\n<li>V\u010faka svojim vlastnostiam pozit\u00edvne ovplyv\u0148uj\u00fa tvorbu inzul\u00ednu a t\u00fdm pom\u00e1haj\u00fa udr\u017eiava\u0165 norm\u00e1lnu hladinu cukru v krvi.<\/li>\n<li>Akt\u00edvne na seba via\u017eu jedovat\u00e9 l\u00e1tky, ktor\u00e9 sa hromadia v tr\u00e1viacom trakte a t\u00fdm prispievaj\u00fa k detoxik\u00e1cii organizmu.<\/li>\n<li>Svojim antioxida\u010dn\u00fdm \u00fa\u010dinkom s\u00fa prostriedkom pre obmedzenie tvorby vo\u013en\u00fdch kysl\u00edkov\u00fdch radik\u00e1lov, ako jednej z hlavn\u00fdch pr\u00ed\u010din procesu starnutia.<\/li>\n<li>Prispievaj\u00fa k prirodzenej obranyschopnosti.<\/li>\n<\/ul>\n","protected":false},"featured_media":4178,"template":"","products":[59],"class_list":["post-1747","product","type-product","status-publish","has-post-thumbnail","hentry","products-aloe-vera-sk"],"yoast_head":"<title>ALOE VERA kapsuly - Fytofontana<\/title>\n<meta name=\"description\" content=\"Kapsuly s aloe vera extraktom podporuj\u00fa tr\u00e1venie, prispievaj\u00fa k pravideln\u00e9mu vypr\u00e1zd\u0148ovaniu a detoxik\u00e1cii. Pom\u00e1haj\u00fa udr\u017eiava\u0165 norm\u00e1lnu hladinu cukru v krvi a chr\u00e1nia bunky pred oxida\u010dn\u00fdm stresom. Podporuj\u00fa prirodzen\u00fa imunitu.\" \/>\n<meta name=\"robots\" content=\"index, follow, max-snippet:-1, max-image-preview:large, max-video-preview:-1\" \/>\n<link rel=\"canonical\" href=\"https:\/\/www.fytofontana.com\/sk\/produkt\/aloe-vera-kapsuly\/\" \/>\n<meta property=\"og:locale\" content=\"sk_SK\" \/>\n<meta property=\"og:type\" content=\"article\" \/>\n<meta property=\"og:title\" content=\"ALOE VERA kapsuly - Fytofontana\" \/>\n<meta property=\"og:description\" content=\"Kapsuly s aloe vera extraktom podporuj\u00fa tr\u00e1venie, prispievaj\u00fa k pravideln\u00e9mu vypr\u00e1zd\u0148ovaniu a detoxik\u00e1cii. Pom\u00e1haj\u00fa udr\u017eiava\u0165 norm\u00e1lnu hladinu cukru v krvi a chr\u00e1nia bunky pred oxida\u010dn\u00fdm stresom. Podporuj\u00fa prirodzen\u00fa imunitu.\" \/>\n<meta property=\"og:url\" content=\"https:\/\/www.fytofontana.com\/sk\/produkt\/aloe-vera-kapsuly\/\" \/>\n<meta property=\"og:site_name\" content=\"Fytofontana\" \/>\n<meta property=\"article:modified_time\" content=\"2025-08-01T10:27:33+00:00\" \/>\n<meta property=\"og:image\" content=\"https:\/\/www.fytofontana.com\/wp-content\/uploads\/2021\/02\/2025_06_Fytofontana_ALOE_VERA_capsules_30cps_01_LQ_Primary.png\" \/>\n\t<meta property=\"og:image:width\" content=\"1000\" \/>\n\t<meta property=\"og:image:height\" content=\"1000\" \/>\n\t<meta property=\"og:image:type\" content=\"image\/png\" \/>\n<meta name=\"twitter:card\" content=\"summary_large_image\" \/>\n<meta name=\"twitter:label1\" content=\"Predpokladan\u00fd \u010das \u010d\u00edtania\" \/>\n\t<meta name=\"twitter:data1\" content=\"1 min\u00fata\" \/>\n<script type=\"application\/ld+json\" class=\"yoast-schema-graph\">{\"@context\":\"https:\\\/\\\/schema.org\",\"@graph\":[{\"@type\":[\"WebPage\",\"ItemPage\"],\"@id\":\"https:\\\/\\\/www.fytofontana.com\\\/sk\\\/produkt\\\/aloe-vera-kapsuly\\\/\",\"url\":\"https:\\\/\\\/www.fytofontana.com\\\/sk\\\/produkt\\\/aloe-vera-kapsuly\\\/\",\"name\":\"ALOE VERA kapsuly - Fytofontana\",\"isPartOf\":{\"@id\":\"https:\\\/\\\/www.fytofontana.com\\\/#website\"},\"primaryImageOfPage\":{\"@id\":\"https:\\\/\\\/www.fytofontana.com\\\/sk\\\/produkt\\\/aloe-vera-kapsuly\\\/#primaryimage\"},\"image\":{\"@id\":\"https:\\\/\\\/www.fytofontana.com\\\/sk\\\/produkt\\\/aloe-vera-kapsuly\\\/#primaryimage\"},\"thumbnailUrl\":\"https:\\\/\\\/www.fytofontana.com\\\/wp-content\\\/uploads\\\/2021\\\/02\\\/2025_06_Fytofontana_ALOE_VERA_capsules_30cps_01_LQ_Primary.png\",\"datePublished\":\"2021-02-21T21:40:14+00:00\",\"dateModified\":\"2025-08-01T10:27:33+00:00\",\"description\":\"Kapsuly s aloe vera extraktom podporuj\u00fa tr\u00e1venie, prispievaj\u00fa k pravideln\u00e9mu vypr\u00e1zd\u0148ovaniu a detoxik\u00e1cii. Pom\u00e1haj\u00fa udr\u017eiava\u0165 norm\u00e1lnu hladinu cukru v krvi a chr\u00e1nia bunky pred oxida\u010dn\u00fdm stresom. Podporuj\u00fa prirodzen\u00fa imunitu.\",\"breadcrumb\":{\"@id\":\"https:\\\/\\\/www.fytofontana.com\\\/sk\\\/produkt\\\/aloe-vera-kapsuly\\\/#breadcrumb\"},\"inLanguage\":\"sk-SK\",\"potentialAction\":[{\"@type\":\"ReadAction\",\"target\":[\"https:\\\/\\\/www.fytofontana.com\\\/sk\\\/produkt\\\/aloe-vera-kapsuly\\\/\"]}]},{\"@type\":\"ImageObject\",\"inLanguage\":\"sk-SK\",\"@id\":\"https:\\\/\\\/www.fytofontana.com\\\/sk\\\/produkt\\\/aloe-vera-kapsuly\\\/#primaryimage\",\"url\":\"https:\\\/\\\/www.fytofontana.com\\\/wp-content\\\/uploads\\\/2021\\\/02\\\/2025_06_Fytofontana_ALOE_VERA_capsules_30cps_01_LQ_Primary.png\",\"contentUrl\":\"https:\\\/\\\/www.fytofontana.com\\\/wp-content\\\/uploads\\\/2021\\\/02\\\/2025_06_Fytofontana_ALOE_VERA_capsules_30cps_01_LQ_Primary.png\",\"width\":1000,\"height\":1000},{\"@type\":\"BreadcrumbList\",\"@id\":\"https:\\\/\\\/www.fytofontana.com\\\/sk\\\/produkt\\\/aloe-vera-kapsuly\\\/#breadcrumb\",\"itemListElement\":[{\"@type\":\"ListItem\",\"position\":1,\"name\":\"Home\",\"item\":\"https:\\\/\\\/www.fytofontana.com\\\/sk\\\/\"},{\"@type\":\"ListItem\",\"position\":2,\"name\":\"ALOE VERA kapsuly\"}]},{\"@type\":\"WebSite\",\"@id\":\"https:\\\/\\\/www.fytofontana.com\\\/#website\",\"url\":\"https:\\\/\\\/www.fytofontana.com\\\/\",\"name\":\"Fytofontana\",\"description\":\"\",\"publisher\":{\"@id\":\"https:\\\/\\\/www.fytofontana.com\\\/#organization\"},\"potentialAction\":[{\"@type\":\"SearchAction\",\"target\":{\"@type\":\"EntryPoint\",\"urlTemplate\":\"https:\\\/\\\/www.fytofontana.com\\\/?s={search_term_string}\"},\"query-input\":{\"@type\":\"PropertyValueSpecification\",\"valueRequired\":true,\"valueName\":\"search_term_string\"}}],\"inLanguage\":\"sk-SK\"},{\"@type\":\"Organization\",\"@id\":\"https:\\\/\\\/www.fytofontana.com\\\/#organization\",\"name\":\"Fytofontana\",\"url\":\"https:\\\/\\\/www.fytofontana.com\\\/\",\"logo\":{\"@type\":\"ImageObject\",\"inLanguage\":\"sk-SK\",\"@id\":\"https:\\\/\\\/www.fytofontana.com\\\/#\\\/schema\\\/logo\\\/image\\\/\",\"url\":\"https:\\\/\\\/www.fytofontana.com\\\/wp-content\\\/uploads\\\/2021\\\/01\\\/fyto.png\",\"contentUrl\":\"https:\\\/\\\/www.fytofontana.com\\\/wp-content\\\/uploads\\\/2021\\\/01\\\/fyto.png\",\"width\":817,\"height\":79,\"caption\":\"Fytofontana\"},\"image\":{\"@id\":\"https:\\\/\\\/www.fytofontana.com\\\/#\\\/schema\\\/logo\\\/image\\\/\"}}]}<\/script>","yoast_head_json":{"title":"ALOE VERA kapsuly - Fytofontana","description":"Kapsuly s aloe vera extraktom podporuj\u00fa tr\u00e1venie, prispievaj\u00fa k pravideln\u00e9mu vypr\u00e1zd\u0148ovaniu a detoxik\u00e1cii. Pom\u00e1haj\u00fa udr\u017eiava\u0165 norm\u00e1lnu hladinu cukru v krvi a chr\u00e1nia bunky pred oxida\u010dn\u00fdm stresom. Podporuj\u00fa prirodzen\u00fa imunitu.","robots":{"index":"index","follow":"follow","max-snippet":"max-snippet:-1","max-image-preview":"max-image-preview:large","max-video-preview":"max-video-preview:-1"},"canonical":"https:\/\/www.fytofontana.com\/sk\/produkt\/aloe-vera-kapsuly\/","og_locale":"sk_SK","og_type":"article","og_title":"ALOE VERA kapsuly - Fytofontana","og_description":"Kapsuly s aloe vera extraktom podporuj\u00fa tr\u00e1venie, prispievaj\u00fa k pravideln\u00e9mu vypr\u00e1zd\u0148ovaniu a detoxik\u00e1cii. Pom\u00e1haj\u00fa udr\u017eiava\u0165 norm\u00e1lnu hladinu cukru v krvi a chr\u00e1nia bunky pred oxida\u010dn\u00fdm stresom. Podporuj\u00fa prirodzen\u00fa imunitu.","og_url":"https:\/\/www.fytofontana.com\/sk\/produkt\/aloe-vera-kapsuly\/","og_site_name":"Fytofontana","article_modified_time":"2025-08-01T10:27:33+00:00","og_image":[{"width":1000,"height":1000,"url":"https:\/\/www.fytofontana.com\/wp-content\/uploads\/2021\/02\/2025_06_Fytofontana_ALOE_VERA_capsules_30cps_01_LQ_Primary.png","type":"image\/png"}],"twitter_card":"summary_large_image","twitter_misc":{"Predpokladan\u00fd \u010das \u010d\u00edtania":"1 min\u00fata"},"schema":{"@context":"https:\/\/schema.org","@graph":[{"@type":["WebPage","ItemPage"],"@id":"https:\/\/www.fytofontana.com\/sk\/produkt\/aloe-vera-kapsuly\/","url":"https:\/\/www.fytofontana.com\/sk\/produkt\/aloe-vera-kapsuly\/","name":"ALOE VERA kapsuly - Fytofontana","isPartOf":{"@id":"https:\/\/www.fytofontana.com\/#website"},"primaryImageOfPage":{"@id":"https:\/\/www.fytofontana.com\/sk\/produkt\/aloe-vera-kapsuly\/#primaryimage"},"image":{"@id":"https:\/\/www.fytofontana.com\/sk\/produkt\/aloe-vera-kapsuly\/#primaryimage"},"thumbnailUrl":"https:\/\/www.fytofontana.com\/wp-content\/uploads\/2021\/02\/2025_06_Fytofontana_ALOE_VERA_capsules_30cps_01_LQ_Primary.png","datePublished":"2021-02-21T21:40:14+00:00","dateModified":"2025-08-01T10:27:33+00:00","description":"Kapsuly s aloe vera extraktom podporuj\u00fa tr\u00e1venie, prispievaj\u00fa k pravideln\u00e9mu vypr\u00e1zd\u0148ovaniu a detoxik\u00e1cii. Pom\u00e1haj\u00fa udr\u017eiava\u0165 norm\u00e1lnu hladinu cukru v krvi a chr\u00e1nia bunky pred oxida\u010dn\u00fdm stresom. Podporuj\u00fa prirodzen\u00fa imunitu.","breadcrumb":{"@id":"https:\/\/www.fytofontana.com\/sk\/produkt\/aloe-vera-kapsuly\/#breadcrumb"},"inLanguage":"sk-SK","potentialAction":[{"@type":"ReadAction","target":["https:\/\/www.fytofontana.com\/sk\/produkt\/aloe-vera-kapsuly\/"]}]},{"@type":"ImageObject","inLanguage":"sk-SK","@id":"https:\/\/www.fytofontana.com\/sk\/produkt\/aloe-vera-kapsuly\/#primaryimage","url":"https:\/\/www.fytofontana.com\/wp-content\/uploads\/2021\/02\/2025_06_Fytofontana_ALOE_VERA_capsules_30cps_01_LQ_Primary.png","contentUrl":"https:\/\/www.fytofontana.com\/wp-content\/uploads\/2021\/02\/2025_06_Fytofontana_ALOE_VERA_capsules_30cps_01_LQ_Primary.png","width":1000,"height":1000},{"@type":"BreadcrumbList","@id":"https:\/\/www.fytofontana.com\/sk\/produkt\/aloe-vera-kapsuly\/#breadcrumb","itemListElement":[{"@type":"ListItem","position":1,"name":"Home","item":"https:\/\/www.fytofontana.com\/sk\/"},{"@type":"ListItem","position":2,"name":"ALOE VERA kapsuly"}]},{"@type":"WebSite","@id":"https:\/\/www.fytofontana.com\/#website","url":"https:\/\/www.fytofontana.com\/","name":"Fytofontana","description":"","publisher":{"@id":"https:\/\/www.fytofontana.com\/#organization"},"potentialAction":[{"@type":"SearchAction","target":{"@type":"EntryPoint","urlTemplate":"https:\/\/www.fytofontana.com\/?s={search_term_string}"},"query-input":{"@type":"PropertyValueSpecification","valueRequired":true,"valueName":"search_term_string"}}],"inLanguage":"sk-SK"},{"@type":"Organization","@id":"https:\/\/www.fytofontana.com\/#organization","name":"Fytofontana","url":"https:\/\/www.fytofontana.com\/","logo":{"@type":"ImageObject","inLanguage":"sk-SK","@id":"https:\/\/www.fytofontana.com\/#\/schema\/logo\/image\/","url":"https:\/\/www.fytofontana.com\/wp-content\/uploads\/2021\/01\/fyto.png","contentUrl":"https:\/\/www.fytofontana.com\/wp-content\/uploads\/2021\/01\/fyto.png","width":817,"height":79,"caption":"Fytofontana"},"image":{"@id":"https:\/\/www.fytofontana.com\/#\/schema\/logo\/image\/"}}]}},"_links":{"self":[{"href":"https:\/\/www.fytofontana.com\/sk\/wp-json\/wp\/v2\/product\/1747","targetHints":{"allow":["GET"]}}],"collection":[{"href":"https:\/\/www.fytofontana.com\/sk\/wp-json\/wp\/v2\/product"}],"about":[{"href":"https:\/\/www.fytofontana.com\/sk\/wp-json\/wp\/v2\/types\/product"}],"wp:featuredmedia":[{"embeddable":true,"href":"https:\/\/www.fytofontana.com\/sk\/wp-json\/wp\/v2\/media\/4178"}],"wp:attachment":[{"href":"https:\/\/www.fytofontana.com\/sk\/wp-json\/wp\/v2\/media?parent=1747"}],"wp:term":[{"taxonomy":"products","embeddable":true,"href":"https:\/\/www.fytofontana.com\/sk\/wp-json\/wp\/v2\/products?post=1747"}],"curies":[{"name":"wp","href":"https:\/\/api.w.org\/{rel}","templated":true}]}}