{"id":1651,"date":"2021-01-31T22:17:46","date_gmt":"2021-01-31T21:17:46","guid":{"rendered":"https:\/\/www.fytofontana.com\/hu\/?post_type=product&#038;p=1651"},"modified":"2025-10-14T11:37:19","modified_gmt":"2025-10-14T10:37:19","slug":"gyntima-probiotica","status":"publish","type":"product","link":"https:\/\/www.fytofontana.com\/sk\/produkt\/gyntima-probiotica\/","title":{"rendered":"GYNTIMA Probiotica"},"content":{"rendered":"<p><strong>Pravideln\u00e1 starostlivos\u0165 o\u00a0vagin\u00e1lnu fl\u00f3ru a\u00a0prevencia infekci\u00ed<\/strong><\/p>\n<ul>\n<li><b>MDR certifikovan\u00e1 zdravotn\u00edcka pom\u00f4cka <\/b>(EU 2017\/745).<\/li>\n<li>Obnovuje prirodzen\u00fa rovnov\u00e1hu mikrofl\u00f3ry v\u00a0po\u0161ve.<\/li>\n<li>Vhodn\u00e9 pri a\u00a0po u\u017e\u00edvan\u00ed antibiot\u00edk, pri podr\u00e1\u017edeniach int\u00edmnych parti\u00ed, naru\u0161en\u00ed rovnov\u00e1hy v po\u0161ve a\u00a0upravuje v\u00fdtoky nezn\u00e1meho p\u00f4vodu.<\/li>\n<li>Vytv\u00e1ra \u017eivn\u00fa p\u00f4du pre laktobacily,\u00a0u\u013eah\u010duje ich rozmno\u017eovanie a\u00a0pre\u017e\u00edvanie.<\/li>\n<li>Obsahuje pr\u00edrodn\u00e9, telu ne\u0161kodn\u00e9 l\u00e1tky.<\/li>\n<li>Vhodn\u00e9 na dlhodob\u00e9 prevent\u00edvne pou\u017e\u00edvanie.<\/li>\n<\/ul>\n","protected":false},"featured_media":3153,"template":"","products":[57],"yoast_head":"<title>GYNTIMA Probiotica - Fytofontana<\/title>\n<meta name=\"description\" content=\"Vagin\u00e1lne \u010dap\u00edky. Prirodzen\u00e9 biologick\u00e9 rie\u0161enie. Pravideln\u00e1 starostlivos\u0165 o\u00a0vagin\u00e1lnu fl\u00f3ru a\u00a0prevencia infekci\u00ed.\" \/>\n<meta name=\"robots\" content=\"index, follow, max-snippet:-1, max-image-preview:large, max-video-preview:-1\" \/>\n<link rel=\"canonical\" href=\"https:\/\/www.fytofontana.com\/sk\/produkt\/gyntima-probiotica\/\" \/>\n<meta property=\"og:locale\" content=\"sk_SK\" \/>\n<meta property=\"og:type\" content=\"article\" \/>\n<meta property=\"og:title\" content=\"GYNTIMA Probiotica - Fytofontana\" \/>\n<meta property=\"og:description\" content=\"Vagin\u00e1lne \u010dap\u00edky. Prirodzen\u00e9 biologick\u00e9 rie\u0161enie. Pravideln\u00e1 starostlivos\u0165 o\u00a0vagin\u00e1lnu fl\u00f3ru a\u00a0prevencia infekci\u00ed.\" \/>\n<meta property=\"og:url\" content=\"https:\/\/www.fytofontana.com\/sk\/produkt\/gyntima-probiotica\/\" \/>\n<meta property=\"og:site_name\" content=\"Fytofontana\" \/>\n<meta property=\"article:modified_time\" content=\"2025-10-14T10:37:19+00:00\" \/>\n<meta property=\"og:image\" content=\"https:\/\/www.fytofontana.com\/wp-content\/uploads\/2021\/01\/2025_04_GYNTIMA_Vag_Cap_Probiotica_10ks_01_HQ_Primary-1-e1748421327428.png\" \/>\n\t<meta property=\"og:image:width\" content=\"800\" \/>\n\t<meta property=\"og:image:height\" content=\"800\" \/>\n<meta name=\"twitter:card\" content=\"summary_large_image\" \/>\n<meta name=\"twitter:label1\" content=\"Predpokladan\u00fd \u010das \u010d\u00edtania\">\n\t<meta name=\"twitter:data1\" content=\"1 min\u00fata\">\n<script type=\"application\/ld+json\" class=\"yoast-schema-graph\">{\"@context\":\"https:\/\/schema.org\",\"@graph\":[{\"@type\":\"Organization\",\"@id\":\"https:\/\/www.fytofontana.com\/#organization\",\"name\":\"Fytofontana\",\"url\":\"https:\/\/www.fytofontana.com\/\",\"sameAs\":[],\"logo\":{\"@type\":\"ImageObject\",\"@id\":\"https:\/\/www.fytofontana.com\/#logo\",\"inLanguage\":\"sk-SK\",\"url\":\"https:\/\/www.fytofontana.com\/wp-content\/uploads\/2021\/01\/fyto.png\",\"width\":817,\"height\":79,\"caption\":\"Fytofontana\"},\"image\":{\"@id\":\"https:\/\/www.fytofontana.com\/#logo\"}},{\"@type\":\"WebSite\",\"@id\":\"https:\/\/www.fytofontana.com\/#website\",\"url\":\"https:\/\/www.fytofontana.com\/\",\"name\":\"Fytofontana\",\"description\":\"\",\"publisher\":{\"@id\":\"https:\/\/www.fytofontana.com\/#organization\"},\"potentialAction\":[{\"@type\":\"SearchAction\",\"target\":\"https:\/\/www.fytofontana.com\/?s={search_term_string}\",\"query-input\":\"required name=search_term_string\"}],\"inLanguage\":\"sk-SK\"},{\"@type\":\"ImageObject\",\"@id\":\"https:\/\/www.fytofontana.com\/sk\/produkt\/gyntima-probiotica\/#primaryimage\",\"inLanguage\":\"sk-SK\",\"url\":\"https:\/\/www.fytofontana.com\/wp-content\/uploads\/2021\/01\/2025_04_GYNTIMA_Vag_Cap_Probiotica_10ks_01_HQ_Primary-1-e1748421327428.png\",\"width\":800,\"height\":800},{\"@type\":[\"WebPage\",\"ItemPage\"],\"@id\":\"https:\/\/www.fytofontana.com\/sk\/produkt\/gyntima-probiotica\/#webpage\",\"url\":\"https:\/\/www.fytofontana.com\/sk\/produkt\/gyntima-probiotica\/\",\"name\":\"GYNTIMA Probiotica - Fytofontana\",\"isPartOf\":{\"@id\":\"https:\/\/www.fytofontana.com\/#website\"},\"primaryImageOfPage\":{\"@id\":\"https:\/\/www.fytofontana.com\/sk\/produkt\/gyntima-probiotica\/#primaryimage\"},\"datePublished\":\"2021-01-31T21:17:46+00:00\",\"dateModified\":\"2025-10-14T10:37:19+00:00\",\"description\":\"Vagin\\u00e1lne \\u010dap\\u00edky. Prirodzen\\u00e9 biologick\\u00e9 rie\\u0161enie. Pravideln\\u00e1 starostlivos\\u0165 o\\u00a0vagin\\u00e1lnu fl\\u00f3ru a\\u00a0prevencia infekci\\u00ed.\",\"breadcrumb\":{\"@id\":\"https:\/\/www.fytofontana.com\/sk\/produkt\/gyntima-probiotica\/#breadcrumb\"},\"inLanguage\":\"sk-SK\",\"potentialAction\":[{\"@type\":\"ReadAction\",\"target\":[\"https:\/\/www.fytofontana.com\/sk\/produkt\/gyntima-probiotica\/\"]}]},{\"@type\":\"BreadcrumbList\",\"@id\":\"https:\/\/www.fytofontana.com\/sk\/produkt\/gyntima-probiotica\/#breadcrumb\",\"itemListElement\":[{\"@type\":\"ListItem\",\"position\":1,\"item\":{\"@type\":\"WebPage\",\"@id\":\"https:\/\/www.fytofontana.com\/sk\/\",\"url\":\"https:\/\/www.fytofontana.com\/sk\/\",\"name\":\"Home\"}},{\"@type\":\"ListItem\",\"position\":2,\"item\":{\"@type\":\"WebPage\",\"@id\":\"https:\/\/www.fytofontana.com\/sk\/produkt\/gyntima-probiotica\/\",\"url\":\"https:\/\/www.fytofontana.com\/sk\/produkt\/gyntima-probiotica\/\",\"name\":\"GYNTIMA Probiotica\"}}]}]}<\/script>","_links":{"self":[{"href":"https:\/\/www.fytofontana.com\/sk\/wp-json\/wp\/v2\/product\/1651"}],"collection":[{"href":"https:\/\/www.fytofontana.com\/sk\/wp-json\/wp\/v2\/product"}],"about":[{"href":"https:\/\/www.fytofontana.com\/sk\/wp-json\/wp\/v2\/types\/product"}],"wp:featuredmedia":[{"embeddable":true,"href":"https:\/\/www.fytofontana.com\/sk\/wp-json\/wp\/v2\/media\/3153"}],"wp:attachment":[{"href":"https:\/\/www.fytofontana.com\/sk\/wp-json\/wp\/v2\/media?parent=1651"}],"wp:term":[{"taxonomy":"products","embeddable":true,"href":"https:\/\/www.fytofontana.com\/sk\/wp-json\/wp\/v2\/products?post=1651"}],"curies":[{"name":"wp","href":"https:\/\/api.w.org\/{rel}","templated":true}]}}