{"id":767,"date":"2021-01-25T20:54:08","date_gmt":"2021-01-25T19:54:08","guid":{"rendered":"https:\/\/www.fytofontana.com\/hu\/?page_id=767"},"modified":"2025-10-15T20:26:11","modified_gmt":"2025-10-15T19:26:11","slug":"o-nas","status":"publish","type":"page","link":"https:\/\/www.fytofontana.com\/sk\/o-nas\/","title":{"rendered":"O n\u00e1s"},"content":{"rendered":"<section id=\"section-hero-block_5fd6a0c796abc\" class=\"section-hero small flex items-center text-fytofontana relative\">\n\t<div  style=\"background-image: url('https:\/\/www.fytofontana.com\/wp-content\/uploads\/2020\/12\/hero-about.jpg')\"  class=\"absolute inset-0 bg-center bg-no-repeat bg-cover opacity-30 lg:opacity-100\"><\/div>\n\t<div class=\"container z-10\">\n\t\t<div class=\"row\">\n\t\t\t<div class=\"w-full lg:w-1\/2\">\n\t\t\t\t<h1 class=\"text-5xl font-extrabold leading-tight\">Na\u0161e poslanie<\/h1>\n\t\t\t\t<p class=\"my-12\">Na\u0161ou snahou je vyr\u00e1ba\u0165 v\u00fdrobky z udr\u017eate\u013en\u00fdch pr\u00edrodn\u00fdch zdrojov a pomocou vedy dosiahnu\u0165 najlep\u0161ie v\u00fdsledky a \u00fa\u010dinky, ktor\u00e9 tieto l\u00e1tky m\u00f4\u017eu pon\u00faknu\u0165. Prostredn\u00edctvom na\u0161ej v\u00edzie \u013eudsk\u00e9ho zdravia zalo\u017eenej na pr\u00edrodn\u00fdch, biotechnologick\u00fdch v\u00fdrobkoch sa neust\u00e1le u\u010d\u00edme a sk\u00famame nov\u00e9 ingrediencie a sp\u00f4soby pou\u017eitia. V spolo\u010dnosti Herb-Pharma, ktor\u00e1 je vlastn\u00edkom a producentom zna\u010diek Fytofontana, s\u00fa inov\u00e1cie v\u0161ade pr\u00edtomn\u00e9 a vytv\u00e1raj\u00fa nov\u00fa paradigmu pre biotechnologick\u00fd priemysel.<\/p>\n\t\t\t<\/div>\n\t\t<\/div>\n\t<\/div>\n<\/section>\n\n\n\n<div class=\"wp-block-columns is-layout-flex wp-container-core-columns-is-layout-9d6595d7 wp-block-columns-is-layout-flex\">\n<div class=\"wp-block-column is-layout-flow wp-block-column-is-layout-flow\" style=\"flex-basis:100%\"><section class=\"container py-20 lg:py-40\">\n\t<div class=\"flex flex-wrap -mx-2\">\n\t\t\t\t<div class=\"w-full lg:w-7\/12 px-2\">\n\t\t\t<img decoding=\"async\" src=\"https:\/\/www.fytofontana.com\/wp-content\/uploads\/2020\/12\/AdobeStock_301556876-2-2.jpg\" alt=\"\" class=\"mb-6 lg:mb-0\">\n\t\t<\/div>\n\t\t\t\t<div class=\"w-full lg:w-5\/12 px-2\">\n\t\t\t<h2 class=\"mb-6 text-4xl font-extrabold leading-tight\">Spolo\u010dnos\u0165<\/h2>\n\t\t\t<p>Hist\u00f3ria zalo\u017eenia spolo\u010dnosti siaha do za\u010diatku 90. rokov minul\u00e9ho storo\u010dia. Herb-pharma je v\u00fdrobcom kozmetiky, v\u00fd\u017eivov\u00fdch doplnkov a zdravotn\u00edckych pom\u00f4cok a zdravotn\u00fdch v\u00fdrobkov, ktor\u00e9 s\u00fa s\u00fa\u010das\u0165ou \u017eivota v\u0161etk\u00fdch vekov\u00fdch gener\u00e1ci\u00ed od novorodencov a\u017e po star\u0161iu dospelos\u0165.<\/p>\n<p>Herb-Pharma prev\u00e1dzkuje vlastn\u00e9 v\u00fdvojov\u00e9 a v\u00fdrobn\u00e9 pracovisk\u00e1. Na pr\u00edprave, v\u00fdvoji a testovan\u00ed surov\u00edn a fin\u00e1lnych v\u00fdrobkov sa podie\u013ea t\u00edm vedcov, biol\u00f3gov, lek\u00e1rov, farmaceutov a chemikov. M\u00e1me v \u00famysle vybudova\u0165 a uvies\u0165 na trh udr\u017eate\u013en\u00fd re\u0165azec inovat\u00edvnych nov\u00fdch lie\u010debn\u00fdch postupov zalo\u017een\u00fd na na\u0161ich technick\u00fdch a vedeck\u00fdch poznatkoch.<\/p>\n\t\t<\/div>\n\t\t\t<\/div>\n<\/section>\n\n\n\n<div class=\"wp-block-columns is-layout-flex wp-container-core-columns-is-layout-9d6595d7 wp-block-columns-is-layout-flex\">\n<div class=\"wp-block-column is-layout-flow wp-block-column-is-layout-flow\" style=\"flex-basis:100%\">\n<div class=\"wp-block-columns alignfull is-layout-flex wp-container-core-columns-is-layout-9d6595d7 wp-block-columns-is-layout-flex\">\n<div class=\"wp-block-column is-layout-flow wp-block-column-is-layout-flow\" style=\"flex-basis:100%\"><\/div>\n<\/div>\n<\/div>\n<\/div>\n<\/div>\n<\/div>\n\n\n\n<figure class=\"wp-block-video\"><video height=\"1080\" style=\"aspect-ratio: 1920 \/ 1080;\" width=\"1920\" controls poster=\"https:\/\/www.fytofontana.com\/wp-content\/uploads\/2024\/07\/Screenshot-2024-07-01-at-13.44.31.png\" src=\"https:\/\/www.fytofontana.com\/wp-content\/uploads\/2024\/07\/virostop_factory_v1.mov\"><\/video><\/figure>\n\n\n\n<div class=\"wp-block-group\"><div class=\"wp-block-group__inner-container is-layout-flow wp-block-group-is-layout-flow\">\n<div class=\"wp-block-group alignfull\"><div class=\"wp-block-group__inner-container is-layout-flow wp-block-group-is-layout-flow\">\n<div class=\"wp-block-columns alignfull is-layout-flex wp-container-core-columns-is-layout-9d6595d7 wp-block-columns-is-layout-flex\">\n<div class=\"wp-block-column is-layout-flow wp-block-column-is-layout-flow\" style=\"flex-basis:100%\">\n<div class=\"wp-block-columns alignfull are-vertically-aligned-center is-layout-flex wp-container-core-columns-is-layout-9d6595d7 wp-block-columns-is-layout-flex\">\n<div class=\"wp-block-column is-vertically-aligned-center is-layout-flow wp-block-column-is-layout-flow\" style=\"flex-basis:100%\">\n<div class=\"wp-block-columns alignwide are-vertically-aligned-center is-layout-flex wp-container-core-columns-is-layout-9d6595d7 wp-block-columns-is-layout-flex\">\n<div class=\"wp-block-column is-vertically-aligned-center is-layout-flow wp-block-column-is-layout-flow\" style=\"flex-basis:100%\">\n<div class=\"wp-block-group alignfull\"><div class=\"wp-block-group__inner-container is-layout-flow wp-block-group-is-layout-flow\">\n<div class=\"wp-block-group alignfull is-layout-flow wp-block-group-is-layout-flow\"><div class=\"wp-block-group__inner-container\"><\/div><\/div>\n<\/div><\/div>\n<\/div>\n<\/div>\n<\/div>\n<\/div>\n<\/div>\n<\/div>\n<\/div><\/div>\n<\/div><\/div>\n\n\n<section id=\"section-icon-grid-block_5fd6a16596abe\"class=\"bg-fytofontana-green-100 bg-opacity-10 pt-10 lg:pt-20 pb-2 lg:pb-4\">\n\t<div class=\"container\">\n\t\t\t\t\t\t\t\t\t\t<div class=\"flex flex-wrap justify-evenly -mx-2\">\n\t\t\t\t\t\t\t<div class=\"w-full lg:w-1\/4 mb-8 lg:mb-16 px-2\">\n\t\t\t\t\t<img loading=\"lazy\" decoding=\"async\" src=\"https:\/\/www.fytofontana.com\/wp-content\/uploads\/2020\/12\/icon4-green.svg\" width=\"68\" height=\"60\" alt=\"\" class=\"object-contain h-16 mb-6\">\n\t\t\t\t\t<p>Herb-Pharma prev\u00e1dzkuje vlastn\u00e9 v\u00fdrobn\u00e9 priestory, v\u0161etky produkty s\u00fa vyr\u00e1ban\u00e9 v E\u00da.<\/p>\n\t\t\t\t<\/div>\n\t\t\t\t\t\t\t\t\t\t\t\t<div class=\"w-full lg:w-1\/4 mb-8 lg:mb-16 px-2\">\n\t\t\t\t\t<img loading=\"lazy\" decoding=\"async\" src=\"https:\/\/www.fytofontana.com\/wp-content\/uploads\/2020\/12\/icon8.svg\" width=\"68\" height=\"60\" alt=\"\" class=\"object-contain h-16 mb-6\">\n\t\t\t\t\t<p>Na trhu je dostupn\u00fdch viac ako 15 zna\u010diek a uvedenie nov\u00fdch produktov na trh je pl\u00e1novan\u00e9 na roky 2026 a 2027.<\/p>\n\t\t\t\t<\/div>\n\t\t\t\t\t\t<\/div>\n\t\t\t\t\t\t\t\t\t\t\t<div class=\"flex flex-wrap justify-evenly -mx-2\">\n\t\t\t\t\t\t\t<div class=\"w-full lg:w-1\/4 mb-8 lg:mb-16 px-2\">\n\t\t\t\t\t<img loading=\"lazy\" decoding=\"async\" src=\"https:\/\/www.fytofontana.com\/wp-content\/uploads\/2020\/12\/icon7.svg\" width=\"68\" height=\"60\" alt=\"\" class=\"object-contain h-16 mb-6\">\n\t\t\t\t\t<p>Distribuje do viac ako 25 kraj\u00edn prostredn\u00edctvom<span class=\"Apple-converted-space\">\u00a0 <\/span>lek\u00e1rn\u00ed, obchodn\u00fdch re\u0165azcov, obchodn\u00fdch domov a internetov\u00fdch obchodov.<\/p>\n\t\t\t\t<\/div>\n\t\t\t\t\t\t\t\t\t\t\t\t<div class=\"w-full lg:w-1\/4 mb-8 lg:mb-16 px-2\">\n\t\t\t\t\t<img loading=\"lazy\" decoding=\"async\" src=\"https:\/\/www.fytofontana.com\/wp-content\/uploads\/2020\/12\/icon9.svg\" width=\"68\" height=\"60\" alt=\"\" class=\"object-contain h-16 mb-6\">\n\t\t\t\t\t<p>Produkty Herb-Pharma sa pred\u00e1vaj\u00fa v pribli\u017ene 20 000 obchodoch.<\/p>\n\t\t\t\t<\/div>\n\t\t\t\t\t\t<\/div>\n\t\t\t\t\t\t<\/div>\n<\/section>\n\n\n<section class=\"container py-20 lg:py-40\">\n\t<div class=\"flex flex-wrap -mx-2\">\n\t\t\t\t<div class=\"w-full lg:w-7\/12 px-2\">\n\t\t\t<img decoding=\"async\" src=\"https:\/\/www.fytofontana.com\/wp-content\/uploads\/2020\/12\/AdobeStock_295216695-2-1.png\" alt=\"\" class=\"mb-6 lg:mb-0\">\n\t\t<\/div>\n\t\t\t\t<div class=\"w-full lg:w-5\/12 px-2\">\n\t\t\t<h2 class=\"mb-6 text-4xl font-extrabold leading-tight\">Na\u0161a filozofia<\/h2>\n\t\t\t<ul>\n<li><b>Z\u00e1ruka kvality <\/b>&#8211; na\u0161\u00edm cie\u013eom je poskytova\u0165 na\u0161im pou\u017e\u00edvate\u013eom suroviny najvy\u0161\u0161ej a naj\u010distej\u0161ej kvality dostupn\u00e9 na svetovom trhu.<\/li>\n<li><b><\/b><b>Vysok\u00e1 \u00farove\u0148 bezpe\u010dnosti <\/b>&#8211; sna\u017e\u00edme sa zabezpe\u010di\u0165, aby v\u0161etky na\u0161e suroviny sp\u013a\u0148ali najvy\u0161\u0161ie priemyseln\u00e9 \u0161tandardy kvality, klinick\u00e9 testy a aby ako kone\u010dn\u00fd produkt neobsahovali \u017eiadne \u0161kodliv\u00e9 l\u00e1tky.<span class=\"Apple-converted-space\">\u00a0<\/span><\/li>\n<li><b>Pr\u00edrodn\u00e9 produkty <\/b>&#8211; usilujeme sa pou\u017e\u00edva\u0165 \u010do najviac surov\u00edn z pr\u00edrodn\u00fdch zdrojov.<\/li>\n<li><b><\/b><b>Inov\u00e1cie <\/b>&#8211; sna\u017e\u00edme sa v\u00e1m pon\u00faknu\u0165 skuto\u010dne inovat\u00edvne v\u00fdrobky, n\u00e1pady a vylep\u0161en\u00e9 sp\u00f4soby v\u00fdroby.<\/li>\n<li><b><\/b><b>Vytv\u00e1ra\u0165 hodnoty pre z\u00e1kazn\u00edkov a by\u0165 etick\u00ed <\/b>&#8211; vo v\u0161etkom, \u010do rob\u00edme, sa sna\u017e\u00edme plni\u0165 n\u00e1\u0161 cie\u013e v slu\u017ebe z\u00e1kazn\u00edkom a pretv\u00e1ra\u0165 pr\u00eds\u013eub profesion\u00e1lneho pr\u00edstupu do na\u0161ich produktov.<\/li>\n<\/ul>\n<div id=\"gtx-trans\" style=\"position: absolute; left: 69px; top: 302px;\">\n<div class=\"gtx-trans-icon\"><\/div>\n<\/div>\n\t\t<\/div>\n\t\t\t<\/div>\n<\/section>\n\n\n<section id=\"section-premium-block_5fd6a2bb96ac4\" class=\"bg-fytofontana-green-100 bg-opacity-10 py-12 lg:py-24 text-center\">\n\t<div class=\"container\">\n\t\t<h2 class=\"text-xl uppercase leading-tight\">FYTOFONTANA<\/h2>\t\t<h3 class=\"text-4xl font-extrabold leading-tight\">Kvalitn\u00e1 starostlivos\u0165 o ple\u0165<\/h3>\t\t<div class=\"lg:w-2\/3 mx-auto my-10 text-xl leading-tight\"><p>Fytofontana ver\u00ed, \u017ee veda je k\u013e\u00fa\u010dom k omladeniu pleti. V\u010faka desa\u0165ro\u010diam v\u00fdskumu na\u0161e rady predstavuj\u00fa najvy\u0161\u0161iu kateg\u00f3riu starostlivosti o ple\u0165.<\/p>\n<\/div>\t\t<div class=\"flex flex-wrap justify-center -mx-5 premium-elements\">\n\t\t\t\t\t\t<div class=\"w-full lg:w-1\/2 xl:w-5\/12 mb-12 lg:mb-0 px-5 xl:px-6\">\n\t\t\t\t<a href=\"https:\/\/fcosme.com\/sk\" target=\"_blank\" class=\"block h-full bg-white p-12 transform hover:scale-105 text-fytofontana\">\n\t\t\t\t\t\t\t\t\t\t<img loading=\"lazy\" decoding=\"async\" src=\"https:\/\/www.fytofontana.com\/wp-content\/uploads\/2020\/12\/logo-f1.svg\" width=\"157\" height=\"84\" alt=\"\" class=\"object-contain w-full h-24 mb-12\">\n\t\t\t\t\t\t\t\t\t\t<h4 class=\"text-xl text-fytofontana font-bold leading-tight mb-6\">Fytofontana Cosmeceuticals<\/h4>\t\t\t\t\t<p>Spojen\u00edm s najsilnej\u0161\u00edmi peptidov\u00fdmi l\u00e1tkami pristupuje Fytofontana Cosmeceuticals k elimin\u00e1cii vr\u00e1sok a boju proti starnutiu poko\u017eky na z\u00e1klade najnov\u0161\u00edch vedeck\u00fdch v\u00fdskumov.<\/p>\n\t\t\t\t<\/a>\n\t\t\t<\/div>\n\t\t\t\t\t\t<div class=\"w-full lg:w-1\/2 xl:w-5\/12 mb-12 lg:mb-0 px-5 xl:px-6\">\n\t\t\t\t<a href=\"https:\/\/fcosme.com\/sk\" target=\"_blank\" class=\"block h-full bg-white p-12 transform hover:scale-105 text-fytofontana\">\n\t\t\t\t\t\t\t\t\t\t<img loading=\"lazy\" decoding=\"async\" src=\"https:\/\/www.fytofontana.com\/wp-content\/uploads\/2020\/12\/logo-f2.jpg\" width=\"157\" height=\"84\" alt=\"\" class=\"object-contain w-full h-24 mb-12\">\n\t\t\t\t\t\t\t\t\t\t<h4 class=\"text-xl text-fytofontana font-bold leading-tight mb-6\">Fytofontana Stem Cells<\/h4>\t\t\t\t\t<p>Biotechnologick\u00fd komplex kme\u0148ov\u00fdch buniek &#8211; TrioStem3- zalo\u017een\u00fd Dr. Fikerom, kombinuje genetick\u00e9 inform\u00e1cie potrebn\u00e9 pre \u00fapln\u00fa obnovu poko\u017eky.<\/p>\n\t\t\t\t<\/a>\n\t\t\t<\/div>\n\t\t\t\t\t<\/div>\n\t<\/div>\n<\/section>\n\n","protected":false},"excerpt":{"rendered":"","protected":false},"author":2,"featured_media":770,"parent":0,"menu_order":0,"comment_status":"closed","ping_status":"closed","template":"template-page-fytofontana.blade.php","meta":{"footnotes":""},"class_list":["post-767","page","type-page","status-publish","has-post-thumbnail","hentry"],"yoast_head":"<title>O n\u00e1s - Fytofontana<\/title>\n<meta name=\"description\" content=\"Inovat\u00edvne zdravotn\u00edcke pom\u00f4cky, v\u00fd\u017eivov\u00e9 doplnky a kozmetika - na z\u00e1klade biotechnologick\u00e9ho v\u00fdskumu, v\u00fdvoja a recept\u00fary Herb-pharma AG, Switzerland.\" \/>\n<meta name=\"robots\" content=\"index, follow, max-snippet:-1, max-image-preview:large, max-video-preview:-1\" \/>\n<link rel=\"canonical\" href=\"https:\/\/www.fytofontana.com\/sk\/o-nas\/\" \/>\n<meta property=\"og:locale\" content=\"sk_SK\" \/>\n<meta property=\"og:type\" content=\"article\" \/>\n<meta property=\"og:title\" content=\"O n\u00e1s - Fytofontana\" \/>\n<meta property=\"og:description\" content=\"Inovat\u00edvne zdravotn\u00edcke pom\u00f4cky, v\u00fd\u017eivov\u00e9 doplnky a kozmetika - na z\u00e1klade biotechnologick\u00e9ho v\u00fdskumu, v\u00fdvoja a recept\u00fary Herb-pharma AG, Switzerland.\" \/>\n<meta property=\"og:url\" content=\"https:\/\/www.fytofontana.com\/sk\/o-nas\/\" \/>\n<meta property=\"og:site_name\" content=\"Fytofontana\" \/>\n<meta property=\"article:modified_time\" content=\"2025-10-15T19:26:11+00:00\" \/>\n<meta property=\"og:image\" content=\"https:\/\/www.fytofontana.com\/wp-content\/uploads\/2020\/12\/hero-about.jpg\" \/>\n\t<meta property=\"og:image:width\" content=\"1500\" \/>\n\t<meta property=\"og:image:height\" content=\"795\" \/>\n\t<meta property=\"og:image:type\" content=\"image\/jpeg\" \/>\n<meta name=\"twitter:card\" content=\"summary_large_image\" \/>\n<script type=\"application\/ld+json\" class=\"yoast-schema-graph\">{\"@context\":\"https:\\\/\\\/schema.org\",\"@graph\":[{\"@type\":\"WebPage\",\"@id\":\"https:\\\/\\\/www.fytofontana.com\\\/sk\\\/o-nas\\\/\",\"url\":\"https:\\\/\\\/www.fytofontana.com\\\/sk\\\/o-nas\\\/\",\"name\":\"O n\u00e1s - Fytofontana\",\"isPartOf\":{\"@id\":\"https:\\\/\\\/www.fytofontana.com\\\/#website\"},\"primaryImageOfPage\":{\"@id\":\"https:\\\/\\\/www.fytofontana.com\\\/sk\\\/o-nas\\\/#primaryimage\"},\"image\":{\"@id\":\"https:\\\/\\\/www.fytofontana.com\\\/sk\\\/o-nas\\\/#primaryimage\"},\"thumbnailUrl\":\"https:\\\/\\\/www.fytofontana.com\\\/wp-content\\\/uploads\\\/2020\\\/12\\\/hero-about.jpg\",\"datePublished\":\"2021-01-25T19:54:08+00:00\",\"dateModified\":\"2025-10-15T19:26:11+00:00\",\"description\":\"Inovat\u00edvne zdravotn\u00edcke pom\u00f4cky, v\u00fd\u017eivov\u00e9 doplnky a kozmetika - na z\u00e1klade biotechnologick\u00e9ho v\u00fdskumu, v\u00fdvoja a recept\u00fary Herb-pharma AG, Switzerland.\",\"breadcrumb\":{\"@id\":\"https:\\\/\\\/www.fytofontana.com\\\/sk\\\/o-nas\\\/#breadcrumb\"},\"inLanguage\":\"sk-SK\",\"potentialAction\":[{\"@type\":\"ReadAction\",\"target\":[\"https:\\\/\\\/www.fytofontana.com\\\/sk\\\/o-nas\\\/\"]}]},{\"@type\":\"ImageObject\",\"inLanguage\":\"sk-SK\",\"@id\":\"https:\\\/\\\/www.fytofontana.com\\\/sk\\\/o-nas\\\/#primaryimage\",\"url\":\"https:\\\/\\\/www.fytofontana.com\\\/wp-content\\\/uploads\\\/2020\\\/12\\\/hero-about.jpg\",\"contentUrl\":\"https:\\\/\\\/www.fytofontana.com\\\/wp-content\\\/uploads\\\/2020\\\/12\\\/hero-about.jpg\",\"width\":1500,\"height\":795},{\"@type\":\"BreadcrumbList\",\"@id\":\"https:\\\/\\\/www.fytofontana.com\\\/sk\\\/o-nas\\\/#breadcrumb\",\"itemListElement\":[{\"@type\":\"ListItem\",\"position\":1,\"name\":\"Home\",\"item\":\"https:\\\/\\\/www.fytofontana.com\\\/sk\\\/\"},{\"@type\":\"ListItem\",\"position\":2,\"name\":\"O n\u00e1s\"}]},{\"@type\":\"WebSite\",\"@id\":\"https:\\\/\\\/www.fytofontana.com\\\/#website\",\"url\":\"https:\\\/\\\/www.fytofontana.com\\\/\",\"name\":\"Fytofontana\",\"description\":\"\",\"publisher\":{\"@id\":\"https:\\\/\\\/www.fytofontana.com\\\/#organization\"},\"potentialAction\":[{\"@type\":\"SearchAction\",\"target\":{\"@type\":\"EntryPoint\",\"urlTemplate\":\"https:\\\/\\\/www.fytofontana.com\\\/?s={search_term_string}\"},\"query-input\":{\"@type\":\"PropertyValueSpecification\",\"valueRequired\":true,\"valueName\":\"search_term_string\"}}],\"inLanguage\":\"sk-SK\"},{\"@type\":\"Organization\",\"@id\":\"https:\\\/\\\/www.fytofontana.com\\\/#organization\",\"name\":\"Fytofontana\",\"url\":\"https:\\\/\\\/www.fytofontana.com\\\/\",\"logo\":{\"@type\":\"ImageObject\",\"inLanguage\":\"sk-SK\",\"@id\":\"https:\\\/\\\/www.fytofontana.com\\\/#\\\/schema\\\/logo\\\/image\\\/\",\"url\":\"https:\\\/\\\/www.fytofontana.com\\\/wp-content\\\/uploads\\\/2021\\\/01\\\/fyto.png\",\"contentUrl\":\"https:\\\/\\\/www.fytofontana.com\\\/wp-content\\\/uploads\\\/2021\\\/01\\\/fyto.png\",\"width\":817,\"height\":79,\"caption\":\"Fytofontana\"},\"image\":{\"@id\":\"https:\\\/\\\/www.fytofontana.com\\\/#\\\/schema\\\/logo\\\/image\\\/\"}}]}<\/script>","yoast_head_json":{"title":"O n\u00e1s - Fytofontana","description":"Inovat\u00edvne zdravotn\u00edcke pom\u00f4cky, v\u00fd\u017eivov\u00e9 doplnky a kozmetika - na z\u00e1klade biotechnologick\u00e9ho v\u00fdskumu, v\u00fdvoja a recept\u00fary Herb-pharma AG, Switzerland.","robots":{"index":"index","follow":"follow","max-snippet":"max-snippet:-1","max-image-preview":"max-image-preview:large","max-video-preview":"max-video-preview:-1"},"canonical":"https:\/\/www.fytofontana.com\/sk\/o-nas\/","og_locale":"sk_SK","og_type":"article","og_title":"O n\u00e1s - Fytofontana","og_description":"Inovat\u00edvne zdravotn\u00edcke pom\u00f4cky, v\u00fd\u017eivov\u00e9 doplnky a kozmetika - na z\u00e1klade biotechnologick\u00e9ho v\u00fdskumu, v\u00fdvoja a recept\u00fary Herb-pharma AG, Switzerland.","og_url":"https:\/\/www.fytofontana.com\/sk\/o-nas\/","og_site_name":"Fytofontana","article_modified_time":"2025-10-15T19:26:11+00:00","og_image":[{"width":1500,"height":795,"url":"https:\/\/www.fytofontana.com\/wp-content\/uploads\/2020\/12\/hero-about.jpg","type":"image\/jpeg"}],"twitter_card":"summary_large_image","schema":{"@context":"https:\/\/schema.org","@graph":[{"@type":"WebPage","@id":"https:\/\/www.fytofontana.com\/sk\/o-nas\/","url":"https:\/\/www.fytofontana.com\/sk\/o-nas\/","name":"O n\u00e1s - Fytofontana","isPartOf":{"@id":"https:\/\/www.fytofontana.com\/#website"},"primaryImageOfPage":{"@id":"https:\/\/www.fytofontana.com\/sk\/o-nas\/#primaryimage"},"image":{"@id":"https:\/\/www.fytofontana.com\/sk\/o-nas\/#primaryimage"},"thumbnailUrl":"https:\/\/www.fytofontana.com\/wp-content\/uploads\/2020\/12\/hero-about.jpg","datePublished":"2021-01-25T19:54:08+00:00","dateModified":"2025-10-15T19:26:11+00:00","description":"Inovat\u00edvne zdravotn\u00edcke pom\u00f4cky, v\u00fd\u017eivov\u00e9 doplnky a kozmetika - na z\u00e1klade biotechnologick\u00e9ho v\u00fdskumu, v\u00fdvoja a recept\u00fary Herb-pharma AG, Switzerland.","breadcrumb":{"@id":"https:\/\/www.fytofontana.com\/sk\/o-nas\/#breadcrumb"},"inLanguage":"sk-SK","potentialAction":[{"@type":"ReadAction","target":["https:\/\/www.fytofontana.com\/sk\/o-nas\/"]}]},{"@type":"ImageObject","inLanguage":"sk-SK","@id":"https:\/\/www.fytofontana.com\/sk\/o-nas\/#primaryimage","url":"https:\/\/www.fytofontana.com\/wp-content\/uploads\/2020\/12\/hero-about.jpg","contentUrl":"https:\/\/www.fytofontana.com\/wp-content\/uploads\/2020\/12\/hero-about.jpg","width":1500,"height":795},{"@type":"BreadcrumbList","@id":"https:\/\/www.fytofontana.com\/sk\/o-nas\/#breadcrumb","itemListElement":[{"@type":"ListItem","position":1,"name":"Home","item":"https:\/\/www.fytofontana.com\/sk\/"},{"@type":"ListItem","position":2,"name":"O n\u00e1s"}]},{"@type":"WebSite","@id":"https:\/\/www.fytofontana.com\/#website","url":"https:\/\/www.fytofontana.com\/","name":"Fytofontana","description":"","publisher":{"@id":"https:\/\/www.fytofontana.com\/#organization"},"potentialAction":[{"@type":"SearchAction","target":{"@type":"EntryPoint","urlTemplate":"https:\/\/www.fytofontana.com\/?s={search_term_string}"},"query-input":{"@type":"PropertyValueSpecification","valueRequired":true,"valueName":"search_term_string"}}],"inLanguage":"sk-SK"},{"@type":"Organization","@id":"https:\/\/www.fytofontana.com\/#organization","name":"Fytofontana","url":"https:\/\/www.fytofontana.com\/","logo":{"@type":"ImageObject","inLanguage":"sk-SK","@id":"https:\/\/www.fytofontana.com\/#\/schema\/logo\/image\/","url":"https:\/\/www.fytofontana.com\/wp-content\/uploads\/2021\/01\/fyto.png","contentUrl":"https:\/\/www.fytofontana.com\/wp-content\/uploads\/2021\/01\/fyto.png","width":817,"height":79,"caption":"Fytofontana"},"image":{"@id":"https:\/\/www.fytofontana.com\/#\/schema\/logo\/image\/"}}]}},"_links":{"self":[{"href":"https:\/\/www.fytofontana.com\/sk\/wp-json\/wp\/v2\/pages\/767","targetHints":{"allow":["GET"]}}],"collection":[{"href":"https:\/\/www.fytofontana.com\/sk\/wp-json\/wp\/v2\/pages"}],"about":[{"href":"https:\/\/www.fytofontana.com\/sk\/wp-json\/wp\/v2\/types\/page"}],"author":[{"embeddable":true,"href":"https:\/\/www.fytofontana.com\/sk\/wp-json\/wp\/v2\/users\/2"}],"replies":[{"embeddable":true,"href":"https:\/\/www.fytofontana.com\/sk\/wp-json\/wp\/v2\/comments?post=767"}],"version-history":[{"count":59,"href":"https:\/\/www.fytofontana.com\/sk\/wp-json\/wp\/v2\/pages\/767\/revisions"}],"predecessor-version":[{"id":4746,"href":"https:\/\/www.fytofontana.com\/sk\/wp-json\/wp\/v2\/pages\/767\/revisions\/4746"}],"wp:featuredmedia":[{"embeddable":true,"href":"https:\/\/www.fytofontana.com\/sk\/wp-json\/wp\/v2\/media\/770"}],"wp:attachment":[{"href":"https:\/\/www.fytofontana.com\/sk\/wp-json\/wp\/v2\/media?parent=767"}],"curies":[{"name":"wp","href":"https:\/\/api.w.org\/{rel}","templated":true}]}}