{"id":1810,"date":"2021-04-11T13:43:15","date_gmt":"2021-04-11T12:43:15","guid":{"rendered":"https:\/\/www.fytofontana.com\/hu\/?page_id=1810"},"modified":"2025-10-16T21:10:27","modified_gmt":"2025-10-16T20:10:27","slug":"produkty","status":"publish","type":"page","link":"https:\/\/www.fytofontana.com\/sk\/produkty\/","title":{"rendered":"Produkty"},"content":{"rendered":"\n<p>Zdravie a pohoda s\u00fa pre n\u00e1s prvorad\u00e9. Ver\u00edme v silu pr\u00edrodn\u00fdch ingredienci\u00ed v spojen\u00ed s najnov\u0161\u00edmi biotechnologick\u00fdmi poznatkami. Na\u0161e zdravotn\u00edcke pom\u00f4cky, ur\u010den\u00e9 pre cel\u00fa rodinu, sp\u013a\u0148aj\u00fa najvy\u0161\u0161ie eur\u00f3pske \u0161tandardy pod\u013ea MDR (Nariadenie 2017\/745) s d\u00f4razom na \u00fa\u010dinnos\u0165 a bezpe\u010dnos\u0165.<\/p>\n\n\n<section class=\"section-bestsellers container py-10 lg:py-20 relative\">\n\t<h3 class=\"mb-10 text-4xl font-extrabold leading-tight text-center\">Najob\u013e\u00fabenej\u0161ie zna\u010dky<\/h3>\n\t<div class=\"slider-bestsellers swiper-container\">\n\t\t<nav class=\"nav-slider bg-white\">\n\t\t\t<button type=\"button\" class=\"button-prev mr-4 text-fytofontana-green\">\n\t\t\t\t<i class=\"fa fa-caret-left fa-2x\"><\/i>\n\t\t\t<\/button>\n\t\t\t<button type=\"button\" class=\"button-next ml-4 text-fytofontana-green\">\n\t\t\t\t<i class=\"fa fa-caret-right fa-2x\"><\/i>\n\t\t\t<\/button>\n\t\t<\/nav>\n\t\t<div class=\"swiper-wrapper\">\n\t\t\t\t\t\t\t\t\t\t<div class=\"swiper-slide\">\n\t\t\t\t<div class=\"flex flex-wrap\">\n\t\t\t\t\t<div class=\"w-full lg:w-1\/2 lg:mr-auto\">\n\t\t\t\t\t\t<a href=\"https:\/\/www.fytofontana.com\/sk\/products\/virostop-sk\/\">\n\t\t\t\t\t\t\t<img src=\"https:\/\/www.fytofontana.com\/wp-content\/uploads\/2024\/02\/10-2023_Virostop_Web_HU_04-768x768.jpg\" alt=\"VIROSTOP\" class=\"mb-6 lg:mb-0\">\n\t\t\t\t\t\t<\/a>\n\t\t\t\t\t<\/div>\n\t\t\t\t\t<div class=\"w-full lg:w-5\/12\">\n\t\t\t\t\t\t<img src=\"https:\/\/www.fytofontana.com\/wp-content\/uploads\/2025\/05\/500x500_VIROSTOP_logo_Square-132x132.jpg\" alt=\"VIROSTOP\" class=\"max-w-1\/2 mb-10 brand-logo\">\n\t\t\t\t\t\t<p>Klinicky potvrden\u00fd antiv\u00edrusov\u00fd \u00fa\u010dinok extraktu piatich bylinn\u00fdch zlo\u017eiek s obsahom Cistusu kr\u00e9tskeho.<\/p>\n\t\t\t\t\t\t<p class=\"mt-10\">\n\t\t\t\t\t\t\t<a href=\"https:\/\/www.fytofontana.com\/sk\/products\/virostop-sk\/\" class=\"w-full lg:w-1\/2 btn-fytofontana\">Objavte<\/a>\n\t\t\t\t\t\t<\/p>\n\t\t\t\t\t<\/div>\n\t\t\t\t<\/div>\n\t\t\t<\/div>\n\t\t\t\t\t\t\t\t\t\t<div class=\"swiper-slide\">\n\t\t\t\t<div class=\"flex flex-wrap\">\n\t\t\t\t\t<div class=\"w-full lg:w-1\/2 lg:mr-auto\">\n\t\t\t\t\t\t<a href=\"https:\/\/www.fytofontana.com\/sk\/products\/gyntima-sk\/\">\n\t\t\t\t\t\t\t<img src=\"https:\/\/www.fytofontana.com\/wp-content\/uploads\/2025\/07\/5_HQ_GYNTIMA-sestava-prechod-768x768.jpg\" alt=\"GYNTIMA\" class=\"mb-6 lg:mb-0\">\n\t\t\t\t\t\t<\/a>\n\t\t\t\t\t<\/div>\n\t\t\t\t\t<div class=\"w-full lg:w-5\/12\">\n\t\t\t\t\t\t<img src=\"https:\/\/www.fytofontana.com\/wp-content\/uploads\/2024\/02\/Gyntima-logo-RGB-179x132.jpg\" alt=\"GYNTIMA\" class=\"max-w-1\/2 mb-10 brand-logo\">\n\t\t\t\t\t\t<p>Produkty Gyntima zais\u0165uj\u00fa prirodzen\u00fa biologick\u00fa rovnov\u00e1hu v po\u0161ve a zabra\u0148uj\u00fa vzniku int\u00edmnych probl\u00e9mov.<\/p>\n\t\t\t\t\t\t<p class=\"mt-10\">\n\t\t\t\t\t\t\t<a href=\"https:\/\/www.fytofontana.com\/sk\/products\/gyntima-sk\/\" class=\"w-full lg:w-1\/2 btn-fytofontana\">Objavte<\/a>\n\t\t\t\t\t\t<\/p>\n\t\t\t\t\t<\/div>\n\t\t\t\t<\/div>\n\t\t\t<\/div>\n\t\t\t\t\t\t\t\t\t\t<div class=\"swiper-slide\">\n\t\t\t\t<div class=\"flex flex-wrap\">\n\t\t\t\t\t<div class=\"w-full lg:w-1\/2 lg:mr-auto\">\n\t\t\t\t\t\t<a href=\"https:\/\/www.fytofontana.com\/sk\/products\/aurecon-sk\/\">\n\t\t\t\t\t\t\t<img src=\"https:\/\/www.fytofontana.com\/wp-content\/uploads\/2020\/12\/30-768x512.jpg\" alt=\"AURECON\" class=\"mb-6 lg:mb-0\">\n\t\t\t\t\t\t<\/a>\n\t\t\t\t\t<\/div>\n\t\t\t\t\t<div class=\"w-full lg:w-5\/12\">\n\t\t\t\t\t\t<img src=\"https:\/\/www.fytofontana.com\/wp-content\/uploads\/2020\/12\/AURECON_logo_RGB-508x132.png\" alt=\"AURECON\" class=\"max-w-1\/2 mb-10 brand-logo\">\n\t\t\t\t\t\t<p>Pr\u00edrodn\u00fd rad v\u00fdrobkov pre starostlivos\u0165 a hygienu u\u0161\u00ed pre cel\u00fa rodinu. Pom\u00e1ha predch\u00e1dza\u0165 zdravotn\u00fdm probl\u00e9mom, ako s\u00fa infekcie a upchatie u\u0161\u00ed.<\/p>\n\t\t\t\t\t\t<p class=\"mt-10\">\n\t\t\t\t\t\t\t<a href=\"https:\/\/www.fytofontana.com\/sk\/products\/aurecon-sk\/\" class=\"w-full lg:w-1\/2 btn-fytofontana\">Objavte<\/a>\n\t\t\t\t\t\t<\/p>\n\t\t\t\t\t<\/div>\n\t\t\t\t<\/div>\n\t\t\t<\/div>\n\t\t\t\t\t\t\t\t\t\t<div class=\"swiper-slide\">\n\t\t\t\t<div class=\"flex flex-wrap\">\n\t\t\t\t\t<div class=\"w-full lg:w-1\/2 lg:mr-auto\">\n\t\t\t\t\t\t<a href=\"https:\/\/www.fytofontana.com\/sk\/products\/hemorrelax-sk\/\">\n\t\t\t\t\t\t\t<img src=\"https:\/\/www.fytofontana.com\/wp-content\/uploads\/2025\/10\/Dizajn-bez-nazvu-2-e1760642478919.jpg\" alt=\"HEMORRELAX\" class=\"mb-6 lg:mb-0\">\n\t\t\t\t\t\t<\/a>\n\t\t\t\t\t<\/div>\n\t\t\t\t\t<div class=\"w-full lg:w-5\/12\">\n\t\t\t\t\t\t<img src=\"https:\/\/www.fytofontana.com\/wp-content\/uploads\/2020\/12\/HEMORRELAX_logo_vyska_RGB-329x132.png\" alt=\"HEMORRELAX\" class=\"max-w-1\/2 mb-10 brand-logo\">\n\t\t\t\t\t\t<p>Fyto-biotechnologick\u00fd kr\u00e9m a \u010dap\u00edky na hemoroidy.<\/p>\n\t\t\t\t\t\t<p class=\"mt-10\">\n\t\t\t\t\t\t\t<a href=\"https:\/\/www.fytofontana.com\/sk\/products\/hemorrelax-sk\/\" class=\"w-full lg:w-1\/2 btn-fytofontana\">Objavte<\/a>\n\t\t\t\t\t\t<\/p>\n\t\t\t\t\t<\/div>\n\t\t\t\t<\/div>\n\t\t\t<\/div>\n\t\t\t\t\t\t\t\t\t\t<div class=\"swiper-slide\">\n\t\t\t\t<div class=\"flex flex-wrap\">\n\t\t\t\t\t<div class=\"w-full lg:w-1\/2 lg:mr-auto\">\n\t\t\t\t\t\t<a href=\"https:\/\/www.fytofontana.com\/sk\/products\/virostop-sk\/\">\n\t\t\t\t\t\t\t<img src=\"https:\/\/www.fytofontana.com\/wp-content\/uploads\/2024\/04\/VIROSTOP-PASTILKY-20-ENDEESIT-sestava-copy-768x768.png\" alt=\"VIROSTOP\" class=\"mb-6 lg:mb-0\">\n\t\t\t\t\t\t<\/a>\n\t\t\t\t\t<\/div>\n\t\t\t\t\t<div class=\"w-full lg:w-5\/12\">\n\t\t\t\t\t\t<img src=\"https:\/\/www.fytofontana.com\/wp-content\/uploads\/2025\/05\/500x500_VIROSTOP_logo_Square-132x132.jpg\" alt=\"VIROSTOP\" class=\"max-w-1\/2 mb-10 brand-logo\">\n\t\t\t\t\t\t<p>Klinicky potvrden\u00fd antiv\u00edrusov\u00fd \u00fa\u010dinok extraktu piatich bylinn\u00fdch zlo\u017eiek s obsahom Cistusu kr\u00e9tskeho.<\/p>\n\t\t\t\t\t\t<p class=\"mt-10\">\n\t\t\t\t\t\t\t<a href=\"https:\/\/www.fytofontana.com\/sk\/products\/virostop-sk\/\" class=\"w-full lg:w-1\/2 btn-fytofontana\">Objavte<\/a>\n\t\t\t\t\t\t<\/p>\n\t\t\t\t\t<\/div>\n\t\t\t\t<\/div>\n\t\t\t<\/div>\n\t\t\t\t\t<\/div>\n\t<\/div>\n<\/section>\n","protected":false},"excerpt":{"rendered":"<p>Zdravie a pohoda s\u00fa pre n\u00e1s prvorad\u00e9. Ver\u00edme v silu pr\u00edrodn\u00fdch ingredienci\u00ed v spojen\u00ed s najnov\u0161\u00edmi biotechnologick\u00fdmi poznatkami. Na\u0161e zdravotn\u00edcke pom\u00f4cky, ur\u010den\u00e9 pre cel\u00fa rodinu, sp\u013a\u0148aj\u00fa najvy\u0161\u0161ie eur\u00f3pske \u0161tandardy pod\u013ea MDR (Nariadenie 2017\/745) s d\u00f4razom na \u00fa\u010dinnos\u0165 a bezpe\u010dnos\u0165.<\/p>\n","protected":false},"author":2,"featured_media":0,"parent":0,"menu_order":0,"comment_status":"closed","ping_status":"closed","template":"template-products.blade.php","meta":[],"yoast_head":"<title>Produkty - Fytofontana<\/title>\n<meta name=\"robots\" content=\"index, follow, max-snippet:-1, max-image-preview:large, max-video-preview:-1\" \/>\n<link rel=\"canonical\" href=\"https:\/\/www.fytofontana.com\/sk\/produkty\/\" \/>\n<meta property=\"og:locale\" content=\"sk_SK\" \/>\n<meta property=\"og:type\" content=\"article\" \/>\n<meta property=\"og:title\" content=\"Produkty - Fytofontana\" \/>\n<meta property=\"og:description\" content=\"Zdravie a pohoda s\u00fa pre n\u00e1s prvorad\u00e9. Ver\u00edme v silu pr\u00edrodn\u00fdch ingredienci\u00ed v spojen\u00ed s najnov\u0161\u00edmi biotechnologick\u00fdmi poznatkami. Na\u0161e zdravotn\u00edcke pom\u00f4cky, ur\u010den\u00e9 pre cel\u00fa rodinu, sp\u013a\u0148aj\u00fa najvy\u0161\u0161ie eur\u00f3pske \u0161tandardy pod\u013ea MDR (Nariadenie 2017\/745) s d\u00f4razom na \u00fa\u010dinnos\u0165 a bezpe\u010dnos\u0165.\" \/>\n<meta property=\"og:url\" content=\"https:\/\/www.fytofontana.com\/sk\/produkty\/\" \/>\n<meta property=\"og:site_name\" content=\"Fytofontana\" \/>\n<meta property=\"article:modified_time\" content=\"2025-10-16T20:10:27+00:00\" \/>\n<meta property=\"og:image\" content=\"https:\/\/www.fytofontana.com\/wp-content\/uploads\/2021\/01\/FB-Share.jpg\" \/>\n\t<meta property=\"og:image:width\" content=\"2400\" \/>\n\t<meta property=\"og:image:height\" content=\"1260\" \/>\n<meta name=\"twitter:card\" content=\"summary_large_image\" \/>\n<meta name=\"twitter:label1\" content=\"Predpokladan\u00fd \u010das \u010d\u00edtania\">\n\t<meta name=\"twitter:data1\" content=\"1 min\u00fata\">\n<script type=\"application\/ld+json\" class=\"yoast-schema-graph\">{\"@context\":\"https:\/\/schema.org\",\"@graph\":[{\"@type\":\"Organization\",\"@id\":\"https:\/\/www.fytofontana.com\/#organization\",\"name\":\"Fytofontana\",\"url\":\"https:\/\/www.fytofontana.com\/\",\"sameAs\":[],\"logo\":{\"@type\":\"ImageObject\",\"@id\":\"https:\/\/www.fytofontana.com\/#logo\",\"inLanguage\":\"sk-SK\",\"url\":\"https:\/\/www.fytofontana.com\/wp-content\/uploads\/2021\/01\/fyto.png\",\"width\":817,\"height\":79,\"caption\":\"Fytofontana\"},\"image\":{\"@id\":\"https:\/\/www.fytofontana.com\/#logo\"}},{\"@type\":\"WebSite\",\"@id\":\"https:\/\/www.fytofontana.com\/#website\",\"url\":\"https:\/\/www.fytofontana.com\/\",\"name\":\"Fytofontana\",\"description\":\"\",\"publisher\":{\"@id\":\"https:\/\/www.fytofontana.com\/#organization\"},\"potentialAction\":[{\"@type\":\"SearchAction\",\"target\":\"https:\/\/www.fytofontana.com\/?s={search_term_string}\",\"query-input\":\"required name=search_term_string\"}],\"inLanguage\":\"sk-SK\"},{\"@type\":\"WebPage\",\"@id\":\"https:\/\/www.fytofontana.com\/sk\/produkty\/#webpage\",\"url\":\"https:\/\/www.fytofontana.com\/sk\/produkty\/\",\"name\":\"Produkty - Fytofontana\",\"isPartOf\":{\"@id\":\"https:\/\/www.fytofontana.com\/#website\"},\"datePublished\":\"2021-04-11T12:43:15+00:00\",\"dateModified\":\"2025-10-16T20:10:27+00:00\",\"breadcrumb\":{\"@id\":\"https:\/\/www.fytofontana.com\/sk\/produkty\/#breadcrumb\"},\"inLanguage\":\"sk-SK\",\"potentialAction\":[{\"@type\":\"ReadAction\",\"target\":[\"https:\/\/www.fytofontana.com\/sk\/produkty\/\"]}]},{\"@type\":\"BreadcrumbList\",\"@id\":\"https:\/\/www.fytofontana.com\/sk\/produkty\/#breadcrumb\",\"itemListElement\":[{\"@type\":\"ListItem\",\"position\":1,\"item\":{\"@type\":\"WebPage\",\"@id\":\"https:\/\/www.fytofontana.com\/sk\/\",\"url\":\"https:\/\/www.fytofontana.com\/sk\/\",\"name\":\"Home\"}},{\"@type\":\"ListItem\",\"position\":2,\"item\":{\"@type\":\"WebPage\",\"@id\":\"https:\/\/www.fytofontana.com\/sk\/produkty\/\",\"url\":\"https:\/\/www.fytofontana.com\/sk\/produkty\/\",\"name\":\"Produkty\"}}]}]}<\/script>","_links":{"self":[{"href":"https:\/\/www.fytofontana.com\/sk\/wp-json\/wp\/v2\/pages\/1810"}],"collection":[{"href":"https:\/\/www.fytofontana.com\/sk\/wp-json\/wp\/v2\/pages"}],"about":[{"href":"https:\/\/www.fytofontana.com\/sk\/wp-json\/wp\/v2\/types\/page"}],"author":[{"embeddable":true,"href":"https:\/\/www.fytofontana.com\/sk\/wp-json\/wp\/v2\/users\/2"}],"replies":[{"embeddable":true,"href":"https:\/\/www.fytofontana.com\/sk\/wp-json\/wp\/v2\/comments?post=1810"}],"version-history":[{"count":23,"href":"https:\/\/www.fytofontana.com\/sk\/wp-json\/wp\/v2\/pages\/1810\/revisions"}],"predecessor-version":[{"id":5027,"href":"https:\/\/www.fytofontana.com\/sk\/wp-json\/wp\/v2\/pages\/1810\/revisions\/5027"}],"wp:attachment":[{"href":"https:\/\/www.fytofontana.com\/sk\/wp-json\/wp\/v2\/media?parent=1810"}],"curies":[{"name":"wp","href":"https:\/\/api.w.org\/{rel}","templated":true}]}}