{"id":5076,"date":"2025-11-07T11:44:42","date_gmt":"2025-11-07T10:44:42","guid":{"rendered":"https:\/\/www.fytofontana.com\/?post_type=product&#038;p=5076"},"modified":"2025-11-07T11:54:02","modified_gmt":"2025-11-07T10:54:02","slug":"citrogrep-krople","status":"publish","type":"product","link":"https:\/\/www.fytofontana.com\/pl\/product\/citrogrep-krople\/","title":{"rendered":"CITROGREP krople"},"content":{"rendered":"<ul>\n<li><strong>Citrogrep<\/strong> to suplement diety zawieraj\u0105cy <strong>wyci\u0105g z pestek grejpfrut<\/strong>a o najwy\u017cszym mo\u017cliwym st\u0119\u017ceniu kt\u00f3ry jest naturalnym \u017ar\u00f3d\u0142em <strong>flawonoid\u00f3w i witaminy C<\/strong>.<\/li>\n<li>Produkt zosta\u0142 stworzony z my\u015bl\u0105 o wspomaganiu organizmu w codziennym funkcjonowaniu oraz wzmacnianiu odporno\u015bci.<\/li>\n<li>Wyci\u0105g z pestek grejpfruta znany jest ze swoich w\u0142a\u015bciwo\u015bci antyoksydacyjnych i wspomagaj\u0105cych naturalne mechanizmy obronne organizmu.<\/li>\n<li>Dzi\u0119ki zawarto\u015bci witaminy C, Citrogrep mo\u017ce r\u00f3wnie\u017c przyczynia\u0107 si\u0119 do zmniejszenia uczucia zm\u0119czenia i znu\u017cenia.<\/li>\n<li>To wygodna forma wsparcia organizmu, szczeg\u00f3lnie w okresach obni\u017conej odporno\u015bci lub zwi\u0119kszonego zapotrzebowania na antyoksydanty.<\/li>\n<\/ul>\n","protected":false},"featured_media":5064,"template":"","products":[108],"yoast_head":"<title>CITROGREP krople - Fytofontana<\/title>\n<meta name=\"description\" content=\"Citrogrep \u2013 ekstrakt z pestek grejpfruta z naturalnymi flawonoidami i witamin\u0105 C. Wspiera odporno\u015b\u0107 i pomaga chroni\u0107 kom\u00f3rki przed stresem oksydacyjnym.\" \/>\n<meta name=\"robots\" content=\"index, follow, max-snippet:-1, max-image-preview:large, max-video-preview:-1\" \/>\n<link rel=\"canonical\" href=\"https:\/\/www.fytofontana.com\/pl\/product\/citrogrep-krople\/\" \/>\n<meta property=\"og:locale\" content=\"pl_PL\" \/>\n<meta property=\"og:type\" content=\"article\" \/>\n<meta property=\"og:title\" content=\"CITROGREP krople - Fytofontana\" \/>\n<meta property=\"og:description\" content=\"Citrogrep \u2013 ekstrakt z pestek grejpfruta z naturalnymi flawonoidami i witamin\u0105 C. Wspiera odporno\u015b\u0107 i pomaga chroni\u0107 kom\u00f3rki przed stresem oksydacyjnym.\" \/>\n<meta property=\"og:url\" content=\"https:\/\/www.fytofontana.com\/pl\/product\/citrogrep-krople\/\" \/>\n<meta property=\"og:site_name\" content=\"Fytofontana\" \/>\n<meta property=\"article:modified_time\" content=\"2025-11-07T10:54:02+00:00\" \/>\n<meta property=\"og:image\" content=\"https:\/\/www.fytofontana.com\/wp-content\/uploads\/2025\/11\/8594035880086_T2_AHER100-e1762511821699.jpg\" \/>\n\t<meta property=\"og:image:width\" content=\"1000\" \/>\n\t<meta property=\"og:image:height\" content=\"1000\" \/>\n<meta name=\"twitter:card\" content=\"summary_large_image\" \/>\n<meta name=\"twitter:label1\" content=\"Est. reading time\">\n\t<meta name=\"twitter:data1\" content=\"1 minuta\">\n<script type=\"application\/ld+json\" class=\"yoast-schema-graph\">{\"@context\":\"https:\/\/schema.org\",\"@graph\":[{\"@type\":\"Organization\",\"@id\":\"https:\/\/www.fytofontana.com\/#organization\",\"name\":\"Fytofontana\",\"url\":\"https:\/\/www.fytofontana.com\/\",\"sameAs\":[],\"logo\":{\"@type\":\"ImageObject\",\"@id\":\"https:\/\/www.fytofontana.com\/#logo\",\"inLanguage\":\"pl-PL\",\"url\":\"https:\/\/www.fytofontana.com\/wp-content\/uploads\/2021\/01\/fyto.png\",\"width\":817,\"height\":79,\"caption\":\"Fytofontana\"},\"image\":{\"@id\":\"https:\/\/www.fytofontana.com\/#logo\"}},{\"@type\":\"WebSite\",\"@id\":\"https:\/\/www.fytofontana.com\/#website\",\"url\":\"https:\/\/www.fytofontana.com\/\",\"name\":\"Fytofontana\",\"description\":\"\",\"publisher\":{\"@id\":\"https:\/\/www.fytofontana.com\/#organization\"},\"potentialAction\":[{\"@type\":\"SearchAction\",\"target\":\"https:\/\/www.fytofontana.com\/?s={search_term_string}\",\"query-input\":\"required name=search_term_string\"}],\"inLanguage\":\"pl-PL\"},{\"@type\":\"ImageObject\",\"@id\":\"https:\/\/www.fytofontana.com\/pl\/product\/citrogrep-krople\/#primaryimage\",\"inLanguage\":\"pl-PL\",\"url\":\"https:\/\/www.fytofontana.com\/wp-content\/uploads\/2025\/11\/8594035880086_T2_AHER100-e1762511821699.jpg\",\"width\":1000,\"height\":1000},{\"@type\":[\"WebPage\",\"ItemPage\"],\"@id\":\"https:\/\/www.fytofontana.com\/pl\/product\/citrogrep-krople\/#webpage\",\"url\":\"https:\/\/www.fytofontana.com\/pl\/product\/citrogrep-krople\/\",\"name\":\"CITROGREP krople - Fytofontana\",\"isPartOf\":{\"@id\":\"https:\/\/www.fytofontana.com\/#website\"},\"primaryImageOfPage\":{\"@id\":\"https:\/\/www.fytofontana.com\/pl\/product\/citrogrep-krople\/#primaryimage\"},\"datePublished\":\"2025-11-07T10:44:42+00:00\",\"dateModified\":\"2025-11-07T10:54:02+00:00\",\"description\":\"Citrogrep \\u2013 ekstrakt z pestek grejpfruta z naturalnymi flawonoidami i witamin\\u0105 C. Wspiera odporno\\u015b\\u0107 i pomaga chroni\\u0107 kom\\u00f3rki przed stresem oksydacyjnym.\",\"breadcrumb\":{\"@id\":\"https:\/\/www.fytofontana.com\/pl\/product\/citrogrep-krople\/#breadcrumb\"},\"inLanguage\":\"pl-PL\",\"potentialAction\":[{\"@type\":\"ReadAction\",\"target\":[\"https:\/\/www.fytofontana.com\/pl\/product\/citrogrep-krople\/\"]}]},{\"@type\":\"BreadcrumbList\",\"@id\":\"https:\/\/www.fytofontana.com\/pl\/product\/citrogrep-krople\/#breadcrumb\",\"itemListElement\":[{\"@type\":\"ListItem\",\"position\":1,\"item\":{\"@type\":\"WebPage\",\"@id\":\"https:\/\/www.fytofontana.com\/pl\/\",\"url\":\"https:\/\/www.fytofontana.com\/pl\/\",\"name\":\"Home\"}},{\"@type\":\"ListItem\",\"position\":2,\"item\":{\"@type\":\"WebPage\",\"@id\":\"https:\/\/www.fytofontana.com\/pl\/product\/citrogrep-krople\/\",\"url\":\"https:\/\/www.fytofontana.com\/pl\/product\/citrogrep-krople\/\",\"name\":\"CITROGREP krople\"}}]}]}<\/script>","_links":{"self":[{"href":"https:\/\/www.fytofontana.com\/pl\/wp-json\/wp\/v2\/product\/5076"}],"collection":[{"href":"https:\/\/www.fytofontana.com\/pl\/wp-json\/wp\/v2\/product"}],"about":[{"href":"https:\/\/www.fytofontana.com\/pl\/wp-json\/wp\/v2\/types\/product"}],"wp:featuredmedia":[{"embeddable":true,"href":"https:\/\/www.fytofontana.com\/pl\/wp-json\/wp\/v2\/media\/5064"}],"wp:attachment":[{"href":"https:\/\/www.fytofontana.com\/pl\/wp-json\/wp\/v2\/media?parent=5076"}],"wp:term":[{"taxonomy":"products","embeddable":true,"href":"https:\/\/www.fytofontana.com\/pl\/wp-json\/wp\/v2\/products?post=5076"}],"curies":[{"name":"wp","href":"https:\/\/api.w.org\/{rel}","templated":true}]}}