{"id":5040,"date":"2025-10-22T09:44:06","date_gmt":"2025-10-22T08:44:06","guid":{"rendered":"https:\/\/www.fytofontana.com\/?post_type=product&#038;p=5040"},"modified":"2025-11-27T22:34:00","modified_gmt":"2025-11-27T21:34:00","slug":"hemorrelax-spray","status":"publish","type":"product","link":"https:\/\/www.fytofontana.com\/pl\/product\/hemorrelax-spray\/","title":{"rendered":"HEMORRELAX spray doodbytniczy"},"content":{"rendered":"<p><strong>Fito-biotechnologiczny spray do higieny w przypadku hemoroid\u00f3w z efektem botoksu.<\/strong><\/p>\n<ul>\n<li>Hemorrelax spray z <strong>potr\u00f3jn\u0105 si\u0142\u0105 dzia\u0142ania<\/strong>:\n<ul>\n<li><strong>\u0141agodzi, regeneruje i natychmiast zmniejsza <\/strong>b\u00f3l, pieczenie, sw\u0119dzenie i obrz\u0119k.<\/li>\n<li>Wspomaga <strong>kompleksowe gojenie<\/strong> ju\u017c istniej\u0105cych problem\u00f3w i <strong>zmniejsza ryzyko nawrotu<\/strong> hemoroid\u00f3w przy regularnym stosowaniu.<\/li>\n<li><strong>Peptydy o dzia\u0142aniu toksyny botulinowej \u2013 tzw. efekt botoksu \u2013 rozlu\u017aniaj\u0105 napi\u0119cie skurczowe sk\u00f3ry wok\u00f3\u0142 odbytu. <\/strong>Przyspiesza to gojenie obrz\u0119k\u00f3w i ran oraz przyczynia si\u0119 do bezbolesnego wypr\u00f3\u017cniania.<\/li>\n<\/ul>\n<\/li>\n<li><strong>Sk\u0142adnik nawil\u017caj\u0105cy<\/strong> dodatkowo tworzy delikatny film ochronny na sk\u00f3rze odbytu, chroni\u0105c przed powstawaniem <strong>nowych p\u0119kni\u0119\u0107 i ran<\/strong>.<\/li>\n<li><strong>Jest idealnym uzupe\u0142nieniem<\/strong> wyrob\u00f3w medycznych <strong>HEMORRELAX krem doodbytniczy<\/strong> i <strong>czopki doodbytnicze<\/strong>.<\/li>\n<\/ul>\n","protected":false},"featured_media":5002,"template":"","products":[97],"yoast_head":"<title>HEMORRELAX spray doodbytniczy - Fytofontana<\/title>\n<meta name=\"description\" content=\"Fito-biotechnologiczny spray do higieny w przypadku hemoroid\u00f3w z efektem botoksu. Przed i po wypr\u00f3\u017cnieniu szybko \u0142agodzi, zmniejsza sw\u0119dzenie, pieczenie i chroni odbyt przed powstawaniem nowych p\u0119kni\u0119\u0107 i ran \u2013 w pracy i w podr\u00f3\u017cy\" \/>\n<meta name=\"robots\" content=\"index, follow, max-snippet:-1, max-image-preview:large, max-video-preview:-1\" \/>\n<link rel=\"canonical\" href=\"https:\/\/www.fytofontana.com\/pl\/product\/hemorrelax-spray\/\" \/>\n<meta property=\"og:locale\" content=\"pl_PL\" \/>\n<meta property=\"og:type\" content=\"article\" \/>\n<meta property=\"og:title\" content=\"HEMORRELAX spray doodbytniczy - Fytofontana\" \/>\n<meta property=\"og:description\" content=\"Fito-biotechnologiczny spray do higieny w przypadku hemoroid\u00f3w z efektem botoksu. Przed i po wypr\u00f3\u017cnieniu szybko \u0142agodzi, zmniejsza sw\u0119dzenie, pieczenie i chroni odbyt przed powstawaniem nowych p\u0119kni\u0119\u0107 i ran \u2013 w pracy i w podr\u00f3\u017cy\" \/>\n<meta property=\"og:url\" content=\"https:\/\/www.fytofontana.com\/pl\/product\/hemorrelax-spray\/\" \/>\n<meta property=\"og:site_name\" content=\"Fytofontana\" \/>\n<meta property=\"article:modified_time\" content=\"2025-11-27T21:34:00+00:00\" \/>\n<meta property=\"og:image\" content=\"https:\/\/www.fytofontana.com\/wp-content\/uploads\/2025\/10\/2025_09_HEMORRELAX_Rectal_spray_50ml_01_LQ_Primary.jpg\" \/>\n\t<meta property=\"og:image:width\" content=\"1000\" \/>\n\t<meta property=\"og:image:height\" content=\"1000\" \/>\n<meta name=\"twitter:card\" content=\"summary_large_image\" \/>\n<meta name=\"twitter:label1\" content=\"Est. reading time\">\n\t<meta name=\"twitter:data1\" content=\"1 minuta\">\n<script type=\"application\/ld+json\" class=\"yoast-schema-graph\">{\"@context\":\"https:\/\/schema.org\",\"@graph\":[{\"@type\":\"Organization\",\"@id\":\"https:\/\/www.fytofontana.com\/#organization\",\"name\":\"Fytofontana\",\"url\":\"https:\/\/www.fytofontana.com\/\",\"sameAs\":[],\"logo\":{\"@type\":\"ImageObject\",\"@id\":\"https:\/\/www.fytofontana.com\/#logo\",\"inLanguage\":\"pl-PL\",\"url\":\"https:\/\/www.fytofontana.com\/wp-content\/uploads\/2021\/01\/fyto.png\",\"width\":817,\"height\":79,\"caption\":\"Fytofontana\"},\"image\":{\"@id\":\"https:\/\/www.fytofontana.com\/#logo\"}},{\"@type\":\"WebSite\",\"@id\":\"https:\/\/www.fytofontana.com\/#website\",\"url\":\"https:\/\/www.fytofontana.com\/\",\"name\":\"Fytofontana\",\"description\":\"\",\"publisher\":{\"@id\":\"https:\/\/www.fytofontana.com\/#organization\"},\"potentialAction\":[{\"@type\":\"SearchAction\",\"target\":\"https:\/\/www.fytofontana.com\/?s={search_term_string}\",\"query-input\":\"required name=search_term_string\"}],\"inLanguage\":\"pl-PL\"},{\"@type\":\"ImageObject\",\"@id\":\"https:\/\/www.fytofontana.com\/pl\/product\/hemorrelax-spray\/#primaryimage\",\"inLanguage\":\"pl-PL\",\"url\":\"https:\/\/www.fytofontana.com\/wp-content\/uploads\/2025\/10\/2025_09_HEMORRELAX_Rectal_spray_50ml_01_LQ_Primary.jpg\",\"width\":1000,\"height\":1000},{\"@type\":[\"WebPage\",\"ItemPage\"],\"@id\":\"https:\/\/www.fytofontana.com\/pl\/product\/hemorrelax-spray\/#webpage\",\"url\":\"https:\/\/www.fytofontana.com\/pl\/product\/hemorrelax-spray\/\",\"name\":\"HEMORRELAX spray doodbytniczy - Fytofontana\",\"isPartOf\":{\"@id\":\"https:\/\/www.fytofontana.com\/#website\"},\"primaryImageOfPage\":{\"@id\":\"https:\/\/www.fytofontana.com\/pl\/product\/hemorrelax-spray\/#primaryimage\"},\"datePublished\":\"2025-10-22T08:44:06+00:00\",\"dateModified\":\"2025-11-27T21:34:00+00:00\",\"description\":\"Fito-biotechnologiczny spray do higieny w przypadku hemoroid\\u00f3w z efektem botoksu. Przed i po wypr\\u00f3\\u017cnieniu szybko \\u0142agodzi, zmniejsza sw\\u0119dzenie, pieczenie i chroni odbyt przed powstawaniem nowych p\\u0119kni\\u0119\\u0107 i ran \\u2013 w pracy i w podr\\u00f3\\u017cy\",\"breadcrumb\":{\"@id\":\"https:\/\/www.fytofontana.com\/pl\/product\/hemorrelax-spray\/#breadcrumb\"},\"inLanguage\":\"pl-PL\",\"potentialAction\":[{\"@type\":\"ReadAction\",\"target\":[\"https:\/\/www.fytofontana.com\/pl\/product\/hemorrelax-spray\/\"]}]},{\"@type\":\"BreadcrumbList\",\"@id\":\"https:\/\/www.fytofontana.com\/pl\/product\/hemorrelax-spray\/#breadcrumb\",\"itemListElement\":[{\"@type\":\"ListItem\",\"position\":1,\"item\":{\"@type\":\"WebPage\",\"@id\":\"https:\/\/www.fytofontana.com\/pl\/\",\"url\":\"https:\/\/www.fytofontana.com\/pl\/\",\"name\":\"Home\"}},{\"@type\":\"ListItem\",\"position\":2,\"item\":{\"@type\":\"WebPage\",\"@id\":\"https:\/\/www.fytofontana.com\/pl\/product\/hemorrelax-spray\/\",\"url\":\"https:\/\/www.fytofontana.com\/pl\/product\/hemorrelax-spray\/\",\"name\":\"HEMORRELAX spray doodbytniczy\"}}]}]}<\/script>","_links":{"self":[{"href":"https:\/\/www.fytofontana.com\/pl\/wp-json\/wp\/v2\/product\/5040"}],"collection":[{"href":"https:\/\/www.fytofontana.com\/pl\/wp-json\/wp\/v2\/product"}],"about":[{"href":"https:\/\/www.fytofontana.com\/pl\/wp-json\/wp\/v2\/types\/product"}],"wp:featuredmedia":[{"embeddable":true,"href":"https:\/\/www.fytofontana.com\/pl\/wp-json\/wp\/v2\/media\/5002"}],"wp:attachment":[{"href":"https:\/\/www.fytofontana.com\/pl\/wp-json\/wp\/v2\/media?parent=5040"}],"wp:term":[{"taxonomy":"products","embeddable":true,"href":"https:\/\/www.fytofontana.com\/pl\/wp-json\/wp\/v2\/products?post=5040"}],"curies":[{"name":"wp","href":"https:\/\/api.w.org\/{rel}","templated":true}]}}