{"id":4228,"date":"2025-08-26T08:14:37","date_gmt":"2025-08-26T07:14:37","guid":{"rendered":"https:\/\/www.fytofontana.com\/?post_type=product&#038;p=4228"},"modified":"2025-08-26T08:33:40","modified_gmt":"2025-08-26T07:33:40","slug":"hair-man","status":"publish","type":"product","link":"https:\/\/www.fytofontana.com\/pl\/product\/hair-man\/","title":{"rendered":"HAIR Man"},"content":{"rendered":"<ul>\n<li><strong>Serum fyto-biotechnologiczne przeciw starzeniu si\u0119 i na wzrost w\u0142os\u00f3w.<\/strong><\/li>\n<li>Sk\u0142adniki serum dzia\u0142aj\u0105 kompleksowo: pobudzaj\u0105 mikrokr\u0105\u017cenie, chroni\u0105 kom\u00f3rki przed stresem oksydacyjnym, aktywuj\u0105 kom\u00f3rki macierzyste w mieszkach w\u0142osowych i stymuluj\u0105 naturalny wzrost w\u0142os\u00f3w.<\/li>\n<li>Serum ca\u0142o\u015bciowo wzmacnia w\u0142osy oraz mieszki w\u0142osowe staj\u0105 si\u0119 bardziej ustrukturyzowane, w\u0142osy staj\u0105 si\u0119 silniejsze i bardziej l\u015bni\u0105ce.<\/li>\n<\/ul>\n","protected":false},"featured_media":1444,"template":"","products":[107],"yoast_head":"<title>HAIR Man - Fytofontana<\/title>\n<meta name=\"description\" content=\"Serum fyto-biotechnologiczne przeciw starzeniu si\u0119 i na wzrost w\u0142os\u00f3w.\" \/>\n<meta name=\"robots\" content=\"index, follow, max-snippet:-1, max-image-preview:large, max-video-preview:-1\" \/>\n<link rel=\"canonical\" href=\"https:\/\/www.fytofontana.com\/pl\/product\/hair-man\/\" \/>\n<meta property=\"og:locale\" content=\"pl_PL\" \/>\n<meta property=\"og:type\" content=\"article\" \/>\n<meta property=\"og:title\" content=\"HAIR Man - Fytofontana\" \/>\n<meta property=\"og:description\" content=\"Serum fyto-biotechnologiczne przeciw starzeniu si\u0119 i na wzrost w\u0142os\u00f3w.\" \/>\n<meta property=\"og:url\" content=\"https:\/\/www.fytofontana.com\/pl\/product\/hair-man\/\" \/>\n<meta property=\"og:site_name\" content=\"Fytofontana\" \/>\n<meta property=\"article:modified_time\" content=\"2025-08-26T07:33:40+00:00\" \/>\n<meta property=\"og:image\" content=\"https:\/\/www.fytofontana.com\/wp-content\/uploads\/2020\/12\/094.png\" \/>\n\t<meta property=\"og:image:width\" content=\"1500\" \/>\n\t<meta property=\"og:image:height\" content=\"1500\" \/>\n<meta name=\"twitter:card\" content=\"summary_large_image\" \/>\n<meta name=\"twitter:label1\" content=\"Est. reading time\">\n\t<meta name=\"twitter:data1\" content=\"1 minuta\">\n<script type=\"application\/ld+json\" class=\"yoast-schema-graph\">{\"@context\":\"https:\/\/schema.org\",\"@graph\":[{\"@type\":\"Organization\",\"@id\":\"https:\/\/www.fytofontana.com\/#organization\",\"name\":\"Fytofontana\",\"url\":\"https:\/\/www.fytofontana.com\/\",\"sameAs\":[],\"logo\":{\"@type\":\"ImageObject\",\"@id\":\"https:\/\/www.fytofontana.com\/#logo\",\"inLanguage\":\"pl-PL\",\"url\":\"https:\/\/www.fytofontana.com\/wp-content\/uploads\/2021\/01\/fyto.png\",\"width\":817,\"height\":79,\"caption\":\"Fytofontana\"},\"image\":{\"@id\":\"https:\/\/www.fytofontana.com\/#logo\"}},{\"@type\":\"WebSite\",\"@id\":\"https:\/\/www.fytofontana.com\/#website\",\"url\":\"https:\/\/www.fytofontana.com\/\",\"name\":\"Fytofontana\",\"description\":\"\",\"publisher\":{\"@id\":\"https:\/\/www.fytofontana.com\/#organization\"},\"potentialAction\":[{\"@type\":\"SearchAction\",\"target\":\"https:\/\/www.fytofontana.com\/?s={search_term_string}\",\"query-input\":\"required name=search_term_string\"}],\"inLanguage\":\"pl-PL\"},{\"@type\":\"ImageObject\",\"@id\":\"https:\/\/www.fytofontana.com\/pl\/product\/hair-man\/#primaryimage\",\"inLanguage\":\"pl-PL\",\"url\":\"https:\/\/www.fytofontana.com\/wp-content\/uploads\/2020\/12\/094.png\",\"width\":1500,\"height\":1500},{\"@type\":[\"WebPage\",\"ItemPage\"],\"@id\":\"https:\/\/www.fytofontana.com\/pl\/product\/hair-man\/#webpage\",\"url\":\"https:\/\/www.fytofontana.com\/pl\/product\/hair-man\/\",\"name\":\"HAIR Man - Fytofontana\",\"isPartOf\":{\"@id\":\"https:\/\/www.fytofontana.com\/#website\"},\"primaryImageOfPage\":{\"@id\":\"https:\/\/www.fytofontana.com\/pl\/product\/hair-man\/#primaryimage\"},\"datePublished\":\"2025-08-26T07:14:37+00:00\",\"dateModified\":\"2025-08-26T07:33:40+00:00\",\"description\":\"Serum fyto-biotechnologiczne przeciw starzeniu si\\u0119 i na wzrost w\\u0142os\\u00f3w.\",\"breadcrumb\":{\"@id\":\"https:\/\/www.fytofontana.com\/pl\/product\/hair-man\/#breadcrumb\"},\"inLanguage\":\"pl-PL\",\"potentialAction\":[{\"@type\":\"ReadAction\",\"target\":[\"https:\/\/www.fytofontana.com\/pl\/product\/hair-man\/\"]}]},{\"@type\":\"BreadcrumbList\",\"@id\":\"https:\/\/www.fytofontana.com\/pl\/product\/hair-man\/#breadcrumb\",\"itemListElement\":[{\"@type\":\"ListItem\",\"position\":1,\"item\":{\"@type\":\"WebPage\",\"@id\":\"https:\/\/www.fytofontana.com\/pl\/\",\"url\":\"https:\/\/www.fytofontana.com\/pl\/\",\"name\":\"Home\"}},{\"@type\":\"ListItem\",\"position\":2,\"item\":{\"@type\":\"WebPage\",\"@id\":\"https:\/\/www.fytofontana.com\/pl\/product\/hair-man\/\",\"url\":\"https:\/\/www.fytofontana.com\/pl\/product\/hair-man\/\",\"name\":\"HAIR Man\"}}]}]}<\/script>","_links":{"self":[{"href":"https:\/\/www.fytofontana.com\/pl\/wp-json\/wp\/v2\/product\/4228"}],"collection":[{"href":"https:\/\/www.fytofontana.com\/pl\/wp-json\/wp\/v2\/product"}],"about":[{"href":"https:\/\/www.fytofontana.com\/pl\/wp-json\/wp\/v2\/types\/product"}],"wp:featuredmedia":[{"embeddable":true,"href":"https:\/\/www.fytofontana.com\/pl\/wp-json\/wp\/v2\/media\/1444"}],"wp:attachment":[{"href":"https:\/\/www.fytofontana.com\/pl\/wp-json\/wp\/v2\/media?parent=4228"}],"wp:term":[{"taxonomy":"products","embeddable":true,"href":"https:\/\/www.fytofontana.com\/pl\/wp-json\/wp\/v2\/products?post=4228"}],"curies":[{"name":"wp","href":"https:\/\/api.w.org\/{rel}","templated":true}]}}