{"id":4211,"date":"2025-08-07T22:25:36","date_gmt":"2025-08-07T21:25:36","guid":{"rendered":"https:\/\/www.fytofontana.com\/?post_type=product&#038;p=4211"},"modified":"2025-08-07T22:27:07","modified_gmt":"2025-08-07T21:27:07","slug":"emulsja-hippocastanum-classic","status":"publish","type":"product","link":"https:\/\/www.fytofontana.com\/pl\/product\/emulsja-hippocastanum-classic\/","title":{"rendered":"Emulsja Hippocastanum CLASSIC"},"content":{"rendered":"<ul>\n<li class=\"Standard\"><b><span style=\"color: #7030a0;\">Fitoemulsja z ekstraktem z kasztanowca<\/span><\/b><\/li>\n<li class=\"Standard\">Fitoemulsja Hippocastanum zawiera specjaln\u0105 kombinacj\u0119 ekstrakt\u00f3w ro\u015blinnych, g\u0142\u00f3wnie z kasztanowca, kt\u00f3ry jest znany ze swojego przeciwzapalnego dzia\u0142ania na naczynia krwiono\u015bne. Ekstrakty z rozmarynu i dzikiej lipy poprawiaj\u0105 kr\u0105\u017cenie krwi i dzia\u0142aj\u0105 przeciwzapalnie. Ekstrakt z sza\u0142wii \u0142agodzi sk\u00f3r\u0119.<\/li>\n<\/ul>\n","protected":false},"featured_media":1488,"template":"","products":[106],"yoast_head":"<title>Emulsja Hippocastanum CLASSIC - Fytofontana<\/title>\n<meta name=\"description\" content=\"Fitoemulsja z kasztanowcem, rozmarynem i lip\u0105 wspiera kr\u0105\u017cenie, \u0142agodzi sk\u00f3r\u0119 i pomaga przy piel\u0119gnacji sk\u00f3ry z rozszerzonymi naczynkami.\" \/>\n<meta name=\"robots\" content=\"index, follow, max-snippet:-1, max-image-preview:large, max-video-preview:-1\" \/>\n<link rel=\"canonical\" href=\"https:\/\/www.fytofontana.com\/pl\/product\/emulsja-hippocastanum-classic\/\" \/>\n<meta property=\"og:locale\" content=\"pl_PL\" \/>\n<meta property=\"og:type\" content=\"article\" \/>\n<meta property=\"og:title\" content=\"Emulsja Hippocastanum CLASSIC - Fytofontana\" \/>\n<meta property=\"og:description\" content=\"Fitoemulsja z kasztanowcem, rozmarynem i lip\u0105 wspiera kr\u0105\u017cenie, \u0142agodzi sk\u00f3r\u0119 i pomaga przy piel\u0119gnacji sk\u00f3ry z rozszerzonymi naczynkami.\" \/>\n<meta property=\"og:url\" content=\"https:\/\/www.fytofontana.com\/pl\/product\/emulsja-hippocastanum-classic\/\" \/>\n<meta property=\"og:site_name\" content=\"Fytofontana\" \/>\n<meta property=\"article:modified_time\" content=\"2025-08-07T21:27:07+00:00\" \/>\n<meta property=\"og:image\" content=\"https:\/\/www.fytofontana.com\/wp-content\/uploads\/2020\/12\/086.png\" \/>\n\t<meta property=\"og:image:width\" content=\"1500\" \/>\n\t<meta property=\"og:image:height\" content=\"1500\" \/>\n<meta name=\"twitter:card\" content=\"summary_large_image\" \/>\n<meta name=\"twitter:label1\" content=\"Est. reading time\">\n\t<meta name=\"twitter:data1\" content=\"1 minuta\">\n<script type=\"application\/ld+json\" class=\"yoast-schema-graph\">{\"@context\":\"https:\/\/schema.org\",\"@graph\":[{\"@type\":\"Organization\",\"@id\":\"https:\/\/www.fytofontana.com\/#organization\",\"name\":\"Fytofontana\",\"url\":\"https:\/\/www.fytofontana.com\/\",\"sameAs\":[],\"logo\":{\"@type\":\"ImageObject\",\"@id\":\"https:\/\/www.fytofontana.com\/#logo\",\"inLanguage\":\"pl-PL\",\"url\":\"https:\/\/www.fytofontana.com\/wp-content\/uploads\/2021\/01\/fyto.png\",\"width\":817,\"height\":79,\"caption\":\"Fytofontana\"},\"image\":{\"@id\":\"https:\/\/www.fytofontana.com\/#logo\"}},{\"@type\":\"WebSite\",\"@id\":\"https:\/\/www.fytofontana.com\/#website\",\"url\":\"https:\/\/www.fytofontana.com\/\",\"name\":\"Fytofontana\",\"description\":\"\",\"publisher\":{\"@id\":\"https:\/\/www.fytofontana.com\/#organization\"},\"potentialAction\":[{\"@type\":\"SearchAction\",\"target\":\"https:\/\/www.fytofontana.com\/?s={search_term_string}\",\"query-input\":\"required name=search_term_string\"}],\"inLanguage\":\"pl-PL\"},{\"@type\":\"ImageObject\",\"@id\":\"https:\/\/www.fytofontana.com\/pl\/product\/emulsja-hippocastanum-classic\/#primaryimage\",\"inLanguage\":\"pl-PL\",\"url\":\"https:\/\/www.fytofontana.com\/wp-content\/uploads\/2020\/12\/086.png\",\"width\":1500,\"height\":1500},{\"@type\":[\"WebPage\",\"ItemPage\"],\"@id\":\"https:\/\/www.fytofontana.com\/pl\/product\/emulsja-hippocastanum-classic\/#webpage\",\"url\":\"https:\/\/www.fytofontana.com\/pl\/product\/emulsja-hippocastanum-classic\/\",\"name\":\"Emulsja Hippocastanum CLASSIC - Fytofontana\",\"isPartOf\":{\"@id\":\"https:\/\/www.fytofontana.com\/#website\"},\"primaryImageOfPage\":{\"@id\":\"https:\/\/www.fytofontana.com\/pl\/product\/emulsja-hippocastanum-classic\/#primaryimage\"},\"datePublished\":\"2025-08-07T21:25:36+00:00\",\"dateModified\":\"2025-08-07T21:27:07+00:00\",\"description\":\"Fitoemulsja z kasztanowcem, rozmarynem i lip\\u0105 wspiera kr\\u0105\\u017cenie, \\u0142agodzi sk\\u00f3r\\u0119 i pomaga przy piel\\u0119gnacji sk\\u00f3ry z rozszerzonymi naczynkami.\",\"breadcrumb\":{\"@id\":\"https:\/\/www.fytofontana.com\/pl\/product\/emulsja-hippocastanum-classic\/#breadcrumb\"},\"inLanguage\":\"pl-PL\",\"potentialAction\":[{\"@type\":\"ReadAction\",\"target\":[\"https:\/\/www.fytofontana.com\/pl\/product\/emulsja-hippocastanum-classic\/\"]}]},{\"@type\":\"BreadcrumbList\",\"@id\":\"https:\/\/www.fytofontana.com\/pl\/product\/emulsja-hippocastanum-classic\/#breadcrumb\",\"itemListElement\":[{\"@type\":\"ListItem\",\"position\":1,\"item\":{\"@type\":\"WebPage\",\"@id\":\"https:\/\/www.fytofontana.com\/pl\/\",\"url\":\"https:\/\/www.fytofontana.com\/pl\/\",\"name\":\"Home\"}},{\"@type\":\"ListItem\",\"position\":2,\"item\":{\"@type\":\"WebPage\",\"@id\":\"https:\/\/www.fytofontana.com\/pl\/product\/emulsja-hippocastanum-classic\/\",\"url\":\"https:\/\/www.fytofontana.com\/pl\/product\/emulsja-hippocastanum-classic\/\",\"name\":\"Emulsja Hippocastanum CLASSIC\"}}]}]}<\/script>","_links":{"self":[{"href":"https:\/\/www.fytofontana.com\/pl\/wp-json\/wp\/v2\/product\/4211"}],"collection":[{"href":"https:\/\/www.fytofontana.com\/pl\/wp-json\/wp\/v2\/product"}],"about":[{"href":"https:\/\/www.fytofontana.com\/pl\/wp-json\/wp\/v2\/types\/product"}],"wp:featuredmedia":[{"embeddable":true,"href":"https:\/\/www.fytofontana.com\/pl\/wp-json\/wp\/v2\/media\/1488"}],"wp:attachment":[{"href":"https:\/\/www.fytofontana.com\/pl\/wp-json\/wp\/v2\/media?parent=4211"}],"wp:term":[{"taxonomy":"products","embeddable":true,"href":"https:\/\/www.fytofontana.com\/pl\/wp-json\/wp\/v2\/products?post=4211"}],"curies":[{"name":"wp","href":"https:\/\/api.w.org\/{rel}","templated":true}]}}