{"id":4209,"date":"2025-08-07T22:20:37","date_gmt":"2025-08-07T21:20:37","guid":{"rendered":"https:\/\/www.fytofontana.com\/?post_type=product&#038;p=4209"},"modified":"2025-08-07T22:20:47","modified_gmt":"2025-08-07T21:20:47","slug":"emulsja-hippocastanum-cold","status":"publish","type":"product","link":"https:\/\/www.fytofontana.com\/pl\/product\/emulsja-hippocastanum-cold\/","title":{"rendered":"Emulsja Hippocastanum COLD"},"content":{"rendered":"<ul>\n<li class=\"Standard\"><b><span style=\"color: #7030a0;\">Ch\u0142odz\u0105ca fitoemulsja z kasztanowcem<\/span><\/b><\/li>\n<li class=\"Standard\">Ch\u0142odz\u0105ca emulsja z kasztanowcem zawiera mentol i kamfor\u0119 opr\u00f3cz tradycyjnych zi\u00f3\u0142. Starannie dobrane naturalne ekstrakty ro\u015blinne korzystnie wp\u0142ywaj\u0105 na zm\u0119czone stawy i mi\u0119\u015bnie. Preparat ma dzia\u0142anie ch\u0142odz\u0105ce i od\u015bwie\u017caj\u0105ce, jego stosowanie przynosi ulg\u0119 przy drobnych urazach \u2013 np. skr\u0119ceniach, st\u0142uczeniach. Dzi\u0119ki ekstraktowi z kasztanowca pomaga zmniejszy\u0107 uczucie ci\u0119\u017cko\u015bci n\u00f3g spowodowane przem\u0119czeniem ko\u0144czyn, niewystarczaj\u0105cym ukrwieniem i \u017cylakami.<\/li>\n<\/ul>\n","protected":false},"featured_media":1484,"template":"","products":[106],"yoast_head":"<title>Emulsja Hippocastanum COLD - Fytofontana<\/title>\n<meta name=\"description\" content=\"Ch\u0142odz\u0105ca emulsja z kasztanowcem, mentolem i kamfor\u0105. \u0141agodzi zm\u0119czenie n\u00f3g, przynosi ulg\u0119 stawom i mi\u0119\u015bniom po urazach i wysi\u0142ku.\" \/>\n<meta name=\"robots\" content=\"index, follow, max-snippet:-1, max-image-preview:large, max-video-preview:-1\" \/>\n<link rel=\"canonical\" href=\"https:\/\/www.fytofontana.com\/pl\/product\/emulsja-hippocastanum-cold\/\" \/>\n<meta property=\"og:locale\" content=\"pl_PL\" \/>\n<meta property=\"og:type\" content=\"article\" \/>\n<meta property=\"og:title\" content=\"Emulsja Hippocastanum COLD - Fytofontana\" \/>\n<meta property=\"og:description\" content=\"Ch\u0142odz\u0105ca emulsja z kasztanowcem, mentolem i kamfor\u0105. \u0141agodzi zm\u0119czenie n\u00f3g, przynosi ulg\u0119 stawom i mi\u0119\u015bniom po urazach i wysi\u0142ku.\" \/>\n<meta property=\"og:url\" content=\"https:\/\/www.fytofontana.com\/pl\/product\/emulsja-hippocastanum-cold\/\" \/>\n<meta property=\"og:site_name\" content=\"Fytofontana\" \/>\n<meta property=\"article:modified_time\" content=\"2025-08-07T21:20:47+00:00\" \/>\n<meta property=\"og:image\" content=\"https:\/\/www.fytofontana.com\/wp-content\/uploads\/2020\/12\/088.png\" \/>\n\t<meta property=\"og:image:width\" content=\"1500\" \/>\n\t<meta property=\"og:image:height\" content=\"1500\" \/>\n<meta name=\"twitter:card\" content=\"summary_large_image\" \/>\n<meta name=\"twitter:label1\" content=\"Est. reading time\">\n\t<meta name=\"twitter:data1\" content=\"1 minuta\">\n<script type=\"application\/ld+json\" class=\"yoast-schema-graph\">{\"@context\":\"https:\/\/schema.org\",\"@graph\":[{\"@type\":\"Organization\",\"@id\":\"https:\/\/www.fytofontana.com\/#organization\",\"name\":\"Fytofontana\",\"url\":\"https:\/\/www.fytofontana.com\/\",\"sameAs\":[],\"logo\":{\"@type\":\"ImageObject\",\"@id\":\"https:\/\/www.fytofontana.com\/#logo\",\"inLanguage\":\"pl-PL\",\"url\":\"https:\/\/www.fytofontana.com\/wp-content\/uploads\/2021\/01\/fyto.png\",\"width\":817,\"height\":79,\"caption\":\"Fytofontana\"},\"image\":{\"@id\":\"https:\/\/www.fytofontana.com\/#logo\"}},{\"@type\":\"WebSite\",\"@id\":\"https:\/\/www.fytofontana.com\/#website\",\"url\":\"https:\/\/www.fytofontana.com\/\",\"name\":\"Fytofontana\",\"description\":\"\",\"publisher\":{\"@id\":\"https:\/\/www.fytofontana.com\/#organization\"},\"potentialAction\":[{\"@type\":\"SearchAction\",\"target\":\"https:\/\/www.fytofontana.com\/?s={search_term_string}\",\"query-input\":\"required name=search_term_string\"}],\"inLanguage\":\"pl-PL\"},{\"@type\":\"ImageObject\",\"@id\":\"https:\/\/www.fytofontana.com\/pl\/product\/emulsja-hippocastanum-cold\/#primaryimage\",\"inLanguage\":\"pl-PL\",\"url\":\"https:\/\/www.fytofontana.com\/wp-content\/uploads\/2020\/12\/088.png\",\"width\":1500,\"height\":1500},{\"@type\":[\"WebPage\",\"ItemPage\"],\"@id\":\"https:\/\/www.fytofontana.com\/pl\/product\/emulsja-hippocastanum-cold\/#webpage\",\"url\":\"https:\/\/www.fytofontana.com\/pl\/product\/emulsja-hippocastanum-cold\/\",\"name\":\"Emulsja Hippocastanum COLD - Fytofontana\",\"isPartOf\":{\"@id\":\"https:\/\/www.fytofontana.com\/#website\"},\"primaryImageOfPage\":{\"@id\":\"https:\/\/www.fytofontana.com\/pl\/product\/emulsja-hippocastanum-cold\/#primaryimage\"},\"datePublished\":\"2025-08-07T21:20:37+00:00\",\"dateModified\":\"2025-08-07T21:20:47+00:00\",\"description\":\"Ch\\u0142odz\\u0105ca emulsja z kasztanowcem, mentolem i kamfor\\u0105. \\u0141agodzi zm\\u0119czenie n\\u00f3g, przynosi ulg\\u0119 stawom i mi\\u0119\\u015bniom po urazach i wysi\\u0142ku.\",\"breadcrumb\":{\"@id\":\"https:\/\/www.fytofontana.com\/pl\/product\/emulsja-hippocastanum-cold\/#breadcrumb\"},\"inLanguage\":\"pl-PL\",\"potentialAction\":[{\"@type\":\"ReadAction\",\"target\":[\"https:\/\/www.fytofontana.com\/pl\/product\/emulsja-hippocastanum-cold\/\"]}]},{\"@type\":\"BreadcrumbList\",\"@id\":\"https:\/\/www.fytofontana.com\/pl\/product\/emulsja-hippocastanum-cold\/#breadcrumb\",\"itemListElement\":[{\"@type\":\"ListItem\",\"position\":1,\"item\":{\"@type\":\"WebPage\",\"@id\":\"https:\/\/www.fytofontana.com\/pl\/\",\"url\":\"https:\/\/www.fytofontana.com\/pl\/\",\"name\":\"Home\"}},{\"@type\":\"ListItem\",\"position\":2,\"item\":{\"@type\":\"WebPage\",\"@id\":\"https:\/\/www.fytofontana.com\/pl\/product\/emulsja-hippocastanum-cold\/\",\"url\":\"https:\/\/www.fytofontana.com\/pl\/product\/emulsja-hippocastanum-cold\/\",\"name\":\"Emulsja Hippocastanum COLD\"}}]}]}<\/script>","_links":{"self":[{"href":"https:\/\/www.fytofontana.com\/pl\/wp-json\/wp\/v2\/product\/4209"}],"collection":[{"href":"https:\/\/www.fytofontana.com\/pl\/wp-json\/wp\/v2\/product"}],"about":[{"href":"https:\/\/www.fytofontana.com\/pl\/wp-json\/wp\/v2\/types\/product"}],"wp:featuredmedia":[{"embeddable":true,"href":"https:\/\/www.fytofontana.com\/pl\/wp-json\/wp\/v2\/media\/1484"}],"wp:attachment":[{"href":"https:\/\/www.fytofontana.com\/pl\/wp-json\/wp\/v2\/media?parent=4209"}],"wp:term":[{"taxonomy":"products","embeddable":true,"href":"https:\/\/www.fytofontana.com\/pl\/wp-json\/wp\/v2\/products?post=4209"}],"curies":[{"name":"wp","href":"https:\/\/api.w.org\/{rel}","templated":true}]}}