{"id":4208,"date":"2025-08-07T22:00:14","date_gmt":"2025-08-07T21:00:14","guid":{"rendered":"https:\/\/www.fytofontana.com\/?post_type=product&#038;p=4208"},"modified":"2025-08-07T22:16:10","modified_gmt":"2025-08-07T21:16:10","slug":"emulsja-hippocastanum-forte","status":"publish","type":"product","link":"https:\/\/www.fytofontana.com\/pl\/product\/emulsja-hippocastanum-forte\/","title":{"rendered":"Emulsja Hippocastanum FORTE"},"content":{"rendered":"<ul>\n<li><strong>Fitoemulsja z kasztanowcem<\/strong><\/li>\n<li>Fitoemulsja do piel\u0119gnacji sk\u00f3ry, wzbogacona ekstraktami z kasztanowca, czarciego pazura oraz li\u015bci rozmarynu.<\/li>\n<li>Ekstrakt z kasztanowca, bogaty w naturalne flawonoidy, wspomaga piel\u0119gnacj\u0119 sk\u00f3ry ze sk\u0142onno\u015bci\u0105 do p\u0119kaj\u0105cych naczynek i uczucia ci\u0119\u017cko\u015bci n\u00f3g.<\/li>\n<li>Czarci pazur (Harpagophytum procumbens) znany jest ze swoich w\u0142a\u015bciwo\u015bci \u0142agodz\u0105cych i koj\u0105cych, wspieraj\u0105cych komfort sk\u00f3ry. Ekstrakt ten dzia\u0142a skutecznie przy stanach zapalnych i artretyzmie (b\u00f3lach staw\u00f3w). Ekstrakt z li\u015bci rozmarynu zawiera sk\u0142adniki o dzia\u0142aniu antyseptycznym,<\/li>\n<li>Ekstrakt z rozmarynu dzia\u0142a od\u015bwie\u017caj\u0105co i tonizuj\u0105co, a jego sk\u0142adniki wspomagaj\u0105 utrzymanie dobrej kondycji sk\u00f3ry.<\/li>\n<\/ul>\n","protected":false},"featured_media":1480,"template":"","products":[106],"yoast_head":"<title>Emulsja Hippocastanum FORTE - Fytofontana<\/title>\n<meta name=\"description\" content=\"Fitoemulsja z kasztanowcem i czarcim pazurem. Wspiera sk\u00f3r\u0119 ze sk\u0142onno\u015bci\u0105 do p\u0119kaj\u0105cych naczynek, \u0142agodzi i od\u015bwie\u017ca po wysi\u0142ku.\" \/>\n<meta name=\"robots\" content=\"index, follow, max-snippet:-1, max-image-preview:large, max-video-preview:-1\" \/>\n<link rel=\"canonical\" href=\"https:\/\/www.fytofontana.com\/pl\/product\/emulsja-hippocastanum-forte\/\" \/>\n<meta property=\"og:locale\" content=\"pl_PL\" \/>\n<meta property=\"og:type\" content=\"article\" \/>\n<meta property=\"og:title\" content=\"Emulsja Hippocastanum FORTE - Fytofontana\" \/>\n<meta property=\"og:description\" content=\"Fitoemulsja z kasztanowcem i czarcim pazurem. Wspiera sk\u00f3r\u0119 ze sk\u0142onno\u015bci\u0105 do p\u0119kaj\u0105cych naczynek, \u0142agodzi i od\u015bwie\u017ca po wysi\u0142ku.\" \/>\n<meta property=\"og:url\" content=\"https:\/\/www.fytofontana.com\/pl\/product\/emulsja-hippocastanum-forte\/\" \/>\n<meta property=\"og:site_name\" content=\"Fytofontana\" \/>\n<meta property=\"article:modified_time\" content=\"2025-08-07T21:16:10+00:00\" \/>\n<meta property=\"og:image\" content=\"https:\/\/www.fytofontana.com\/wp-content\/uploads\/2020\/12\/083.png\" \/>\n\t<meta property=\"og:image:width\" content=\"1500\" \/>\n\t<meta property=\"og:image:height\" content=\"1500\" \/>\n<meta name=\"twitter:card\" content=\"summary_large_image\" \/>\n<meta name=\"twitter:label1\" content=\"Est. reading time\">\n\t<meta name=\"twitter:data1\" content=\"1 minuta\">\n<script type=\"application\/ld+json\" class=\"yoast-schema-graph\">{\"@context\":\"https:\/\/schema.org\",\"@graph\":[{\"@type\":\"Organization\",\"@id\":\"https:\/\/www.fytofontana.com\/#organization\",\"name\":\"Fytofontana\",\"url\":\"https:\/\/www.fytofontana.com\/\",\"sameAs\":[],\"logo\":{\"@type\":\"ImageObject\",\"@id\":\"https:\/\/www.fytofontana.com\/#logo\",\"inLanguage\":\"pl-PL\",\"url\":\"https:\/\/www.fytofontana.com\/wp-content\/uploads\/2021\/01\/fyto.png\",\"width\":817,\"height\":79,\"caption\":\"Fytofontana\"},\"image\":{\"@id\":\"https:\/\/www.fytofontana.com\/#logo\"}},{\"@type\":\"WebSite\",\"@id\":\"https:\/\/www.fytofontana.com\/#website\",\"url\":\"https:\/\/www.fytofontana.com\/\",\"name\":\"Fytofontana\",\"description\":\"\",\"publisher\":{\"@id\":\"https:\/\/www.fytofontana.com\/#organization\"},\"potentialAction\":[{\"@type\":\"SearchAction\",\"target\":\"https:\/\/www.fytofontana.com\/?s={search_term_string}\",\"query-input\":\"required name=search_term_string\"}],\"inLanguage\":\"pl-PL\"},{\"@type\":\"ImageObject\",\"@id\":\"https:\/\/www.fytofontana.com\/pl\/product\/emulsja-hippocastanum-forte\/#primaryimage\",\"inLanguage\":\"pl-PL\",\"url\":\"https:\/\/www.fytofontana.com\/wp-content\/uploads\/2020\/12\/083.png\",\"width\":1500,\"height\":1500},{\"@type\":[\"WebPage\",\"ItemPage\"],\"@id\":\"https:\/\/www.fytofontana.com\/pl\/product\/emulsja-hippocastanum-forte\/#webpage\",\"url\":\"https:\/\/www.fytofontana.com\/pl\/product\/emulsja-hippocastanum-forte\/\",\"name\":\"Emulsja Hippocastanum FORTE - Fytofontana\",\"isPartOf\":{\"@id\":\"https:\/\/www.fytofontana.com\/#website\"},\"primaryImageOfPage\":{\"@id\":\"https:\/\/www.fytofontana.com\/pl\/product\/emulsja-hippocastanum-forte\/#primaryimage\"},\"datePublished\":\"2025-08-07T21:00:14+00:00\",\"dateModified\":\"2025-08-07T21:16:10+00:00\",\"description\":\"Fitoemulsja z kasztanowcem i czarcim pazurem. Wspiera sk\\u00f3r\\u0119 ze sk\\u0142onno\\u015bci\\u0105 do p\\u0119kaj\\u0105cych naczynek, \\u0142agodzi i od\\u015bwie\\u017ca po wysi\\u0142ku.\",\"breadcrumb\":{\"@id\":\"https:\/\/www.fytofontana.com\/pl\/product\/emulsja-hippocastanum-forte\/#breadcrumb\"},\"inLanguage\":\"pl-PL\",\"potentialAction\":[{\"@type\":\"ReadAction\",\"target\":[\"https:\/\/www.fytofontana.com\/pl\/product\/emulsja-hippocastanum-forte\/\"]}]},{\"@type\":\"BreadcrumbList\",\"@id\":\"https:\/\/www.fytofontana.com\/pl\/product\/emulsja-hippocastanum-forte\/#breadcrumb\",\"itemListElement\":[{\"@type\":\"ListItem\",\"position\":1,\"item\":{\"@type\":\"WebPage\",\"@id\":\"https:\/\/www.fytofontana.com\/pl\/\",\"url\":\"https:\/\/www.fytofontana.com\/pl\/\",\"name\":\"Home\"}},{\"@type\":\"ListItem\",\"position\":2,\"item\":{\"@type\":\"WebPage\",\"@id\":\"https:\/\/www.fytofontana.com\/pl\/product\/emulsja-hippocastanum-forte\/\",\"url\":\"https:\/\/www.fytofontana.com\/pl\/product\/emulsja-hippocastanum-forte\/\",\"name\":\"Emulsja Hippocastanum FORTE\"}}]}]}<\/script>","_links":{"self":[{"href":"https:\/\/www.fytofontana.com\/pl\/wp-json\/wp\/v2\/product\/4208"}],"collection":[{"href":"https:\/\/www.fytofontana.com\/pl\/wp-json\/wp\/v2\/product"}],"about":[{"href":"https:\/\/www.fytofontana.com\/pl\/wp-json\/wp\/v2\/types\/product"}],"wp:featuredmedia":[{"embeddable":true,"href":"https:\/\/www.fytofontana.com\/pl\/wp-json\/wp\/v2\/media\/1480"}],"wp:attachment":[{"href":"https:\/\/www.fytofontana.com\/pl\/wp-json\/wp\/v2\/media?parent=4208"}],"wp:term":[{"taxonomy":"products","embeddable":true,"href":"https:\/\/www.fytofontana.com\/pl\/wp-json\/wp\/v2\/products?post=4208"}],"curies":[{"name":"wp","href":"https:\/\/api.w.org\/{rel}","templated":true}]}}