{"id":4206,"date":"2025-08-07T21:45:34","date_gmt":"2025-08-07T20:45:34","guid":{"rendered":"https:\/\/www.fytofontana.com\/?post_type=product&#038;p=4206"},"modified":"2025-08-07T21:54:13","modified_gmt":"2025-08-07T20:54:13","slug":"emulsja-hippocastanum-hot","status":"publish","type":"product","link":"https:\/\/www.fytofontana.com\/pl\/product\/emulsja-hippocastanum-hot\/","title":{"rendered":"Emulsja Hippocastanum HOT"},"content":{"rendered":"<ul>\n<li><strong>Rozgrzewaj\u0105ca fitoemulsja z kasztanowcem \u2013 piel\u0119gnacja i komfort dla zm\u0119czonej sk\u00f3ry<\/strong><\/li>\n<li>Rozgrzewaj\u0105ca emulsja piel\u0119gnacyjna z ekstraktem z kasztanowca zwyczajnego (Aesculus hippocastanum), wzbogacona o wyci\u0105g z li\u015bci rozmarynu lekarskiego, ekstrakt z pieprzu oraz aloes. Zawarte w niej sk\u0142adniki ro\u015blinne s\u0105 znane ze swoich w\u0142a\u015bciwo\u015bci piel\u0119gnacyjnych \u2013 wspomagaj\u0105 kondycj\u0119 sk\u00f3ry, zapewniaj\u0105 uczucie rozgrzania, relaksu i komfortu.<\/li>\n<li>Formu\u0142a sprzyja odpr\u0119\u017ceniu po wysi\u0142ku fizycznym, przynosi przyjemne uczucie ciep\u0142a i poprawia og\u00f3lne samopoczucie sk\u00f3ry. Aloes dodatkowo nawil\u017ca, wyg\u0142adza i od\u015bwie\u017ca sk\u00f3r\u0119.<\/li>\n<li>Odpowiednia do masa\u017cu i piel\u0119gnacji miejsc nara\u017conych na napi\u0119cie i zm\u0119czenie.<\/li>\n<\/ul>\n","protected":false},"featured_media":1476,"template":"","products":[106],"yoast_head":"<title>Emulsja Hippocastanum HOT - Fytofontana<\/title>\n<meta name=\"description\" content=\"Rozgrzewaj\u0105ca emulsja z kasztanowcem i rozmarynem. Piel\u0119gnacja zm\u0119czonej sk\u00f3ry, uczucie ciep\u0142a i relaksu. Idealna po wysi\u0142ku.\" \/>\n<meta name=\"robots\" content=\"index, follow, max-snippet:-1, max-image-preview:large, max-video-preview:-1\" \/>\n<link rel=\"canonical\" href=\"https:\/\/www.fytofontana.com\/pl\/product\/emulsja-hippocastanum-hot\/\" \/>\n<meta property=\"og:locale\" content=\"pl_PL\" \/>\n<meta property=\"og:type\" content=\"article\" \/>\n<meta property=\"og:title\" content=\"Emulsja Hippocastanum HOT - Fytofontana\" \/>\n<meta property=\"og:description\" content=\"Rozgrzewaj\u0105ca emulsja z kasztanowcem i rozmarynem. Piel\u0119gnacja zm\u0119czonej sk\u00f3ry, uczucie ciep\u0142a i relaksu. Idealna po wysi\u0142ku.\" \/>\n<meta property=\"og:url\" content=\"https:\/\/www.fytofontana.com\/pl\/product\/emulsja-hippocastanum-hot\/\" \/>\n<meta property=\"og:site_name\" content=\"Fytofontana\" \/>\n<meta property=\"article:modified_time\" content=\"2025-08-07T20:54:13+00:00\" \/>\n<meta property=\"og:image\" content=\"https:\/\/www.fytofontana.com\/wp-content\/uploads\/2020\/12\/087.png\" \/>\n\t<meta property=\"og:image:width\" content=\"1500\" \/>\n\t<meta property=\"og:image:height\" content=\"1500\" \/>\n<meta name=\"twitter:card\" content=\"summary_large_image\" \/>\n<meta name=\"twitter:label1\" content=\"Est. reading time\">\n\t<meta name=\"twitter:data1\" content=\"1 minuta\">\n<script type=\"application\/ld+json\" class=\"yoast-schema-graph\">{\"@context\":\"https:\/\/schema.org\",\"@graph\":[{\"@type\":\"Organization\",\"@id\":\"https:\/\/www.fytofontana.com\/#organization\",\"name\":\"Fytofontana\",\"url\":\"https:\/\/www.fytofontana.com\/\",\"sameAs\":[],\"logo\":{\"@type\":\"ImageObject\",\"@id\":\"https:\/\/www.fytofontana.com\/#logo\",\"inLanguage\":\"pl-PL\",\"url\":\"https:\/\/www.fytofontana.com\/wp-content\/uploads\/2021\/01\/fyto.png\",\"width\":817,\"height\":79,\"caption\":\"Fytofontana\"},\"image\":{\"@id\":\"https:\/\/www.fytofontana.com\/#logo\"}},{\"@type\":\"WebSite\",\"@id\":\"https:\/\/www.fytofontana.com\/#website\",\"url\":\"https:\/\/www.fytofontana.com\/\",\"name\":\"Fytofontana\",\"description\":\"\",\"publisher\":{\"@id\":\"https:\/\/www.fytofontana.com\/#organization\"},\"potentialAction\":[{\"@type\":\"SearchAction\",\"target\":\"https:\/\/www.fytofontana.com\/?s={search_term_string}\",\"query-input\":\"required name=search_term_string\"}],\"inLanguage\":\"pl-PL\"},{\"@type\":\"ImageObject\",\"@id\":\"https:\/\/www.fytofontana.com\/pl\/product\/emulsja-hippocastanum-hot\/#primaryimage\",\"inLanguage\":\"pl-PL\",\"url\":\"https:\/\/www.fytofontana.com\/wp-content\/uploads\/2020\/12\/087.png\",\"width\":1500,\"height\":1500},{\"@type\":[\"WebPage\",\"ItemPage\"],\"@id\":\"https:\/\/www.fytofontana.com\/pl\/product\/emulsja-hippocastanum-hot\/#webpage\",\"url\":\"https:\/\/www.fytofontana.com\/pl\/product\/emulsja-hippocastanum-hot\/\",\"name\":\"Emulsja Hippocastanum HOT - Fytofontana\",\"isPartOf\":{\"@id\":\"https:\/\/www.fytofontana.com\/#website\"},\"primaryImageOfPage\":{\"@id\":\"https:\/\/www.fytofontana.com\/pl\/product\/emulsja-hippocastanum-hot\/#primaryimage\"},\"datePublished\":\"2025-08-07T20:45:34+00:00\",\"dateModified\":\"2025-08-07T20:54:13+00:00\",\"description\":\"Rozgrzewaj\\u0105ca emulsja z kasztanowcem i rozmarynem. Piel\\u0119gnacja zm\\u0119czonej sk\\u00f3ry, uczucie ciep\\u0142a i relaksu. Idealna po wysi\\u0142ku.\",\"breadcrumb\":{\"@id\":\"https:\/\/www.fytofontana.com\/pl\/product\/emulsja-hippocastanum-hot\/#breadcrumb\"},\"inLanguage\":\"pl-PL\",\"potentialAction\":[{\"@type\":\"ReadAction\",\"target\":[\"https:\/\/www.fytofontana.com\/pl\/product\/emulsja-hippocastanum-hot\/\"]}]},{\"@type\":\"BreadcrumbList\",\"@id\":\"https:\/\/www.fytofontana.com\/pl\/product\/emulsja-hippocastanum-hot\/#breadcrumb\",\"itemListElement\":[{\"@type\":\"ListItem\",\"position\":1,\"item\":{\"@type\":\"WebPage\",\"@id\":\"https:\/\/www.fytofontana.com\/pl\/\",\"url\":\"https:\/\/www.fytofontana.com\/pl\/\",\"name\":\"Home\"}},{\"@type\":\"ListItem\",\"position\":2,\"item\":{\"@type\":\"WebPage\",\"@id\":\"https:\/\/www.fytofontana.com\/pl\/product\/emulsja-hippocastanum-hot\/\",\"url\":\"https:\/\/www.fytofontana.com\/pl\/product\/emulsja-hippocastanum-hot\/\",\"name\":\"Emulsja Hippocastanum HOT\"}}]}]}<\/script>","_links":{"self":[{"href":"https:\/\/www.fytofontana.com\/pl\/wp-json\/wp\/v2\/product\/4206"}],"collection":[{"href":"https:\/\/www.fytofontana.com\/pl\/wp-json\/wp\/v2\/product"}],"about":[{"href":"https:\/\/www.fytofontana.com\/pl\/wp-json\/wp\/v2\/types\/product"}],"wp:featuredmedia":[{"embeddable":true,"href":"https:\/\/www.fytofontana.com\/pl\/wp-json\/wp\/v2\/media\/1476"}],"wp:attachment":[{"href":"https:\/\/www.fytofontana.com\/pl\/wp-json\/wp\/v2\/media?parent=4206"}],"wp:term":[{"taxonomy":"products","embeddable":true,"href":"https:\/\/www.fytofontana.com\/pl\/wp-json\/wp\/v2\/products?post=4206"}],"curies":[{"name":"wp","href":"https:\/\/api.w.org\/{rel}","templated":true}]}}