{"id":4143,"date":"2025-07-31T17:26:23","date_gmt":"2025-07-31T16:26:23","guid":{"rendered":"https:\/\/www.fytofontana.com\/?post_type=product&#038;p=4143"},"modified":"2025-07-31T17:26:23","modified_gmt":"2025-07-31T16:26:23","slug":"aloe-vera-ekstrakt","status":"publish","type":"product","link":"https:\/\/www.fytofontana.com\/pl\/product\/aloe-vera-ekstrakt\/","title":{"rendered":"ALOE VERA ekstrakt"},"content":{"rendered":"<ul>\n<li><strong>Nap\u00f3j z wysokim udzia\u0142em ekstraktu z ro\u015blin Aloe vera Barbadensis (96%) o smaku marakui naturalnie zawiera szereg wa\u017cnych sk\u0142adnik\u00f3w od\u017cywczych.<\/strong><\/li>\n<li>Substancje aktywne Aloe vera pomagaj\u0105 wspiera\u0107 trawienie i korzystnie wp\u0142ywaj\u0105 na dzia\u0142anie uk\u0142adu pokarmowego.<\/li>\n<li>Przyczyniaj\u0105 si\u0119 do regularnej czynno\u015bci jelit, a tym samym do naturalnego wypr\u00f3\u017cniania.<\/li>\n<li>Dzi\u0119ki swoim w\u0142a\u015bciwo\u015bciom pozytywnie wp\u0142ywaj\u0105 na wytwarzanie insuliny i pomagaj\u0105 utrzyma\u0107 normalny poziom cukru we krwi.<\/li>\n<li>Pomagaj\u0105 usuwa\u0107 niepo\u017c\u0105dane substancje z przewodu pokarmowego, wspomagaj\u0105c naturaln\u0105 detoksykacj\u0119.<\/li>\n<li>Swoim dzia\u0142aniem antyoksydacyjnym przyczyniaj\u0105 si\u0119 do zmniejszenia tworzenia wolnych rodnik\u00f3w tlenowych \u2013 jednego z czynnik\u00f3w zwi\u0105zanych ze starzeniem si\u0119 kom\u00f3rek.<\/li>\n<\/ul>\n","protected":false},"featured_media":4128,"template":"","products":[105],"class_list":["post-4143","product","type-product","status-publish","has-post-thumbnail","hentry","products-aloe-vera-pl"],"yoast_head":"<title>ALOE VERA ekstrakt - Fytofontana<\/title>\n<meta name=\"description\" content=\"Skoncentrowany nap\u00f3j z ekstraktem z Aloe vera o smaku marakui. Wspiera trawienie, przyczynia si\u0119 do regularnego wypr\u00f3\u017cniania i detoksykacji organizmu. Zawiera antyoksydanty, kt\u00f3re przyczyniaj\u0105 si\u0119 do ochrony kom\u00f3rek przed stresem oksydacyjnym.\" \/>\n<meta name=\"robots\" content=\"index, follow, max-snippet:-1, max-image-preview:large, max-video-preview:-1\" \/>\n<link rel=\"canonical\" href=\"https:\/\/www.fytofontana.com\/pl\/product\/aloe-vera-ekstrakt\/\" \/>\n<meta property=\"og:locale\" content=\"pl_PL\" \/>\n<meta property=\"og:type\" content=\"article\" \/>\n<meta property=\"og:title\" content=\"ALOE VERA ekstrakt - Fytofontana\" \/>\n<meta property=\"og:description\" content=\"Skoncentrowany nap\u00f3j z ekstraktem z Aloe vera o smaku marakui. Wspiera trawienie, przyczynia si\u0119 do regularnego wypr\u00f3\u017cniania i detoksykacji organizmu. Zawiera antyoksydanty, kt\u00f3re przyczyniaj\u0105 si\u0119 do ochrony kom\u00f3rek przed stresem oksydacyjnym.\" \/>\n<meta property=\"og:url\" content=\"https:\/\/www.fytofontana.com\/pl\/product\/aloe-vera-ekstrakt\/\" \/>\n<meta property=\"og:site_name\" content=\"Fytofontana\" \/>\n<meta property=\"og:image\" content=\"https:\/\/www.fytofontana.com\/wp-content\/uploads\/2021\/02\/2025_06_Fytofontana_ALOE_VERA_extract_500ml_01_LQ_Primary.png\" \/>\n\t<meta property=\"og:image:width\" content=\"1000\" \/>\n\t<meta property=\"og:image:height\" content=\"1000\" \/>\n\t<meta property=\"og:image:type\" content=\"image\/png\" \/>\n<meta name=\"twitter:card\" content=\"summary_large_image\" \/>\n<meta name=\"twitter:label1\" content=\"Szacowany czas czytania\" \/>\n\t<meta name=\"twitter:data1\" content=\"1 minuta\" \/>\n<script type=\"application\/ld+json\" class=\"yoast-schema-graph\">{\"@context\":\"https:\\\/\\\/schema.org\",\"@graph\":[{\"@type\":[\"WebPage\",\"ItemPage\"],\"@id\":\"https:\\\/\\\/www.fytofontana.com\\\/pl\\\/product\\\/aloe-vera-ekstrakt\\\/\",\"url\":\"https:\\\/\\\/www.fytofontana.com\\\/pl\\\/product\\\/aloe-vera-ekstrakt\\\/\",\"name\":\"ALOE VERA ekstrakt - Fytofontana\",\"isPartOf\":{\"@id\":\"https:\\\/\\\/www.fytofontana.com\\\/#website\"},\"primaryImageOfPage\":{\"@id\":\"https:\\\/\\\/www.fytofontana.com\\\/pl\\\/product\\\/aloe-vera-ekstrakt\\\/#primaryimage\"},\"image\":{\"@id\":\"https:\\\/\\\/www.fytofontana.com\\\/pl\\\/product\\\/aloe-vera-ekstrakt\\\/#primaryimage\"},\"thumbnailUrl\":\"https:\\\/\\\/www.fytofontana.com\\\/wp-content\\\/uploads\\\/2021\\\/02\\\/2025_06_Fytofontana_ALOE_VERA_extract_500ml_01_LQ_Primary.png\",\"datePublished\":\"2025-07-31T16:26:23+00:00\",\"description\":\"Skoncentrowany nap\u00f3j z ekstraktem z Aloe vera o smaku marakui. Wspiera trawienie, przyczynia si\u0119 do regularnego wypr\u00f3\u017cniania i detoksykacji organizmu. Zawiera antyoksydanty, kt\u00f3re przyczyniaj\u0105 si\u0119 do ochrony kom\u00f3rek przed stresem oksydacyjnym.\",\"breadcrumb\":{\"@id\":\"https:\\\/\\\/www.fytofontana.com\\\/pl\\\/product\\\/aloe-vera-ekstrakt\\\/#breadcrumb\"},\"inLanguage\":\"pl-PL\",\"potentialAction\":[{\"@type\":\"ReadAction\",\"target\":[\"https:\\\/\\\/www.fytofontana.com\\\/pl\\\/product\\\/aloe-vera-ekstrakt\\\/\"]}]},{\"@type\":\"ImageObject\",\"inLanguage\":\"pl-PL\",\"@id\":\"https:\\\/\\\/www.fytofontana.com\\\/pl\\\/product\\\/aloe-vera-ekstrakt\\\/#primaryimage\",\"url\":\"https:\\\/\\\/www.fytofontana.com\\\/wp-content\\\/uploads\\\/2021\\\/02\\\/2025_06_Fytofontana_ALOE_VERA_extract_500ml_01_LQ_Primary.png\",\"contentUrl\":\"https:\\\/\\\/www.fytofontana.com\\\/wp-content\\\/uploads\\\/2021\\\/02\\\/2025_06_Fytofontana_ALOE_VERA_extract_500ml_01_LQ_Primary.png\",\"width\":1000,\"height\":1000},{\"@type\":\"BreadcrumbList\",\"@id\":\"https:\\\/\\\/www.fytofontana.com\\\/pl\\\/product\\\/aloe-vera-ekstrakt\\\/#breadcrumb\",\"itemListElement\":[{\"@type\":\"ListItem\",\"position\":1,\"name\":\"Home\",\"item\":\"https:\\\/\\\/www.fytofontana.com\\\/pl\\\/\"},{\"@type\":\"ListItem\",\"position\":2,\"name\":\"ALOE VERA ekstrakt\"}]},{\"@type\":\"WebSite\",\"@id\":\"https:\\\/\\\/www.fytofontana.com\\\/#website\",\"url\":\"https:\\\/\\\/www.fytofontana.com\\\/\",\"name\":\"Fytofontana\",\"description\":\"\",\"publisher\":{\"@id\":\"https:\\\/\\\/www.fytofontana.com\\\/#organization\"},\"potentialAction\":[{\"@type\":\"SearchAction\",\"target\":{\"@type\":\"EntryPoint\",\"urlTemplate\":\"https:\\\/\\\/www.fytofontana.com\\\/?s={search_term_string}\"},\"query-input\":{\"@type\":\"PropertyValueSpecification\",\"valueRequired\":true,\"valueName\":\"search_term_string\"}}],\"inLanguage\":\"pl-PL\"},{\"@type\":\"Organization\",\"@id\":\"https:\\\/\\\/www.fytofontana.com\\\/#organization\",\"name\":\"Fytofontana\",\"url\":\"https:\\\/\\\/www.fytofontana.com\\\/\",\"logo\":{\"@type\":\"ImageObject\",\"inLanguage\":\"pl-PL\",\"@id\":\"https:\\\/\\\/www.fytofontana.com\\\/#\\\/schema\\\/logo\\\/image\\\/\",\"url\":\"https:\\\/\\\/www.fytofontana.com\\\/wp-content\\\/uploads\\\/2021\\\/01\\\/fyto.png\",\"contentUrl\":\"https:\\\/\\\/www.fytofontana.com\\\/wp-content\\\/uploads\\\/2021\\\/01\\\/fyto.png\",\"width\":817,\"height\":79,\"caption\":\"Fytofontana\"},\"image\":{\"@id\":\"https:\\\/\\\/www.fytofontana.com\\\/#\\\/schema\\\/logo\\\/image\\\/\"}}]}<\/script>","yoast_head_json":{"title":"ALOE VERA ekstrakt - Fytofontana","description":"Skoncentrowany nap\u00f3j z ekstraktem z Aloe vera o smaku marakui. Wspiera trawienie, przyczynia si\u0119 do regularnego wypr\u00f3\u017cniania i detoksykacji organizmu. Zawiera antyoksydanty, kt\u00f3re przyczyniaj\u0105 si\u0119 do ochrony kom\u00f3rek przed stresem oksydacyjnym.","robots":{"index":"index","follow":"follow","max-snippet":"max-snippet:-1","max-image-preview":"max-image-preview:large","max-video-preview":"max-video-preview:-1"},"canonical":"https:\/\/www.fytofontana.com\/pl\/product\/aloe-vera-ekstrakt\/","og_locale":"pl_PL","og_type":"article","og_title":"ALOE VERA ekstrakt - Fytofontana","og_description":"Skoncentrowany nap\u00f3j z ekstraktem z Aloe vera o smaku marakui. Wspiera trawienie, przyczynia si\u0119 do regularnego wypr\u00f3\u017cniania i detoksykacji organizmu. Zawiera antyoksydanty, kt\u00f3re przyczyniaj\u0105 si\u0119 do ochrony kom\u00f3rek przed stresem oksydacyjnym.","og_url":"https:\/\/www.fytofontana.com\/pl\/product\/aloe-vera-ekstrakt\/","og_site_name":"Fytofontana","og_image":[{"width":1000,"height":1000,"url":"https:\/\/www.fytofontana.com\/wp-content\/uploads\/2021\/02\/2025_06_Fytofontana_ALOE_VERA_extract_500ml_01_LQ_Primary.png","type":"image\/png"}],"twitter_card":"summary_large_image","twitter_misc":{"Szacowany czas czytania":"1 minuta"},"schema":{"@context":"https:\/\/schema.org","@graph":[{"@type":["WebPage","ItemPage"],"@id":"https:\/\/www.fytofontana.com\/pl\/product\/aloe-vera-ekstrakt\/","url":"https:\/\/www.fytofontana.com\/pl\/product\/aloe-vera-ekstrakt\/","name":"ALOE VERA ekstrakt - Fytofontana","isPartOf":{"@id":"https:\/\/www.fytofontana.com\/#website"},"primaryImageOfPage":{"@id":"https:\/\/www.fytofontana.com\/pl\/product\/aloe-vera-ekstrakt\/#primaryimage"},"image":{"@id":"https:\/\/www.fytofontana.com\/pl\/product\/aloe-vera-ekstrakt\/#primaryimage"},"thumbnailUrl":"https:\/\/www.fytofontana.com\/wp-content\/uploads\/2021\/02\/2025_06_Fytofontana_ALOE_VERA_extract_500ml_01_LQ_Primary.png","datePublished":"2025-07-31T16:26:23+00:00","description":"Skoncentrowany nap\u00f3j z ekstraktem z Aloe vera o smaku marakui. Wspiera trawienie, przyczynia si\u0119 do regularnego wypr\u00f3\u017cniania i detoksykacji organizmu. Zawiera antyoksydanty, kt\u00f3re przyczyniaj\u0105 si\u0119 do ochrony kom\u00f3rek przed stresem oksydacyjnym.","breadcrumb":{"@id":"https:\/\/www.fytofontana.com\/pl\/product\/aloe-vera-ekstrakt\/#breadcrumb"},"inLanguage":"pl-PL","potentialAction":[{"@type":"ReadAction","target":["https:\/\/www.fytofontana.com\/pl\/product\/aloe-vera-ekstrakt\/"]}]},{"@type":"ImageObject","inLanguage":"pl-PL","@id":"https:\/\/www.fytofontana.com\/pl\/product\/aloe-vera-ekstrakt\/#primaryimage","url":"https:\/\/www.fytofontana.com\/wp-content\/uploads\/2021\/02\/2025_06_Fytofontana_ALOE_VERA_extract_500ml_01_LQ_Primary.png","contentUrl":"https:\/\/www.fytofontana.com\/wp-content\/uploads\/2021\/02\/2025_06_Fytofontana_ALOE_VERA_extract_500ml_01_LQ_Primary.png","width":1000,"height":1000},{"@type":"BreadcrumbList","@id":"https:\/\/www.fytofontana.com\/pl\/product\/aloe-vera-ekstrakt\/#breadcrumb","itemListElement":[{"@type":"ListItem","position":1,"name":"Home","item":"https:\/\/www.fytofontana.com\/pl\/"},{"@type":"ListItem","position":2,"name":"ALOE VERA ekstrakt"}]},{"@type":"WebSite","@id":"https:\/\/www.fytofontana.com\/#website","url":"https:\/\/www.fytofontana.com\/","name":"Fytofontana","description":"","publisher":{"@id":"https:\/\/www.fytofontana.com\/#organization"},"potentialAction":[{"@type":"SearchAction","target":{"@type":"EntryPoint","urlTemplate":"https:\/\/www.fytofontana.com\/?s={search_term_string}"},"query-input":{"@type":"PropertyValueSpecification","valueRequired":true,"valueName":"search_term_string"}}],"inLanguage":"pl-PL"},{"@type":"Organization","@id":"https:\/\/www.fytofontana.com\/#organization","name":"Fytofontana","url":"https:\/\/www.fytofontana.com\/","logo":{"@type":"ImageObject","inLanguage":"pl-PL","@id":"https:\/\/www.fytofontana.com\/#\/schema\/logo\/image\/","url":"https:\/\/www.fytofontana.com\/wp-content\/uploads\/2021\/01\/fyto.png","contentUrl":"https:\/\/www.fytofontana.com\/wp-content\/uploads\/2021\/01\/fyto.png","width":817,"height":79,"caption":"Fytofontana"},"image":{"@id":"https:\/\/www.fytofontana.com\/#\/schema\/logo\/image\/"}}]}},"_links":{"self":[{"href":"https:\/\/www.fytofontana.com\/pl\/wp-json\/wp\/v2\/product\/4143","targetHints":{"allow":["GET"]}}],"collection":[{"href":"https:\/\/www.fytofontana.com\/pl\/wp-json\/wp\/v2\/product"}],"about":[{"href":"https:\/\/www.fytofontana.com\/pl\/wp-json\/wp\/v2\/types\/product"}],"wp:featuredmedia":[{"embeddable":true,"href":"https:\/\/www.fytofontana.com\/pl\/wp-json\/wp\/v2\/media\/4128"}],"wp:attachment":[{"href":"https:\/\/www.fytofontana.com\/pl\/wp-json\/wp\/v2\/media?parent=4143"}],"wp:term":[{"taxonomy":"products","embeddable":true,"href":"https:\/\/www.fytofontana.com\/pl\/wp-json\/wp\/v2\/products?post=4143"}],"curies":[{"name":"wp","href":"https:\/\/api.w.org\/{rel}","templated":true}]}}