{"id":4118,"date":"2025-07-30T13:57:58","date_gmt":"2025-07-30T12:57:58","guid":{"rendered":"https:\/\/www.fytofontana.com\/?post_type=product&#038;p=4118"},"modified":"2025-07-30T13:59:06","modified_gmt":"2025-07-30T12:59:06","slug":"aloe-vera-spray","status":"publish","type":"product","link":"https:\/\/www.fytofontana.com\/pl\/product\/aloe-vera-spray\/","title":{"rendered":"ALOE VERA spray"},"content":{"rendered":"<ul>\n<li><strong>Fytofontana Aloe Vera spray to naturalny preparat kosmetyczny przeznaczony do codziennego u\u017cytku, szczeg\u00f3lnie wtedy, gdy sk\u00f3ra jest nadwyr\u0119\u017cona, podra\u017cniona lub nara\u017cona na niekorzystne wp\u0142ywy \u2013 po opalaniu, goleniu, depilacji, uk\u0105szeniu owada czy drobnych zranieniach.<\/strong><\/li>\n<li>Zawiera wysoki udzia\u0142 Aloe Vera i ekstraktu z og\u00f3rka (Cucumis Sativus), kt\u00f3re wsp\u00f3lnie dzia\u0142aj\u0105 koj\u0105co, nawil\u017caj\u0105co i od\u015bwie\u017caj\u0105co.<\/li>\n<li>Panthenol i s\u00f3l sodowa kwasu hialuronowego (Sodium Hyaluronate) wspieraj\u0105 regeneracj\u0119 sk\u00f3ry, przywracaj\u0105 jej naturaln\u0105 r\u00f3wnowag\u0119 i zwi\u0119kszaj\u0105 elastyczno\u015b\u0107.<\/li>\n<li>Mentol zapewnia przyjemny ch\u0142odz\u0105cy efekt, kt\u00f3ry przynosi natychmiastow\u0105 ulg\u0119.<\/li>\n<li>Gliceryna pomaga utrzyma\u0107 wilgo\u0107 i zmi\u0119kcza sk\u00f3r\u0119.<\/li>\n<\/ul>\n","protected":false},"featured_media":4104,"template":"","products":[105],"class_list":["post-4118","product","type-product","status-publish","has-post-thumbnail","hentry","products-aloe-vera-pl"],"yoast_head":"<title>ALOE VERA spray - Fytofontana<\/title>\n<meta name=\"description\" content=\"Koj\u0105cy spray z Aloe vera, ekstraktem z og\u00f3rka, panthenolem i mentolem na podra\u017anion\u0105 i nadwyr\u0119\u017con\u0105 sk\u00f3r\u0119. Nawil\u017ca, regeneruje, od\u015bwie\u017ca i przynosi natychmiastow\u0105 ulg\u0119 po opalaniu, goleniu, depilacji czy uk\u0105szeniu owada.\" \/>\n<meta name=\"robots\" content=\"index, follow, max-snippet:-1, max-image-preview:large, max-video-preview:-1\" \/>\n<link rel=\"canonical\" href=\"https:\/\/www.fytofontana.com\/pl\/product\/aloe-vera-spray\/\" \/>\n<meta property=\"og:locale\" content=\"pl_PL\" \/>\n<meta property=\"og:type\" content=\"article\" \/>\n<meta property=\"og:title\" content=\"ALOE VERA spray - Fytofontana\" \/>\n<meta property=\"og:description\" content=\"Koj\u0105cy spray z Aloe vera, ekstraktem z og\u00f3rka, panthenolem i mentolem na podra\u017anion\u0105 i nadwyr\u0119\u017con\u0105 sk\u00f3r\u0119. Nawil\u017ca, regeneruje, od\u015bwie\u017ca i przynosi natychmiastow\u0105 ulg\u0119 po opalaniu, goleniu, depilacji czy uk\u0105szeniu owada.\" \/>\n<meta property=\"og:url\" content=\"https:\/\/www.fytofontana.com\/pl\/product\/aloe-vera-spray\/\" \/>\n<meta property=\"og:site_name\" content=\"Fytofontana\" \/>\n<meta property=\"article:modified_time\" content=\"2025-07-30T12:59:06+00:00\" \/>\n<meta property=\"og:image\" content=\"https:\/\/www.fytofontana.com\/wp-content\/uploads\/2021\/02\/2025_06_Fytofontana_ALOE_VERA_spray_200ml_01_LQ_Primary.png\" \/>\n\t<meta property=\"og:image:width\" content=\"1000\" \/>\n\t<meta property=\"og:image:height\" content=\"1000\" \/>\n\t<meta property=\"og:image:type\" content=\"image\/png\" \/>\n<meta name=\"twitter:card\" content=\"summary_large_image\" \/>\n<meta name=\"twitter:label1\" content=\"Szacowany czas czytania\" \/>\n\t<meta name=\"twitter:data1\" content=\"1 minuta\" \/>\n<script type=\"application\/ld+json\" class=\"yoast-schema-graph\">{\"@context\":\"https:\\\/\\\/schema.org\",\"@graph\":[{\"@type\":[\"WebPage\",\"ItemPage\"],\"@id\":\"https:\\\/\\\/www.fytofontana.com\\\/pl\\\/product\\\/aloe-vera-spray\\\/\",\"url\":\"https:\\\/\\\/www.fytofontana.com\\\/pl\\\/product\\\/aloe-vera-spray\\\/\",\"name\":\"ALOE VERA spray - Fytofontana\",\"isPartOf\":{\"@id\":\"https:\\\/\\\/www.fytofontana.com\\\/#website\"},\"primaryImageOfPage\":{\"@id\":\"https:\\\/\\\/www.fytofontana.com\\\/pl\\\/product\\\/aloe-vera-spray\\\/#primaryimage\"},\"image\":{\"@id\":\"https:\\\/\\\/www.fytofontana.com\\\/pl\\\/product\\\/aloe-vera-spray\\\/#primaryimage\"},\"thumbnailUrl\":\"https:\\\/\\\/www.fytofontana.com\\\/wp-content\\\/uploads\\\/2021\\\/02\\\/2025_06_Fytofontana_ALOE_VERA_spray_200ml_01_LQ_Primary.png\",\"datePublished\":\"2025-07-30T12:57:58+00:00\",\"dateModified\":\"2025-07-30T12:59:06+00:00\",\"description\":\"Koj\u0105cy spray z Aloe vera, ekstraktem z og\u00f3rka, panthenolem i mentolem na podra\u017anion\u0105 i nadwyr\u0119\u017con\u0105 sk\u00f3r\u0119. Nawil\u017ca, regeneruje, od\u015bwie\u017ca i przynosi natychmiastow\u0105 ulg\u0119 po opalaniu, goleniu, depilacji czy uk\u0105szeniu owada.\",\"breadcrumb\":{\"@id\":\"https:\\\/\\\/www.fytofontana.com\\\/pl\\\/product\\\/aloe-vera-spray\\\/#breadcrumb\"},\"inLanguage\":\"pl-PL\",\"potentialAction\":[{\"@type\":\"ReadAction\",\"target\":[\"https:\\\/\\\/www.fytofontana.com\\\/pl\\\/product\\\/aloe-vera-spray\\\/\"]}]},{\"@type\":\"ImageObject\",\"inLanguage\":\"pl-PL\",\"@id\":\"https:\\\/\\\/www.fytofontana.com\\\/pl\\\/product\\\/aloe-vera-spray\\\/#primaryimage\",\"url\":\"https:\\\/\\\/www.fytofontana.com\\\/wp-content\\\/uploads\\\/2021\\\/02\\\/2025_06_Fytofontana_ALOE_VERA_spray_200ml_01_LQ_Primary.png\",\"contentUrl\":\"https:\\\/\\\/www.fytofontana.com\\\/wp-content\\\/uploads\\\/2021\\\/02\\\/2025_06_Fytofontana_ALOE_VERA_spray_200ml_01_LQ_Primary.png\",\"width\":1000,\"height\":1000},{\"@type\":\"BreadcrumbList\",\"@id\":\"https:\\\/\\\/www.fytofontana.com\\\/pl\\\/product\\\/aloe-vera-spray\\\/#breadcrumb\",\"itemListElement\":[{\"@type\":\"ListItem\",\"position\":1,\"name\":\"Home\",\"item\":\"https:\\\/\\\/www.fytofontana.com\\\/pl\\\/\"},{\"@type\":\"ListItem\",\"position\":2,\"name\":\"ALOE VERA spray\"}]},{\"@type\":\"WebSite\",\"@id\":\"https:\\\/\\\/www.fytofontana.com\\\/#website\",\"url\":\"https:\\\/\\\/www.fytofontana.com\\\/\",\"name\":\"Fytofontana\",\"description\":\"\",\"publisher\":{\"@id\":\"https:\\\/\\\/www.fytofontana.com\\\/#organization\"},\"potentialAction\":[{\"@type\":\"SearchAction\",\"target\":{\"@type\":\"EntryPoint\",\"urlTemplate\":\"https:\\\/\\\/www.fytofontana.com\\\/?s={search_term_string}\"},\"query-input\":{\"@type\":\"PropertyValueSpecification\",\"valueRequired\":true,\"valueName\":\"search_term_string\"}}],\"inLanguage\":\"pl-PL\"},{\"@type\":\"Organization\",\"@id\":\"https:\\\/\\\/www.fytofontana.com\\\/#organization\",\"name\":\"Fytofontana\",\"url\":\"https:\\\/\\\/www.fytofontana.com\\\/\",\"logo\":{\"@type\":\"ImageObject\",\"inLanguage\":\"pl-PL\",\"@id\":\"https:\\\/\\\/www.fytofontana.com\\\/#\\\/schema\\\/logo\\\/image\\\/\",\"url\":\"https:\\\/\\\/www.fytofontana.com\\\/wp-content\\\/uploads\\\/2021\\\/01\\\/fyto.png\",\"contentUrl\":\"https:\\\/\\\/www.fytofontana.com\\\/wp-content\\\/uploads\\\/2021\\\/01\\\/fyto.png\",\"width\":817,\"height\":79,\"caption\":\"Fytofontana\"},\"image\":{\"@id\":\"https:\\\/\\\/www.fytofontana.com\\\/#\\\/schema\\\/logo\\\/image\\\/\"}}]}<\/script>","yoast_head_json":{"title":"ALOE VERA spray - Fytofontana","description":"Koj\u0105cy spray z Aloe vera, ekstraktem z og\u00f3rka, panthenolem i mentolem na podra\u017anion\u0105 i nadwyr\u0119\u017con\u0105 sk\u00f3r\u0119. Nawil\u017ca, regeneruje, od\u015bwie\u017ca i przynosi natychmiastow\u0105 ulg\u0119 po opalaniu, goleniu, depilacji czy uk\u0105szeniu owada.","robots":{"index":"index","follow":"follow","max-snippet":"max-snippet:-1","max-image-preview":"max-image-preview:large","max-video-preview":"max-video-preview:-1"},"canonical":"https:\/\/www.fytofontana.com\/pl\/product\/aloe-vera-spray\/","og_locale":"pl_PL","og_type":"article","og_title":"ALOE VERA spray - Fytofontana","og_description":"Koj\u0105cy spray z Aloe vera, ekstraktem z og\u00f3rka, panthenolem i mentolem na podra\u017anion\u0105 i nadwyr\u0119\u017con\u0105 sk\u00f3r\u0119. Nawil\u017ca, regeneruje, od\u015bwie\u017ca i przynosi natychmiastow\u0105 ulg\u0119 po opalaniu, goleniu, depilacji czy uk\u0105szeniu owada.","og_url":"https:\/\/www.fytofontana.com\/pl\/product\/aloe-vera-spray\/","og_site_name":"Fytofontana","article_modified_time":"2025-07-30T12:59:06+00:00","og_image":[{"width":1000,"height":1000,"url":"https:\/\/www.fytofontana.com\/wp-content\/uploads\/2021\/02\/2025_06_Fytofontana_ALOE_VERA_spray_200ml_01_LQ_Primary.png","type":"image\/png"}],"twitter_card":"summary_large_image","twitter_misc":{"Szacowany czas czytania":"1 minuta"},"schema":{"@context":"https:\/\/schema.org","@graph":[{"@type":["WebPage","ItemPage"],"@id":"https:\/\/www.fytofontana.com\/pl\/product\/aloe-vera-spray\/","url":"https:\/\/www.fytofontana.com\/pl\/product\/aloe-vera-spray\/","name":"ALOE VERA spray - Fytofontana","isPartOf":{"@id":"https:\/\/www.fytofontana.com\/#website"},"primaryImageOfPage":{"@id":"https:\/\/www.fytofontana.com\/pl\/product\/aloe-vera-spray\/#primaryimage"},"image":{"@id":"https:\/\/www.fytofontana.com\/pl\/product\/aloe-vera-spray\/#primaryimage"},"thumbnailUrl":"https:\/\/www.fytofontana.com\/wp-content\/uploads\/2021\/02\/2025_06_Fytofontana_ALOE_VERA_spray_200ml_01_LQ_Primary.png","datePublished":"2025-07-30T12:57:58+00:00","dateModified":"2025-07-30T12:59:06+00:00","description":"Koj\u0105cy spray z Aloe vera, ekstraktem z og\u00f3rka, panthenolem i mentolem na podra\u017anion\u0105 i nadwyr\u0119\u017con\u0105 sk\u00f3r\u0119. Nawil\u017ca, regeneruje, od\u015bwie\u017ca i przynosi natychmiastow\u0105 ulg\u0119 po opalaniu, goleniu, depilacji czy uk\u0105szeniu owada.","breadcrumb":{"@id":"https:\/\/www.fytofontana.com\/pl\/product\/aloe-vera-spray\/#breadcrumb"},"inLanguage":"pl-PL","potentialAction":[{"@type":"ReadAction","target":["https:\/\/www.fytofontana.com\/pl\/product\/aloe-vera-spray\/"]}]},{"@type":"ImageObject","inLanguage":"pl-PL","@id":"https:\/\/www.fytofontana.com\/pl\/product\/aloe-vera-spray\/#primaryimage","url":"https:\/\/www.fytofontana.com\/wp-content\/uploads\/2021\/02\/2025_06_Fytofontana_ALOE_VERA_spray_200ml_01_LQ_Primary.png","contentUrl":"https:\/\/www.fytofontana.com\/wp-content\/uploads\/2021\/02\/2025_06_Fytofontana_ALOE_VERA_spray_200ml_01_LQ_Primary.png","width":1000,"height":1000},{"@type":"BreadcrumbList","@id":"https:\/\/www.fytofontana.com\/pl\/product\/aloe-vera-spray\/#breadcrumb","itemListElement":[{"@type":"ListItem","position":1,"name":"Home","item":"https:\/\/www.fytofontana.com\/pl\/"},{"@type":"ListItem","position":2,"name":"ALOE VERA spray"}]},{"@type":"WebSite","@id":"https:\/\/www.fytofontana.com\/#website","url":"https:\/\/www.fytofontana.com\/","name":"Fytofontana","description":"","publisher":{"@id":"https:\/\/www.fytofontana.com\/#organization"},"potentialAction":[{"@type":"SearchAction","target":{"@type":"EntryPoint","urlTemplate":"https:\/\/www.fytofontana.com\/?s={search_term_string}"},"query-input":{"@type":"PropertyValueSpecification","valueRequired":true,"valueName":"search_term_string"}}],"inLanguage":"pl-PL"},{"@type":"Organization","@id":"https:\/\/www.fytofontana.com\/#organization","name":"Fytofontana","url":"https:\/\/www.fytofontana.com\/","logo":{"@type":"ImageObject","inLanguage":"pl-PL","@id":"https:\/\/www.fytofontana.com\/#\/schema\/logo\/image\/","url":"https:\/\/www.fytofontana.com\/wp-content\/uploads\/2021\/01\/fyto.png","contentUrl":"https:\/\/www.fytofontana.com\/wp-content\/uploads\/2021\/01\/fyto.png","width":817,"height":79,"caption":"Fytofontana"},"image":{"@id":"https:\/\/www.fytofontana.com\/#\/schema\/logo\/image\/"}}]}},"_links":{"self":[{"href":"https:\/\/www.fytofontana.com\/pl\/wp-json\/wp\/v2\/product\/4118","targetHints":{"allow":["GET"]}}],"collection":[{"href":"https:\/\/www.fytofontana.com\/pl\/wp-json\/wp\/v2\/product"}],"about":[{"href":"https:\/\/www.fytofontana.com\/pl\/wp-json\/wp\/v2\/types\/product"}],"wp:featuredmedia":[{"embeddable":true,"href":"https:\/\/www.fytofontana.com\/pl\/wp-json\/wp\/v2\/media\/4104"}],"wp:attachment":[{"href":"https:\/\/www.fytofontana.com\/pl\/wp-json\/wp\/v2\/media?parent=4118"}],"wp:term":[{"taxonomy":"products","embeddable":true,"href":"https:\/\/www.fytofontana.com\/pl\/wp-json\/wp\/v2\/products?post=4118"}],"curies":[{"name":"wp","href":"https:\/\/api.w.org\/{rel}","templated":true}]}}