{"id":4056,"date":"2025-07-29T08:45:04","date_gmt":"2025-07-29T07:45:04","guid":{"rendered":"https:\/\/www.fytofontana.com\/?post_type=product&#038;p=4056"},"modified":"2025-07-29T08:45:04","modified_gmt":"2025-07-29T07:45:04","slug":"citrovital-zel-dla-dzieci-na-zabkowanie","status":"publish","type":"product","link":"https:\/\/www.fytofontana.com\/pl\/product\/citrovital-zel-dla-dzieci-na-zabkowanie\/","title":{"rendered":"CITROVITAL \u017cel dentystyczny dla dzieci"},"content":{"rendered":"<ul>\n<li><strong>\u017bel do masowania Citrovital z dodatkiem antyseptycznym i \u0142agodnym dzia\u0142aniem grejpfruta.<\/strong><\/li>\n<li>U\u0142atwia przebijanie si\u0119 pierwszych z\u0105bk\u00f3w, piel\u0119gnuje wra\u017cliwe dzi\u0105s\u0142a i uspokaja podra\u017cnion\u0105 sk\u00f3r\u0119 w jamie ustnej.<\/li>\n<\/ul>\n","protected":false},"featured_media":4047,"template":"","products":[102],"yoast_head":"<title>CITROVITAL \u017cel dentystyczny dla dzieci - Fytofontana<\/title>\n<meta name=\"description\" content=\"\u017bel do masowania Citrovital z dodatkiem antyseptycznym i \u0142agodnym dzia\u0142aniem grejpfruta u\u0142atwia z\u0105bkowanie pierwszych z\u0105bk\u00f3w, piel\u0119gnuje wra\u017cliwe dzi\u0105s\u0142a i uspokaja podra\u017cnion\u0105 sk\u00f3r\u0119 w jamie ustnej.\" \/>\n<meta name=\"robots\" content=\"index, follow, max-snippet:-1, max-image-preview:large, max-video-preview:-1\" \/>\n<link rel=\"canonical\" href=\"https:\/\/www.fytofontana.com\/pl\/product\/citrovital-zel-dla-dzieci-na-zabkowanie\/\" \/>\n<meta property=\"og:locale\" content=\"pl_PL\" \/>\n<meta property=\"og:type\" content=\"article\" \/>\n<meta property=\"og:title\" content=\"CITROVITAL \u017cel dentystyczny dla dzieci - Fytofontana\" \/>\n<meta property=\"og:description\" content=\"\u017bel do masowania Citrovital z dodatkiem antyseptycznym i \u0142agodnym dzia\u0142aniem grejpfruta u\u0142atwia z\u0105bkowanie pierwszych z\u0105bk\u00f3w, piel\u0119gnuje wra\u017cliwe dzi\u0105s\u0142a i uspokaja podra\u017cnion\u0105 sk\u00f3r\u0119 w jamie ustnej.\" \/>\n<meta property=\"og:url\" content=\"https:\/\/www.fytofontana.com\/pl\/product\/citrovital-zel-dla-dzieci-na-zabkowanie\/\" \/>\n<meta property=\"og:site_name\" content=\"Fytofontana\" \/>\n<meta property=\"og:image\" content=\"https:\/\/www.fytofontana.com\/wp-content\/uploads\/2021\/03\/CITROVITAL_Dental_gel_for_children_18ml_02.png\" \/>\n\t<meta property=\"og:image:width\" content=\"1000\" \/>\n\t<meta property=\"og:image:height\" content=\"1000\" \/>\n<meta name=\"twitter:card\" content=\"summary_large_image\" \/>\n<meta name=\"twitter:label1\" content=\"Est. reading time\">\n\t<meta name=\"twitter:data1\" content=\"1 minuta\">\n<script type=\"application\/ld+json\" class=\"yoast-schema-graph\">{\"@context\":\"https:\/\/schema.org\",\"@graph\":[{\"@type\":\"Organization\",\"@id\":\"https:\/\/www.fytofontana.com\/#organization\",\"name\":\"Fytofontana\",\"url\":\"https:\/\/www.fytofontana.com\/\",\"sameAs\":[],\"logo\":{\"@type\":\"ImageObject\",\"@id\":\"https:\/\/www.fytofontana.com\/#logo\",\"inLanguage\":\"pl-PL\",\"url\":\"https:\/\/www.fytofontana.com\/wp-content\/uploads\/2021\/01\/fyto.png\",\"width\":817,\"height\":79,\"caption\":\"Fytofontana\"},\"image\":{\"@id\":\"https:\/\/www.fytofontana.com\/#logo\"}},{\"@type\":\"WebSite\",\"@id\":\"https:\/\/www.fytofontana.com\/#website\",\"url\":\"https:\/\/www.fytofontana.com\/\",\"name\":\"Fytofontana\",\"description\":\"\",\"publisher\":{\"@id\":\"https:\/\/www.fytofontana.com\/#organization\"},\"potentialAction\":[{\"@type\":\"SearchAction\",\"target\":\"https:\/\/www.fytofontana.com\/?s={search_term_string}\",\"query-input\":\"required name=search_term_string\"}],\"inLanguage\":\"pl-PL\"},{\"@type\":\"ImageObject\",\"@id\":\"https:\/\/www.fytofontana.com\/pl\/product\/citrovital-zel-dla-dzieci-na-zabkowanie\/#primaryimage\",\"inLanguage\":\"pl-PL\",\"url\":\"https:\/\/www.fytofontana.com\/wp-content\/uploads\/2021\/03\/CITROVITAL_Dental_gel_for_children_18ml_02.png\",\"width\":1000,\"height\":1000},{\"@type\":[\"WebPage\",\"ItemPage\"],\"@id\":\"https:\/\/www.fytofontana.com\/pl\/product\/citrovital-zel-dla-dzieci-na-zabkowanie\/#webpage\",\"url\":\"https:\/\/www.fytofontana.com\/pl\/product\/citrovital-zel-dla-dzieci-na-zabkowanie\/\",\"name\":\"CITROVITAL \\u017cel dentystyczny dla dzieci - Fytofontana\",\"isPartOf\":{\"@id\":\"https:\/\/www.fytofontana.com\/#website\"},\"primaryImageOfPage\":{\"@id\":\"https:\/\/www.fytofontana.com\/pl\/product\/citrovital-zel-dla-dzieci-na-zabkowanie\/#primaryimage\"},\"datePublished\":\"2025-07-29T07:45:04+00:00\",\"dateModified\":\"2025-07-29T07:45:04+00:00\",\"description\":\"\\u017bel do masowania Citrovital z dodatkiem antyseptycznym i \\u0142agodnym dzia\\u0142aniem grejpfruta u\\u0142atwia z\\u0105bkowanie pierwszych z\\u0105bk\\u00f3w, piel\\u0119gnuje wra\\u017cliwe dzi\\u0105s\\u0142a i uspokaja podra\\u017cnion\\u0105 sk\\u00f3r\\u0119 w jamie ustnej.\",\"breadcrumb\":{\"@id\":\"https:\/\/www.fytofontana.com\/pl\/product\/citrovital-zel-dla-dzieci-na-zabkowanie\/#breadcrumb\"},\"inLanguage\":\"pl-PL\",\"potentialAction\":[{\"@type\":\"ReadAction\",\"target\":[\"https:\/\/www.fytofontana.com\/pl\/product\/citrovital-zel-dla-dzieci-na-zabkowanie\/\"]}]},{\"@type\":\"BreadcrumbList\",\"@id\":\"https:\/\/www.fytofontana.com\/pl\/product\/citrovital-zel-dla-dzieci-na-zabkowanie\/#breadcrumb\",\"itemListElement\":[{\"@type\":\"ListItem\",\"position\":1,\"item\":{\"@type\":\"WebPage\",\"@id\":\"https:\/\/www.fytofontana.com\/pl\/\",\"url\":\"https:\/\/www.fytofontana.com\/pl\/\",\"name\":\"Home\"}},{\"@type\":\"ListItem\",\"position\":2,\"item\":{\"@type\":\"WebPage\",\"@id\":\"https:\/\/www.fytofontana.com\/pl\/product\/citrovital-zel-dla-dzieci-na-zabkowanie\/\",\"url\":\"https:\/\/www.fytofontana.com\/pl\/product\/citrovital-zel-dla-dzieci-na-zabkowanie\/\",\"name\":\"CITROVITAL \\u017cel dentystyczny dla dzieci\"}}]}]}<\/script>","_links":{"self":[{"href":"https:\/\/www.fytofontana.com\/pl\/wp-json\/wp\/v2\/product\/4056"}],"collection":[{"href":"https:\/\/www.fytofontana.com\/pl\/wp-json\/wp\/v2\/product"}],"about":[{"href":"https:\/\/www.fytofontana.com\/pl\/wp-json\/wp\/v2\/types\/product"}],"wp:featuredmedia":[{"embeddable":true,"href":"https:\/\/www.fytofontana.com\/pl\/wp-json\/wp\/v2\/media\/4047"}],"wp:attachment":[{"href":"https:\/\/www.fytofontana.com\/pl\/wp-json\/wp\/v2\/media?parent=4056"}],"wp:term":[{"taxonomy":"products","embeddable":true,"href":"https:\/\/www.fytofontana.com\/pl\/wp-json\/wp\/v2\/products?post=4056"}],"curies":[{"name":"wp","href":"https:\/\/api.w.org\/{rel}","templated":true}]}}