{"id":4038,"date":"2025-07-29T08:12:57","date_gmt":"2025-07-29T07:12:57","guid":{"rendered":"https:\/\/www.fytofontana.com\/?post_type=product&#038;p=4038"},"modified":"2025-07-29T08:12:57","modified_gmt":"2025-07-29T07:12:57","slug":"citrovital-zel-dentystyczny","status":"publish","type":"product","link":"https:\/\/www.fytofontana.com\/pl\/product\/citrovital-zel-dentystyczny\/","title":{"rendered":"CITROVITAL \u017cel dentystyczny"},"content":{"rendered":"<ul>\n<li><strong>\u017bel do piel\u0119gnacji dzi\u0105se\u0142 o w\u0142a\u015bciwo\u015bciach antyseptycznych z \u0142agodnym dzia\u0142aniem grejpfruta.<\/strong><\/li>\n<li>G\u0142\u00f3wny sk\u0142adnik \u2013 ekstrakt z pestek grejpfruta \u2013 jest znany ze swoich w\u0142a\u015bciwo\u015bci antyseptycznych i przyczynia si\u0119 do utrzymania czysto\u015bci jamy ustnej oraz r\u00f3wnowagi mikrobiologicznej.<\/li>\n<li>Pomaga przezwyci\u0119\u017ca\u0107 dolegliwo\u015bci w jamie ustnej przy aftach i zwi\u0119kszonej wra\u017cliwo\u015bci dzi\u0105se\u0142.<\/li>\n<li>Ogranicza niepo\u017c\u0105dan\u0105 mikroflor\u0119 i przyczynia si\u0119 do zapobiegania tworzeniu si\u0119 p\u0142ytki naz\u0119bnej.<\/li>\n<li>Nie zawiera cukru i ma przyjemnie gorzkawy smak.<\/li>\n<\/ul>\n","protected":false},"featured_media":4028,"template":"","products":[102],"yoast_head":"<title>CITROVITAL \u017cel dentystyczny - Fytofontana<\/title>\n<meta name=\"description\" content=\"\u017bel na dzi\u0105s\u0142a o w\u0142a\u015bciwo\u015bciach antyseptycznych z \u0142agodnym dzia\u0142aniem grejpfruta. Pomaga przy aftach i wra\u017cliwo\u015bci dzi\u0105se\u0142, ogranicza niepo\u017c\u0105dan\u0105 mikroflor\u0119 i powstanie p\u0142ytki naz\u0119bnej. Nie zawiera cukru i ma przyjemnie gorzkawy smak.\" \/>\n<meta name=\"robots\" content=\"index, follow, max-snippet:-1, max-image-preview:large, max-video-preview:-1\" \/>\n<link rel=\"canonical\" href=\"https:\/\/www.fytofontana.com\/pl\/product\/citrovital-zel-dentystyczny\/\" \/>\n<meta property=\"og:locale\" content=\"pl_PL\" \/>\n<meta property=\"og:type\" content=\"article\" \/>\n<meta property=\"og:title\" content=\"CITROVITAL \u017cel dentystyczny - Fytofontana\" \/>\n<meta property=\"og:description\" content=\"\u017bel na dzi\u0105s\u0142a o w\u0142a\u015bciwo\u015bciach antyseptycznych z \u0142agodnym dzia\u0142aniem grejpfruta. Pomaga przy aftach i wra\u017cliwo\u015bci dzi\u0105se\u0142, ogranicza niepo\u017c\u0105dan\u0105 mikroflor\u0119 i powstanie p\u0142ytki naz\u0119bnej. Nie zawiera cukru i ma przyjemnie gorzkawy smak.\" \/>\n<meta property=\"og:url\" content=\"https:\/\/www.fytofontana.com\/pl\/product\/citrovital-zel-dentystyczny\/\" \/>\n<meta property=\"og:site_name\" content=\"Fytofontana\" \/>\n<meta property=\"og:image\" content=\"https:\/\/www.fytofontana.com\/wp-content\/uploads\/2021\/03\/CITROVITAL_Dental_gel_25ml_02-1.png\" \/>\n\t<meta property=\"og:image:width\" content=\"1000\" \/>\n\t<meta property=\"og:image:height\" content=\"1000\" \/>\n<meta name=\"twitter:card\" content=\"summary_large_image\" \/>\n<meta name=\"twitter:label1\" content=\"Est. reading time\">\n\t<meta name=\"twitter:data1\" content=\"1 minuta\">\n<script type=\"application\/ld+json\" class=\"yoast-schema-graph\">{\"@context\":\"https:\/\/schema.org\",\"@graph\":[{\"@type\":\"Organization\",\"@id\":\"https:\/\/www.fytofontana.com\/#organization\",\"name\":\"Fytofontana\",\"url\":\"https:\/\/www.fytofontana.com\/\",\"sameAs\":[],\"logo\":{\"@type\":\"ImageObject\",\"@id\":\"https:\/\/www.fytofontana.com\/#logo\",\"inLanguage\":\"pl-PL\",\"url\":\"https:\/\/www.fytofontana.com\/wp-content\/uploads\/2021\/01\/fyto.png\",\"width\":817,\"height\":79,\"caption\":\"Fytofontana\"},\"image\":{\"@id\":\"https:\/\/www.fytofontana.com\/#logo\"}},{\"@type\":\"WebSite\",\"@id\":\"https:\/\/www.fytofontana.com\/#website\",\"url\":\"https:\/\/www.fytofontana.com\/\",\"name\":\"Fytofontana\",\"description\":\"\",\"publisher\":{\"@id\":\"https:\/\/www.fytofontana.com\/#organization\"},\"potentialAction\":[{\"@type\":\"SearchAction\",\"target\":\"https:\/\/www.fytofontana.com\/?s={search_term_string}\",\"query-input\":\"required name=search_term_string\"}],\"inLanguage\":\"pl-PL\"},{\"@type\":\"ImageObject\",\"@id\":\"https:\/\/www.fytofontana.com\/pl\/product\/citrovital-zel-dentystyczny\/#primaryimage\",\"inLanguage\":\"pl-PL\",\"url\":\"https:\/\/www.fytofontana.com\/wp-content\/uploads\/2021\/03\/CITROVITAL_Dental_gel_25ml_02-1.png\",\"width\":1000,\"height\":1000},{\"@type\":[\"WebPage\",\"ItemPage\"],\"@id\":\"https:\/\/www.fytofontana.com\/pl\/product\/citrovital-zel-dentystyczny\/#webpage\",\"url\":\"https:\/\/www.fytofontana.com\/pl\/product\/citrovital-zel-dentystyczny\/\",\"name\":\"CITROVITAL \\u017cel dentystyczny - Fytofontana\",\"isPartOf\":{\"@id\":\"https:\/\/www.fytofontana.com\/#website\"},\"primaryImageOfPage\":{\"@id\":\"https:\/\/www.fytofontana.com\/pl\/product\/citrovital-zel-dentystyczny\/#primaryimage\"},\"datePublished\":\"2025-07-29T07:12:57+00:00\",\"dateModified\":\"2025-07-29T07:12:57+00:00\",\"description\":\"\\u017bel na dzi\\u0105s\\u0142a o w\\u0142a\\u015bciwo\\u015bciach antyseptycznych z \\u0142agodnym dzia\\u0142aniem grejpfruta. Pomaga przy aftach i wra\\u017cliwo\\u015bci dzi\\u0105se\\u0142, ogranicza niepo\\u017c\\u0105dan\\u0105 mikroflor\\u0119 i powstanie p\\u0142ytki naz\\u0119bnej. Nie zawiera cukru i ma przyjemnie gorzkawy smak.\",\"breadcrumb\":{\"@id\":\"https:\/\/www.fytofontana.com\/pl\/product\/citrovital-zel-dentystyczny\/#breadcrumb\"},\"inLanguage\":\"pl-PL\",\"potentialAction\":[{\"@type\":\"ReadAction\",\"target\":[\"https:\/\/www.fytofontana.com\/pl\/product\/citrovital-zel-dentystyczny\/\"]}]},{\"@type\":\"BreadcrumbList\",\"@id\":\"https:\/\/www.fytofontana.com\/pl\/product\/citrovital-zel-dentystyczny\/#breadcrumb\",\"itemListElement\":[{\"@type\":\"ListItem\",\"position\":1,\"item\":{\"@type\":\"WebPage\",\"@id\":\"https:\/\/www.fytofontana.com\/pl\/\",\"url\":\"https:\/\/www.fytofontana.com\/pl\/\",\"name\":\"Home\"}},{\"@type\":\"ListItem\",\"position\":2,\"item\":{\"@type\":\"WebPage\",\"@id\":\"https:\/\/www.fytofontana.com\/pl\/product\/citrovital-zel-dentystyczny\/\",\"url\":\"https:\/\/www.fytofontana.com\/pl\/product\/citrovital-zel-dentystyczny\/\",\"name\":\"CITROVITAL \\u017cel dentystyczny\"}}]}]}<\/script>","_links":{"self":[{"href":"https:\/\/www.fytofontana.com\/pl\/wp-json\/wp\/v2\/product\/4038"}],"collection":[{"href":"https:\/\/www.fytofontana.com\/pl\/wp-json\/wp\/v2\/product"}],"about":[{"href":"https:\/\/www.fytofontana.com\/pl\/wp-json\/wp\/v2\/types\/product"}],"wp:featuredmedia":[{"embeddable":true,"href":"https:\/\/www.fytofontana.com\/pl\/wp-json\/wp\/v2\/media\/4028"}],"wp:attachment":[{"href":"https:\/\/www.fytofontana.com\/pl\/wp-json\/wp\/v2\/media?parent=4038"}],"wp:term":[{"taxonomy":"products","embeddable":true,"href":"https:\/\/www.fytofontana.com\/pl\/wp-json\/wp\/v2\/products?post=4038"}],"curies":[{"name":"wp","href":"https:\/\/api.w.org\/{rel}","templated":true}]}}