{"id":3990,"date":"2025-07-28T17:34:31","date_gmt":"2025-07-28T16:34:31","guid":{"rendered":"https:\/\/www.fytofontana.com\/?post_type=product&#038;p=3990"},"modified":"2025-07-29T11:40:16","modified_gmt":"2025-07-29T10:40:16","slug":"citrovital-kapsulki","status":"publish","type":"product","link":"https:\/\/www.fytofontana.com\/pl\/product\/citrovital-kapsulki\/","title":{"rendered":"CITROVITAL kapsu\u0142ki"},"content":{"rendered":"<ul>\n<li>Kapsu\u0142ki Citrovital to suplement diety pochodzenia naturalnego, wytwarzany z pestek grejpfruta, kt\u00f3re naturalnie zawieraj\u0105 wysok\u0105 zawarto\u015b\u0107 <!--StartFragment --><span class=\"cf0\">bioflawonoid\u00f3w<\/span><!--EndFragment -->.<\/li>\n<li>Te zwi\u0105zki ro\u015blinne nale\u017c\u0105 do antyoksydant\u00f3w, kt\u00f3re pomagaj\u0105 chroni\u0107 kom\u00f3rki przed szkodliwymi wp\u0142ywami, powstaj\u0105cymi na przyk\u0142ad w wyniku stresu, niezdrowej diety lub niekorzystnego \u015brodowiska.<\/li>\n<\/ul>\n<div class=\"node node--type-product node--view-mode-full ds-1col clearfix\">\n<div id=\"tabs\" class=\"field-group-easy-responsive-tabs field-group-easy-responsive-tabs-default field-group-ertta_tabs-wrapper\" data-identifier=\"tabs\" data-type=\"default\" data-width=\"auto\" data-fit=\"\" data-tabidentify=\"tabs\" data-activetab_bg=\"\" data-inactive_bg=\"\" data-active_border_color=\"\" data-active_content_border_color=\"\">\n<div class=\"resp-tabs-container tabs\">\n<div id=\"other-information\" class=\"resp-tab-content tabs resp-tab-content-active\" aria-labelledby=\"tabs_tab_item-0\">\n<div class=\"field field--name-body field--type-text-with-summary field--label-hidden field--item\">\n<div class=\"field field--name-field-lead field--type-text-long field--label-hidden field--item\">\n<p>&nbsp;<\/p>\n<\/div>\n<div class=\"field field--name-field-packings field--type-string field--label-inline\"><\/div>\n<\/div>\n<\/div>\n<\/div>\n<\/div>\n<\/div>\n","protected":false},"featured_media":3987,"template":"","products":[102],"yoast_head":"<title>CITROVITAL kapsu\u0142ki - Fytofontana<\/title>\n<meta name=\"description\" content=\"Kapsu\u0142ki Citrovital to suplement diety z pestek grejpfruta z zawarto\u015bci\u0105 bioflawonoid\u00f3w. Wspieraj\u0105 witalno\u015b\u0107 organizmu i przyczyniaj\u0105 si\u0119 do ochrony kom\u00f3rek przed szkodliwymi wp\u0142ywami. Pomagaj\u0105 utrzyma\u0107 r\u00f3wnowag\u0119 mikrobiologiczn\u0105 organizmu.\" \/>\n<meta name=\"robots\" content=\"index, follow, max-snippet:-1, max-image-preview:large, max-video-preview:-1\" \/>\n<link rel=\"canonical\" href=\"https:\/\/www.fytofontana.com\/pl\/product\/citrovital-kapsulki\/\" \/>\n<meta property=\"og:locale\" content=\"pl_PL\" \/>\n<meta property=\"og:type\" content=\"article\" \/>\n<meta property=\"og:title\" content=\"CITROVITAL kapsu\u0142ki - Fytofontana\" \/>\n<meta property=\"og:description\" content=\"Kapsu\u0142ki Citrovital to suplement diety z pestek grejpfruta z zawarto\u015bci\u0105 bioflawonoid\u00f3w. Wspieraj\u0105 witalno\u015b\u0107 organizmu i przyczyniaj\u0105 si\u0119 do ochrony kom\u00f3rek przed szkodliwymi wp\u0142ywami. Pomagaj\u0105 utrzyma\u0107 r\u00f3wnowag\u0119 mikrobiologiczn\u0105 organizmu.\" \/>\n<meta property=\"og:url\" content=\"https:\/\/www.fytofontana.com\/pl\/product\/citrovital-kapsulki\/\" \/>\n<meta property=\"og:site_name\" content=\"Fytofontana\" \/>\n<meta property=\"article:modified_time\" content=\"2025-07-29T10:40:16+00:00\" \/>\n<meta property=\"og:image\" content=\"https:\/\/www.fytofontana.com\/wp-content\/uploads\/2021\/03\/CITROVITAL_Capsules_30cps_01_Primary_1000x1000.png\" \/>\n\t<meta property=\"og:image:width\" content=\"1000\" \/>\n\t<meta property=\"og:image:height\" content=\"1000\" \/>\n<meta name=\"twitter:card\" content=\"summary_large_image\" \/>\n<meta name=\"twitter:label1\" content=\"Est. reading time\">\n\t<meta name=\"twitter:data1\" content=\"1 minuta\">\n<script type=\"application\/ld+json\" class=\"yoast-schema-graph\">{\"@context\":\"https:\/\/schema.org\",\"@graph\":[{\"@type\":\"Organization\",\"@id\":\"https:\/\/www.fytofontana.com\/#organization\",\"name\":\"Fytofontana\",\"url\":\"https:\/\/www.fytofontana.com\/\",\"sameAs\":[],\"logo\":{\"@type\":\"ImageObject\",\"@id\":\"https:\/\/www.fytofontana.com\/#logo\",\"inLanguage\":\"pl-PL\",\"url\":\"https:\/\/www.fytofontana.com\/wp-content\/uploads\/2021\/01\/fyto.png\",\"width\":817,\"height\":79,\"caption\":\"Fytofontana\"},\"image\":{\"@id\":\"https:\/\/www.fytofontana.com\/#logo\"}},{\"@type\":\"WebSite\",\"@id\":\"https:\/\/www.fytofontana.com\/#website\",\"url\":\"https:\/\/www.fytofontana.com\/\",\"name\":\"Fytofontana\",\"description\":\"\",\"publisher\":{\"@id\":\"https:\/\/www.fytofontana.com\/#organization\"},\"potentialAction\":[{\"@type\":\"SearchAction\",\"target\":\"https:\/\/www.fytofontana.com\/?s={search_term_string}\",\"query-input\":\"required name=search_term_string\"}],\"inLanguage\":\"pl-PL\"},{\"@type\":\"ImageObject\",\"@id\":\"https:\/\/www.fytofontana.com\/pl\/product\/citrovital-kapsulki\/#primaryimage\",\"inLanguage\":\"pl-PL\",\"url\":\"https:\/\/www.fytofontana.com\/wp-content\/uploads\/2021\/03\/CITROVITAL_Capsules_30cps_01_Primary_1000x1000.png\",\"width\":1000,\"height\":1000},{\"@type\":[\"WebPage\",\"ItemPage\"],\"@id\":\"https:\/\/www.fytofontana.com\/pl\/product\/citrovital-kapsulki\/#webpage\",\"url\":\"https:\/\/www.fytofontana.com\/pl\/product\/citrovital-kapsulki\/\",\"name\":\"CITROVITAL kapsu\\u0142ki - Fytofontana\",\"isPartOf\":{\"@id\":\"https:\/\/www.fytofontana.com\/#website\"},\"primaryImageOfPage\":{\"@id\":\"https:\/\/www.fytofontana.com\/pl\/product\/citrovital-kapsulki\/#primaryimage\"},\"datePublished\":\"2025-07-28T16:34:31+00:00\",\"dateModified\":\"2025-07-29T10:40:16+00:00\",\"description\":\"Kapsu\\u0142ki Citrovital to suplement diety z pestek grejpfruta z zawarto\\u015bci\\u0105 bioflawonoid\\u00f3w. Wspieraj\\u0105 witalno\\u015b\\u0107 organizmu i przyczyniaj\\u0105 si\\u0119 do ochrony kom\\u00f3rek przed szkodliwymi wp\\u0142ywami. Pomagaj\\u0105 utrzyma\\u0107 r\\u00f3wnowag\\u0119 mikrobiologiczn\\u0105 organizmu.\",\"breadcrumb\":{\"@id\":\"https:\/\/www.fytofontana.com\/pl\/product\/citrovital-kapsulki\/#breadcrumb\"},\"inLanguage\":\"pl-PL\",\"potentialAction\":[{\"@type\":\"ReadAction\",\"target\":[\"https:\/\/www.fytofontana.com\/pl\/product\/citrovital-kapsulki\/\"]}]},{\"@type\":\"BreadcrumbList\",\"@id\":\"https:\/\/www.fytofontana.com\/pl\/product\/citrovital-kapsulki\/#breadcrumb\",\"itemListElement\":[{\"@type\":\"ListItem\",\"position\":1,\"item\":{\"@type\":\"WebPage\",\"@id\":\"https:\/\/www.fytofontana.com\/pl\/\",\"url\":\"https:\/\/www.fytofontana.com\/pl\/\",\"name\":\"Home\"}},{\"@type\":\"ListItem\",\"position\":2,\"item\":{\"@type\":\"WebPage\",\"@id\":\"https:\/\/www.fytofontana.com\/pl\/product\/citrovital-kapsulki\/\",\"url\":\"https:\/\/www.fytofontana.com\/pl\/product\/citrovital-kapsulki\/\",\"name\":\"CITROVITAL kapsu\\u0142ki\"}}]}]}<\/script>","_links":{"self":[{"href":"https:\/\/www.fytofontana.com\/pl\/wp-json\/wp\/v2\/product\/3990"}],"collection":[{"href":"https:\/\/www.fytofontana.com\/pl\/wp-json\/wp\/v2\/product"}],"about":[{"href":"https:\/\/www.fytofontana.com\/pl\/wp-json\/wp\/v2\/types\/product"}],"wp:featuredmedia":[{"embeddable":true,"href":"https:\/\/www.fytofontana.com\/pl\/wp-json\/wp\/v2\/media\/3987"}],"wp:attachment":[{"href":"https:\/\/www.fytofontana.com\/pl\/wp-json\/wp\/v2\/media?parent=3990"}],"wp:term":[{"taxonomy":"products","embeddable":true,"href":"https:\/\/www.fytofontana.com\/pl\/wp-json\/wp\/v2\/products?post=3990"}],"curies":[{"name":"wp","href":"https:\/\/api.w.org\/{rel}","templated":true}]}}