{"id":3926,"date":"2025-07-28T15:07:21","date_gmt":"2025-07-28T14:07:21","guid":{"rendered":"https:\/\/www.fytofontana.com\/?post_type=product&#038;p=3926"},"modified":"2025-07-29T11:41:46","modified_gmt":"2025-07-29T10:41:46","slug":"citrovital-krople","status":"publish","type":"product","link":"https:\/\/www.fytofontana.com\/pl\/product\/citrovital-krople\/","title":{"rendered":"CITROVITAL krople"},"content":{"rendered":"<ul>\n<li>Krople Citrovital to suplement diety pochodzenia naturalnego, wytwarzany z pestek grejpfruta, kt\u00f3re naturalnie zawieraj\u0105 wysok\u0105 zawarto\u015b\u0107 <!--StartFragment --><span class=\"cf0\">bioflawonoid\u00f3w<\/span><!--EndFragment -->.<\/li>\n<li>Te zwi\u0105zki ro\u015blinne nale\u017c\u0105 do antyoksydant\u00f3w, kt\u00f3re pomagaj\u0105 chroni\u0107 kom\u00f3rki przed szkodliwymi wp\u0142ywami, powstaj\u0105cymi na przyk\u0142ad w wyniku stresu, niezdrowej diety lub niekorzystnego \u015brodowiska.<\/li>\n<\/ul>\n","protected":false},"featured_media":3911,"template":"","products":[102],"yoast_head":"<title>CITROVITAL krople - Fytofontana<\/title>\n<meta name=\"description\" content=\"Krople Citrovital to suplement diety z pestek grejpfruta z zawarto\u015bci\u0105 bioflawonoid\u00f3w. Wspieraj\u0105 witalno\u015b\u0107 organizmu i przyczyniaj\u0105 si\u0119 do ochrony kom\u00f3rek przed szkodliwymi wp\u0142ywami. Pomagaj\u0105 utrzyma\u0107 r\u00f3wnowag\u0119 mikrobiologiczn\u0105 organizmu.\" \/>\n<meta name=\"robots\" content=\"index, follow, max-snippet:-1, max-image-preview:large, max-video-preview:-1\" \/>\n<link rel=\"canonical\" href=\"https:\/\/www.fytofontana.com\/pl\/product\/citrovital-krople\/\" \/>\n<meta property=\"og:locale\" content=\"pl_PL\" \/>\n<meta property=\"og:type\" content=\"article\" \/>\n<meta property=\"og:title\" content=\"CITROVITAL krople - Fytofontana\" \/>\n<meta property=\"og:description\" content=\"Krople Citrovital to suplement diety z pestek grejpfruta z zawarto\u015bci\u0105 bioflawonoid\u00f3w. Wspieraj\u0105 witalno\u015b\u0107 organizmu i przyczyniaj\u0105 si\u0119 do ochrony kom\u00f3rek przed szkodliwymi wp\u0142ywami. Pomagaj\u0105 utrzyma\u0107 r\u00f3wnowag\u0119 mikrobiologiczn\u0105 organizmu.\" \/>\n<meta property=\"og:url\" content=\"https:\/\/www.fytofontana.com\/pl\/product\/citrovital-krople\/\" \/>\n<meta property=\"og:site_name\" content=\"Fytofontana\" \/>\n<meta property=\"article:modified_time\" content=\"2025-07-29T10:41:46+00:00\" \/>\n<meta property=\"og:image\" content=\"https:\/\/www.fytofontana.com\/wp-content\/uploads\/2021\/03\/CITROVITAL_Drops_25ml_1000x1000px_01_Primary.jpg\" \/>\n\t<meta property=\"og:image:width\" content=\"1000\" \/>\n\t<meta property=\"og:image:height\" content=\"873\" \/>\n<meta name=\"twitter:card\" content=\"summary_large_image\" \/>\n<meta name=\"twitter:label1\" content=\"Est. reading time\">\n\t<meta name=\"twitter:data1\" content=\"1 minuta\">\n<script type=\"application\/ld+json\" class=\"yoast-schema-graph\">{\"@context\":\"https:\/\/schema.org\",\"@graph\":[{\"@type\":\"Organization\",\"@id\":\"https:\/\/www.fytofontana.com\/#organization\",\"name\":\"Fytofontana\",\"url\":\"https:\/\/www.fytofontana.com\/\",\"sameAs\":[],\"logo\":{\"@type\":\"ImageObject\",\"@id\":\"https:\/\/www.fytofontana.com\/#logo\",\"inLanguage\":\"pl-PL\",\"url\":\"https:\/\/www.fytofontana.com\/wp-content\/uploads\/2021\/01\/fyto.png\",\"width\":817,\"height\":79,\"caption\":\"Fytofontana\"},\"image\":{\"@id\":\"https:\/\/www.fytofontana.com\/#logo\"}},{\"@type\":\"WebSite\",\"@id\":\"https:\/\/www.fytofontana.com\/#website\",\"url\":\"https:\/\/www.fytofontana.com\/\",\"name\":\"Fytofontana\",\"description\":\"\",\"publisher\":{\"@id\":\"https:\/\/www.fytofontana.com\/#organization\"},\"potentialAction\":[{\"@type\":\"SearchAction\",\"target\":\"https:\/\/www.fytofontana.com\/?s={search_term_string}\",\"query-input\":\"required name=search_term_string\"}],\"inLanguage\":\"pl-PL\"},{\"@type\":\"ImageObject\",\"@id\":\"https:\/\/www.fytofontana.com\/pl\/product\/citrovital-krople\/#primaryimage\",\"inLanguage\":\"pl-PL\",\"url\":\"https:\/\/www.fytofontana.com\/wp-content\/uploads\/2021\/03\/CITROVITAL_Drops_25ml_1000x1000px_01_Primary.jpg\",\"width\":1000,\"height\":873},{\"@type\":[\"WebPage\",\"ItemPage\"],\"@id\":\"https:\/\/www.fytofontana.com\/pl\/product\/citrovital-krople\/#webpage\",\"url\":\"https:\/\/www.fytofontana.com\/pl\/product\/citrovital-krople\/\",\"name\":\"CITROVITAL krople - Fytofontana\",\"isPartOf\":{\"@id\":\"https:\/\/www.fytofontana.com\/#website\"},\"primaryImageOfPage\":{\"@id\":\"https:\/\/www.fytofontana.com\/pl\/product\/citrovital-krople\/#primaryimage\"},\"datePublished\":\"2025-07-28T14:07:21+00:00\",\"dateModified\":\"2025-07-29T10:41:46+00:00\",\"description\":\"Krople Citrovital to suplement diety z pestek grejpfruta z zawarto\\u015bci\\u0105 bioflawonoid\\u00f3w. Wspieraj\\u0105 witalno\\u015b\\u0107 organizmu i przyczyniaj\\u0105 si\\u0119 do ochrony kom\\u00f3rek przed szkodliwymi wp\\u0142ywami. Pomagaj\\u0105 utrzyma\\u0107 r\\u00f3wnowag\\u0119 mikrobiologiczn\\u0105 organizmu.\",\"breadcrumb\":{\"@id\":\"https:\/\/www.fytofontana.com\/pl\/product\/citrovital-krople\/#breadcrumb\"},\"inLanguage\":\"pl-PL\",\"potentialAction\":[{\"@type\":\"ReadAction\",\"target\":[\"https:\/\/www.fytofontana.com\/pl\/product\/citrovital-krople\/\"]}]},{\"@type\":\"BreadcrumbList\",\"@id\":\"https:\/\/www.fytofontana.com\/pl\/product\/citrovital-krople\/#breadcrumb\",\"itemListElement\":[{\"@type\":\"ListItem\",\"position\":1,\"item\":{\"@type\":\"WebPage\",\"@id\":\"https:\/\/www.fytofontana.com\/pl\/\",\"url\":\"https:\/\/www.fytofontana.com\/pl\/\",\"name\":\"Home\"}},{\"@type\":\"ListItem\",\"position\":2,\"item\":{\"@type\":\"WebPage\",\"@id\":\"https:\/\/www.fytofontana.com\/pl\/product\/citrovital-krople\/\",\"url\":\"https:\/\/www.fytofontana.com\/pl\/product\/citrovital-krople\/\",\"name\":\"CITROVITAL krople\"}}]}]}<\/script>","_links":{"self":[{"href":"https:\/\/www.fytofontana.com\/pl\/wp-json\/wp\/v2\/product\/3926"}],"collection":[{"href":"https:\/\/www.fytofontana.com\/pl\/wp-json\/wp\/v2\/product"}],"about":[{"href":"https:\/\/www.fytofontana.com\/pl\/wp-json\/wp\/v2\/types\/product"}],"wp:featuredmedia":[{"embeddable":true,"href":"https:\/\/www.fytofontana.com\/pl\/wp-json\/wp\/v2\/media\/3911"}],"wp:attachment":[{"href":"https:\/\/www.fytofontana.com\/pl\/wp-json\/wp\/v2\/media?parent=3926"}],"wp:term":[{"taxonomy":"products","embeddable":true,"href":"https:\/\/www.fytofontana.com\/pl\/wp-json\/wp\/v2\/products?post=3926"}],"curies":[{"name":"wp","href":"https:\/\/api.w.org\/{rel}","templated":true}]}}