{"id":3902,"date":"2025-07-28T11:29:13","date_gmt":"2025-07-28T10:29:13","guid":{"rendered":"https:\/\/www.fytofontana.com\/?post_type=product&#038;p=3902"},"modified":"2025-11-27T20:21:05","modified_gmt":"2025-11-27T19:21:05","slug":"hemorrelax-czopki-doodbytnicze","status":"publish","type":"product","link":"https:\/\/www.fytofontana.com\/pl\/product\/hemorrelax-czopki-doodbytnicze\/","title":{"rendered":"HEMORRELAX czopki doodbytnicze"},"content":{"rendered":"<p><strong>Fito-biotechnologiczne czopki doodbytnicze na hemoroidy.<\/strong><\/p>\n<ul>\n<li><b>Wyr\u00f3b medyczny zatwierdzony przez MDR <\/b>(UE 2017\/745).<\/li>\n<li><strong>Fito-biotechnologiczne czopki doodbytnicze<\/strong> s\u0105 przeznaczone do leczenia <strong>hemoroid\u00f3w <\/strong>i innych schorze\u0144 odbytu, takich jak <strong>szczeliny i p\u0119kni\u0119cia odbytu (p\u0119kni\u0119cia i rozdarcia w okolicy odbytu).<\/strong>\n<ul>\n<li><strong>Lecz\u0105, uspokajaj\u0105 i natychmiast \u0142agodz\u0105<\/strong> b\u00f3l, pieczenie, sw\u0119dzenie i obrz\u0119k &#8211; bez kortykoid\u00f3w.<\/li>\n<li><strong>Wspieraj\u0105 kompleksowe i g\u0142\u0119bokie gojenie<\/strong> ju\u017c istniej\u0105cych problem\u00f3w oraz <strong>zmniejszaj\u0105 ryzyko nawrotu<\/strong> hemoroid\u00f3w przy regularnym stosowaniu.<strong>Hemorrelax czopki z si\u0142\u0105 potr\u00f3jnego dzia\u0142ania:<\/strong><\/li>\n<li><strong>Peptydy o dzia\u0142aniu botulotoksyny &#8211; tzw. efekt botox &#8211; rozlu\u017aniaj\u0105 skurczowe napi\u0119cie zwieracza odbytu.<\/strong> Tym samym przyspieszaj\u0105 gojenie obrz\u0119k\u00f3w i ran oraz przyczyniaj\u0105 si\u0119 do bezbolesnego wypr\u00f3\u017cniania.<\/li>\n<\/ul>\n<\/li>\n<\/ul>\n","protected":false},"featured_media":3893,"template":"","products":[97],"yoast_head":"<title>HEMORRELAX czopki doodbytnicze - Fytofontana<\/title>\n<meta name=\"description\" content=\"Fito-biotechnologiczne czopki na hemoroidy z efektem botox. Natychmiast \u0142agodzi b\u00f3l, sw\u0119dzenie i pieczenie bez kortykoid\u00f3w. Kompleksowo leczy, a efekt botox rozlu\u017ania skurcze, przyspieszaj\u0105c gojenie obrz\u0119k\u00f3w i ran.\" \/>\n<meta name=\"robots\" content=\"index, follow, max-snippet:-1, max-image-preview:large, max-video-preview:-1\" \/>\n<link rel=\"canonical\" href=\"https:\/\/www.fytofontana.com\/pl\/product\/hemorrelax-czopki-doodbytnicze\/\" \/>\n<meta property=\"og:locale\" content=\"pl_PL\" \/>\n<meta property=\"og:type\" content=\"article\" \/>\n<meta property=\"og:title\" content=\"HEMORRELAX czopki doodbytnicze - Fytofontana\" \/>\n<meta property=\"og:description\" content=\"Fito-biotechnologiczne czopki na hemoroidy z efektem botox. Natychmiast \u0142agodzi b\u00f3l, sw\u0119dzenie i pieczenie bez kortykoid\u00f3w. Kompleksowo leczy, a efekt botox rozlu\u017ania skurcze, przyspieszaj\u0105c gojenie obrz\u0119k\u00f3w i ran.\" \/>\n<meta property=\"og:url\" content=\"https:\/\/www.fytofontana.com\/pl\/product\/hemorrelax-czopki-doodbytnicze\/\" \/>\n<meta property=\"og:site_name\" content=\"Fytofontana\" \/>\n<meta property=\"article:modified_time\" content=\"2025-11-27T19:21:05+00:00\" \/>\n<meta property=\"og:image\" content=\"https:\/\/www.fytofontana.com\/wp-content\/uploads\/2021\/03\/24_10_HEMORRELAX_Rectal_Supp_10pcs_02_Primary.png\" \/>\n\t<meta property=\"og:image:width\" content=\"1000\" \/>\n\t<meta property=\"og:image:height\" content=\"1000\" \/>\n<meta name=\"twitter:card\" content=\"summary_large_image\" \/>\n<meta name=\"twitter:label1\" content=\"Est. reading time\">\n\t<meta name=\"twitter:data1\" content=\"1 minuta\">\n<script type=\"application\/ld+json\" class=\"yoast-schema-graph\">{\"@context\":\"https:\/\/schema.org\",\"@graph\":[{\"@type\":\"Organization\",\"@id\":\"https:\/\/www.fytofontana.com\/#organization\",\"name\":\"Fytofontana\",\"url\":\"https:\/\/www.fytofontana.com\/\",\"sameAs\":[],\"logo\":{\"@type\":\"ImageObject\",\"@id\":\"https:\/\/www.fytofontana.com\/#logo\",\"inLanguage\":\"pl-PL\",\"url\":\"https:\/\/www.fytofontana.com\/wp-content\/uploads\/2021\/01\/fyto.png\",\"width\":817,\"height\":79,\"caption\":\"Fytofontana\"},\"image\":{\"@id\":\"https:\/\/www.fytofontana.com\/#logo\"}},{\"@type\":\"WebSite\",\"@id\":\"https:\/\/www.fytofontana.com\/#website\",\"url\":\"https:\/\/www.fytofontana.com\/\",\"name\":\"Fytofontana\",\"description\":\"\",\"publisher\":{\"@id\":\"https:\/\/www.fytofontana.com\/#organization\"},\"potentialAction\":[{\"@type\":\"SearchAction\",\"target\":\"https:\/\/www.fytofontana.com\/?s={search_term_string}\",\"query-input\":\"required name=search_term_string\"}],\"inLanguage\":\"pl-PL\"},{\"@type\":\"ImageObject\",\"@id\":\"https:\/\/www.fytofontana.com\/pl\/product\/hemorrelax-czopki-doodbytnicze\/#primaryimage\",\"inLanguage\":\"pl-PL\",\"url\":\"https:\/\/www.fytofontana.com\/wp-content\/uploads\/2021\/03\/24_10_HEMORRELAX_Rectal_Supp_10pcs_02_Primary.png\",\"width\":1000,\"height\":1000},{\"@type\":[\"WebPage\",\"ItemPage\"],\"@id\":\"https:\/\/www.fytofontana.com\/pl\/product\/hemorrelax-czopki-doodbytnicze\/#webpage\",\"url\":\"https:\/\/www.fytofontana.com\/pl\/product\/hemorrelax-czopki-doodbytnicze\/\",\"name\":\"HEMORRELAX czopki doodbytnicze - Fytofontana\",\"isPartOf\":{\"@id\":\"https:\/\/www.fytofontana.com\/#website\"},\"primaryImageOfPage\":{\"@id\":\"https:\/\/www.fytofontana.com\/pl\/product\/hemorrelax-czopki-doodbytnicze\/#primaryimage\"},\"datePublished\":\"2025-07-28T10:29:13+00:00\",\"dateModified\":\"2025-11-27T19:21:05+00:00\",\"description\":\"Fito-biotechnologiczne czopki na hemoroidy z efektem botox. Natychmiast \\u0142agodzi b\\u00f3l, sw\\u0119dzenie i pieczenie bez kortykoid\\u00f3w. Kompleksowo leczy, a efekt botox rozlu\\u017ania skurcze, przyspieszaj\\u0105c gojenie obrz\\u0119k\\u00f3w i ran.\",\"breadcrumb\":{\"@id\":\"https:\/\/www.fytofontana.com\/pl\/product\/hemorrelax-czopki-doodbytnicze\/#breadcrumb\"},\"inLanguage\":\"pl-PL\",\"potentialAction\":[{\"@type\":\"ReadAction\",\"target\":[\"https:\/\/www.fytofontana.com\/pl\/product\/hemorrelax-czopki-doodbytnicze\/\"]}]},{\"@type\":\"BreadcrumbList\",\"@id\":\"https:\/\/www.fytofontana.com\/pl\/product\/hemorrelax-czopki-doodbytnicze\/#breadcrumb\",\"itemListElement\":[{\"@type\":\"ListItem\",\"position\":1,\"item\":{\"@type\":\"WebPage\",\"@id\":\"https:\/\/www.fytofontana.com\/pl\/\",\"url\":\"https:\/\/www.fytofontana.com\/pl\/\",\"name\":\"Home\"}},{\"@type\":\"ListItem\",\"position\":2,\"item\":{\"@type\":\"WebPage\",\"@id\":\"https:\/\/www.fytofontana.com\/pl\/product\/hemorrelax-czopki-doodbytnicze\/\",\"url\":\"https:\/\/www.fytofontana.com\/pl\/product\/hemorrelax-czopki-doodbytnicze\/\",\"name\":\"HEMORRELAX czopki doodbytnicze\"}}]}]}<\/script>","_links":{"self":[{"href":"https:\/\/www.fytofontana.com\/pl\/wp-json\/wp\/v2\/product\/3902"}],"collection":[{"href":"https:\/\/www.fytofontana.com\/pl\/wp-json\/wp\/v2\/product"}],"about":[{"href":"https:\/\/www.fytofontana.com\/pl\/wp-json\/wp\/v2\/types\/product"}],"wp:featuredmedia":[{"embeddable":true,"href":"https:\/\/www.fytofontana.com\/pl\/wp-json\/wp\/v2\/media\/3893"}],"wp:attachment":[{"href":"https:\/\/www.fytofontana.com\/pl\/wp-json\/wp\/v2\/media?parent=3902"}],"wp:term":[{"taxonomy":"products","embeddable":true,"href":"https:\/\/www.fytofontana.com\/pl\/wp-json\/wp\/v2\/products?post=3902"}],"curies":[{"name":"wp","href":"https:\/\/api.w.org\/{rel}","templated":true}]}}