{"id":3884,"date":"2025-07-28T09:50:19","date_gmt":"2025-07-28T08:50:19","guid":{"rendered":"https:\/\/www.fytofontana.com\/?post_type=product&#038;p=3884"},"modified":"2025-11-27T20:16:56","modified_gmt":"2025-11-27T19:16:56","slug":"hemorrelax-krem","status":"publish","type":"product","link":"https:\/\/www.fytofontana.com\/pl\/product\/hemorrelax-krem\/","title":{"rendered":"HEMORRELAX krem"},"content":{"rendered":"<p><strong>Fito-biotechnologiczny krem na hemoroidy.<\/strong><\/p>\n<ul>\n<li><b>Wyr\u00f3b medyczny zatwierdzony przez MDR <\/b>(UE 2017\/745).<\/li>\n<li><strong>Fito-biotechnologiczny krem rektalny<\/strong> przeznaczony jest do leczenia <strong>hemoroid\u00f3w<\/strong> i innych schorze\u0144 odbytu, takich jak <strong>szczeliny i p\u0119kni\u0119cia analne (rysy i rozdarcia w okolicy odbytu).<\/strong><\/li>\n<li><strong>Krem Hemorrelax ma potr\u00f3jne dzia\u0142anie:<\/strong>\n<ul>\n<li><strong>Leczy, uspokaja i natychmiast \u0142agodzi<\/strong> b\u00f3l, pieczenie, sw\u0119dzenie i obrz\u0119k \u2013 bez kortykoid\u00f3w.<\/li>\n<li>Wspomaga <strong>kompleksowe i dog\u0142\u0119bne gojenie<\/strong> istniej\u0105cych problem\u00f3w, a przy regularnym stosowaniu <strong>zmniejsza ryzyko nawrotu<\/strong> hemoroid\u00f3w.<strong>Krem Hemorrelax ma potr\u00f3jne dzia\u0142anie:<\/strong><\/li>\n<li><strong>Peptydy o dzia\u0142aniu botulotoksyny &#8211; tzw. efekt botox<\/strong> &#8211; <strong>rozlu\u017aniaj\u0105 kurcze zwieracza odbytu.<\/strong> Tym samym przyspieszaj\u0105 gojenie obrz\u0119k\u00f3w i ran oraz przyczyniaj\u0105 si\u0119 do bezbolesnego wypr\u00f3\u017cniania.<\/li>\n<\/ul>\n<\/li>\n<\/ul>\n","protected":false},"featured_media":3867,"template":"","products":[97],"yoast_head":"<title>HEMORRELAX krem - Fytofontana<\/title>\n<meta name=\"description\" content=\"Fito-biotechnologiczny krem na hemoroidy z efektem botox. Natychmiast \u0142agodzi b\u00f3l, sw\u0119dzenie i pieczenie bez kortykoid\u00f3w. Kompleksowo leczy, a efekt botox rozlu\u017ania skurcze, przyspieszaj\u0105c gojenie obrz\u0119k\u00f3w i ran.\" \/>\n<meta name=\"robots\" content=\"index, follow, max-snippet:-1, max-image-preview:large, max-video-preview:-1\" \/>\n<link rel=\"canonical\" href=\"https:\/\/www.fytofontana.com\/pl\/product\/hemorrelax-krem\/\" \/>\n<meta property=\"og:locale\" content=\"pl_PL\" \/>\n<meta property=\"og:type\" content=\"article\" \/>\n<meta property=\"og:title\" content=\"HEMORRELAX krem - Fytofontana\" \/>\n<meta property=\"og:description\" content=\"Fito-biotechnologiczny krem na hemoroidy z efektem botox. Natychmiast \u0142agodzi b\u00f3l, sw\u0119dzenie i pieczenie bez kortykoid\u00f3w. Kompleksowo leczy, a efekt botox rozlu\u017ania skurcze, przyspieszaj\u0105c gojenie obrz\u0119k\u00f3w i ran.\" \/>\n<meta property=\"og:url\" content=\"https:\/\/www.fytofontana.com\/pl\/product\/hemorrelax-krem\/\" \/>\n<meta property=\"og:site_name\" content=\"Fytofontana\" \/>\n<meta property=\"article:modified_time\" content=\"2025-11-27T19:16:56+00:00\" \/>\n<meta property=\"og:image\" content=\"https:\/\/www.fytofontana.com\/wp-content\/uploads\/2021\/03\/24_10_HEMORRELAX_Rectal_Cream_30g_01_Primary-1.png\" \/>\n\t<meta property=\"og:image:width\" content=\"1000\" \/>\n\t<meta property=\"og:image:height\" content=\"1000\" \/>\n<meta name=\"twitter:card\" content=\"summary_large_image\" \/>\n<meta name=\"twitter:label1\" content=\"Est. reading time\">\n\t<meta name=\"twitter:data1\" content=\"1 minuta\">\n<script type=\"application\/ld+json\" class=\"yoast-schema-graph\">{\"@context\":\"https:\/\/schema.org\",\"@graph\":[{\"@type\":\"Organization\",\"@id\":\"https:\/\/www.fytofontana.com\/#organization\",\"name\":\"Fytofontana\",\"url\":\"https:\/\/www.fytofontana.com\/\",\"sameAs\":[],\"logo\":{\"@type\":\"ImageObject\",\"@id\":\"https:\/\/www.fytofontana.com\/#logo\",\"inLanguage\":\"pl-PL\",\"url\":\"https:\/\/www.fytofontana.com\/wp-content\/uploads\/2021\/01\/fyto.png\",\"width\":817,\"height\":79,\"caption\":\"Fytofontana\"},\"image\":{\"@id\":\"https:\/\/www.fytofontana.com\/#logo\"}},{\"@type\":\"WebSite\",\"@id\":\"https:\/\/www.fytofontana.com\/#website\",\"url\":\"https:\/\/www.fytofontana.com\/\",\"name\":\"Fytofontana\",\"description\":\"\",\"publisher\":{\"@id\":\"https:\/\/www.fytofontana.com\/#organization\"},\"potentialAction\":[{\"@type\":\"SearchAction\",\"target\":\"https:\/\/www.fytofontana.com\/?s={search_term_string}\",\"query-input\":\"required name=search_term_string\"}],\"inLanguage\":\"pl-PL\"},{\"@type\":\"ImageObject\",\"@id\":\"https:\/\/www.fytofontana.com\/pl\/product\/hemorrelax-krem\/#primaryimage\",\"inLanguage\":\"pl-PL\",\"url\":\"https:\/\/www.fytofontana.com\/wp-content\/uploads\/2021\/03\/24_10_HEMORRELAX_Rectal_Cream_30g_01_Primary-1.png\",\"width\":1000,\"height\":1000},{\"@type\":[\"WebPage\",\"ItemPage\"],\"@id\":\"https:\/\/www.fytofontana.com\/pl\/product\/hemorrelax-krem\/#webpage\",\"url\":\"https:\/\/www.fytofontana.com\/pl\/product\/hemorrelax-krem\/\",\"name\":\"HEMORRELAX krem - Fytofontana\",\"isPartOf\":{\"@id\":\"https:\/\/www.fytofontana.com\/#website\"},\"primaryImageOfPage\":{\"@id\":\"https:\/\/www.fytofontana.com\/pl\/product\/hemorrelax-krem\/#primaryimage\"},\"datePublished\":\"2025-07-28T08:50:19+00:00\",\"dateModified\":\"2025-11-27T19:16:56+00:00\",\"description\":\"Fito-biotechnologiczny krem na hemoroidy z efektem botox. Natychmiast \\u0142agodzi b\\u00f3l, sw\\u0119dzenie i pieczenie bez kortykoid\\u00f3w. Kompleksowo leczy, a efekt botox rozlu\\u017ania skurcze, przyspieszaj\\u0105c gojenie obrz\\u0119k\\u00f3w i ran.\",\"breadcrumb\":{\"@id\":\"https:\/\/www.fytofontana.com\/pl\/product\/hemorrelax-krem\/#breadcrumb\"},\"inLanguage\":\"pl-PL\",\"potentialAction\":[{\"@type\":\"ReadAction\",\"target\":[\"https:\/\/www.fytofontana.com\/pl\/product\/hemorrelax-krem\/\"]}]},{\"@type\":\"BreadcrumbList\",\"@id\":\"https:\/\/www.fytofontana.com\/pl\/product\/hemorrelax-krem\/#breadcrumb\",\"itemListElement\":[{\"@type\":\"ListItem\",\"position\":1,\"item\":{\"@type\":\"WebPage\",\"@id\":\"https:\/\/www.fytofontana.com\/pl\/\",\"url\":\"https:\/\/www.fytofontana.com\/pl\/\",\"name\":\"Home\"}},{\"@type\":\"ListItem\",\"position\":2,\"item\":{\"@type\":\"WebPage\",\"@id\":\"https:\/\/www.fytofontana.com\/pl\/product\/hemorrelax-krem\/\",\"url\":\"https:\/\/www.fytofontana.com\/pl\/product\/hemorrelax-krem\/\",\"name\":\"HEMORRELAX krem\"}}]}]}<\/script>","_links":{"self":[{"href":"https:\/\/www.fytofontana.com\/pl\/wp-json\/wp\/v2\/product\/3884"}],"collection":[{"href":"https:\/\/www.fytofontana.com\/pl\/wp-json\/wp\/v2\/product"}],"about":[{"href":"https:\/\/www.fytofontana.com\/pl\/wp-json\/wp\/v2\/types\/product"}],"wp:featuredmedia":[{"embeddable":true,"href":"https:\/\/www.fytofontana.com\/pl\/wp-json\/wp\/v2\/media\/3867"}],"wp:attachment":[{"href":"https:\/\/www.fytofontana.com\/pl\/wp-json\/wp\/v2\/media?parent=3884"}],"wp:term":[{"taxonomy":"products","embeddable":true,"href":"https:\/\/www.fytofontana.com\/pl\/wp-json\/wp\/v2\/products?post=3884"}],"curies":[{"name":"wp","href":"https:\/\/api.w.org\/{rel}","templated":true}]}}