{"id":3850,"date":"2025-07-24T11:07:02","date_gmt":"2025-07-24T10:07:02","guid":{"rendered":"https:\/\/www.fytofontana.com\/?post_type=product&#038;p=3850"},"modified":"2025-07-24T11:07:02","modified_gmt":"2025-07-24T10:07:02","slug":"aurecon-ring-stop","status":"publish","type":"product","link":"https:\/\/www.fytofontana.com\/pl\/product\/aurecon-ring-stop\/","title":{"rendered":"AURECON Ring stop"},"content":{"rendered":"<ul>\n<li>Suplement diety zalecany dla os\u00f3b z szumami usznymi.<\/li>\n<li>Polecamy osobom cierpi\u0105cym na szumy w uszach.<\/li>\n<li>Ekstrakt z szyszek chmielu dzia\u0142a uspokajaj\u0105co, witamina B1 korzystnie wp\u0142ywa na uk\u0142ad nerwowy.<\/li>\n<li>Mi\u0142orz\u0105b japo\u0144ski (Ginkgo biloba) ma pozytywny wp\u0142yw na funkcje umys\u0142owe.<\/li>\n<li>Witamina B6 i witamina C korzystnie wp\u0142ywaj\u0105 na funkcje psychologiczne.<\/li>\n<li>Ekstrakt z szyszek chmielu i ekstrakt z korzenia koz\u0142ka lekarskiego przyczyniaj\u0105 si\u0119 do osi\u0105gni\u0119cia zdrowego snu.<\/li>\n<\/ul>\n","protected":false},"featured_media":3847,"template":"","products":[95],"yoast_head":"<title>AURECON Ring stop - Fytofontana<\/title>\n<meta name=\"description\" content=\"Suplement diety na s\u0142uch bez szumu i dzwonienia w uszach. Ginkgo biloba wspiera kr\u0105\u017cenie m\u00f3zgowe, dziurawiec poprawia r\u00f3wnowag\u0119 psychiczn\u0105, chmiel, koz\u0142ek i wierzba wspomagaj\u0105 sen, a witaminy B1, B6 i C funkcje nerwowe i psychiczne.\" \/>\n<meta name=\"robots\" content=\"index, follow, max-snippet:-1, max-image-preview:large, max-video-preview:-1\" \/>\n<link rel=\"canonical\" href=\"https:\/\/www.fytofontana.com\/pl\/product\/aurecon-ring-stop\/\" \/>\n<meta property=\"og:locale\" content=\"pl_PL\" \/>\n<meta property=\"og:type\" content=\"article\" \/>\n<meta property=\"og:title\" content=\"AURECON Ring stop - Fytofontana\" \/>\n<meta property=\"og:description\" content=\"Suplement diety na s\u0142uch bez szumu i dzwonienia w uszach. Ginkgo biloba wspiera kr\u0105\u017cenie m\u00f3zgowe, dziurawiec poprawia r\u00f3wnowag\u0119 psychiczn\u0105, chmiel, koz\u0142ek i wierzba wspomagaj\u0105 sen, a witaminy B1, B6 i C funkcje nerwowe i psychiczne.\" \/>\n<meta property=\"og:url\" content=\"https:\/\/www.fytofontana.com\/pl\/product\/aurecon-ring-stop\/\" \/>\n<meta property=\"og:site_name\" content=\"Fytofontana\" \/>\n<meta property=\"og:image\" content=\"https:\/\/www.fytofontana.com\/wp-content\/uploads\/2021\/03\/2023_05_AURECON_Capsules_Ring_stop_30cps_1000x1000px_01_Primary.png\" \/>\n\t<meta property=\"og:image:width\" content=\"1000\" \/>\n\t<meta property=\"og:image:height\" content=\"1000\" \/>\n<meta name=\"twitter:card\" content=\"summary_large_image\" \/>\n<meta name=\"twitter:label1\" content=\"Est. reading time\">\n\t<meta name=\"twitter:data1\" content=\"1 minuta\">\n<script type=\"application\/ld+json\" class=\"yoast-schema-graph\">{\"@context\":\"https:\/\/schema.org\",\"@graph\":[{\"@type\":\"Organization\",\"@id\":\"https:\/\/www.fytofontana.com\/#organization\",\"name\":\"Fytofontana\",\"url\":\"https:\/\/www.fytofontana.com\/\",\"sameAs\":[],\"logo\":{\"@type\":\"ImageObject\",\"@id\":\"https:\/\/www.fytofontana.com\/#logo\",\"inLanguage\":\"pl-PL\",\"url\":\"https:\/\/www.fytofontana.com\/wp-content\/uploads\/2021\/01\/fyto.png\",\"width\":817,\"height\":79,\"caption\":\"Fytofontana\"},\"image\":{\"@id\":\"https:\/\/www.fytofontana.com\/#logo\"}},{\"@type\":\"WebSite\",\"@id\":\"https:\/\/www.fytofontana.com\/#website\",\"url\":\"https:\/\/www.fytofontana.com\/\",\"name\":\"Fytofontana\",\"description\":\"\",\"publisher\":{\"@id\":\"https:\/\/www.fytofontana.com\/#organization\"},\"potentialAction\":[{\"@type\":\"SearchAction\",\"target\":\"https:\/\/www.fytofontana.com\/?s={search_term_string}\",\"query-input\":\"required name=search_term_string\"}],\"inLanguage\":\"pl-PL\"},{\"@type\":\"ImageObject\",\"@id\":\"https:\/\/www.fytofontana.com\/pl\/product\/aurecon-ring-stop\/#primaryimage\",\"inLanguage\":\"pl-PL\",\"url\":\"https:\/\/www.fytofontana.com\/wp-content\/uploads\/2021\/03\/2023_05_AURECON_Capsules_Ring_stop_30cps_1000x1000px_01_Primary.png\",\"width\":1000,\"height\":1000},{\"@type\":[\"WebPage\",\"ItemPage\"],\"@id\":\"https:\/\/www.fytofontana.com\/pl\/product\/aurecon-ring-stop\/#webpage\",\"url\":\"https:\/\/www.fytofontana.com\/pl\/product\/aurecon-ring-stop\/\",\"name\":\"AURECON Ring stop - Fytofontana\",\"isPartOf\":{\"@id\":\"https:\/\/www.fytofontana.com\/#website\"},\"primaryImageOfPage\":{\"@id\":\"https:\/\/www.fytofontana.com\/pl\/product\/aurecon-ring-stop\/#primaryimage\"},\"datePublished\":\"2025-07-24T10:07:02+00:00\",\"dateModified\":\"2025-07-24T10:07:02+00:00\",\"description\":\"Suplement diety na s\\u0142uch bez szumu i dzwonienia w uszach. Ginkgo biloba wspiera kr\\u0105\\u017cenie m\\u00f3zgowe, dziurawiec poprawia r\\u00f3wnowag\\u0119 psychiczn\\u0105, chmiel, koz\\u0142ek i wierzba wspomagaj\\u0105 sen, a witaminy B1, B6 i C funkcje nerwowe i psychiczne.\",\"breadcrumb\":{\"@id\":\"https:\/\/www.fytofontana.com\/pl\/product\/aurecon-ring-stop\/#breadcrumb\"},\"inLanguage\":\"pl-PL\",\"potentialAction\":[{\"@type\":\"ReadAction\",\"target\":[\"https:\/\/www.fytofontana.com\/pl\/product\/aurecon-ring-stop\/\"]}]},{\"@type\":\"BreadcrumbList\",\"@id\":\"https:\/\/www.fytofontana.com\/pl\/product\/aurecon-ring-stop\/#breadcrumb\",\"itemListElement\":[{\"@type\":\"ListItem\",\"position\":1,\"item\":{\"@type\":\"WebPage\",\"@id\":\"https:\/\/www.fytofontana.com\/pl\/\",\"url\":\"https:\/\/www.fytofontana.com\/pl\/\",\"name\":\"Home\"}},{\"@type\":\"ListItem\",\"position\":2,\"item\":{\"@type\":\"WebPage\",\"@id\":\"https:\/\/www.fytofontana.com\/pl\/product\/aurecon-ring-stop\/\",\"url\":\"https:\/\/www.fytofontana.com\/pl\/product\/aurecon-ring-stop\/\",\"name\":\"AURECON Ring stop\"}}]}]}<\/script>","_links":{"self":[{"href":"https:\/\/www.fytofontana.com\/pl\/wp-json\/wp\/v2\/product\/3850"}],"collection":[{"href":"https:\/\/www.fytofontana.com\/pl\/wp-json\/wp\/v2\/product"}],"about":[{"href":"https:\/\/www.fytofontana.com\/pl\/wp-json\/wp\/v2\/types\/product"}],"wp:featuredmedia":[{"embeddable":true,"href":"https:\/\/www.fytofontana.com\/pl\/wp-json\/wp\/v2\/media\/3847"}],"wp:attachment":[{"href":"https:\/\/www.fytofontana.com\/pl\/wp-json\/wp\/v2\/media?parent=3850"}],"wp:term":[{"taxonomy":"products","embeddable":true,"href":"https:\/\/www.fytofontana.com\/pl\/wp-json\/wp\/v2\/products?post=3850"}],"curies":[{"name":"wp","href":"https:\/\/api.w.org\/{rel}","templated":true}]}}