{"id":3838,"date":"2025-07-24T10:01:50","date_gmt":"2025-07-24T09:01:50","guid":{"rendered":"https:\/\/www.fytofontana.com\/?post_type=product&#038;p=3838"},"modified":"2025-10-14T12:28:34","modified_gmt":"2025-10-14T11:28:34","slug":"aurecon-spray-junior","status":"publish","type":"product","link":"https:\/\/www.fytofontana.com\/pl\/product\/aurecon-spray-junior\/","title":{"rendered":"AURECON Spray Junior"},"content":{"rendered":"<ul>\n<li><b>Wyr\u00f3b medyczny zatwierdzony przez MDR <\/b>(UE 2017\/745).<\/li>\n<li><strong>Spray do uszu dla dzieci od 3. roku \u017cycia<\/strong><\/li>\n<li>Aurecon spray do uszu Junior to naturalna pomoc medyczna zawieraj\u0105ca ekstrakty ro\u015blinne.<\/li>\n<li>Ta unikalna kombinacja ro\u015blin leczniczych dzia\u0142a \u0142agodnie na zdrowie ucha i zmniejsza mo\u017cliwo\u015b\u0107 powstania stan\u00f3w zapalnych.<\/li>\n<li>Roztw\u00f3r nale\u017cy ostro\u017cnie rozpyla\u0107 do ucha, usuwa nadmiern\u0105 woskowin\u0119 uszn\u0105, kurz i inne zanieczyszczenia w bardzo delikatny spos\u00f3b.<\/li>\n<\/ul>\n","protected":false},"featured_media":3835,"template":"","products":[95],"class_list":["post-3838","product","type-product","status-publish","has-post-thumbnail","hentry","products-aurecon-pl"],"yoast_head":"<title>AURECON Spray Junior - Fytofontana<\/title>\n<meta name=\"description\" content=\"Aurecon Junior spray do uszu dla dzieci z naturalnymi ekstraktami ro\u015blinnymi. Delikatnie usuwa woskowin\u0119, kurz i zanieczyszczenia, pomaga zapobiega\u0107 stanom zapalnym i dba o zdrowie ucha.\" \/>\n<meta name=\"robots\" content=\"index, follow, max-snippet:-1, max-image-preview:large, max-video-preview:-1\" \/>\n<link rel=\"canonical\" href=\"https:\/\/www.fytofontana.com\/pl\/product\/aurecon-spray-junior\/\" \/>\n<meta property=\"og:locale\" content=\"pl_PL\" \/>\n<meta property=\"og:type\" content=\"article\" \/>\n<meta property=\"og:title\" content=\"AURECON Spray Junior - Fytofontana\" \/>\n<meta property=\"og:description\" content=\"Aurecon Junior spray do uszu dla dzieci z naturalnymi ekstraktami ro\u015blinnymi. Delikatnie usuwa woskowin\u0119, kurz i zanieczyszczenia, pomaga zapobiega\u0107 stanom zapalnym i dba o zdrowie ucha.\" \/>\n<meta property=\"og:url\" content=\"https:\/\/www.fytofontana.com\/pl\/product\/aurecon-spray-junior\/\" \/>\n<meta property=\"og:site_name\" content=\"Fytofontana\" \/>\n<meta property=\"article:modified_time\" content=\"2025-10-14T11:28:34+00:00\" \/>\n<meta property=\"og:image\" content=\"https:\/\/www.fytofontana.com\/wp-content\/uploads\/2021\/03\/2023_05_AURECON_Spray_Junior_30ml_1000x1000px_01_Primary.png\" \/>\n\t<meta property=\"og:image:width\" content=\"1000\" \/>\n\t<meta property=\"og:image:height\" content=\"1000\" \/>\n\t<meta property=\"og:image:type\" content=\"image\/png\" \/>\n<meta name=\"twitter:card\" content=\"summary_large_image\" \/>\n<meta name=\"twitter:label1\" content=\"Szacowany czas czytania\" \/>\n\t<meta name=\"twitter:data1\" content=\"1 minuta\" \/>\n<script type=\"application\/ld+json\" class=\"yoast-schema-graph\">{\"@context\":\"https:\\\/\\\/schema.org\",\"@graph\":[{\"@type\":[\"WebPage\",\"ItemPage\"],\"@id\":\"https:\\\/\\\/www.fytofontana.com\\\/pl\\\/product\\\/aurecon-spray-junior\\\/\",\"url\":\"https:\\\/\\\/www.fytofontana.com\\\/pl\\\/product\\\/aurecon-spray-junior\\\/\",\"name\":\"AURECON Spray Junior - Fytofontana\",\"isPartOf\":{\"@id\":\"https:\\\/\\\/www.fytofontana.com\\\/#website\"},\"primaryImageOfPage\":{\"@id\":\"https:\\\/\\\/www.fytofontana.com\\\/pl\\\/product\\\/aurecon-spray-junior\\\/#primaryimage\"},\"image\":{\"@id\":\"https:\\\/\\\/www.fytofontana.com\\\/pl\\\/product\\\/aurecon-spray-junior\\\/#primaryimage\"},\"thumbnailUrl\":\"https:\\\/\\\/www.fytofontana.com\\\/wp-content\\\/uploads\\\/2021\\\/03\\\/2023_05_AURECON_Spray_Junior_30ml_1000x1000px_01_Primary.png\",\"datePublished\":\"2025-07-24T09:01:50+00:00\",\"dateModified\":\"2025-10-14T11:28:34+00:00\",\"description\":\"Aurecon Junior spray do uszu dla dzieci z naturalnymi ekstraktami ro\u015blinnymi. Delikatnie usuwa woskowin\u0119, kurz i zanieczyszczenia, pomaga zapobiega\u0107 stanom zapalnym i dba o zdrowie ucha.\",\"breadcrumb\":{\"@id\":\"https:\\\/\\\/www.fytofontana.com\\\/pl\\\/product\\\/aurecon-spray-junior\\\/#breadcrumb\"},\"inLanguage\":\"pl-PL\",\"potentialAction\":[{\"@type\":\"ReadAction\",\"target\":[\"https:\\\/\\\/www.fytofontana.com\\\/pl\\\/product\\\/aurecon-spray-junior\\\/\"]}]},{\"@type\":\"ImageObject\",\"inLanguage\":\"pl-PL\",\"@id\":\"https:\\\/\\\/www.fytofontana.com\\\/pl\\\/product\\\/aurecon-spray-junior\\\/#primaryimage\",\"url\":\"https:\\\/\\\/www.fytofontana.com\\\/wp-content\\\/uploads\\\/2021\\\/03\\\/2023_05_AURECON_Spray_Junior_30ml_1000x1000px_01_Primary.png\",\"contentUrl\":\"https:\\\/\\\/www.fytofontana.com\\\/wp-content\\\/uploads\\\/2021\\\/03\\\/2023_05_AURECON_Spray_Junior_30ml_1000x1000px_01_Primary.png\",\"width\":1000,\"height\":1000},{\"@type\":\"BreadcrumbList\",\"@id\":\"https:\\\/\\\/www.fytofontana.com\\\/pl\\\/product\\\/aurecon-spray-junior\\\/#breadcrumb\",\"itemListElement\":[{\"@type\":\"ListItem\",\"position\":1,\"name\":\"Home\",\"item\":\"https:\\\/\\\/www.fytofontana.com\\\/pl\\\/\"},{\"@type\":\"ListItem\",\"position\":2,\"name\":\"AURECON Spray Junior\"}]},{\"@type\":\"WebSite\",\"@id\":\"https:\\\/\\\/www.fytofontana.com\\\/#website\",\"url\":\"https:\\\/\\\/www.fytofontana.com\\\/\",\"name\":\"Fytofontana\",\"description\":\"\",\"publisher\":{\"@id\":\"https:\\\/\\\/www.fytofontana.com\\\/#organization\"},\"potentialAction\":[{\"@type\":\"SearchAction\",\"target\":{\"@type\":\"EntryPoint\",\"urlTemplate\":\"https:\\\/\\\/www.fytofontana.com\\\/?s={search_term_string}\"},\"query-input\":{\"@type\":\"PropertyValueSpecification\",\"valueRequired\":true,\"valueName\":\"search_term_string\"}}],\"inLanguage\":\"pl-PL\"},{\"@type\":\"Organization\",\"@id\":\"https:\\\/\\\/www.fytofontana.com\\\/#organization\",\"name\":\"Fytofontana\",\"url\":\"https:\\\/\\\/www.fytofontana.com\\\/\",\"logo\":{\"@type\":\"ImageObject\",\"inLanguage\":\"pl-PL\",\"@id\":\"https:\\\/\\\/www.fytofontana.com\\\/#\\\/schema\\\/logo\\\/image\\\/\",\"url\":\"https:\\\/\\\/www.fytofontana.com\\\/wp-content\\\/uploads\\\/2021\\\/01\\\/fyto.png\",\"contentUrl\":\"https:\\\/\\\/www.fytofontana.com\\\/wp-content\\\/uploads\\\/2021\\\/01\\\/fyto.png\",\"width\":817,\"height\":79,\"caption\":\"Fytofontana\"},\"image\":{\"@id\":\"https:\\\/\\\/www.fytofontana.com\\\/#\\\/schema\\\/logo\\\/image\\\/\"}}]}<\/script>","yoast_head_json":{"title":"AURECON Spray Junior - Fytofontana","description":"Aurecon Junior spray do uszu dla dzieci z naturalnymi ekstraktami ro\u015blinnymi. Delikatnie usuwa woskowin\u0119, kurz i zanieczyszczenia, pomaga zapobiega\u0107 stanom zapalnym i dba o zdrowie ucha.","robots":{"index":"index","follow":"follow","max-snippet":"max-snippet:-1","max-image-preview":"max-image-preview:large","max-video-preview":"max-video-preview:-1"},"canonical":"https:\/\/www.fytofontana.com\/pl\/product\/aurecon-spray-junior\/","og_locale":"pl_PL","og_type":"article","og_title":"AURECON Spray Junior - Fytofontana","og_description":"Aurecon Junior spray do uszu dla dzieci z naturalnymi ekstraktami ro\u015blinnymi. Delikatnie usuwa woskowin\u0119, kurz i zanieczyszczenia, pomaga zapobiega\u0107 stanom zapalnym i dba o zdrowie ucha.","og_url":"https:\/\/www.fytofontana.com\/pl\/product\/aurecon-spray-junior\/","og_site_name":"Fytofontana","article_modified_time":"2025-10-14T11:28:34+00:00","og_image":[{"width":1000,"height":1000,"url":"https:\/\/www.fytofontana.com\/wp-content\/uploads\/2021\/03\/2023_05_AURECON_Spray_Junior_30ml_1000x1000px_01_Primary.png","type":"image\/png"}],"twitter_card":"summary_large_image","twitter_misc":{"Szacowany czas czytania":"1 minuta"},"schema":{"@context":"https:\/\/schema.org","@graph":[{"@type":["WebPage","ItemPage"],"@id":"https:\/\/www.fytofontana.com\/pl\/product\/aurecon-spray-junior\/","url":"https:\/\/www.fytofontana.com\/pl\/product\/aurecon-spray-junior\/","name":"AURECON Spray Junior - Fytofontana","isPartOf":{"@id":"https:\/\/www.fytofontana.com\/#website"},"primaryImageOfPage":{"@id":"https:\/\/www.fytofontana.com\/pl\/product\/aurecon-spray-junior\/#primaryimage"},"image":{"@id":"https:\/\/www.fytofontana.com\/pl\/product\/aurecon-spray-junior\/#primaryimage"},"thumbnailUrl":"https:\/\/www.fytofontana.com\/wp-content\/uploads\/2021\/03\/2023_05_AURECON_Spray_Junior_30ml_1000x1000px_01_Primary.png","datePublished":"2025-07-24T09:01:50+00:00","dateModified":"2025-10-14T11:28:34+00:00","description":"Aurecon Junior spray do uszu dla dzieci z naturalnymi ekstraktami ro\u015blinnymi. Delikatnie usuwa woskowin\u0119, kurz i zanieczyszczenia, pomaga zapobiega\u0107 stanom zapalnym i dba o zdrowie ucha.","breadcrumb":{"@id":"https:\/\/www.fytofontana.com\/pl\/product\/aurecon-spray-junior\/#breadcrumb"},"inLanguage":"pl-PL","potentialAction":[{"@type":"ReadAction","target":["https:\/\/www.fytofontana.com\/pl\/product\/aurecon-spray-junior\/"]}]},{"@type":"ImageObject","inLanguage":"pl-PL","@id":"https:\/\/www.fytofontana.com\/pl\/product\/aurecon-spray-junior\/#primaryimage","url":"https:\/\/www.fytofontana.com\/wp-content\/uploads\/2021\/03\/2023_05_AURECON_Spray_Junior_30ml_1000x1000px_01_Primary.png","contentUrl":"https:\/\/www.fytofontana.com\/wp-content\/uploads\/2021\/03\/2023_05_AURECON_Spray_Junior_30ml_1000x1000px_01_Primary.png","width":1000,"height":1000},{"@type":"BreadcrumbList","@id":"https:\/\/www.fytofontana.com\/pl\/product\/aurecon-spray-junior\/#breadcrumb","itemListElement":[{"@type":"ListItem","position":1,"name":"Home","item":"https:\/\/www.fytofontana.com\/pl\/"},{"@type":"ListItem","position":2,"name":"AURECON Spray Junior"}]},{"@type":"WebSite","@id":"https:\/\/www.fytofontana.com\/#website","url":"https:\/\/www.fytofontana.com\/","name":"Fytofontana","description":"","publisher":{"@id":"https:\/\/www.fytofontana.com\/#organization"},"potentialAction":[{"@type":"SearchAction","target":{"@type":"EntryPoint","urlTemplate":"https:\/\/www.fytofontana.com\/?s={search_term_string}"},"query-input":{"@type":"PropertyValueSpecification","valueRequired":true,"valueName":"search_term_string"}}],"inLanguage":"pl-PL"},{"@type":"Organization","@id":"https:\/\/www.fytofontana.com\/#organization","name":"Fytofontana","url":"https:\/\/www.fytofontana.com\/","logo":{"@type":"ImageObject","inLanguage":"pl-PL","@id":"https:\/\/www.fytofontana.com\/#\/schema\/logo\/image\/","url":"https:\/\/www.fytofontana.com\/wp-content\/uploads\/2021\/01\/fyto.png","contentUrl":"https:\/\/www.fytofontana.com\/wp-content\/uploads\/2021\/01\/fyto.png","width":817,"height":79,"caption":"Fytofontana"},"image":{"@id":"https:\/\/www.fytofontana.com\/#\/schema\/logo\/image\/"}}]}},"_links":{"self":[{"href":"https:\/\/www.fytofontana.com\/pl\/wp-json\/wp\/v2\/product\/3838","targetHints":{"allow":["GET"]}}],"collection":[{"href":"https:\/\/www.fytofontana.com\/pl\/wp-json\/wp\/v2\/product"}],"about":[{"href":"https:\/\/www.fytofontana.com\/pl\/wp-json\/wp\/v2\/types\/product"}],"wp:featuredmedia":[{"embeddable":true,"href":"https:\/\/www.fytofontana.com\/pl\/wp-json\/wp\/v2\/media\/3835"}],"wp:attachment":[{"href":"https:\/\/www.fytofontana.com\/pl\/wp-json\/wp\/v2\/media?parent=3838"}],"wp:term":[{"taxonomy":"products","embeddable":true,"href":"https:\/\/www.fytofontana.com\/pl\/wp-json\/wp\/v2\/products?post=3838"}],"curies":[{"name":"wp","href":"https:\/\/api.w.org\/{rel}","templated":true}]}}